{"id":5552,"date":"2025-12-08T08:02:23","date_gmt":"2025-12-08T08:02:23","guid":{"rendered":"https:\/\/mountlaser.com\/?post_type=product&#038;p=5552"},"modified":"2025-12-11T02:32:20","modified_gmt":"2025-12-11T02:32:20","slug":"hl01-hand-level","status":"publish","type":"product","link":"https:\/\/mountlaser.com\/es\/producto\/hl01-hand-level\/","title":{"rendered":"Nivel de mano HL01"},"content":{"rendered":"<p>El <a href=\"https:\/\/mountlaser.com\/es\/\"><strong>Nivel de mano HL01<\/strong><\/a> Es una herramienta de campo compacta y eficiente, dise\u00f1ada para profesionales que requieren una punter\u00eda horizontal r\u00e1pida y precisa. Con un llamativo dise\u00f1o exterior amarillo, el nivel de mano HL01 combina portabilidad con un rendimiento \u00f3ptico fiable, lo que lo convierte en un dispositivo indispensable para trabajos de construcci\u00f3n, nivelaci\u00f3n y topograf\u00eda en general.<\/p>\n<p>Presentando una <a href=\"https:\/\/mountlaser.com\/es\/categoria-producto\/surveying-accessory\/\"><strong>Nivel de mano 2,5X<\/strong><\/a> Gracias a su sistema \u00f3ptico, este instrumento ofrece una visi\u00f3n n\u00edtida para una alineaci\u00f3n precisa y una estimaci\u00f3n b\u00e1sica de distancias. Las l\u00edneas estadim\u00e9tricas internas y la ret\u00edcula vertical mejoran a\u00fan m\u00e1s su usabilidad, permitiendo a los usuarios establecer r\u00e1pidamente puntos de referencia en diversos entornos exteriores.<\/p>\n<p>Dise\u00f1ado para la movilidad, el nivel de mano HL01 incluye un resistente estuche de cuero que protege el instrumento durante el transporte y las operaciones diarias de campo. Ya sea para comprobaciones r\u00e1pidas o tareas rutinarias, el nivel de mano 2.5X ofrece un rendimiento consistente y fiable en el que los profesionales pueden confiar.<\/p>\n<p><img fetchpriority=\"high\" decoding=\"async\" class=\"aligncenter wp-image-5558\" src=\"https:\/\/mountlaser.com\/wp-content\/uploads\/2025\/12\/HL016.webp\" alt=\"HL01 Hand Level\" width=\"500\" height=\"500\" srcset=\"https:\/\/mountlaser.com\/wp-content\/uploads\/2025\/12\/HL016.webp 1000w, https:\/\/mountlaser.com\/wp-content\/uploads\/2025\/12\/HL016-300x300.webp 300w, https:\/\/mountlaser.com\/wp-content\/uploads\/2025\/12\/HL016-150x150.webp 150w, https:\/\/mountlaser.com\/wp-content\/uploads\/2025\/12\/HL016-768x768.webp 768w, https:\/\/mountlaser.com\/wp-content\/uploads\/2025\/12\/HL016-12x12.webp 12w, https:\/\/mountlaser.com\/wp-content\/uploads\/2025\/12\/HL016-600x600.webp 600w, https:\/\/mountlaser.com\/wp-content\/uploads\/2025\/12\/HL016-800x800.webp 800w, https:\/\/mountlaser.com\/wp-content\/uploads\/2025\/12\/HL016-400x400.webp 400w\" sizes=\"(max-width: 500px) 100vw, 500px\" \/><\/p>\n<p>En resumen, el <a href=\"https:\/\/mountlaser.com\/es\/contact-us\/\">Nivel de mano 2,5X<\/a> Ofrece un dise\u00f1o liviano, caracter\u00edsticas \u00f3pticas esenciales y protecci\u00f3n resistente, lo que los hace ideales para cualquier persona que necesite una nivelaci\u00f3n r\u00e1pida y precisa en el campo.<\/p>","protected":false},"excerpt":{"rendered":"<ul>\n<li>Carcasa de color amarillo brillante para alta visibilidad y f\u00e1cil identificaci\u00f3n en lugares de trabajo al aire libre.<\/li>\n<li>El aumento de 2,5X proporciona una visi\u00f3n clara y precisa para tareas de nivelaci\u00f3n y punter\u00eda r\u00e1pidas.<\/li>\n<li>Las l\u00edneas de estadio integradas y la cruceta vertical permiten realizar estimaciones b\u00e1sicas de distancias y alineaciones.<\/li>\n<li>Su dise\u00f1o liviano y de bolsillo hace que el instrumento sea f\u00e1cil de transportar y ideal para trabajo de campo m\u00f3vil.<\/li>\n<li>Estuche de transporte de cuero duradero que protege el dispositivo durante el transporte y el almacenamiento.<\/li>\n<li>Rendimiento confiable adecuado para nivelaci\u00f3n, nivelaci\u00f3n, excavaci\u00f3n y aplicaciones de topograf\u00eda general.<\/li>\n<li>Operaci\u00f3n sencilla con una sola mano para m\u00e1xima comodidad durante inspecciones r\u00e1pidas.<\/li>\n<\/ul>","protected":false},"featured_media":5553,"comment_status":"open","ping_status":"closed","template":"","meta":[],"product_brand":[],"product_cat":[79,157],"product_tag":[],"class_list":{"0":"post-5552","1":"product","2":"type-product","3":"status-publish","4":"has-post-thumbnail","6":"product_cat-surveying-accessory","7":"product_cat-handle-level","9":"first","10":"instock","11":"shipping-taxable","12":"product-type-simple"},"_links":{"self":[{"href":"https:\/\/mountlaser.com\/es\/wp-json\/wp\/v2\/product\/5552","targetHints":{"allow":["GET"]}}],"collection":[{"href":"https:\/\/mountlaser.com\/es\/wp-json\/wp\/v2\/product"}],"about":[{"href":"https:\/\/mountlaser.com\/es\/wp-json\/wp\/v2\/types\/product"}],"replies":[{"embeddable":true,"href":"https:\/\/mountlaser.com\/es\/wp-json\/wp\/v2\/comments?post=5552"}],"wp:featuredmedia":[{"embeddable":true,"href":"https:\/\/mountlaser.com\/es\/wp-json\/wp\/v2\/media\/5553"}],"wp:attachment":[{"href":"https:\/\/mountlaser.com\/es\/wp-json\/wp\/v2\/media?parent=5552"}],"wp:term":[{"taxonomy":"product_brand","embeddable":true,"href":"https:\/\/mountlaser.com\/es\/wp-json\/wp\/v2\/product_brand?post=5552"},{"taxonomy":"product_cat","embeddable":true,"href":"https:\/\/mountlaser.com\/es\/wp-json\/wp\/v2\/product_cat?post=5552"},{"taxonomy":"product_tag","embeddable":true,"href":"https:\/\/mountlaser.com\/es\/wp-json\/wp\/v2\/product_tag?post=5552"}],"curies":[{"name":"wp","href":"https:\/\/api.w.org\/{rel}","templated":true}]}}