{"id":5539,"date":"2025-12-08T07:47:18","date_gmt":"2025-12-08T07:47:18","guid":{"rendered":"https:\/\/mountlaser.com\/?post_type=product&#038;p=5539"},"modified":"2025-12-12T05:08:10","modified_gmt":"2025-12-12T05:08:10","slug":"al01-abney-level","status":"publish","type":"product","link":"https:\/\/mountlaser.com\/es\/producto\/al01-abney-level\/","title":{"rendered":"AL01 Nivel Abney"},"content":{"rendered":"<p data-start=\"286\" data-end=\"718\">El <a href=\"https:\/\/mountlaser.com\/es\/\"><strong data-start=\"290\" data-end=\"313\">AL01 Nivel Abney<\/strong><\/a> Es un instrumento \u00f3ptico de alta precisi\u00f3n dise\u00f1ado para profesionales que requieren evaluaciones r\u00e1pidas y precisas de pendientes, \u00e1ngulos y elevaciones, tanto en topograf\u00eda como en construcci\u00f3n. Como un instrumento vers\u00e1til... <a href=\"https:\/\/mountlaser.com\/es\/categoria-producto\/surveying-accessory\/\"><strong data-start=\"515\" data-end=\"547\">Nivel de mano topogr\u00e1fico de Abney<\/strong><\/a>, Cuenta con un tubo de observaci\u00f3n cuadrado equipado con un telescopio de enfoque interno que ofrece una precisi\u00f3n de 20&#039;\/2 mm, lo que garantiza un rendimiento confiable en entornos de campo exigentes.<\/p>\n<figure id=\"attachment_5540\" aria-describedby=\"caption-attachment-5540\" style=\"width: 500px\" class=\"wp-caption aligncenter\"><img fetchpriority=\"high\" decoding=\"async\" class=\"wp-image-5540\" src=\"https:\/\/mountlaser.com\/wp-content\/uploads\/2025\/12\/AL011.webp\" alt=\"AL01\/03 Abney Level\" width=\"500\" height=\"500\" srcset=\"https:\/\/mountlaser.com\/wp-content\/uploads\/2025\/12\/AL011.webp 1000w, https:\/\/mountlaser.com\/wp-content\/uploads\/2025\/12\/AL011-300x300.webp 300w, https:\/\/mountlaser.com\/wp-content\/uploads\/2025\/12\/AL011-150x150.webp 150w, https:\/\/mountlaser.com\/wp-content\/uploads\/2025\/12\/AL011-768x768.webp 768w, https:\/\/mountlaser.com\/wp-content\/uploads\/2025\/12\/AL011-12x12.webp 12w, https:\/\/mountlaser.com\/wp-content\/uploads\/2025\/12\/AL011-600x600.webp 600w, https:\/\/mountlaser.com\/wp-content\/uploads\/2025\/12\/AL011-800x800.webp 800w, https:\/\/mountlaser.com\/wp-content\/uploads\/2025\/12\/AL011-400x400.webp 400w\" sizes=\"(max-width: 500px) 100vw, 500px\" \/><figcaption id=\"caption-attachment-5540\" class=\"wp-caption-text\">AL01 Nivel Abney<\/figcaption><\/figure>\n<p data-start=\"720\" data-end=\"1206\">Dise\u00f1ado para la adaptabilidad, el <a href=\"https:\/\/mountlaser.com\/es\/about-us\/\">AL01 Nivel Abney<\/a> Incluye arcos intercambiables, lo que permite a los top\u00f3grafos cambiar de aplicaci\u00f3n f\u00e1cilmente. La escala principal integrada de 1\u00b0 con lecturas de vernier de 10\u2032, junto con las escalas de gradiente 1:1 y 1:10, hacen que este nivel topogr\u00e1fico de mano Abney sea ideal para mediciones precisas de pendiente. Para mayor facilidad de uso, el modelo AL01 tiene un exterior verde.<\/p>\n<p data-start=\"1208\" data-end=\"1443\">El nivel Abney AL01 es compacto, liviano y se suministra con un pr\u00e1ctico estuche de transporte con presilla para cintur\u00f3n, lo que lo hace ideal para... <a href=\"https:\/\/mountlaser.com\/es\/contact-us\/\">Nivel de mano topogr\u00e1fico de Abney<\/a> Un compa\u00f1ero confiable para los profesionales de la topograf\u00eda que necesitan eficiencia y movilidad.<\/p>","protected":false},"excerpt":{"rendered":"<ul>\n<li>Medici\u00f3n precisa de pendientes y \u00e1ngulos: mide variaciones de pendiente, elevaci\u00f3n y \u00e1ngulo con una precisi\u00f3n de 20&#039;\/2 mm.<\/li>\n<li>Arcos de medici\u00f3n intercambiables: dos arcos permiten un uso flexible para diversas tareas topogr\u00e1ficas o de construcci\u00f3n.<\/li>\n<li>Escala de precisi\u00f3n: cuenta con una escala principal de 1\u00b0, lecturas de vernier de 10\u2032 y escalas de relaci\u00f3n de pendiente integradas de 1:1 y 1:10 para mediciones de nivel profesional.<\/li>\n<li>Modelos codificados por colores para visibilidad en campo: Verde AL01 para una f\u00e1cil identificaci\u00f3n en diferentes entornos de estudio.<\/li>\n<li>Port\u00e1til y duradero: viene con un estuche con presilla para cintur\u00f3n para un c\u00f3modo transporte al campo.<\/li>\n<\/ul>","protected":false},"featured_media":5541,"comment_status":"open","ping_status":"closed","template":"","meta":[],"product_brand":[],"product_cat":[79,156],"product_tag":[],"class_list":{"0":"post-5539","1":"product","2":"type-product","3":"status-publish","4":"has-post-thumbnail","6":"product_cat-surveying-accessory","7":"product_cat-abney-level","9":"first","10":"instock","11":"shipping-taxable","12":"product-type-simple"},"_links":{"self":[{"href":"https:\/\/mountlaser.com\/es\/wp-json\/wp\/v2\/product\/5539","targetHints":{"allow":["GET"]}}],"collection":[{"href":"https:\/\/mountlaser.com\/es\/wp-json\/wp\/v2\/product"}],"about":[{"href":"https:\/\/mountlaser.com\/es\/wp-json\/wp\/v2\/types\/product"}],"replies":[{"embeddable":true,"href":"https:\/\/mountlaser.com\/es\/wp-json\/wp\/v2\/comments?post=5539"}],"wp:featuredmedia":[{"embeddable":true,"href":"https:\/\/mountlaser.com\/es\/wp-json\/wp\/v2\/media\/5541"}],"wp:attachment":[{"href":"https:\/\/mountlaser.com\/es\/wp-json\/wp\/v2\/media?parent=5539"}],"wp:term":[{"taxonomy":"product_brand","embeddable":true,"href":"https:\/\/mountlaser.com\/es\/wp-json\/wp\/v2\/product_brand?post=5539"},{"taxonomy":"product_cat","embeddable":true,"href":"https:\/\/mountlaser.com\/es\/wp-json\/wp\/v2\/product_cat?post=5539"},{"taxonomy":"product_tag","embeddable":true,"href":"https:\/\/mountlaser.com\/es\/wp-json\/wp\/v2\/product_tag?post=5539"}],"curies":[{"name":"wp","href":"https:\/\/api.w.org\/{rel}","templated":true}]}}