{"id":5531,"date":"2025-12-08T07:08:04","date_gmt":"2025-12-08T07:08:04","guid":{"rendered":"https:\/\/mountlaser.com\/?post_type=product&#038;p=5531"},"modified":"2025-12-08T07:08:04","modified_gmt":"2025-12-08T07:08:04","slug":"ft40-series-flagging-tape","status":"publish","type":"product","link":"https:\/\/mountlaser.com\/es\/producto\/ft40-series-flagging-tape\/","title":{"rendered":"Cinta de se\u00f1alizaci\u00f3n serie FT40"},"content":{"rendered":"<p>El MountLaser <a href=\"https:\/\/mountlaser.com\/es\/\"><strong>Cinta de se\u00f1alizaci\u00f3n<\/strong><\/a> Es una soluci\u00f3n de se\u00f1alizaci\u00f3n duradera y de alta visibilidad, dise\u00f1ada para entornos exteriores exigentes. Dise\u00f1ada para top\u00f3grafos y profesionales de la construcci\u00f3n, esta cinta de se\u00f1alizaci\u00f3n ofrece un rendimiento fiable en diversas temperaturas y terrenos. Ya sea para marcar l\u00edmites, puntos de trazado o puntos de referencia cr\u00edticos, esta cinta garantiza una visibilidad clara y duradera en cualquier condici\u00f3n de campo.<\/p>\n<p><img fetchpriority=\"high\" decoding=\"async\" class=\"aligncenter wp-image-5536\" src=\"https:\/\/mountlaser.com\/wp-content\/uploads\/2025\/12\/05.webp\" alt=\"Flagging Tape\" width=\"500\" height=\"500\" srcset=\"https:\/\/mountlaser.com\/wp-content\/uploads\/2025\/12\/05.webp 1200w, https:\/\/mountlaser.com\/wp-content\/uploads\/2025\/12\/05-300x300.webp 300w, https:\/\/mountlaser.com\/wp-content\/uploads\/2025\/12\/05-1024x1024.webp 1024w, https:\/\/mountlaser.com\/wp-content\/uploads\/2025\/12\/05-150x150.webp 150w, https:\/\/mountlaser.com\/wp-content\/uploads\/2025\/12\/05-768x768.webp 768w, https:\/\/mountlaser.com\/wp-content\/uploads\/2025\/12\/05-12x12.webp 12w, https:\/\/mountlaser.com\/wp-content\/uploads\/2025\/12\/05-600x600.webp 600w, https:\/\/mountlaser.com\/wp-content\/uploads\/2025\/12\/05-800x800.webp 800w, https:\/\/mountlaser.com\/wp-content\/uploads\/2025\/12\/05-400x400.webp 400w\" sizes=\"(max-width: 500px) 100vw, 500px\" \/><\/p>\n<p>Fabricado con material resistente y resistente a la intemperie, nuestro <a href=\"https:\/\/mountlaser.com\/es\/categoria-producto\/surveying-accessory\/\"><strong>Cinta de se\u00f1alizaci\u00f3n<\/strong><\/a> Ofrece una excepcional resistencia al desgarro y retenci\u00f3n de color. La gama de cintas de se\u00f1alizaci\u00f3n incluye m\u00faltiples longitudes, grosores y vibrantes opciones de colores, ideales para una r\u00e1pida identificaci\u00f3n en obras de topograf\u00eda y construcci\u00f3n. Con alta flexibilidad y durabilidad superior, la cinta de se\u00f1alizaci\u00f3n se destaca como una herramienta esencial para la se\u00f1alizaci\u00f3n precisa del terreno y la gesti\u00f3n eficiente del flujo de trabajo.<\/p>\n<div>\n<table style=\"border-collapse: collapse; width: 741.02pt;\" border=\"0\" width=\"988\" cellspacing=\"0\" cellpadding=\"0\">\n<tbody>\n<tr style=\"height: 14.25pt;\">\n<td class=\"et2\" style=\"height: 14.25pt; width: 99.75pt;\" width=\"133\" height=\"19\">N\u00daMERO<\/td>\n<td class=\"et3\" style=\"width: 101.25pt;\" width=\"135\">TEMPERATURA DE FUNCIONAMIENTO.<\/td>\n<td class=\"et4\" style=\"width: 74.25pt;\" width=\"99\">LONGITUD<\/td>\n<td class=\"et5\" style=\"width: 83.25pt;\" width=\"111\">ESPESOR<\/td>\n<td class=\"et5\" style=\"width: 69.00pt;\" width=\"92\">ANCHO<\/td>\n<td class=\"et5\" style=\"width: 201.00pt;\" width=\"268\">COLOR<\/td>\n<td class=\"et5\" style=\"width: 112.50pt;\" width=\"150\">Cantidad m\u00ednima de pedido (rollos)<\/td>\n<\/tr>\n<tr style=\"height: 14.25pt;\">\n<td class=\"et6\" style=\"height: 14.25pt;\" height=\"19\">FT40-45-127<\/td>\n<td class=\"et6\">-40\u00b0C<\/td>\n<td class=\"et6\">45 metros<\/td>\n<td class=\"et6\">0,127 mm<\/td>\n<td class=\"et6\">25 mm<\/td>\n<td class=\"et7\">Naranja, rosa, amarillo, rojo<\/td>\n<td class=\"et6\">M\u00faltiplos de 100<\/td>\n<\/tr>\n<tr style=\"height: 14.25pt;\">\n<td class=\"et6\" style=\"height: 14.25pt;\" height=\"19\">FT15-45-050<\/td>\n<td class=\"et6\">-15\u00b0C<\/td>\n<td class=\"et6\">45 metros<\/td>\n<td class=\"et6\">0,0508 mm<\/td>\n<td class=\"et6\">25 mm<\/td>\n<td class=\"et7\">Naranja, rosa, amarillo, rojo<\/td>\n<td class=\"et6\">M\u00faltiplos de 100<\/td>\n<\/tr>\n<tr style=\"height: 14.25pt;\">\n<td class=\"et6\" style=\"height: 14.25pt;\" height=\"19\">FT15-30-070<\/td>\n<td class=\"et6\">-15\u00b0C<\/td>\n<td class=\"et6\">30 metros<\/td>\n<td class=\"et6\">0,070 mm<\/td>\n<td class=\"et6\">25 mm<\/td>\n<td class=\"et7\">Naranja, rosa, amarillo, rojo, verde, azul<\/td>\n<td class=\"et6\">M\u00faltiplos de 240<\/td>\n<\/tr>\n<tr style=\"height: 14.25pt;\">\n<td class=\"et6\" style=\"height: 14.25pt;\" height=\"19\">FT40-100-127<\/td>\n<td class=\"et6\">-40\u00b0C<\/td>\n<td class=\"et6\">100 metros<\/td>\n<td class=\"et6\">0,127 mm<\/td>\n<td class=\"et6\">25 mm<\/td>\n<td class=\"et7\">Naranja, rosa, amarillo, rojo<\/td>\n<td class=\"et6\">M\u00faltiplos de 96<\/td>\n<\/tr>\n<tr style=\"height: 14.25pt;\">\n<td class=\"et6\" style=\"height: 14.25pt;\" height=\"19\">FT15-100-050<\/td>\n<td class=\"et6\">-15\u00b0C<\/td>\n<td class=\"et6\">100 metros<\/td>\n<td class=\"et6\">0,0508 mm<\/td>\n<td class=\"et6\">25 mm<\/td>\n<td class=\"et7\">Naranja, rosa, amarillo, rojo<\/td>\n<td class=\"et6\">M\u00faltiplos de 96<\/td>\n<\/tr>\n<tr style=\"height: 14.25pt;\">\n<td class=\"et6\" style=\"height: 14.25pt;\" height=\"19\">FT15-100-070<\/td>\n<td class=\"et6\">-15\u00b0C<\/td>\n<td class=\"et6\">100 metros<\/td>\n<td class=\"et6\">0,070 mm<\/td>\n<td class=\"et6\">25 mm<\/td>\n<td class=\"et7\">Naranja, rosa, amarillo, rojo, verde, azul<\/td>\n<td class=\"et6\">M\u00faltiplos de 96<\/td>\n<\/tr>\n<\/tbody>\n<\/table>\n<p>&nbsp;<\/p>\n<\/div>","protected":false},"excerpt":{"rendered":"<ul>\n<li>Marcado de alta visibilidad: Los colores brillantes y resistentes a los rayos UV proporcionan una identificaci\u00f3n clara de puntos de control, l\u00edmites, peligros y l\u00edneas de dise\u00f1o en cualquier condici\u00f3n.<\/li>\n<li>Resistencia a la temperatura y a la intemperie: dise\u00f1ado para funcionar en entornos hostiles, con temperaturas de funcionamiento tan bajas como -40 \u00b0C seg\u00fan el modelo.<\/li>\n<li>Material flexible y resistente al desgarro: garantiza una larga vida \u00fatil y un rendimiento confiable incluso con manipulaci\u00f3n repetida en operaciones de campo.<\/li>\n<li>Aplicaciones vers\u00e1tiles: Adecuado para estudios de ingenier\u00eda, dise\u00f1o de construcci\u00f3n, silvicultura, servicios p\u00fablicos y monitoreo ambiental.<\/li>\n<\/ul>","protected":false},"featured_media":5536,"comment_status":"open","ping_status":"closed","template":"","meta":[],"product_brand":[],"product_cat":[79,152],"product_tag":[],"class_list":{"0":"post-5531","1":"product","2":"type-product","3":"status-publish","4":"has-post-thumbnail","6":"product_cat-surveying-accessory","7":"product_cat-surveying-marker","9":"first","10":"instock","11":"shipping-taxable","12":"product-type-simple"},"_links":{"self":[{"href":"https:\/\/mountlaser.com\/es\/wp-json\/wp\/v2\/product\/5531","targetHints":{"allow":["GET"]}}],"collection":[{"href":"https:\/\/mountlaser.com\/es\/wp-json\/wp\/v2\/product"}],"about":[{"href":"https:\/\/mountlaser.com\/es\/wp-json\/wp\/v2\/types\/product"}],"replies":[{"embeddable":true,"href":"https:\/\/mountlaser.com\/es\/wp-json\/wp\/v2\/comments?post=5531"}],"wp:featuredmedia":[{"embeddable":true,"href":"https:\/\/mountlaser.com\/es\/wp-json\/wp\/v2\/media\/5536"}],"wp:attachment":[{"href":"https:\/\/mountlaser.com\/es\/wp-json\/wp\/v2\/media?parent=5531"}],"wp:term":[{"taxonomy":"product_brand","embeddable":true,"href":"https:\/\/mountlaser.com\/es\/wp-json\/wp\/v2\/product_brand?post=5531"},{"taxonomy":"product_cat","embeddable":true,"href":"https:\/\/mountlaser.com\/es\/wp-json\/wp\/v2\/product_cat?post=5531"},{"taxonomy":"product_tag","embeddable":true,"href":"https:\/\/mountlaser.com\/es\/wp-json\/wp\/v2\/product_tag?post=5531"}],"curies":[{"name":"wp","href":"https:\/\/api.w.org\/{rel}","templated":true}]}}