{"id":5524,"date":"2025-12-08T06:20:52","date_gmt":"2025-12-08T06:20:52","guid":{"rendered":"https:\/\/mountlaser.com\/?post_type=product&#038;p=5524"},"modified":"2025-12-08T06:20:52","modified_gmt":"2025-12-08T06:20:52","slug":"mf01-series-marking-flags","status":"publish","type":"product","link":"https:\/\/mountlaser.com\/es\/producto\/mf01-series-marking-flags\/","title":{"rendered":"Banderas de marcado de la serie MF01"},"content":{"rendered":"<p>Nuestro <a href=\"https:\/\/mountlaser.com\/es\/\"><strong>Marcando banderas<\/strong> <\/a>Son marcadores de campo duraderos y de alta visibilidad, dise\u00f1ados para satisfacer las necesidades de top\u00f3grafos profesionales y equipos de construcci\u00f3n. Fabricados con PVC de primera calidad y resistente a la intemperie, estos marcadores garantizan un rendimiento duradero incluso en entornos exteriores hostiles. Tan fiables como... <a href=\"https:\/\/mountlaser.com\/es\/categoria-producto\/surveying-accessory\/\"><strong>Banderas de estaca<\/strong><\/a>, Proporcionan una identificaci\u00f3n visual clara para puntos de control, l\u00edmites, servicios p\u00fablicos y l\u00edneas de dise\u00f1o en cualquier sitio de trabajo.<\/p>\n<p><img fetchpriority=\"high\" decoding=\"async\" class=\"aligncenter wp-image-5525\" src=\"https:\/\/mountlaser.com\/wp-content\/uploads\/2025\/12\/MF011.webp\" alt=\"Marking Flags\" width=\"500\" height=\"500\" srcset=\"https:\/\/mountlaser.com\/wp-content\/uploads\/2025\/12\/MF011.webp 1000w, https:\/\/mountlaser.com\/wp-content\/uploads\/2025\/12\/MF011-300x300.webp 300w, https:\/\/mountlaser.com\/wp-content\/uploads\/2025\/12\/MF011-150x150.webp 150w, https:\/\/mountlaser.com\/wp-content\/uploads\/2025\/12\/MF011-768x768.webp 768w, https:\/\/mountlaser.com\/wp-content\/uploads\/2025\/12\/MF011-12x12.webp 12w, https:\/\/mountlaser.com\/wp-content\/uploads\/2025\/12\/MF011-600x600.webp 600w, https:\/\/mountlaser.com\/wp-content\/uploads\/2025\/12\/MF011-800x800.webp 800w, https:\/\/mountlaser.com\/wp-content\/uploads\/2025\/12\/MF011-400x400.webp 400w\" sizes=\"(max-width: 500px) 100vw, 500px\" \/><\/p>\n<p>Dise\u00f1adas para ofrecer flexibilidad y resistencia, estas banderas de se\u00f1alizaci\u00f3n resisten desgarros y se mantienen estables en terrenos variables, lo que las convierte en banderas de estaca ideales para tareas de topograf\u00eda, paisajismo, excavaci\u00f3n y se\u00f1alizaci\u00f3n de construcci\u00f3n. Disponibles en m\u00faltiples colores brillantes, mejoran la visibilidad y garantizan un r\u00e1pido reconocimiento a distancia. Para equipos que requieren una se\u00f1alizaci\u00f3n de obra confiable y eficiente, estas... <a href=\"https:\/\/mountlaser.com\/es\/about-us\/\">Marcando banderas<\/a> Ofrecer un rendimiento consistente y de nivel profesional.<\/p>\n<div>\n<table style=\"border-collapse: collapse; width: 567.77pt;\" border=\"0\" width=\"757\" cellspacing=\"0\" cellpadding=\"0\">\n<tbody>\n<tr style=\"height: 14.25pt;\">\n<td class=\"et2\" style=\"height: 14.25pt; width: 99.75pt;\" width=\"133\" height=\"19\">N\u00daMERO<\/td>\n<td class=\"et3\" style=\"width: 101.25pt;\" width=\"135\">COLOR<\/td>\n<td class=\"et3\" style=\"width: 108.75pt;\" width=\"145\">TAMA\u00d1O DE LA BANDERA<\/td>\n<td class=\"et3\" style=\"width: 144.00pt;\" width=\"192\">LONGITUD<\/td>\n<td class=\"et4\" style=\"width: 114.00pt;\" width=\"152\">Cantidad m\u00ednima de pedido (piezas)<\/td>\n<\/tr>\n<tr style=\"height: 14.25pt;\">\n<td class=\"et5\" style=\"height: 14.25pt;\" height=\"19\">MF01-RD<\/td>\n<td class=\"et5\">Rojo<\/td>\n<td class=\"et5\">140 x 100 mm<\/td>\n<td class=\"et5\">380 mm<\/td>\n<td class=\"et5\" align=\"right\">1000<\/td>\n<\/tr>\n<tr style=\"height: 14.25pt;\">\n<td class=\"et5\" style=\"height: 14.25pt;\" height=\"19\">MF01-YL<\/td>\n<td class=\"et5\">Amarillo<\/td>\n<td class=\"et5\">140 x 100 mm<\/td>\n<td class=\"et5\">380 mm<\/td>\n<td class=\"et5\" align=\"right\">1000<\/td>\n<\/tr>\n<tr style=\"height: 14.25pt;\">\n<td class=\"et5\" style=\"height: 14.25pt;\" height=\"19\">MF01-BL<\/td>\n<td class=\"et5\">Azul<\/td>\n<td class=\"et5\">140 x 100 mm<\/td>\n<td class=\"et5\">380 mm<\/td>\n<td class=\"et5\" align=\"right\">1000<\/td>\n<\/tr>\n<tr style=\"height: 14.25pt;\">\n<td class=\"et5\" style=\"height: 14.25pt;\" height=\"19\">MF01-PU<\/td>\n<td class=\"et5\">P\u00farpura<\/td>\n<td class=\"et5\">140 x 100 mm<\/td>\n<td class=\"et5\">380 mm<\/td>\n<td class=\"et5\" align=\"right\">1000<\/td>\n<\/tr>\n<tr style=\"height: 14.25pt;\">\n<td class=\"et5\" style=\"height: 14.25pt;\" height=\"19\">MF01-GY<\/td>\n<td class=\"et5\">Gris<\/td>\n<td class=\"et5\">140 x 100 mm<\/td>\n<td class=\"et5\">380 mm<\/td>\n<td class=\"et5\" align=\"right\">1000<\/td>\n<\/tr>\n<tr style=\"height: 14.25pt;\">\n<td class=\"et5\" style=\"height: 14.25pt;\" height=\"19\">MF01-GN<\/td>\n<td class=\"et5\">Verde<\/td>\n<td class=\"et5\">140 x 100 mm<\/td>\n<td class=\"et5\">380 mm<\/td>\n<td class=\"et5\" align=\"right\">1000<\/td>\n<\/tr>\n<\/tbody>\n<\/table>\n<p>&nbsp;<\/p>\n<\/div>","protected":false},"excerpt":{"rendered":"<ul>\n<li>Construcci\u00f3n de PVC de alta calidad para mayor durabilidad, flexibilidad y uso duradero en exteriores.<\/li>\n<li>Las opciones de colores brillantes y de alta visibilidad garantizan una identificaci\u00f3n clara de los puntos de estudio.<\/li>\n<li>Ideal para topograf\u00eda, construcci\u00f3n, paisajismo y se\u00f1alizaci\u00f3n de servicios p\u00fablicos, funcionando eficazmente como banderas de se\u00f1alizaci\u00f3n y banderas de estaca.<\/li>\n<li>Resistente a la intemperie, a la flexi\u00f3n y al desgarro, lo que garantiza un marcado estable en todos los entornos de campo.<\/li>\n<li>Bandera de tama\u00f1o est\u00e1ndar de 140 \u00d7 100 mm con una longitud de 380 mm para una visibilidad e instalaci\u00f3n \u00f3ptimas.<\/li>\n<\/ul>","protected":false},"featured_media":5525,"comment_status":"open","ping_status":"closed","template":"","meta":[],"product_brand":[],"product_cat":[79,152],"product_tag":[],"class_list":{"0":"post-5524","1":"product","2":"type-product","3":"status-publish","4":"has-post-thumbnail","6":"product_cat-surveying-accessory","7":"product_cat-surveying-marker","9":"first","10":"instock","11":"shipping-taxable","12":"product-type-simple"},"_links":{"self":[{"href":"https:\/\/mountlaser.com\/es\/wp-json\/wp\/v2\/product\/5524","targetHints":{"allow":["GET"]}}],"collection":[{"href":"https:\/\/mountlaser.com\/es\/wp-json\/wp\/v2\/product"}],"about":[{"href":"https:\/\/mountlaser.com\/es\/wp-json\/wp\/v2\/types\/product"}],"replies":[{"embeddable":true,"href":"https:\/\/mountlaser.com\/es\/wp-json\/wp\/v2\/comments?post=5524"}],"wp:featuredmedia":[{"embeddable":true,"href":"https:\/\/mountlaser.com\/es\/wp-json\/wp\/v2\/media\/5525"}],"wp:attachment":[{"href":"https:\/\/mountlaser.com\/es\/wp-json\/wp\/v2\/media?parent=5524"}],"wp:term":[{"taxonomy":"product_brand","embeddable":true,"href":"https:\/\/mountlaser.com\/es\/wp-json\/wp\/v2\/product_brand?post=5524"},{"taxonomy":"product_cat","embeddable":true,"href":"https:\/\/mountlaser.com\/es\/wp-json\/wp\/v2\/product_cat?post=5524"},{"taxonomy":"product_tag","embeddable":true,"href":"https:\/\/mountlaser.com\/es\/wp-json\/wp\/v2\/product_tag?post=5524"}],"curies":[{"name":"wp","href":"https:\/\/api.w.org\/{rel}","templated":true}]}}