{"id":5502,"date":"2025-12-08T02:55:59","date_gmt":"2025-12-08T02:55:59","guid":{"rendered":"https:\/\/mountlaser.com\/?post_type=product&#038;p=5502"},"modified":"2025-12-08T02:55:59","modified_gmt":"2025-12-08T02:55:59","slug":"bl08-bubble-level","status":"publish","type":"product","link":"https:\/\/mountlaser.com\/es\/producto\/bl08-bubble-level\/","title":{"rendered":"Nivel de burbuja BL08"},"content":{"rendered":"<p>El <a href=\"https:\/\/mountlaser.com\/es\/\"><strong>Nivel de burbuja BL08<\/strong><\/a> Es un componente de nivelaci\u00f3n de alta precisi\u00f3n dise\u00f1ado espec\u00edficamente para instrumentos topogr\u00e1ficos profesionales. Fabricado con el estilo americano TRI Dini03, este nivel de burbuja cuenta con una resistente carcasa negra y una burbuja central verde brillante para una mejor visibilidad en cualquier situaci\u00f3n de campo. Como vers\u00e1til nivel de burbuja BL08, ofrece un rendimiento estable y una precisi\u00f3n fiable al montarse en prismas, bases nivelantes o soportes.<\/p>\n<p><img fetchpriority=\"high\" decoding=\"async\" class=\"aligncenter wp-image-5503\" src=\"https:\/\/mountlaser.com\/wp-content\/uploads\/2025\/12\/BL081-1.webp\" alt=\"BL08 Bubble Level\" width=\"500\" height=\"500\" srcset=\"https:\/\/mountlaser.com\/wp-content\/uploads\/2025\/12\/BL081-1.webp 1000w, https:\/\/mountlaser.com\/wp-content\/uploads\/2025\/12\/BL081-1-300x300.webp 300w, https:\/\/mountlaser.com\/wp-content\/uploads\/2025\/12\/BL081-1-150x150.webp 150w, https:\/\/mountlaser.com\/wp-content\/uploads\/2025\/12\/BL081-1-768x768.webp 768w, https:\/\/mountlaser.com\/wp-content\/uploads\/2025\/12\/BL081-1-12x12.webp 12w, https:\/\/mountlaser.com\/wp-content\/uploads\/2025\/12\/BL081-1-600x600.webp 600w, https:\/\/mountlaser.com\/wp-content\/uploads\/2025\/12\/BL081-1-800x800.webp 800w, https:\/\/mountlaser.com\/wp-content\/uploads\/2025\/12\/BL081-1-400x400.webp 400w\" sizes=\"(max-width: 500px) 100vw, 500px\" \/><\/p>\n<p>Dise\u00f1ado para cumplir con estrictos est\u00e1ndares de la industria, este nivel de burbuja BL08 tambi\u00e9n es ampliamente reconocido como un <a href=\"https:\/\/mountlaser.com\/es\/categoria-producto\/surveying-accessory\/\"><strong>Burbuja de nivel digital TRI<\/strong><\/a>, Proporciona un soporte de nivelaci\u00f3n uniforme para estaciones totales y otros instrumentos \u00f3pticos. Su robusta estructura garantiza una larga vida \u00fatil, mientras que su dise\u00f1o compacto y no circular mejora la adaptabilidad a diversos entornos de montaje. Los profesionales conf\u00edan en este nivel de burbuja digital TRI para una alineaci\u00f3n precisa, configuraciones estables y mediciones fiables. Gracias a su dise\u00f1o intuitivo, el<a href=\"https:\/\/mountlaser.com\/es\/contact-us\/\"> Burbuja de nivel digital TRI<\/a> Mejora la eficiencia del flujo de trabajo, ya sea para dise\u00f1o de construcci\u00f3n, topograf\u00eda o aplicaciones de ingenier\u00eda.<\/p>","protected":false},"excerpt":{"rendered":"<ul>\n<li>Alta visibilidad: la burbuja central verde brinda una excelente legibilidad incluso bajo luz solar intensa o en condiciones de poca luz.<\/li>\n<li>Construcci\u00f3n duradera: la carcasa reforzada de color negro proporciona una protecci\u00f3n s\u00f3lida para el uso en el campo a largo plazo.<\/li>\n<li>Nivelaci\u00f3n de precisi\u00f3n: ofrece una alineaci\u00f3n precisa para prismas e instrumentos topogr\u00e1ficos, lo que garantiza mediciones estables y confiables.<\/li>\n<li>Dise\u00f1o compacto no circular: mejora la compatibilidad del instrumento y admite una amplia gama de configuraciones de montaje.<\/li>\n<\/ul>","protected":false},"featured_media":5504,"comment_status":"open","ping_status":"closed","template":"","meta":[],"product_brand":[],"product_cat":[79,153],"product_tag":[],"class_list":{"0":"post-5502","1":"product","2":"type-product","3":"status-publish","4":"has-post-thumbnail","6":"product_cat-surveying-accessory","7":"product_cat-bubble-for-tribrach-carrier-prism","9":"first","10":"instock","11":"shipping-taxable","12":"product-type-simple"},"_links":{"self":[{"href":"https:\/\/mountlaser.com\/es\/wp-json\/wp\/v2\/product\/5502","targetHints":{"allow":["GET"]}}],"collection":[{"href":"https:\/\/mountlaser.com\/es\/wp-json\/wp\/v2\/product"}],"about":[{"href":"https:\/\/mountlaser.com\/es\/wp-json\/wp\/v2\/types\/product"}],"replies":[{"embeddable":true,"href":"https:\/\/mountlaser.com\/es\/wp-json\/wp\/v2\/comments?post=5502"}],"wp:featuredmedia":[{"embeddable":true,"href":"https:\/\/mountlaser.com\/es\/wp-json\/wp\/v2\/media\/5504"}],"wp:attachment":[{"href":"https:\/\/mountlaser.com\/es\/wp-json\/wp\/v2\/media?parent=5502"}],"wp:term":[{"taxonomy":"product_brand","embeddable":true,"href":"https:\/\/mountlaser.com\/es\/wp-json\/wp\/v2\/product_brand?post=5502"},{"taxonomy":"product_cat","embeddable":true,"href":"https:\/\/mountlaser.com\/es\/wp-json\/wp\/v2\/product_cat?post=5502"},{"taxonomy":"product_tag","embeddable":true,"href":"https:\/\/mountlaser.com\/es\/wp-json\/wp\/v2\/product_tag?post=5502"}],"curies":[{"name":"wp","href":"https:\/\/api.w.org\/{rel}","templated":true}]}}