{"id":5499,"date":"2025-12-08T02:00:11","date_gmt":"2025-12-08T02:00:11","guid":{"rendered":"https:\/\/mountlaser.com\/?post_type=product&#038;p=5499"},"modified":"2025-12-08T02:00:11","modified_gmt":"2025-12-08T02:00:11","slug":"bl06-digital-bubble-level","status":"publish","type":"product","link":"https:\/\/mountlaser.com\/es\/producto\/bl06-digital-bubble-level\/","title":{"rendered":"Nivel de burbuja digital BL06"},"content":{"rendered":"<p>El <a href=\"https:\/\/mountlaser.com\/es\/categoria-producto\/surveying-accessory\/\"><strong>Nivel de burbuja digital BL06<\/strong><\/a> Es una burbuja circular de alta precisi\u00f3n dise\u00f1ada para aplicaciones topogr\u00e1ficas profesionales. Con una carcasa de estilo suizo, este nivel digital de burbuja proporciona una nivelaci\u00f3n suave y ultraprecisa para instrumentos como bases nivelantes, soportes y prismas. Su construcci\u00f3n totalmente plateada garantiza una excelente durabilidad, mientras que su dise\u00f1o completamente redondo ofrece una sensibilidad uniforme en todas las direcciones.<\/p>\n<p><img fetchpriority=\"high\" decoding=\"async\" class=\"aligncenter wp-image-5500\" src=\"https:\/\/mountlaser.com\/wp-content\/uploads\/2025\/12\/01.webp\" alt=\"BL06 Digital bubble level\" width=\"500\" height=\"500\" srcset=\"https:\/\/mountlaser.com\/wp-content\/uploads\/2025\/12\/01.webp 1000w, https:\/\/mountlaser.com\/wp-content\/uploads\/2025\/12\/01-300x300.webp 300w, https:\/\/mountlaser.com\/wp-content\/uploads\/2025\/12\/01-150x150.webp 150w, https:\/\/mountlaser.com\/wp-content\/uploads\/2025\/12\/01-768x768.webp 768w, https:\/\/mountlaser.com\/wp-content\/uploads\/2025\/12\/01-12x12.webp 12w, https:\/\/mountlaser.com\/wp-content\/uploads\/2025\/12\/01-600x600.webp 600w, https:\/\/mountlaser.com\/wp-content\/uploads\/2025\/12\/01-800x800.webp 800w, https:\/\/mountlaser.com\/wp-content\/uploads\/2025\/12\/01-400x400.webp 400w\" sizes=\"(max-width: 500px) 100vw, 500px\" \/><\/p>\n<p>Como nivel de burbuja digital BL06, ofrece una precisi\u00f3n estable y repetible en la que los top\u00f3grafos de campo pueden confiar durante la configuraci\u00f3n del instrumento. Su robusta construcci\u00f3n y la precisa calibraci\u00f3n de la burbuja hacen que este nivel de burbuja digital sea adecuado para estaciones totales, configuraciones GNSS, niveles autom\u00e1ticos y otros instrumentos de precisi\u00f3n que requieren una alineaci\u00f3n horizontal fiable. Ya sea como componente de repuesto o integrado en un equipo nuevo, este... <!--StartFragment --><a href=\"https:\/\/mountlaser.com\/es\/about-us\/\"><strong><span class=\"cf0\">Nivel de burbuja de precisi\u00f3n<\/span><\/strong><\/a><!--EndFragment -->\u00a0garantiza la fiabilidad de la medici\u00f3n incluso en entornos de campo exigentes.<\/p>","protected":false},"excerpt":{"rendered":"<ul>\n<li>El nivel circular de alta precisi\u00f3n garantiza una nivelaci\u00f3n precisa y constante para instrumentos topogr\u00e1ficos.<\/li>\n<li>La carcasa completamente plateada proporciona una excelente durabilidad y resistencia a las condiciones de campo.<\/li>\n<li>El dise\u00f1o de burbuja completamente redonda mejora la sensibilidad y la capacidad de nivelaci\u00f3n multidireccional.<\/li>\n<li>Compatible con bases nivelantes, portadores, prismas y sistemas de nivel \u00f3ptico\/autom\u00e1tico.<\/li>\n<li>La construcci\u00f3n de precisi\u00f3n de estilo suizo garantiza estabilidad a largo plazo y una alineaci\u00f3n confiable del instrumento.<\/li>\n<\/ul>","protected":false},"featured_media":5500,"comment_status":"open","ping_status":"closed","template":"","meta":[],"product_brand":[],"product_cat":[79,153],"product_tag":[],"class_list":{"0":"post-5499","1":"product","2":"type-product","3":"status-publish","4":"has-post-thumbnail","6":"product_cat-surveying-accessory","7":"product_cat-bubble-for-tribrach-carrier-prism","9":"first","10":"instock","11":"shipping-taxable","12":"product-type-simple"},"_links":{"self":[{"href":"https:\/\/mountlaser.com\/es\/wp-json\/wp\/v2\/product\/5499","targetHints":{"allow":["GET"]}}],"collection":[{"href":"https:\/\/mountlaser.com\/es\/wp-json\/wp\/v2\/product"}],"about":[{"href":"https:\/\/mountlaser.com\/es\/wp-json\/wp\/v2\/types\/product"}],"replies":[{"embeddable":true,"href":"https:\/\/mountlaser.com\/es\/wp-json\/wp\/v2\/comments?post=5499"}],"wp:featuredmedia":[{"embeddable":true,"href":"https:\/\/mountlaser.com\/es\/wp-json\/wp\/v2\/media\/5500"}],"wp:attachment":[{"href":"https:\/\/mountlaser.com\/es\/wp-json\/wp\/v2\/media?parent=5499"}],"wp:term":[{"taxonomy":"product_brand","embeddable":true,"href":"https:\/\/mountlaser.com\/es\/wp-json\/wp\/v2\/product_brand?post=5499"},{"taxonomy":"product_cat","embeddable":true,"href":"https:\/\/mountlaser.com\/es\/wp-json\/wp\/v2\/product_cat?post=5499"},{"taxonomy":"product_tag","embeddable":true,"href":"https:\/\/mountlaser.com\/es\/wp-json\/wp\/v2\/product_tag?post=5499"}],"curies":[{"name":"wp","href":"https:\/\/api.w.org\/{rel}","templated":true}]}}