{"id":5492,"date":"2025-12-08T01:21:19","date_gmt":"2025-12-08T01:21:19","guid":{"rendered":"https:\/\/mountlaser.com\/?post_type=product&#038;p=5492"},"modified":"2025-12-08T01:21:19","modified_gmt":"2025-12-08T01:21:19","slug":"bl03-bubble-for-auto-level","status":"publish","type":"product","link":"https:\/\/mountlaser.com\/es\/producto\/bl03-bubble-for-auto-level\/","title":{"rendered":"BL03 Burbuja para nivel autom\u00e1tico"},"content":{"rendered":"<p>El <a href=\"https:\/\/mountlaser.com\/es\/categoria-producto\/surveying-accessory\/\"><strong>Burbuja BL03 para nivel autom\u00e1tico<\/strong><\/a> Es un componente de nivelaci\u00f3n de precisi\u00f3n dise\u00f1ado espec\u00edficamente para instrumentos \u00f3pticos de alta precisi\u00f3n. Fabricado con un dise\u00f1o de estilo suizo, el nivel de burbuja BL03 para autonivel ofrece una estabilidad y fiabilidad excepcionales para aplicaciones de campo exigentes. Su resistente construcci\u00f3n completamente plateada prolonga su vida \u00fatil y mantiene una excelente visibilidad en diversas condiciones de iluminaci\u00f3n. Compatible con instrumentos tipo NA2, este... <a href=\"https:\/\/mountlaser.com\/es\/products\/\"><strong>Burbuja de nivel autom\u00e1tico NA2<\/strong><\/a> Proporciona un rendimiento de nivelaci\u00f3n suave y preciso para top\u00f3grafos que requieren precisi\u00f3n constante.<\/p>\n<p><img fetchpriority=\"high\" decoding=\"async\" class=\"aligncenter wp-image-5494\" src=\"https:\/\/mountlaser.com\/wp-content\/uploads\/2025\/12\/BL032.webp\" alt=\"BL03 bubble for auto level\" width=\"500\" height=\"500\" srcset=\"https:\/\/mountlaser.com\/wp-content\/uploads\/2025\/12\/BL032.webp 1000w, https:\/\/mountlaser.com\/wp-content\/uploads\/2025\/12\/BL032-300x300.webp 300w, https:\/\/mountlaser.com\/wp-content\/uploads\/2025\/12\/BL032-150x150.webp 150w, https:\/\/mountlaser.com\/wp-content\/uploads\/2025\/12\/BL032-768x768.webp 768w, https:\/\/mountlaser.com\/wp-content\/uploads\/2025\/12\/BL032-12x12.webp 12w, https:\/\/mountlaser.com\/wp-content\/uploads\/2025\/12\/BL032-600x600.webp 600w, https:\/\/mountlaser.com\/wp-content\/uploads\/2025\/12\/BL032-800x800.webp 800w, https:\/\/mountlaser.com\/wp-content\/uploads\/2025\/12\/BL032-400x400.webp 400w\" sizes=\"(max-width: 500px) 100vw, 500px\" \/><\/p>\n<p>Dise\u00f1ada para una integraci\u00f3n perfecta, la burbuja de nivel autom\u00e1tico NA2 garantiza una alineaci\u00f3n correcta y una precisi\u00f3n de medici\u00f3n constante. La burbuja de nivel autom\u00e1tico NA2 mejora el rendimiento de su instrumento de nivelaci\u00f3n al optimizar la velocidad de configuraci\u00f3n y reducir los errores de nivelaci\u00f3n. Con su estructura refinada, la <a href=\"https:\/\/mountlaser.com\/es\/\">Burbuja BL03 para nivel autom\u00e1tico<\/a> Es un componente confiable tanto para el reemplazo como para el mantenimiento del instrumento.<\/p>","protected":false},"excerpt":{"rendered":"<ul>\n<li>La ingenier\u00eda de estilo suizo garantiza una precisi\u00f3n excepcional y un rendimiento de nivelaci\u00f3n estable.<\/li>\n<li>La carcasa duradera completamente plateada proporciona mayor resistencia contra el impacto, la corrosi\u00f3n y el desgaste.<\/li>\n<li>La c\u00e1mara de burbujas de alta sensibilidad permite una nivelaci\u00f3n m\u00e1s r\u00e1pida y una mayor confiabilidad de la medici\u00f3n.<\/li>\n<li>Compatible con niveles autom\u00e1ticos NA2 para un f\u00e1cil reemplazo y una mayor vida \u00fatil del instrumento.<\/li>\n<li>Optimizado para topograf\u00eda profesional, ofrece resultados consistentes en aplicaciones de construcci\u00f3n, cartograf\u00eda e ingenier\u00eda.<\/li>\n<\/ul>","protected":false},"featured_media":5493,"comment_status":"open","ping_status":"closed","template":"","meta":[],"product_brand":[],"product_cat":[79,153],"product_tag":[],"class_list":{"0":"post-5492","1":"product","2":"type-product","3":"status-publish","4":"has-post-thumbnail","6":"product_cat-surveying-accessory","7":"product_cat-bubble-for-tribrach-carrier-prism","9":"first","10":"instock","11":"shipping-taxable","12":"product-type-simple"},"_links":{"self":[{"href":"https:\/\/mountlaser.com\/es\/wp-json\/wp\/v2\/product\/5492","targetHints":{"allow":["GET"]}}],"collection":[{"href":"https:\/\/mountlaser.com\/es\/wp-json\/wp\/v2\/product"}],"about":[{"href":"https:\/\/mountlaser.com\/es\/wp-json\/wp\/v2\/types\/product"}],"replies":[{"embeddable":true,"href":"https:\/\/mountlaser.com\/es\/wp-json\/wp\/v2\/comments?post=5492"}],"wp:featuredmedia":[{"embeddable":true,"href":"https:\/\/mountlaser.com\/es\/wp-json\/wp\/v2\/media\/5493"}],"wp:attachment":[{"href":"https:\/\/mountlaser.com\/es\/wp-json\/wp\/v2\/media?parent=5492"}],"wp:term":[{"taxonomy":"product_brand","embeddable":true,"href":"https:\/\/mountlaser.com\/es\/wp-json\/wp\/v2\/product_brand?post=5492"},{"taxonomy":"product_cat","embeddable":true,"href":"https:\/\/mountlaser.com\/es\/wp-json\/wp\/v2\/product_cat?post=5492"},{"taxonomy":"product_tag","embeddable":true,"href":"https:\/\/mountlaser.com\/es\/wp-json\/wp\/v2\/product_tag?post=5492"}],"curies":[{"name":"wp","href":"https:\/\/api.w.org\/{rel}","templated":true}]}}