{"id":5478,"date":"2025-12-05T09:17:47","date_gmt":"2025-12-05T09:17:47","guid":{"rendered":"https:\/\/mountlaser.com\/?post_type=product&#038;p=5478"},"modified":"2025-12-11T09:26:00","modified_gmt":"2025-12-11T09:26:00","slug":"de-2b-series-theodolite","status":"publish","type":"product","link":"https:\/\/mountlaser.com\/es\/producto\/de-2b-series-theodolite\/","title":{"rendered":"Teodolito serie DE-2B"},"content":{"rendered":"<p>La serie DE-2B ofrece una soluci\u00f3n a medida para la alineaci\u00f3n precisa y la medici\u00f3n de \u00e1ngulos. Tanto si necesita la fiabilidad fundamental de un modelo \u00f3ptico como la punter\u00eda avanzada y de alta visibilidad de un l\u00e1ser verde. <a href=\"https:\/\/mountlaser.com\/es\/\"><strong>Teodolito electr\u00f3nico DE-2B<\/strong><\/a><\/p>\n<p>Elija entre una gama de modelos que se distinguen por su carcasa de color resistente y configuraciones avanzadas de puntero l\u00e1ser, todos construidos sobre una base de rendimiento \u00f3ptico y electr\u00f3nico s\u00f3lido.<\/p>\n<p><img fetchpriority=\"high\" decoding=\"async\" class=\"aligncenter wp-image-5479\" src=\"https:\/\/mountlaser.com\/wp-content\/uploads\/2025\/12\/DE-2ALG1_\u526f\u672c.webp\" alt=\"Electronic Theodolite DE-2B\" width=\"500\" height=\"500\" srcset=\"https:\/\/mountlaser.com\/wp-content\/uploads\/2025\/12\/DE-2ALG1_\u526f\u672c.webp 1000w, https:\/\/mountlaser.com\/wp-content\/uploads\/2025\/12\/DE-2ALG1_\u526f\u672c-300x300.webp 300w, https:\/\/mountlaser.com\/wp-content\/uploads\/2025\/12\/DE-2ALG1_\u526f\u672c-150x150.webp 150w, https:\/\/mountlaser.com\/wp-content\/uploads\/2025\/12\/DE-2ALG1_\u526f\u672c-768x768.webp 768w, https:\/\/mountlaser.com\/wp-content\/uploads\/2025\/12\/DE-2ALG1_\u526f\u672c-12x12.webp 12w, https:\/\/mountlaser.com\/wp-content\/uploads\/2025\/12\/DE-2ALG1_\u526f\u672c-600x600.webp 600w, https:\/\/mountlaser.com\/wp-content\/uploads\/2025\/12\/DE-2ALG1_\u526f\u672c-800x800.webp 800w, https:\/\/mountlaser.com\/wp-content\/uploads\/2025\/12\/DE-2ALG1_\u526f\u672c-400x400.webp 400w\" sizes=\"(max-width: 500px) 100vw, 500px\" \/><\/p>\n<p><strong>Teodolitos Serie DE-2B O Teodolito Electr\u00f3nico DE-2B<\/strong><br \/>\nTeodolito DE-2BR, carcasa roja, l\u00e1ser rojo inferior, \u00f3ptico superior<br \/>\nTeodolito DE-2BY, carcasa amarilla, l\u00e1ser rojo inferior, \u00f3ptico superior<br \/>\nTeodolito DE-2BG, carcasa verde, l\u00e1ser rojo inferior, \u00f3ptico superior<br \/>\nTeodolito DEL-2BG, carcasa verde, l\u00e1ser rojo inferior, l\u00e1ser rojo superior<br \/>\nTeodolito DEL-2BR, carcasa roja, l\u00e1ser rojo inferior, l\u00e1ser rojo superior<br \/>\nTeodolito DEL-2BY, carcasa amarilla, l\u00e1ser rojo inferior, l\u00e1ser rojo superior<br \/>\nTeodolito DEL-2BGG, carcasa verde, l\u00e1ser rojo inferior, l\u00e1ser verde superior<br \/>\nTeodolito DEL-2BRG, carcasa roja, l\u00e1ser rojo inferior, l\u00e1ser verde superior<br \/>\nTeodolito DEL-2BYG, carcasa amarilla, l\u00e1ser rojo inferior, l\u00e1ser verde superior<\/p>\n<p><strong><a href=\"https:\/\/mountlaser.com\/es\/\">Teodolitos de la serie DE-2B<\/a> Presupuesto<\/strong><\/p>\n<table style=\"border-collapse: collapse; width: 847px; height: 948px;\" border=\"0\" width=\"792\" cellspacing=\"0\" cellpadding=\"0\">\n<tbody>\n<tr style=\"height: 13.50pt;\">\n<td class=\"et2\" style=\"height: 13.50pt; width: 230.25pt;\" colspan=\"2\" width=\"307\" height=\"18\">Modelo N\u00b0.<\/td>\n<td class=\"et3\" style=\"width: 117.00pt;\" width=\"156\">DE-2HAB\/2BA\/2BA<\/td>\n<td class=\"et3\" style=\"width: 117.00pt;\" width=\"156\">DEL-2HAB\/2BA\/2BA<\/td>\n<td class=\"et3\" style=\"width: 129.75pt;\" width=\"173\">DEL-2BRG\/2BYG\/2BGG<\/td>\n<\/tr>\n<tr style=\"height: 13.50pt;\">\n<td class=\"et3\" style=\"height: 13.50pt;\" height=\"18\">Base nivelante<\/td>\n<td class=\"et3\">Modelo<\/td>\n<td class=\"et3\">Desmontable<\/td>\n<td class=\"et3\">Desmontable<\/td>\n<td class=\"et3\">Desmontable<\/td>\n<\/tr>\n<tr style=\"height: 13.50pt;\">\n<td class=\"et2\" style=\"height: 108.00pt;\" rowspan=\"8\" height=\"144\">Telescopio<\/td>\n<td class=\"et3\">Im\u00e1genes<\/td>\n<td class=\"et3\">Erguido<\/td>\n<td class=\"et3\">Erguido<\/td>\n<td class=\"et3\">Erguido<\/td>\n<\/tr>\n<tr style=\"height: 13.50pt;\">\n<td class=\"et3\">Aumento<\/td>\n<td class=\"et3\">30X<\/td>\n<td class=\"et3\">30X<\/td>\n<td class=\"et3\">30X<\/td>\n<\/tr>\n<tr style=\"height: 13.50pt;\">\n<td class=\"et3\">Apertura del objetivo<\/td>\n<td class=\"et3\">45 mm<\/td>\n<td class=\"et3\">45 mm<\/td>\n<td class=\"et3\">45 mm<\/td>\n<\/tr>\n<tr style=\"height: 13.50pt;\">\n<td class=\"et3\">Resoluci\u00f3n<\/td>\n<td class=\"et3\">3&#8243;<\/td>\n<td class=\"et3\">3&#8243;<\/td>\n<td class=\"et3\">3&#8243;<\/td>\n<\/tr>\n<tr style=\"height: 13.50pt;\">\n<td class=\"et3\">Campo de visi\u00f3n<\/td>\n<td class=\"et3\">1\u00b030\u2032<\/td>\n<td class=\"et3\">1\u00b030\u2032<\/td>\n<td class=\"et3\">1\u00b030\u2032<\/td>\n<\/tr>\n<tr style=\"height: 13.50pt;\">\n<td class=\"et3\">Enfoque m\u00ednimo<\/td>\n<td class=\"et3\">1,35 m<\/td>\n<td class=\"et3\">1,35 m<\/td>\n<td class=\"et3\">1,35 m<\/td>\n<\/tr>\n<tr style=\"height: 13.50pt;\">\n<td class=\"et3\">Constante de multiplicaci\u00f3n\/aditiva<\/td>\n<td class=\"et3\">100\/ 0<\/td>\n<td class=\"et3\">100\/ 0<\/td>\n<td class=\"et3\">100\/ 0<\/td>\n<\/tr>\n<tr style=\"height: 13.50pt;\">\n<td class=\"et3\">Longitud<\/td>\n<td class=\"et3\">155 mm<\/td>\n<td class=\"et3\">155 mm<\/td>\n<td class=\"et3\">155 mm<\/td>\n<\/tr>\n<tr style=\"height: 13.50pt;\">\n<td class=\"et2\" style=\"height: 67.50pt;\" rowspan=\"5\" height=\"90\">Medici\u00f3n de \u00e1ngulos<\/td>\n<td class=\"et3\">Modo de medici\u00f3n<\/td>\n<td class=\"et3\">Codificador absoluto<\/td>\n<td class=\"et3\">Codificador absoluto<\/td>\n<td class=\"et3\">Codificador absoluto<\/td>\n<\/tr>\n<tr style=\"height: 13.50pt;\">\n<td class=\"et3\">Lectura m\u00ednima<\/td>\n<td class=\"et3\">1&#8243;\/ 5&#8243;<\/td>\n<td class=\"et3\">1&#8243;\/ 5&#8243;<\/td>\n<td class=\"et3\">1&#8243;\/ 5&#8243;<\/td>\n<\/tr>\n<tr style=\"height: 13.50pt;\">\n<td class=\"et3\">Precisi\u00f3n de lectura<\/td>\n<td class=\"et3\">2&#8243;\/ 5&#8243;\/ 10&#8243;<\/td>\n<td class=\"et3\">2&#8243;\/ 5&#8243;\/ 10&#8243;<\/td>\n<td class=\"et3\">2&#8243;\/ 5&#8243;\/ 10&#8243;<\/td>\n<\/tr>\n<tr style=\"height: 13.50pt;\">\n<td class=\"et3\">Di\u00e1metro del c\u00edrculo<\/td>\n<td class=\"et3\">79 mm<\/td>\n<td class=\"et3\">79 mm<\/td>\n<td class=\"et3\">79 mm<\/td>\n<\/tr>\n<tr style=\"height: 13.50pt;\">\n<td class=\"et3\">Unidades angulares<\/td>\n<td class=\"et3\">360\u00b0\/400gon\/6400mil<\/td>\n<td class=\"et3\">360\u00b0\/400gon\/6400mil<\/td>\n<td class=\"et3\">360\u00b0\/400gon\/6400mil<\/td>\n<\/tr>\n<tr style=\"height: 13.50pt;\">\n<td class=\"et2\" style=\"height: 27.00pt;\" rowspan=\"2\" height=\"36\">Compensador<\/td>\n<td class=\"et3\">Sensor de inclinaci\u00f3n<\/td>\n<td class=\"et3\">S\u00ed<\/td>\n<td class=\"et3\">S\u00ed<\/td>\n<td class=\"et3\">S\u00ed<\/td>\n<\/tr>\n<tr style=\"height: 13.50pt;\">\n<td class=\"et3\">Rango<\/td>\n<td class=\"et3\">\u00b13\u2032<\/td>\n<td class=\"et3\">\u00b13\u2032<\/td>\n<td class=\"et3\">\u00b13\u2032<\/td>\n<\/tr>\n<tr style=\"height: 13.50pt;\">\n<td class=\"et2\" style=\"height: 54.00pt;\" rowspan=\"4\" height=\"72\">Plomada l\u00e1ser<\/td>\n<td class=\"et3\">Longitud de onda<\/td>\n<td class=\"et3\">Haz rojo de 635 nm<\/td>\n<td class=\"et3\">Haz rojo de 635 nm<\/td>\n<td class=\"et3\">Haz rojo de 635 nm<\/td>\n<\/tr>\n<tr style=\"height: 13.50pt;\">\n<td class=\"et3\">Fuerza<\/td>\n<td class=\"et3\">1 mW<\/td>\n<td class=\"et3\">1 mW<\/td>\n<td class=\"et3\">1 mW<\/td>\n<\/tr>\n<tr style=\"height: 13.50pt;\">\n<td class=\"et3\">Precisi\u00f3n (1,5 m)<\/td>\n<td class=\"et3\">\u00b10,5 mm<\/td>\n<td class=\"et3\">\u00b10,5 mm<\/td>\n<td class=\"et3\">\u00b10,5 mm<\/td>\n<\/tr>\n<tr style=\"height: 13.50pt;\">\n<td class=\"et3\">Grado l\u00e1ser<\/td>\n<td class=\"et3\">Clase<span class=\"font6\">\u2161<\/span><\/td>\n<td class=\"et3\">Clase<span class=\"font6\">\u2161<\/span><\/td>\n<td class=\"et3\">Clase<span class=\"font6\">\u2161<\/span><\/td>\n<\/tr>\n<tr style=\"height: 13.50pt;\">\n<td class=\"et2\" style=\"height: 40.50pt;\" rowspan=\"3\" height=\"54\">Plomada \u00f3ptica (opcional)<\/td>\n<td class=\"et3\">Aumento<\/td>\n<td class=\"et3\">3x<\/td>\n<td class=\"et3\">3x<\/td>\n<td class=\"et3\">3x<\/td>\n<\/tr>\n<tr style=\"height: 13.50pt;\">\n<td class=\"et3\">Campo de visi\u00f3n<\/td>\n<td class=\"et3\">5\u00b0<\/td>\n<td class=\"et3\">5\u00b0<\/td>\n<td class=\"et3\">5\u00b0<\/td>\n<\/tr>\n<tr style=\"height: 13.50pt;\">\n<td class=\"et3\">Rango de enfoque<\/td>\n<td class=\"et3\">0,5 m\u2014<span class=\"font6\">\u221e<\/span><\/td>\n<td class=\"et3\">0,5 m\u2014<span class=\"font6\">\u221e<\/span><\/td>\n<td class=\"et3\">0,5 m\u2014<span class=\"font6\">\u221e<\/span><\/td>\n<\/tr>\n<tr style=\"height: 13.50pt;\">\n<td class=\"et2\" style=\"height: 67.50pt;\" rowspan=\"5\" height=\"90\">Puntero l\u00e1ser<\/td>\n<td class=\"et3\">Longitud de onda<\/td>\n<td class=\"et3\">\/<\/td>\n<td class=\"et3\">Rojo de 635 nm<\/td>\n<td class=\"et3\">520 nm Verde<\/td>\n<\/tr>\n<tr style=\"height: 13.50pt;\">\n<td class=\"et3\">Fuerza<\/td>\n<td class=\"et3\">\/<\/td>\n<td class=\"et3\">5 mW<\/td>\n<td class=\"et3\">5 mW<\/td>\n<\/tr>\n<tr style=\"height: 13.50pt;\">\n<td class=\"et3\">Campo de tiro l\u00e1ser (durante el d\u00eda)<\/td>\n<td class=\"et3\">\/<\/td>\n<td class=\"et3\">180 metros<\/td>\n<td class=\"et3\">250 metros<\/td>\n<\/tr>\n<tr style=\"height: 13.50pt;\">\n<td class=\"et3\">Precisi\u00f3n coaxial del l\u00e1ser<\/td>\n<td class=\"et3\">\/<\/td>\n<td class=\"et4\">\u2264<span class=\"font7\">5\u2033<\/span><\/td>\n<td class=\"et5\">\u2264<span class=\"font1\">5\u2033<\/span><\/td>\n<\/tr>\n<tr style=\"height: 13.50pt;\">\n<td class=\"et3\">Di\u00e1metro del punto l\u00e1ser<\/td>\n<td class=\"et3\">\/<\/td>\n<td class=\"et6\">\u2264<span class=\"font8\">2 mm\/100 m<\/span><\/td>\n<td class=\"et6\">\u2264<span class=\"font8\">2 mm\/100 m<\/span><\/td>\n<\/tr>\n<tr style=\"height: 13.50pt;\">\n<td class=\"et2\" style=\"height: 27.00pt;\" rowspan=\"2\" height=\"36\">Frasco<\/td>\n<td class=\"et3\">Vial de placa<\/td>\n<td class=\"et3\">30\u2033\/ 2 mm<\/td>\n<td class=\"et3\">30\u2033\/ 2 mm<\/td>\n<td class=\"et3\">30\u2033\/ 2 mm<\/td>\n<\/tr>\n<tr style=\"height: 13.50pt;\">\n<td class=\"et3\">Vial circular<\/td>\n<td class=\"et3\">8&#039;\/ 2 mm<\/td>\n<td class=\"et3\">8&#039;\/ 2 mm<\/td>\n<td class=\"et3\">8&#039;\/ 2 mm<\/td>\n<\/tr>\n<tr style=\"height: 13.50pt;\">\n<td class=\"et3\" style=\"height: 13.50pt;\" height=\"18\">Mostrar<\/td>\n<td class=\"et3\">Doble cara<\/td>\n<td class=\"et3\">Retroiluminaci\u00f3n LED<\/td>\n<td class=\"et3\">Retroiluminaci\u00f3n LED<\/td>\n<td class=\"et3\">Retroiluminaci\u00f3n LED<\/td>\n<\/tr>\n<tr style=\"height: 13.50pt;\">\n<td class=\"et2\" style=\"height: 27.00pt;\" rowspan=\"2\" height=\"36\">Fuerza<\/td>\n<td class=\"et3\">Recurso de energ\u00eda<\/td>\n<td class=\"et7\">Bater\u00eda de iones de litio de 7,4 V y 1650 mAh<\/td>\n<td class=\"et7\">Bater\u00eda de iones de litio de 7,4 V y 1650 mAh<\/td>\n<td class=\"et7\">Bater\u00eda de iones de litio de 7,4 V y 1650 mAh<\/td>\n<\/tr>\n<tr style=\"height: 13.50pt;\">\n<td class=\"et3\">Temperatura de trabajo<\/td>\n<td class=\"et3\">-20<span class=\"font3\">\u2103\uff5e<\/span><span class=\"font1\">+50<\/span><span class=\"font3\">\u2103<\/span><\/td>\n<td class=\"et3\">-20<span class=\"font3\">\u2103\uff5e<\/span><span class=\"font1\">+50<\/span><span class=\"font3\">\u2103<\/span><\/td>\n<td class=\"et3\">-20<span class=\"font3\">\u2103\uff5e<\/span><span class=\"font1\">+50<\/span><span class=\"font3\">\u2103<\/span><\/td>\n<\/tr>\n<\/tbody>\n<\/table>","protected":false},"excerpt":{"rendered":"<ul>\n<li>Dise\u00f1ado para brindar precisi\u00f3n y durabilidad, cada teodolito \u00f3ptico l\u00e1ser y modelo electr\u00f3nico DE-2B comparte estas especificaciones profesionales:<\/li>\n<li>Medici\u00f3n de alta precisi\u00f3n: cuenta con un codificador absoluto<\/li>\n<li>Sistema \u00f3ptico robusto: un telescopio de imagen erecta con aumento de 30x y una apertura de objetivo de 45 mm proporciona una visi\u00f3n clara.<\/li>\n<\/ul>","protected":false},"featured_media":5480,"comment_status":"open","ping_status":"closed","template":"","meta":[],"product_brand":[],"product_cat":[144,95],"product_tag":[],"class_list":{"0":"post-5478","1":"product","2":"type-product","3":"status-publish","4":"has-post-thumbnail","6":"product_cat-theodoliteagent-sales","7":"product_cat-agent-sales","9":"first","10":"instock","11":"shipping-taxable","12":"product-type-simple"},"_links":{"self":[{"href":"https:\/\/mountlaser.com\/es\/wp-json\/wp\/v2\/product\/5478","targetHints":{"allow":["GET"]}}],"collection":[{"href":"https:\/\/mountlaser.com\/es\/wp-json\/wp\/v2\/product"}],"about":[{"href":"https:\/\/mountlaser.com\/es\/wp-json\/wp\/v2\/types\/product"}],"replies":[{"embeddable":true,"href":"https:\/\/mountlaser.com\/es\/wp-json\/wp\/v2\/comments?post=5478"}],"wp:featuredmedia":[{"embeddable":true,"href":"https:\/\/mountlaser.com\/es\/wp-json\/wp\/v2\/media\/5480"}],"wp:attachment":[{"href":"https:\/\/mountlaser.com\/es\/wp-json\/wp\/v2\/media?parent=5478"}],"wp:term":[{"taxonomy":"product_brand","embeddable":true,"href":"https:\/\/mountlaser.com\/es\/wp-json\/wp\/v2\/product_brand?post=5478"},{"taxonomy":"product_cat","embeddable":true,"href":"https:\/\/mountlaser.com\/es\/wp-json\/wp\/v2\/product_cat?post=5478"},{"taxonomy":"product_tag","embeddable":true,"href":"https:\/\/mountlaser.com\/es\/wp-json\/wp\/v2\/product_tag?post=5478"}],"curies":[{"name":"wp","href":"https:\/\/api.w.org\/{rel}","templated":true}]}}