{"id":547,"date":"2024-03-28T08:16:41","date_gmt":"2024-03-28T08:16:41","guid":{"rendered":"https:\/\/startersites.io\/blocksy\/pottery\/?post_type=product&#038;p=547"},"modified":"2025-12-01T02:06:00","modified_gmt":"2025-12-01T02:06:00","slug":"ma-h32-auto-level","status":"publish","type":"product","link":"https:\/\/mountlaser.com\/es\/producto\/ma-h32-auto-level\/","title":{"rendered":"Nivel autom\u00e1tico MA-H32"},"content":{"rendered":"<p>El <a href=\"https:\/\/mountlaser.com\/es\/\"><strong>Niveles autom\u00e1ticos MA-H32\/H36<\/strong><\/a> de Mountlaser establece un nuevo punto de referencia para <a href=\"https:\/\/mountlaser.com\/es\/categoria-producto\/surveying-instrument\/automatic-level\/\"><strong>Nivelaci\u00f3n autom\u00e1tica de alta calidad<\/strong><\/a>, Ofrecen precisi\u00f3n y fiabilidad superiores para top\u00f3grafos profesionales e ingenieros de construcci\u00f3n. Dise\u00f1ados con un avanzado compensador de amortiguaci\u00f3n de aire, estos instrumentos garantizan una precisi\u00f3n excepcional con una desviaci\u00f3n est\u00e1ndar de tan solo 1,0 mm por kil\u00f3metro en doble pasada.<\/p>\n<p>El MA-H32 ofrece un aumento de 32x, mientras que el MA-H36 ofrece un aumento mejorado de 36x, ambos con telescopios de imagen verticales para obtener im\u00e1genes n\u00edtidas y en posici\u00f3n vertical. Su robusta carcasa con clasificaci\u00f3n IP54 ofrece resistencia al agua y al polvo, lo que los hace ideales para entornos exteriores exigentes.<\/p>\n<p>A pesar de sus avanzadas caracter\u00edsticas, el precio del nivel autom\u00e1tico se mantiene muy competitivo, ofreciendo una excelente relaci\u00f3n calidad-precio sin comprometer el rendimiento. Ya sea para levantamientos topogr\u00e1ficos, dise\u00f1o de edificios o tareas de nivelaci\u00f3n de ingenier\u00eda, los niveles autom\u00e1ticos MA-H32\/H36 ejemplifican lo que debe ser la topograf\u00eda de alta calidad: duradera, precisa y f\u00e1cil de usar. Al considerar la precisi\u00f3n y el precio del nivel autom\u00e1tico, estos modelos destacan como soluciones rentables para profesionales que requieren resultados confiables en cada trabajo.<\/p>\n<p>&nbsp;<\/p>\n<p><img fetchpriority=\"high\" decoding=\"async\" class=\"aligncenter wp-image-1890\" src=\"https:\/\/mountlaser.com\/wp-content\/uploads\/2024\/03\/MA-H325.webp\" alt=\"high quality auto level surveying\" width=\"500\" height=\"500\" srcset=\"https:\/\/mountlaser.com\/wp-content\/uploads\/2024\/03\/MA-H325.webp 1000w, https:\/\/mountlaser.com\/wp-content\/uploads\/2024\/03\/MA-H325-300x300.webp 300w, https:\/\/mountlaser.com\/wp-content\/uploads\/2024\/03\/MA-H325-400x400.webp 400w, https:\/\/mountlaser.com\/wp-content\/uploads\/2024\/03\/MA-H325-800x800.webp 800w, https:\/\/mountlaser.com\/wp-content\/uploads\/2024\/03\/MA-H325-600x600.webp 600w, https:\/\/mountlaser.com\/wp-content\/uploads\/2024\/03\/MA-H325-150x150.webp 150w, https:\/\/mountlaser.com\/wp-content\/uploads\/2024\/03\/MA-H325-768x768.webp 768w, https:\/\/mountlaser.com\/wp-content\/uploads\/2024\/03\/MA-H325-12x12.webp 12w\" sizes=\"(max-width: 500px) 100vw, 500px\" \/><\/p>\n<p><strong><a href=\"https:\/\/mountlaser.com\/es\/about-us\/\">Nivel autom\u00e1tico<\/a> Presupuesto<\/strong><\/p>\n<table style=\"border-collapse: collapse; width: 555.02pt;\" border=\"0\" width=\"740\" cellspacing=\"0\" cellpadding=\"0\">\n<tbody>\n<tr style=\"height: 14.25pt;\">\n<td class=\"et2\" style=\"height: 14.25pt; width: 242.25pt;\" width=\"323\" height=\"19\">Modelo N\u00b0.<\/td>\n<td class=\"et2\" style=\"width: 146.25pt;\" width=\"195\">MA-H32<\/td>\n<td class=\"et3\" style=\"width: 166.50pt;\" width=\"222\">MA-H36<\/td>\n<\/tr>\n<tr style=\"height: 14.25pt;\">\n<td class=\"et4\" style=\"height: 14.25pt;\" height=\"19\">Distancia de trabajo<\/td>\n<td class=\"et5\" colspan=\"2\">50 metros<\/td>\n<\/tr>\n<tr style=\"height: 14.25pt;\">\n<td class=\"et4\" style=\"height: 14.25pt;\" height=\"19\">Desviaci\u00f3n est\u00e1ndar para carrera doble de 1 km<\/td>\n<td class=\"et5\" colspan=\"2\">1,0 mm<\/td>\n<\/tr>\n<tr style=\"height: 14.25pt;\">\n<td class=\"et4\" style=\"height: 14.25pt;\" height=\"19\">Aumento del telescopio<\/td>\n<td class=\"et4\">32X<\/td>\n<td class=\"et7\">36X<\/td>\n<\/tr>\n<tr style=\"height: 14.25pt;\">\n<td class=\"et4\" style=\"height: 14.25pt;\" height=\"19\">Imagen del telescopio<\/td>\n<td class=\"et5\" colspan=\"2\">Erguido<\/td>\n<\/tr>\n<tr style=\"height: 14.25pt;\">\n<td class=\"et4\" style=\"height: 14.25pt;\" height=\"19\">Distancia de observaci\u00f3n m\u00e1s corta<\/td>\n<td class=\"et5\" colspan=\"2\">0,5 m<\/td>\n<\/tr>\n<tr style=\"height: 14.25pt;\">\n<td class=\"et4\" style=\"height: 14.25pt;\" height=\"19\">Error de distancia de visualizaci\u00f3n<\/td>\n<td class=\"et5\" colspan=\"2\">\u2264\u00b10,5%<\/td>\n<\/tr>\n<tr style=\"height: 14.25pt;\">\n<td class=\"et4\" style=\"height: 14.25pt;\" height=\"19\">Tama\u00f1o de apertura efectiva de la lente del objeto<\/td>\n<td class=\"et5\" colspan=\"2\">40 mm<\/td>\n<\/tr>\n<tr style=\"height: 14.25pt;\">\n<td class=\"et4\" style=\"height: 14.25pt;\" height=\"19\">Error de enfoque<\/td>\n<td class=\"et5\" colspan=\"2\">\u22641,0 mm<\/td>\n<\/tr>\n<tr style=\"height: 14.25pt;\">\n<td class=\"et4\" style=\"height: 14.25pt;\" height=\"19\">Tipo de compensador<\/td>\n<td class=\"et5\" colspan=\"2\">Amortiguaci\u00f3n de aire<\/td>\n<\/tr>\n<tr style=\"height: 14.25pt;\">\n<td class=\"et4\" style=\"height: 14.25pt;\" height=\"19\">Error de compensaci\u00f3n<\/td>\n<td class=\"et5\" colspan=\"2\">&lt;0,5\u2032<\/td>\n<\/tr>\n<tr style=\"height: 14.25pt;\">\n<td class=\"et4\" style=\"height: 14.25pt;\" height=\"19\">Ret\u00edculo<\/td>\n<td class=\"et5\" colspan=\"2\">Forma de cu\u00f1a<\/td>\n<\/tr>\n<tr style=\"height: 14.25pt;\">\n<td class=\"et4\" style=\"height: 14.25pt;\" height=\"19\">Precisi\u00f3n de configuraci\u00f3n<\/td>\n<td class=\"et5\" colspan=\"2\">\u00b10,4%<\/td>\n<\/tr>\n<tr style=\"height: 14.25pt;\">\n<td class=\"et4\" style=\"height: 14.25pt;\" height=\"19\">A prueba de agua y polvo<\/td>\n<td class=\"et5\" colspan=\"2\">IP54<\/td>\n<\/tr>\n<tr style=\"height: 14.25pt;\">\n<td class=\"et4\" style=\"height: 14.25pt;\" height=\"19\">Enviar accesorio<\/td>\n<td class=\"et5\" colspan=\"2\">Plomada, manual, pasador de ajuste, estuche de pl\u00e1stico<\/td>\n<\/tr>\n<tr style=\"height: 14.25pt;\">\n<td class=\"et8\" style=\"height: 14.25pt;\" height=\"19\">Peso neto<\/td>\n<td class=\"et9\" colspan=\"2\">1,55 kilos<\/td>\n<\/tr>\n<\/tbody>\n<\/table>","protected":false},"excerpt":{"rendered":"<ul>\n<li>Aumento flexible: elija un telescopio vertical de 32x (MA-H32) o 36x (MA-H36) para obtener im\u00e1genes n\u00edtidas y en posici\u00f3n vertical.<\/li>\n<li>Compensaci\u00f3n autom\u00e1tica: compensador de amortiguaci\u00f3n de aire con error &lt;0,5\u2032 para una configuraci\u00f3n r\u00e1pida y estable.<\/li>\n<li>F\u00e1cil de usar: incluye plomada, manual, pasador de ajuste y estuche de pl\u00e1stico para mayor comodidad en el campo.<\/li>\n<\/ul>","protected":false},"featured_media":1887,"comment_status":"open","ping_status":"closed","template":"","meta":[],"product_brand":[],"product_cat":[15,140],"product_tag":[],"class_list":{"0":"post-547","1":"product","2":"type-product","3":"status-publish","4":"has-post-thumbnail","6":"product_cat-surveying-instrument","7":"product_cat-automatic-level","9":"first","10":"instock","11":"shipping-taxable","12":"product-type-simple"},"_links":{"self":[{"href":"https:\/\/mountlaser.com\/es\/wp-json\/wp\/v2\/product\/547","targetHints":{"allow":["GET"]}}],"collection":[{"href":"https:\/\/mountlaser.com\/es\/wp-json\/wp\/v2\/product"}],"about":[{"href":"https:\/\/mountlaser.com\/es\/wp-json\/wp\/v2\/types\/product"}],"replies":[{"embeddable":true,"href":"https:\/\/mountlaser.com\/es\/wp-json\/wp\/v2\/comments?post=547"}],"wp:featuredmedia":[{"embeddable":true,"href":"https:\/\/mountlaser.com\/es\/wp-json\/wp\/v2\/media\/1887"}],"wp:attachment":[{"href":"https:\/\/mountlaser.com\/es\/wp-json\/wp\/v2\/media?parent=547"}],"wp:term":[{"taxonomy":"product_brand","embeddable":true,"href":"https:\/\/mountlaser.com\/es\/wp-json\/wp\/v2\/product_brand?post=547"},{"taxonomy":"product_cat","embeddable":true,"href":"https:\/\/mountlaser.com\/es\/wp-json\/wp\/v2\/product_cat?post=547"},{"taxonomy":"product_tag","embeddable":true,"href":"https:\/\/mountlaser.com\/es\/wp-json\/wp\/v2\/product_tag?post=547"}],"curies":[{"name":"wp","href":"https:\/\/api.w.org\/{rel}","templated":true}]}}