{"id":5450,"date":"2025-12-05T05:56:21","date_gmt":"2025-12-05T05:56:21","guid":{"rendered":"https:\/\/mountlaser.com\/?post_type=product&#038;p=5450"},"modified":"2025-12-05T06:12:58","modified_gmt":"2025-12-05T06:12:58","slug":"hdcc01-heavy-duty-column-mount-bracket","status":"publish","type":"product","link":"https:\/\/mountlaser.com\/es\/producto\/hdcc01-heavy-duty-column-mount-bracket\/","title":{"rendered":"HDCC01 Soporte de montaje en columna de alta resistencia"},"content":{"rendered":"<p data-start=\"141\" data-end=\"685\">El <a href=\"https:\/\/mountlaser.com\/es\/\"><strong data-start=\"145\" data-end=\"180\">Soporte de montaje en columna de alta resistencia<\/strong><\/a> El l\u00e1ser MountLaser est\u00e1 dise\u00f1ado para ofrecer estabilidad, resistencia y precisi\u00f3n excepcionales para aplicaciones profesionales de topograf\u00eda y construcci\u00f3n. Dise\u00f1ado como un <a href=\"https:\/\/mountlaser.com\/es\/about-us\/\"><strong data-start=\"342\" data-end=\"377\">Soporte de montaje en columna ajustable<\/strong><\/a>, Ofrece ajustes rotatorios y verticales, lo que permite a los usuarios posicionar sus instrumentos con precisi\u00f3n de altura y alineaci\u00f3n. Fabricado en aluminio estructural de alta resistencia y equipado con herrajes de acero inoxidable, este sistema garantiza durabilidad incluso en los entornos industriales m\u00e1s exigentes.<\/p>\n<p data-start=\"141\" data-end=\"685\"><img fetchpriority=\"high\" decoding=\"async\" class=\"aligncenter wp-image-5453\" src=\"https:\/\/mountlaser.com\/wp-content\/uploads\/2025\/12\/HDCC013.webp\" alt=\"heavy-duty Column Mount Bracket\" width=\"500\" height=\"500\" srcset=\"https:\/\/mountlaser.com\/wp-content\/uploads\/2025\/12\/HDCC013.webp 1000w, https:\/\/mountlaser.com\/wp-content\/uploads\/2025\/12\/HDCC013-300x300.webp 300w, https:\/\/mountlaser.com\/wp-content\/uploads\/2025\/12\/HDCC013-150x150.webp 150w, https:\/\/mountlaser.com\/wp-content\/uploads\/2025\/12\/HDCC013-768x768.webp 768w, https:\/\/mountlaser.com\/wp-content\/uploads\/2025\/12\/HDCC013-12x12.webp 12w, https:\/\/mountlaser.com\/wp-content\/uploads\/2025\/12\/HDCC013-600x600.webp 600w, https:\/\/mountlaser.com\/wp-content\/uploads\/2025\/12\/HDCC013-800x800.webp 800w, https:\/\/mountlaser.com\/wp-content\/uploads\/2025\/12\/HDCC013-400x400.webp 400w\" sizes=\"(max-width: 500px) 100vw, 500px\" \/><\/p>\n<p data-start=\"687\" data-end=\"1336\">Una correa de grado industrial de 5,08 cm (2 pulgadas) de ancho y 3,05 m (10 pies), con capacidad para soportar cargas de hasta 1000 kg (2200 lb), permite montar el soporte de forma segura en columnas cuadradas y redondas. El robusto soporte de montaje en columna ofrece 30,48 cm (12 pulgadas) de recorrido vertical, mientras que la plataforma de montaje de 15 cm cuenta con un perno roscado est\u00e1ndar de 5\/8-11 compatible con una amplia gama de instrumentos topogr\u00e1ficos. Con una distancia central optimizada de 38,1 cm (15 pulgadas) que proporciona espacio libre adicional, el <a href=\"https:\/\/mountlaser.com\/es\/categoria-producto\/surveying-accessory\/\">Soporte de montaje en columna de alta resistencia<\/a> Mejora la usabilidad en espacios de trabajo reducidos o con obst\u00e1culos. Un parachoques de goma integrado garantiza un manejo seguro y c\u00f3modo durante la instalaci\u00f3n.<\/p>","protected":false},"excerpt":{"rendered":"<ul>\n<li>Construcci\u00f3n de alta resistencia<\/li>\n<li>Posicionamiento totalmente ajustable<\/li>\n<li>Amplia compatibilidad y montaje seguro: viene con una correa resistente de 2 pulgadas x 10 pies capaz de asegurarse a columnas redondas o cuadradas, soportando hasta 2200 lb (1000 kg).<\/li>\n<li>Plataforma lista para instrumentos: equipada con una base plana de 6 pulgadas y un perno roscado est\u00e1ndar de 5\/8-11 para montar estaciones totales, l\u00e1seres y otros dispositivos topogr\u00e1ficos.<\/li>\n<li>Espacio libre y seguridad optimizados: la distancia entre ejes de 15 pulgadas mejora la visibilidad, mientras que el parachoques de goma integrado mejora la protecci\u00f3n del usuario durante la instalaci\u00f3n.<\/li>\n<\/ul>","protected":false},"featured_media":5452,"comment_status":"open","ping_status":"closed","template":"","meta":[],"product_brand":[],"product_cat":[79,155],"product_tag":[],"class_list":{"0":"post-5450","1":"product","2":"type-product","3":"status-publish","4":"has-post-thumbnail","6":"product_cat-surveying-accessory","7":"product_cat-column-mount-bracket","9":"first","10":"instock","11":"shipping-taxable","12":"product-type-simple"},"_links":{"self":[{"href":"https:\/\/mountlaser.com\/es\/wp-json\/wp\/v2\/product\/5450","targetHints":{"allow":["GET"]}}],"collection":[{"href":"https:\/\/mountlaser.com\/es\/wp-json\/wp\/v2\/product"}],"about":[{"href":"https:\/\/mountlaser.com\/es\/wp-json\/wp\/v2\/types\/product"}],"replies":[{"embeddable":true,"href":"https:\/\/mountlaser.com\/es\/wp-json\/wp\/v2\/comments?post=5450"}],"wp:featuredmedia":[{"embeddable":true,"href":"https:\/\/mountlaser.com\/es\/wp-json\/wp\/v2\/media\/5452"}],"wp:attachment":[{"href":"https:\/\/mountlaser.com\/es\/wp-json\/wp\/v2\/media?parent=5450"}],"wp:term":[{"taxonomy":"product_brand","embeddable":true,"href":"https:\/\/mountlaser.com\/es\/wp-json\/wp\/v2\/product_brand?post=5450"},{"taxonomy":"product_cat","embeddable":true,"href":"https:\/\/mountlaser.com\/es\/wp-json\/wp\/v2\/product_cat?post=5450"},{"taxonomy":"product_tag","embeddable":true,"href":"https:\/\/mountlaser.com\/es\/wp-json\/wp\/v2\/product_tag?post=5450"}],"curies":[{"name":"wp","href":"https:\/\/api.w.org\/{rel}","templated":true}]}}