{"id":5448,"date":"2025-12-05T05:17:35","date_gmt":"2025-12-05T05:17:35","guid":{"rendered":"https:\/\/mountlaser.com\/?post_type=product&#038;p=5448"},"modified":"2025-12-11T05:09:18","modified_gmt":"2025-12-11T05:09:18","slug":"pb01-08-brass-plumb-bob","status":"publish","type":"product","link":"https:\/\/mountlaser.com\/es\/producto\/pb01-08-brass-plumb-bob\/","title":{"rendered":"PB01-08 Plomada de lat\u00f3n"},"content":{"rendered":"<p>El <a href=\"https:\/\/mountlaser.com\/es\/\"><strong>PB01-08 PLOMA DE LAT\u00d3N<\/strong><\/a> Es una herramienta premium mecanizada con precisi\u00f3n, dise\u00f1ada para profesionales que exigen precisi\u00f3n y fiabilidad a largo plazo en tareas de construcci\u00f3n y topograf\u00eda. Fabricada en lat\u00f3n macizo, la PLOMA DE LAT\u00d3N PB01-08 ofrece un excelente equilibrio y estabilidad, garantizando una referencia vertical precisa en todo momento. <a href=\"https:\/\/mountlaser.com\/es\/categoria-producto\/surveying-accessory\/\"><strong>plomada de lat\u00f3n macizo<\/strong><\/a> Est\u00e1 protegido con un acabado de laca duradero, lo que prolonga su vida \u00fatil incluso en duras condiciones de campo.<\/p>\n<p><img fetchpriority=\"high\" decoding=\"async\" class=\"aligncenter wp-image-5449\" src=\"https:\/\/mountlaser.com\/wp-content\/uploads\/2025\/12\/PB01.webp\" alt=\"PB01-08 BRASS PLUMB BOB\" width=\"500\" height=\"500\" srcset=\"https:\/\/mountlaser.com\/wp-content\/uploads\/2025\/12\/PB01.webp 1000w, https:\/\/mountlaser.com\/wp-content\/uploads\/2025\/12\/PB01-300x300.webp 300w, https:\/\/mountlaser.com\/wp-content\/uploads\/2025\/12\/PB01-150x150.webp 150w, https:\/\/mountlaser.com\/wp-content\/uploads\/2025\/12\/PB01-768x768.webp 768w, https:\/\/mountlaser.com\/wp-content\/uploads\/2025\/12\/PB01-12x12.webp 12w, https:\/\/mountlaser.com\/wp-content\/uploads\/2025\/12\/PB01-600x600.webp 600w, https:\/\/mountlaser.com\/wp-content\/uploads\/2025\/12\/PB01-800x800.webp 800w, https:\/\/mountlaser.com\/wp-content\/uploads\/2025\/12\/PB01-400x400.webp 400w\" sizes=\"(max-width: 500px) 100vw, 500px\" \/><\/p>\n<p>Con una punta de acero endurecido y una tapa roscada ASA est\u00e1ndar, el <a href=\"https:\/\/mountlaser.com\/es\/contact-us\/\">PB01-08 PLOMA DE LAT\u00d3N<\/a> Permite un reemplazo r\u00e1pido de la punta y una fijaci\u00f3n segura. La tapa de acero tambi\u00e9n incluye almacenamiento interno para una punta adicional, lo que facilita su uso continuo en campo. La plomada de lat\u00f3n macizo proporciona un rendimiento preciso para el trazado, la alineaci\u00f3n y el marcado de puntos de control.<\/p>","protected":false},"excerpt":{"rendered":"<ul>\n<li>Alta precisi\u00f3n y equilibrio perfecto: garantiza una alineaci\u00f3n vertical precisa para trabajos de topograf\u00eda, construcci\u00f3n y dise\u00f1o.<\/li>\n<li>Construcci\u00f3n duradera de lat\u00f3n macizo: resistente a la corrosi\u00f3n, resistente a los impactos y dise\u00f1ado para uso en campo a largo plazo.<\/li>\n<li>Punta de acero endurecido y tapa roscada ASA: ofrece un rendimiento confiable con un c\u00f3modo almacenamiento de puntas de repuesto.<\/li>\n<li>M\u00faltiples opciones de peso: adecuado para diversas tareas profesionales y condiciones ambientales.<\/li>\n<\/ul>","protected":false},"featured_media":5449,"comment_status":"open","ping_status":"closed","template":"","meta":[],"product_brand":[],"product_cat":[79,154],"product_tag":[],"class_list":{"0":"post-5448","1":"product","2":"type-product","3":"status-publish","4":"has-post-thumbnail","6":"product_cat-surveying-accessory","7":"product_cat-brass-plumb-bob","9":"first","10":"instock","11":"shipping-taxable","12":"product-type-simple"},"_links":{"self":[{"href":"https:\/\/mountlaser.com\/es\/wp-json\/wp\/v2\/product\/5448","targetHints":{"allow":["GET"]}}],"collection":[{"href":"https:\/\/mountlaser.com\/es\/wp-json\/wp\/v2\/product"}],"about":[{"href":"https:\/\/mountlaser.com\/es\/wp-json\/wp\/v2\/types\/product"}],"replies":[{"embeddable":true,"href":"https:\/\/mountlaser.com\/es\/wp-json\/wp\/v2\/comments?post=5448"}],"wp:featuredmedia":[{"embeddable":true,"href":"https:\/\/mountlaser.com\/es\/wp-json\/wp\/v2\/media\/5449"}],"wp:attachment":[{"href":"https:\/\/mountlaser.com\/es\/wp-json\/wp\/v2\/media?parent=5448"}],"wp:term":[{"taxonomy":"product_brand","embeddable":true,"href":"https:\/\/mountlaser.com\/es\/wp-json\/wp\/v2\/product_brand?post=5448"},{"taxonomy":"product_cat","embeddable":true,"href":"https:\/\/mountlaser.com\/es\/wp-json\/wp\/v2\/product_cat?post=5448"},{"taxonomy":"product_tag","embeddable":true,"href":"https:\/\/mountlaser.com\/es\/wp-json\/wp\/v2\/product_tag?post=5448"}],"curies":[{"name":"wp","href":"https:\/\/api.w.org\/{rel}","templated":true}]}}