{"id":5441,"date":"2025-12-05T03:21:14","date_gmt":"2025-12-05T03:21:14","guid":{"rendered":"https:\/\/mountlaser.com\/?post_type=product&#038;p=5441"},"modified":"2025-12-05T03:21:14","modified_gmt":"2025-12-05T03:21:14","slug":"bl20-surveying-instrument-bubble-level","status":"publish","type":"product","link":"https:\/\/mountlaser.com\/es\/producto\/bl20-surveying-instrument-bubble-level\/","title":{"rendered":"Nivel de burbuja para instrumentos topogr\u00e1ficos BL20"},"content":{"rendered":"<p data-start=\"209\" data-end=\"750\">El <a href=\"https:\/\/mountlaser.com\/es\/\"><strong data-start=\"213\" data-end=\"255\">Nivel de burbuja para instrumentos topogr\u00e1ficos BL20<\/strong><\/a> Es un componente de nivelaci\u00f3n de precisi\u00f3n dise\u00f1ado para niveles \u00f3pticos y autom\u00e1ticos de alta precisi\u00f3n. Fabricado con un dise\u00f1o NA532 de estilo suizo, el nivel de burbuja para instrumentos topogr\u00e1ficos BL20 garantiza una respuesta de nivelaci\u00f3n estable, fiable y ultraclara para aplicaciones topogr\u00e1ficas profesionales. Como componente esencial <a href=\"https:\/\/mountlaser.com\/es\/categoria-producto\/surveying-accessory\/\"><strong data-start=\"556\" data-end=\"583\">nivel de burbuja de nivel autom\u00e1tico<\/strong><\/a>, Proporciona un rendimiento constante en entornos de campo hostiles, lo que lo hace ideal para top\u00f3grafos que dependen de una alineaci\u00f3n precisa y una calibraci\u00f3n confiable de los instrumentos.<\/p>\n<p data-start=\"209\" data-end=\"750\"><img fetchpriority=\"high\" decoding=\"async\" class=\"aligncenter wp-image-5446\" src=\"https:\/\/mountlaser.com\/wp-content\/uploads\/2025\/12\/BL085.webp\" alt=\"BL20 Surveying Instrument Bubble Level\" width=\"500\" height=\"500\" srcset=\"https:\/\/mountlaser.com\/wp-content\/uploads\/2025\/12\/BL085.webp 1000w, https:\/\/mountlaser.com\/wp-content\/uploads\/2025\/12\/BL085-300x300.webp 300w, https:\/\/mountlaser.com\/wp-content\/uploads\/2025\/12\/BL085-150x150.webp 150w, https:\/\/mountlaser.com\/wp-content\/uploads\/2025\/12\/BL085-768x768.webp 768w, https:\/\/mountlaser.com\/wp-content\/uploads\/2025\/12\/BL085-12x12.webp 12w, https:\/\/mountlaser.com\/wp-content\/uploads\/2025\/12\/BL085-600x600.webp 600w, https:\/\/mountlaser.com\/wp-content\/uploads\/2025\/12\/BL085-800x800.webp 800w, https:\/\/mountlaser.com\/wp-content\/uploads\/2025\/12\/BL085-400x400.webp 400w\" sizes=\"(max-width: 500px) 100vw, 500px\" \/><\/p>\n<p data-start=\"752\" data-end=\"1260\">Con una construcci\u00f3n duradera y una excelente sensibilidad, este nivel de burbuja autom\u00e1tico se adapta perfectamente a una amplia gama de bases nivelantes, soportes e instrumentos \u00f3pticos. Ya sea para dise\u00f1o de construcci\u00f3n, topograf\u00eda de ingenier\u00eda o mantenimiento de instrumentos, el nivel de burbuja para instrumentos topogr\u00e1ficos BL20 ofrece la precisi\u00f3n confiable necesaria para el trabajo de campo diario. Este nivel de burbuja de alta calidad... <a href=\"https:\/\/mountlaser.com\/es\/about-us\/\">nivel de burbuja de nivel autom\u00e1tico<\/a> Mejora la eficiencia de la medici\u00f3n para garantizar que cada configuraci\u00f3n cumpla con los exigentes est\u00e1ndares de precisi\u00f3n.<\/p>","protected":false},"excerpt":{"rendered":"<ul>\n<li>Nivelaci\u00f3n de alta precisi\u00f3n: proporciona un movimiento de burbuja claro y sensible para garantizar que los instrumentos de nivel \u00f3ptico y autom\u00e1tico logren una alineaci\u00f3n precisa.<\/li>\n<li>Construcci\u00f3n duradera lista para el campo: dise\u00f1ada con materiales robustos adecuados para entornos exteriores exigentes y uso de instrumentos a largo plazo.<\/li>\n<li>Amplia compatibilidad de instrumentos: dise\u00f1ado para dispositivos estilo NA532 y se adapta a la mayor\u00eda de las bases nivelantes, portadores y sistemas de nivelaci\u00f3n sin esfuerzo.<\/li>\n<li>Rendimiento estable y confiable: reduce los errores de configuraci\u00f3n y mejora la precisi\u00f3n del estudio en aplicaciones de construcci\u00f3n, cartograf\u00eda e ingenier\u00eda.<\/li>\n<li>F\u00e1cil instalaci\u00f3n: la estructura compacta y liviana garantiza un reemplazo r\u00e1pido o una integraci\u00f3n en el equipo de topograf\u00eda.<\/li>\n<\/ul>","protected":false},"featured_media":5442,"comment_status":"open","ping_status":"closed","template":"","meta":[],"product_brand":[],"product_cat":[79,153],"product_tag":[],"class_list":{"0":"post-5441","1":"product","2":"type-product","3":"status-publish","4":"has-post-thumbnail","6":"product_cat-surveying-accessory","7":"product_cat-bubble-for-tribrach-carrier-prism","9":"first","10":"instock","11":"shipping-taxable","12":"product-type-simple"},"_links":{"self":[{"href":"https:\/\/mountlaser.com\/es\/wp-json\/wp\/v2\/product\/5441","targetHints":{"allow":["GET"]}}],"collection":[{"href":"https:\/\/mountlaser.com\/es\/wp-json\/wp\/v2\/product"}],"about":[{"href":"https:\/\/mountlaser.com\/es\/wp-json\/wp\/v2\/types\/product"}],"replies":[{"embeddable":true,"href":"https:\/\/mountlaser.com\/es\/wp-json\/wp\/v2\/comments?post=5441"}],"wp:featuredmedia":[{"embeddable":true,"href":"https:\/\/mountlaser.com\/es\/wp-json\/wp\/v2\/media\/5442"}],"wp:attachment":[{"href":"https:\/\/mountlaser.com\/es\/wp-json\/wp\/v2\/media?parent=5441"}],"wp:term":[{"taxonomy":"product_brand","embeddable":true,"href":"https:\/\/mountlaser.com\/es\/wp-json\/wp\/v2\/product_brand?post=5441"},{"taxonomy":"product_cat","embeddable":true,"href":"https:\/\/mountlaser.com\/es\/wp-json\/wp\/v2\/product_cat?post=5441"},{"taxonomy":"product_tag","embeddable":true,"href":"https:\/\/mountlaser.com\/es\/wp-json\/wp\/v2\/product_tag?post=5441"}],"curies":[{"name":"wp","href":"https:\/\/api.w.org\/{rel}","templated":true}]}}