{"id":5435,"date":"2025-12-05T02:40:20","date_gmt":"2025-12-05T02:40:20","guid":{"rendered":"https:\/\/mountlaser.com\/?post_type=product&#038;p=5435"},"modified":"2025-12-05T02:40:20","modified_gmt":"2025-12-05T02:40:20","slug":"bl07-surveying-instrument-bubble-level","status":"publish","type":"product","link":"https:\/\/mountlaser.com\/es\/producto\/bl07-surveying-instrument-bubble-level\/","title":{"rendered":"Nivel de burbuja para instrumentos topogr\u00e1ficos BL07"},"content":{"rendered":"<p>El <a href=\"https:\/\/mountlaser.com\/es\/\"><strong>Nivel de burbuja digital<\/strong><\/a> BL07 es un dispositivo de alta precisi\u00f3n <a href=\"https:\/\/mountlaser.com\/es\/categoria-producto\/surveying-accessory\/\"><strong>Nivel de burbuja para instrumentos topogr\u00e1ficos<\/strong><\/a> Dise\u00f1ado para bases nivelantes, soportes y sistemas de prismas utilizados en topograf\u00eda profesional. Con un dise\u00f1o GX de estilo suizo, este nivel de burbuja digital proporciona una precisi\u00f3n y estabilidad excepcionales, garantizando una nivelaci\u00f3n perfecta de los instrumentos para mediciones de campo fiables.<\/p>\n<p><img fetchpriority=\"high\" decoding=\"async\" class=\"aligncenter wp-image-5437\" src=\"https:\/\/mountlaser.com\/wp-content\/uploads\/2025\/12\/BL072.webp\" alt=\"Digital bubble level\" width=\"500\" height=\"500\" srcset=\"https:\/\/mountlaser.com\/wp-content\/uploads\/2025\/12\/BL072.webp 1000w, https:\/\/mountlaser.com\/wp-content\/uploads\/2025\/12\/BL072-300x300.webp 300w, https:\/\/mountlaser.com\/wp-content\/uploads\/2025\/12\/BL072-150x150.webp 150w, https:\/\/mountlaser.com\/wp-content\/uploads\/2025\/12\/BL072-768x768.webp 768w, https:\/\/mountlaser.com\/wp-content\/uploads\/2025\/12\/BL072-12x12.webp 12w, https:\/\/mountlaser.com\/wp-content\/uploads\/2025\/12\/BL072-600x600.webp 600w, https:\/\/mountlaser.com\/wp-content\/uploads\/2025\/12\/BL072-800x800.webp 800w, https:\/\/mountlaser.com\/wp-content\/uploads\/2025\/12\/BL072-400x400.webp 400w\" sizes=\"(max-width: 500px) 100vw, 500px\" \/><\/p>\n<p>Como nivel de burbuja vers\u00e1til para instrumentos topogr\u00e1ficos, se integra a la perfecci\u00f3n con estaciones totales, prismas y otros accesorios topogr\u00e1ficos donde la nivelaci\u00f3n uniforme es crucial. Dise\u00f1ado para ofrecer durabilidad y precisi\u00f3n, el BL07 ofrece a los top\u00f3grafos un nivel confiable. <a href=\"https:\/\/mountlaser.com\/es\/about-us\/\">Nivel de burbuja digital<\/a> Soluci\u00f3n para condiciones de sitio exigentes.<\/p>","protected":false},"excerpt":{"rendered":"<ul>\n<li>Nivelaci\u00f3n de alta precisi\u00f3n: garantiza que los instrumentos de medici\u00f3n permanezcan alineados con precisi\u00f3n, lo que mejora la confiabilidad de la medici\u00f3n.<\/li>\n<li>Dise\u00f1o GX de estilo suizo: la estructura avanzada mejora la sensibilidad y la estabilidad para uso profesional.<\/li>\n<li>Amplia compatibilidad: funciona con bases nivelantes, portadores, prismas y m\u00faltiples instrumentos topogr\u00e1ficos.<\/li>\n<li>Construcci\u00f3n duradera: dise\u00f1ada para soportar entornos de campo hostiles y mantener una calibraci\u00f3n constante.<\/li>\n<li>Referencia visual clara: proporciona lecturas de burbujas r\u00e1pidas e intuitivas, lo que reduce el tiempo de configuraci\u00f3n.<\/li>\n<\/ul>","protected":false},"featured_media":5437,"comment_status":"open","ping_status":"closed","template":"","meta":[],"product_brand":[],"product_cat":[79,153],"product_tag":[],"class_list":{"0":"post-5435","1":"product","2":"type-product","3":"status-publish","4":"has-post-thumbnail","6":"product_cat-surveying-accessory","7":"product_cat-bubble-for-tribrach-carrier-prism","9":"first","10":"instock","11":"shipping-taxable","12":"product-type-simple"},"_links":{"self":[{"href":"https:\/\/mountlaser.com\/es\/wp-json\/wp\/v2\/product\/5435","targetHints":{"allow":["GET"]}}],"collection":[{"href":"https:\/\/mountlaser.com\/es\/wp-json\/wp\/v2\/product"}],"about":[{"href":"https:\/\/mountlaser.com\/es\/wp-json\/wp\/v2\/types\/product"}],"replies":[{"embeddable":true,"href":"https:\/\/mountlaser.com\/es\/wp-json\/wp\/v2\/comments?post=5435"}],"wp:featuredmedia":[{"embeddable":true,"href":"https:\/\/mountlaser.com\/es\/wp-json\/wp\/v2\/media\/5437"}],"wp:attachment":[{"href":"https:\/\/mountlaser.com\/es\/wp-json\/wp\/v2\/media?parent=5435"}],"wp:term":[{"taxonomy":"product_brand","embeddable":true,"href":"https:\/\/mountlaser.com\/es\/wp-json\/wp\/v2\/product_brand?post=5435"},{"taxonomy":"product_cat","embeddable":true,"href":"https:\/\/mountlaser.com\/es\/wp-json\/wp\/v2\/product_cat?post=5435"},{"taxonomy":"product_tag","embeddable":true,"href":"https:\/\/mountlaser.com\/es\/wp-json\/wp\/v2\/product_tag?post=5435"}],"curies":[{"name":"wp","href":"https:\/\/api.w.org\/{rel}","templated":true}]}}