{"id":543,"date":"2024-03-28T08:13:14","date_gmt":"2024-03-28T08:13:14","guid":{"rendered":"https:\/\/startersites.io\/blocksy\/pottery\/?post_type=product&#038;p=543"},"modified":"2025-12-01T02:32:34","modified_gmt":"2025-12-01T02:32:34","slug":"ma-dh32-dh36-optical-style-auto-level","status":"publish","type":"product","link":"https:\/\/mountlaser.com\/es\/producto\/ma-dh32-dh36-optical-style-auto-level\/","title":{"rendered":"Nivel autom\u00e1tico de estilo \u00f3ptico MA-DH32\/DH36"},"content":{"rendered":"<p>El <strong><a href=\"https:\/\/mountlaser.com\/es\/\">Niveles autom\u00e1ticos de estilo \u00f3ptico MA-DH32\/DH36<\/a><\/strong> Los niveles \u00f3pticos de Mountlaser representan la pr\u00f3xima generaci\u00f3n de equipos topogr\u00e1ficos de precisi\u00f3n, dise\u00f1ados para top\u00f3grafos que requieren precisi\u00f3n y fiabilidad absolutas. Estos modelos est\u00e1n dise\u00f1ados como opciones de nivel autom\u00e1tico de alta calidad, combinando la excelencia \u00f3ptica cl\u00e1sica con una construcci\u00f3n robusta y moderna.<br \/>\nNiveles autom\u00e1ticos de estilo \u00f3ptico MA-DH32\/DH36. Con un aumento opcional de 32x (MA-DH32) o 36x (MA-DH36) y telescopios de imagen vertical, ofrecen im\u00e1genes n\u00edtidas y sin distorsiones incluso a largas distancias. Con un compensador de amortiguaci\u00f3n de aire de alta precisi\u00f3n y una desviaci\u00f3n est\u00e1ndar de tan solo 1,0 mm por km en doble recorrido, estos instrumentos est\u00e1n dise\u00f1ados para aplicaciones exigentes como el replanteo de obras, levantamientos topogr\u00e1ficos y nivelaci\u00f3n de ingenier\u00eda.<\/p>\n<p>La robusta carcasa cuenta con certificaci\u00f3n IP66 de alto nivel de impermeabilidad, lo que garantiza un rendimiento confiable en condiciones de trabajo dif\u00edciles. Como proveedor confiable de...<a href=\"https:\/\/mountlaser.com\/es\/categoria-producto\/surveying-instrument\/automatic-level\/\"><strong> equipo de medici\u00f3n de nivel \u00f3ptico<\/strong><\/a>, Mountlaser garantiza que cada unidad est\u00e9 calibrada seg\u00fan los m\u00e1s altos est\u00e1ndares. Para los profesionales que buscan un nivel autom\u00e1tico de alta calidad, las series MA-DH32 y MA-DH36 ofrecen durabilidad, precisi\u00f3n y valor excepcionales, lo que las convierte en la inversi\u00f3n ideal para cualquier equipo de topograf\u00eda.<\/p>\n<p>&nbsp;<\/p>\n<p><img fetchpriority=\"high\" decoding=\"async\" class=\"aligncenter wp-image-1896\" src=\"https:\/\/mountlaser.com\/wp-content\/uploads\/2024\/03\/MA-DH328.webp\" alt=\"Optical Level Surveying Equipment\" width=\"500\" height=\"500\" srcset=\"https:\/\/mountlaser.com\/wp-content\/uploads\/2024\/03\/MA-DH328.webp 1000w, https:\/\/mountlaser.com\/wp-content\/uploads\/2024\/03\/MA-DH328-300x300.webp 300w, https:\/\/mountlaser.com\/wp-content\/uploads\/2024\/03\/MA-DH328-400x400.webp 400w, https:\/\/mountlaser.com\/wp-content\/uploads\/2024\/03\/MA-DH328-800x800.webp 800w, https:\/\/mountlaser.com\/wp-content\/uploads\/2024\/03\/MA-DH328-600x600.webp 600w, https:\/\/mountlaser.com\/wp-content\/uploads\/2024\/03\/MA-DH328-150x150.webp 150w, https:\/\/mountlaser.com\/wp-content\/uploads\/2024\/03\/MA-DH328-768x768.webp 768w, https:\/\/mountlaser.com\/wp-content\/uploads\/2024\/03\/MA-DH328-12x12.webp 12w\" sizes=\"(max-width: 500px) 100vw, 500px\" \/><\/p>\n<p><strong><a href=\"https:\/\/mountlaser.com\/es\/contact-us\/\">Nivel autom\u00e1tico de estilo \u00f3ptico<\/a> Presupuesto<\/strong><\/p>\n<table style=\"border-collapse: collapse; width: 810.77pt;\" border=\"0\" width=\"1081\" cellspacing=\"0\" cellpadding=\"0\">\n<tbody>\n<tr style=\"height: 14.25pt;\">\n<td class=\"et2\" style=\"height: 14.25pt; width: 322.50pt;\" width=\"430\" height=\"19\">Modelo N\u00b0.<\/td>\n<td class=\"et2\" style=\"width: 141.00pt;\" width=\"188\">MA-DH32<\/td>\n<td class=\"et2\" style=\"width: 88.50pt;\" width=\"118\">MA-DH36<\/td>\n<td class=\"et2\" style=\"width: 82.50pt;\" width=\"110\">MA-DH32L<\/td>\n<td class=\"et3\" style=\"width: 176.25pt;\" width=\"235\">MA-DH36L<\/td>\n<\/tr>\n<tr style=\"height: 14.25pt;\">\n<td class=\"et2\" style=\"height: 14.25pt;\" height=\"19\">Distancia de trabajo<\/td>\n<td class=\"et4\" colspan=\"4\">60 metros<\/td>\n<\/tr>\n<tr style=\"height: 14.25pt;\">\n<td class=\"et2\" style=\"height: 14.25pt;\" height=\"19\">Desviaci\u00f3n est\u00e1ndar para carrera doble de 1 km<\/td>\n<td class=\"et4\" colspan=\"4\">1,0 mm<\/td>\n<\/tr>\n<tr style=\"height: 14.25pt;\">\n<td class=\"et2\" style=\"height: 14.25pt;\" height=\"19\">Aumento del telescopio<\/td>\n<td class=\"et2\">32X<\/td>\n<td class=\"et2\">36X<\/td>\n<td class=\"et2\">32X<\/td>\n<td class=\"et3\">36X<\/td>\n<\/tr>\n<tr style=\"height: 14.25pt;\">\n<td class=\"et2\" style=\"height: 14.25pt;\" height=\"19\">Imagen del telescopio<\/td>\n<td class=\"et4\" colspan=\"4\">Erguido<\/td>\n<\/tr>\n<tr style=\"height: 14.25pt;\">\n<td class=\"et2\" style=\"height: 14.25pt;\" height=\"19\">Distancia de enfoque m\u00e1s corta<\/td>\n<td class=\"et4\" colspan=\"4\">0,4 m<\/td>\n<\/tr>\n<tr style=\"height: 14.25pt;\">\n<td class=\"et2\" style=\"height: 14.25pt;\" height=\"19\">Error de distancia de visualizaci\u00f3n<\/td>\n<td class=\"et4\" colspan=\"4\">\u2264\u00b10,4%<\/td>\n<\/tr>\n<tr style=\"height: 14.25pt;\">\n<td class=\"et2\" style=\"height: 14.25pt;\" height=\"19\">Tama\u00f1o de apertura efectiva de la lente del objeto<\/td>\n<td class=\"et4\" colspan=\"4\">42 mm<\/td>\n<\/tr>\n<tr style=\"height: 14.25pt;\">\n<td class=\"et2\" style=\"height: 14.25pt;\" height=\"19\">Error de enfoque<\/td>\n<td class=\"et4\" colspan=\"4\">\u22641 mm<\/td>\n<\/tr>\n<tr style=\"height: 14.25pt;\">\n<td class=\"et2\" style=\"height: 14.25pt;\" height=\"19\">Tipo de compensador<\/td>\n<td class=\"et4\" colspan=\"4\">Suspensi\u00f3n de alambre en forma de X con amortiguaci\u00f3n magn\u00e9tica<\/td>\n<\/tr>\n<tr style=\"height: 14.25pt;\">\n<td class=\"et2\" style=\"height: 14.25pt;\" height=\"19\">Error de compensaci\u00f3n<\/td>\n<td class=\"et4\" colspan=\"4\">\u22640,2\u2033<\/td>\n<\/tr>\n<tr style=\"height: 14.25pt;\">\n<td class=\"et2\" style=\"height: 14.25pt;\" height=\"19\">Ret\u00edculo<\/td>\n<td class=\"et4\" colspan=\"4\">Forma de cu\u00f1a<\/td>\n<\/tr>\n<tr style=\"height: 14.25pt;\">\n<td class=\"et2\" style=\"height: 14.25pt;\" height=\"19\">Precisi\u00f3n de configuraci\u00f3n<\/td>\n<td class=\"et4\" colspan=\"4\">\u00b10,3\u2033<\/td>\n<\/tr>\n<tr style=\"height: 14.25pt;\">\n<td class=\"et2\" style=\"height: 14.25pt;\" height=\"19\">A prueba de agua y polvo<\/td>\n<td class=\"et4\" colspan=\"4\">Alto nivel de impermeabilidad IP66<\/td>\n<\/tr>\n<tr style=\"height: 14.25pt;\">\n<td class=\"et2\" style=\"height: 14.25pt;\" height=\"19\">Accesorio est\u00e1ndar<\/td>\n<td class=\"et4\" colspan=\"4\">Plomada, manual, pasador de ajuste, estuche de pl\u00e1stico<\/td>\n<\/tr>\n<tr style=\"height: 14.25pt;\">\n<td class=\"et2\" style=\"height: 14.25pt;\" height=\"19\">La longitud de onda del l\u00e1ser<\/td>\n<td class=\"et7\" style=\"border-right: .5pt solid #000000;\" colspan=\"2\">\u2014<\/td>\n<td class=\"et4\" colspan=\"2\">Haz rojo de 635 nm<\/td>\n<\/tr>\n<tr style=\"height: 14.25pt;\">\n<td class=\"et2\" style=\"height: 14.25pt;\" height=\"19\">Alcance efectivo<\/td>\n<td class=\"et7\" style=\"border-right: .5pt solid #000000;\" colspan=\"2\">\u2014<\/td>\n<td class=\"et7\" style=\"border-right: .5pt solid #000000;\" colspan=\"2\">200m (Noche)<\/td>\n<\/tr>\n<tr style=\"height: 14.25pt;\">\n<td class=\"et2\" style=\"height: 14.25pt;\" height=\"19\">Tama\u00f1o del punto<\/td>\n<td class=\"et7\" style=\"border-right: .5pt solid #000000;\" colspan=\"2\">\u2014<\/td>\n<td class=\"et7\" style=\"border-right: .5pt solid #000000;\" colspan=\"2\">5 mm\/100 m<\/td>\n<\/tr>\n<tr style=\"height: 14.25pt;\">\n<td class=\"et2\" style=\"height: 14.25pt;\" height=\"19\">Centro del punto y desviaci\u00f3n del eje visual<\/td>\n<td class=\"et7\" style=\"border-right: .5pt solid #000000;\" colspan=\"2\">\u2014<\/td>\n<td class=\"et7\" style=\"border-right: .5pt solid #000000;\" colspan=\"2\">5\u2033<\/td>\n<\/tr>\n<tr style=\"height: 14.25pt;\">\n<td class=\"et2\" style=\"height: 14.25pt;\" height=\"19\">Poder<\/td>\n<td class=\"et7\" style=\"border-right: .5pt solid #000000;\" colspan=\"2\">\u2014<\/td>\n<td class=\"et7\" style=\"border-right: .5pt solid #000000;\" colspan=\"2\">Bater\u00eda de iones de litio de 3,7 V y 2000 mAh<\/td>\n<\/tr>\n<tr style=\"height: 14.25pt;\">\n<td class=\"et2\" style=\"height: 14.25pt;\" height=\"19\">Tipo de conector<\/td>\n<td class=\"et7\" style=\"border-right: .5pt solid #000000;\" colspan=\"2\">\u2014<\/td>\n<td class=\"et7\" style=\"border-right: .5pt solid #000000;\" colspan=\"2\">Tipo C<\/td>\n<\/tr>\n<tr style=\"height: 14.25pt;\">\n<td class=\"et2\" style=\"height: 14.25pt;\" height=\"19\">Tiempo de trabajo<\/td>\n<td class=\"et7\" style=\"border-right: .5pt solid #000000;\" colspan=\"2\">\u2014<\/td>\n<td class=\"et7\" style=\"border-right: .5pt solid #000000;\" colspan=\"2\">&gt;70 horas<\/td>\n<\/tr>\n<tr style=\"height: 14.25pt;\">\n<td class=\"et2\" style=\"height: 14.25pt;\" height=\"19\">Temperatura de trabajo<\/td>\n<td class=\"et7\" style=\"border-right: .5pt solid #000000;\" colspan=\"2\">\u2014<\/td>\n<td class=\"et7\" style=\"border-right: .5pt solid #000000;\" colspan=\"2\">-10\u2103-+60\u2103<\/td>\n<\/tr>\n<tr style=\"height: 14.25pt;\">\n<td class=\"et10\" style=\"height: 14.25pt;\" height=\"19\">Peso neto<\/td>\n<td class=\"et4\" colspan=\"4\">1,85 kilos<\/td>\n<\/tr>\n<\/tbody>\n<\/table>","protected":false},"excerpt":{"rendered":"<ul>\n<li>Los niveles autom\u00e1ticos \u00f3pticos MA-DH32\/DH36 ofrecen un rendimiento de nivel profesional para una amplia gama de tareas topogr\u00e1ficas.<\/li>\n<li>Como equipo de medici\u00f3n de nivel \u00f3ptico de alta precisi\u00f3n<\/li>\n<li>Son resistentes y f\u00e1ciles de usar y ofrecen un valor excepcional como nivelador de autom\u00f3vil de alta calidad a la venta.<\/li>\n<\/ul>","protected":false},"featured_media":1894,"comment_status":"open","ping_status":"closed","template":"","meta":[],"product_brand":[],"product_cat":[15,140],"product_tag":[],"class_list":{"0":"post-543","1":"product","2":"type-product","3":"status-publish","4":"has-post-thumbnail","6":"product_cat-surveying-instrument","7":"product_cat-automatic-level","9":"first","10":"instock","11":"shipping-taxable","12":"product-type-simple"},"_links":{"self":[{"href":"https:\/\/mountlaser.com\/es\/wp-json\/wp\/v2\/product\/543","targetHints":{"allow":["GET"]}}],"collection":[{"href":"https:\/\/mountlaser.com\/es\/wp-json\/wp\/v2\/product"}],"about":[{"href":"https:\/\/mountlaser.com\/es\/wp-json\/wp\/v2\/types\/product"}],"replies":[{"embeddable":true,"href":"https:\/\/mountlaser.com\/es\/wp-json\/wp\/v2\/comments?post=543"}],"wp:featuredmedia":[{"embeddable":true,"href":"https:\/\/mountlaser.com\/es\/wp-json\/wp\/v2\/media\/1894"}],"wp:attachment":[{"href":"https:\/\/mountlaser.com\/es\/wp-json\/wp\/v2\/media?parent=543"}],"wp:term":[{"taxonomy":"product_brand","embeddable":true,"href":"https:\/\/mountlaser.com\/es\/wp-json\/wp\/v2\/product_brand?post=543"},{"taxonomy":"product_cat","embeddable":true,"href":"https:\/\/mountlaser.com\/es\/wp-json\/wp\/v2\/product_cat?post=543"},{"taxonomy":"product_tag","embeddable":true,"href":"https:\/\/mountlaser.com\/es\/wp-json\/wp\/v2\/product_tag?post=543"}],"curies":[{"name":"wp","href":"https:\/\/api.w.org\/{rel}","templated":true}]}}