{"id":541,"date":"2024-03-28T08:11:43","date_gmt":"2024-03-28T08:11:43","guid":{"rendered":"https:\/\/startersites.io\/blocksy\/pottery\/?post_type=product&#038;p=541"},"modified":"2025-12-01T02:38:10","modified_gmt":"2025-12-01T02:38:10","slug":"ma-e32-auto-level","status":"publish","type":"product","link":"https:\/\/mountlaser.com\/es\/producto\/ma-e32-auto-level\/","title":{"rendered":"Nivel autom\u00e1tico MA-E32"},"content":{"rendered":"<p>El <a href=\"https:\/\/mountlaser.com\/es\/\"><strong>Nivel autom\u00e1tico MA-E32<\/strong><\/a> Dise\u00f1ado para profesionales que requieren precisi\u00f3n y durabilidad excepcionales en la medici\u00f3n de nivel autom\u00e1tico. Dise\u00f1ado con un compensador de calidad japonesa para una estabilidad superior, este instrumento ofrece un rendimiento fiable incluso en condiciones exigentes. Con un aumento de 32x, un telescopio de imagen vertical y una impresionante desviaci\u00f3n est\u00e1ndar de 1,0 mm por km en doble pasada, el MA-E32 garantiza mediciones precisas para aplicaciones de construcci\u00f3n, ingenier\u00eda y topograf\u00eda. Su alta clasificaci\u00f3n IP66 de resistencia al agua y al polvo lo convierte en uno de los niveles autom\u00e1ticos de medici\u00f3n m\u00e1s robustos del mercado, capaz de funcionar en entornos hostiles donde otras herramientas podr\u00edan fallar.<\/p>\n<p>Este modelo ejemplifica lo avanzado <a href=\"https:\/\/mountlaser.com\/es\/categoria-producto\/surveying-instrument\/automatic-level\/\"><strong>medici\u00f3n autom\u00e1tica de nivel<\/strong><\/a> Tecnolog\u00eda de compensaci\u00f3n magn\u00e9tica de amortiguaci\u00f3n con suspensi\u00f3n de alambre en forma de X, con un error de \u22640,4&quot;, para una configuraci\u00f3n r\u00e1pida y precisa. Para top\u00f3grafos que buscan niveles autom\u00e1ticos de alto rendimiento, el MA-E32 ofrece un equilibrio perfecto entre claridad \u00f3ptica, robustez y facilidad de uso, lo que lo convierte en la opci\u00f3n ideal para proyectos cr\u00edticos.<\/p>\n<p><img fetchpriority=\"high\" decoding=\"async\" class=\"aligncenter wp-image-1900\" src=\"https:\/\/mountlaser.com\/wp-content\/uploads\/2024\/03\/MA-E325.webp\" alt=\"Automatic level surveying\" width=\"500\" height=\"500\" srcset=\"https:\/\/mountlaser.com\/wp-content\/uploads\/2024\/03\/MA-E325.webp 1000w, https:\/\/mountlaser.com\/wp-content\/uploads\/2024\/03\/MA-E325-300x300.webp 300w, https:\/\/mountlaser.com\/wp-content\/uploads\/2024\/03\/MA-E325-400x400.webp 400w, https:\/\/mountlaser.com\/wp-content\/uploads\/2024\/03\/MA-E325-800x800.webp 800w, https:\/\/mountlaser.com\/wp-content\/uploads\/2024\/03\/MA-E325-600x600.webp 600w, https:\/\/mountlaser.com\/wp-content\/uploads\/2024\/03\/MA-E325-150x150.webp 150w, https:\/\/mountlaser.com\/wp-content\/uploads\/2024\/03\/MA-E325-768x768.webp 768w, https:\/\/mountlaser.com\/wp-content\/uploads\/2024\/03\/MA-E325-12x12.webp 12w\" sizes=\"(max-width: 500px) 100vw, 500px\" \/><\/p>\n<p>&nbsp;<\/p>\n<p><strong><a href=\"https:\/\/mountlaser.com\/es\/about-us\/\">Nivel autom\u00e1tico MA-E32<\/a> Presupuesto<\/strong><\/p>\n<table style=\"border-collapse: collapse; width: 631.52pt;\" border=\"0\" width=\"842\" cellspacing=\"0\" cellpadding=\"0\">\n<tbody>\n<tr style=\"height: 14.25pt;\">\n<td class=\"et2\" style=\"height: 14.25pt; width: 322.50pt;\" width=\"430\" height=\"19\">Modelo N\u00b0.<\/td>\n<td class=\"et3\" style=\"width: 309.00pt;\" width=\"412\">MA-E32<\/td>\n<\/tr>\n<tr style=\"height: 14.25pt;\">\n<td class=\"et4\" style=\"height: 14.25pt;\" height=\"19\">Distancia de trabajo<\/td>\n<td class=\"et5\">60 metros<\/td>\n<\/tr>\n<tr style=\"height: 14.25pt;\">\n<td class=\"et4\" style=\"height: 14.25pt;\" height=\"19\">Desviaci\u00f3n est\u00e1ndar para carrera doble de 1 km<\/td>\n<td class=\"et5\">1,0 mm<\/td>\n<\/tr>\n<tr style=\"height: 14.25pt;\">\n<td class=\"et4\" style=\"height: 14.25pt;\" height=\"19\">Aumento del telescopio<\/td>\n<td class=\"et5\">32X<\/td>\n<\/tr>\n<tr style=\"height: 14.25pt;\">\n<td class=\"et4\" style=\"height: 14.25pt;\" height=\"19\">Imagen del telescopio<\/td>\n<td class=\"et5\">Erguido<\/td>\n<\/tr>\n<tr style=\"height: 14.25pt;\">\n<td class=\"et4\" style=\"height: 14.25pt;\" height=\"19\">Distancia de enfoque m\u00e1s corta<\/td>\n<td class=\"et5\">0,5 m<\/td>\n<\/tr>\n<tr style=\"height: 14.25pt;\">\n<td class=\"et4\" style=\"height: 14.25pt;\" height=\"19\">Error de distancia de visualizaci\u00f3n<\/td>\n<td class=\"et5\">\u2264\u00b10,4%<\/td>\n<\/tr>\n<tr style=\"height: 14.25pt;\">\n<td class=\"et4\" style=\"height: 14.25pt;\" height=\"19\">Tama\u00f1o de apertura efectiva de la lente del objeto<\/td>\n<td class=\"et5\">36 mm<\/td>\n<\/tr>\n<tr style=\"height: 14.25pt;\">\n<td class=\"et4\" style=\"height: 14.25pt;\" height=\"19\">Error de enfoque<\/td>\n<td class=\"et5\">\u22641 mm<\/td>\n<\/tr>\n<tr style=\"height: 14.25pt;\">\n<td class=\"et4\" style=\"height: 14.25pt;\" height=\"19\">Tipo de compensador<\/td>\n<td class=\"et5\">Suspensi\u00f3n de alambre en forma de X con amortiguaci\u00f3n magn\u00e9tica<\/td>\n<\/tr>\n<tr style=\"height: 14.25pt;\">\n<td class=\"et4\" style=\"height: 14.25pt;\" height=\"19\">Error de compensaci\u00f3n<\/td>\n<td class=\"et5\">\u22640,4\u201d<\/td>\n<\/tr>\n<tr style=\"height: 14.25pt;\">\n<td class=\"et4\" style=\"height: 14.25pt;\" height=\"19\">Ret\u00edculo<\/td>\n<td class=\"et5\">Forma de cu\u00f1a<\/td>\n<\/tr>\n<tr style=\"height: 14.25pt;\">\n<td class=\"et4\" style=\"height: 14.25pt;\" height=\"19\">Precisi\u00f3n de configuraci\u00f3n<\/td>\n<td class=\"et5\">\u00b10,3\u201d<\/td>\n<\/tr>\n<tr style=\"height: 14.25pt;\">\n<td class=\"et4\" style=\"height: 14.25pt;\" height=\"19\">A prueba de agua y polvo<\/td>\n<td class=\"et5\">Alto nivel de impermeabilidad IP66<\/td>\n<\/tr>\n<tr style=\"height: 14.25pt;\">\n<td class=\"et4\" style=\"height: 14.25pt;\" height=\"19\">Accesorio est\u00e1ndar<\/td>\n<td class=\"et5\">Plomada, manual, pasador de ajuste, estuche de pl\u00e1stico<\/td>\n<\/tr>\n<tr style=\"height: 14.25pt;\">\n<td class=\"et6\" style=\"height: 14.25pt;\" height=\"19\">Peso neto<\/td>\n<td class=\"et7\">1,7 kilos<\/td>\n<\/tr>\n<\/tbody>\n<\/table>","protected":false},"excerpt":{"rendered":"<ul>\n<li>\u00d3ptica de alta precisi\u00f3n: telescopio erecto con aumento de 32x y error de distancia de visi\u00f3n de \u2264\u00b10,4%.<\/li>\n<li>Compensador avanzado: sistema de amortiguaci\u00f3n magn\u00e9tica con suspensi\u00f3n de alambre en forma de X (error \u22640,4\u201d).<\/li>\n<li>Dise\u00f1o ergon\u00f3mico: incluye plomada, manual, pasador de ajuste y estuche para mayor eficiencia en el campo.<\/li>\n<\/ul>","protected":false},"featured_media":1898,"comment_status":"open","ping_status":"closed","template":"","meta":[],"product_brand":[],"product_cat":[15,140],"product_tag":[],"class_list":{"0":"post-541","1":"product","2":"type-product","3":"status-publish","4":"has-post-thumbnail","6":"product_cat-surveying-instrument","7":"product_cat-automatic-level","9":"first","10":"instock","11":"shipping-taxable","12":"product-type-simple"},"_links":{"self":[{"href":"https:\/\/mountlaser.com\/es\/wp-json\/wp\/v2\/product\/541","targetHints":{"allow":["GET"]}}],"collection":[{"href":"https:\/\/mountlaser.com\/es\/wp-json\/wp\/v2\/product"}],"about":[{"href":"https:\/\/mountlaser.com\/es\/wp-json\/wp\/v2\/types\/product"}],"replies":[{"embeddable":true,"href":"https:\/\/mountlaser.com\/es\/wp-json\/wp\/v2\/comments?post=541"}],"wp:featuredmedia":[{"embeddable":true,"href":"https:\/\/mountlaser.com\/es\/wp-json\/wp\/v2\/media\/1898"}],"wp:attachment":[{"href":"https:\/\/mountlaser.com\/es\/wp-json\/wp\/v2\/media?parent=541"}],"wp:term":[{"taxonomy":"product_brand","embeddable":true,"href":"https:\/\/mountlaser.com\/es\/wp-json\/wp\/v2\/product_brand?post=541"},{"taxonomy":"product_cat","embeddable":true,"href":"https:\/\/mountlaser.com\/es\/wp-json\/wp\/v2\/product_cat?post=541"},{"taxonomy":"product_tag","embeddable":true,"href":"https:\/\/mountlaser.com\/es\/wp-json\/wp\/v2\/product_tag?post=541"}],"curies":[{"name":"wp","href":"https:\/\/api.w.org\/{rel}","templated":true}]}}