{"id":5400,"date":"2025-12-05T00:57:10","date_gmt":"2025-12-05T00:57:10","guid":{"rendered":"https:\/\/mountlaser.com\/?post_type=product&#038;p=5400"},"modified":"2025-12-05T01:44:11","modified_gmt":"2025-12-05T01:44:11","slug":"bl21-series-prism-bubble-level","status":"publish","type":"product","link":"https:\/\/mountlaser.com\/es\/producto\/bl21-series-prism-bubble-level\/","title":{"rendered":"Nivel de burbuja prism\u00e1tica serie BL21"},"content":{"rendered":"<p>El <a href=\"https:\/\/mountlaser.com\/es\/products\/\"><strong>Nivel de burbuja verde<\/strong><\/a>La serie l de Mountlaser est\u00e1 dise\u00f1ada para ofrecer un rendimiento de nivelaci\u00f3n preciso para bases nivelantes, soportes y una amplia gama de sistemas de prismas. Cada nivel de burbuja verde est\u00e1 dise\u00f1ado para una integraci\u00f3n perfecta, ofreciendo lecturas estables y precisas, esenciales para la alineaci\u00f3n topogr\u00e1fica. Como un... <a href=\"https:\/\/mountlaser.com\/es\/\"><strong>Burbuja para Prisma<\/strong><\/a> Soluci\u00f3n que garantiza alta visibilidad, durabilidad a largo plazo y un rendimiento confiable incluso en entornos de campo exigentes.<\/p>\n<div>\n<table style=\"border-collapse: collapse; width: 309.77pt;\" border=\"0\" width=\"413\" cellspacing=\"0\" cellpadding=\"0\">\n<tbody>\n<tr style=\"height: 14.25pt;\">\n<td class=\"et2\" style=\"height: 14.25pt; width: 99.75pt;\" width=\"133\" height=\"19\">BL21<\/td>\n<td class=\"et3\" style=\"width: 101.25pt;\" width=\"135\">Para Mini Prisma MP061<\/td>\n<td style=\"width: 108.75pt;\" width=\"145\"><img fetchpriority=\"high\" decoding=\"async\" class=\"alignnone wp-image-5401\" src=\"https:\/\/mountlaser.com\/wp-content\/uploads\/2025\/12\/BL211.webp\" alt=\"Green Bubble Level\" width=\"500\" height=\"500\" srcset=\"https:\/\/mountlaser.com\/wp-content\/uploads\/2025\/12\/BL211.webp 1000w, https:\/\/mountlaser.com\/wp-content\/uploads\/2025\/12\/BL211-300x300.webp 300w, https:\/\/mountlaser.com\/wp-content\/uploads\/2025\/12\/BL211-150x150.webp 150w, https:\/\/mountlaser.com\/wp-content\/uploads\/2025\/12\/BL211-768x768.webp 768w, https:\/\/mountlaser.com\/wp-content\/uploads\/2025\/12\/BL211-12x12.webp 12w, https:\/\/mountlaser.com\/wp-content\/uploads\/2025\/12\/BL211-600x600.webp 600w, https:\/\/mountlaser.com\/wp-content\/uploads\/2025\/12\/BL211-800x800.webp 800w, https:\/\/mountlaser.com\/wp-content\/uploads\/2025\/12\/BL211-400x400.webp 400w\" sizes=\"(max-width: 500px) 100vw, 500px\" \/><\/td>\n<\/tr>\n<tr style=\"height: 14.25pt;\">\n<td class=\"et2\" style=\"height: 14.25pt;\" height=\"19\">BL31<\/td>\n<td class=\"et3\">Para Mini Prisma SP060\/063<\/td>\n<td><img decoding=\"async\" class=\"alignnone wp-image-5407\" src=\"https:\/\/mountlaser.com\/wp-content\/uploads\/2025\/12\/BL312.webp\" alt=\"Green Bubble Level\" width=\"500\" height=\"500\" srcset=\"https:\/\/mountlaser.com\/wp-content\/uploads\/2025\/12\/BL312.webp 1000w, https:\/\/mountlaser.com\/wp-content\/uploads\/2025\/12\/BL312-300x300.webp 300w, https:\/\/mountlaser.com\/wp-content\/uploads\/2025\/12\/BL312-150x150.webp 150w, https:\/\/mountlaser.com\/wp-content\/uploads\/2025\/12\/BL312-768x768.webp 768w, https:\/\/mountlaser.com\/wp-content\/uploads\/2025\/12\/BL312-12x12.webp 12w, https:\/\/mountlaser.com\/wp-content\/uploads\/2025\/12\/BL312-600x600.webp 600w, https:\/\/mountlaser.com\/wp-content\/uploads\/2025\/12\/BL312-800x800.webp 800w, https:\/\/mountlaser.com\/wp-content\/uploads\/2025\/12\/BL312-400x400.webp 400w\" sizes=\"(max-width: 500px) 100vw, 500px\" \/><\/td>\n<\/tr>\n<tr style=\"height: 14.25pt;\">\n<td class=\"et2\" style=\"height: 14.25pt;\" height=\"19\">BL32<\/td>\n<td class=\"et4\">Para Mini Prisma SP065<\/td>\n<td><img decoding=\"async\" class=\"alignnone wp-image-5413\" src=\"https:\/\/mountlaser.com\/wp-content\/uploads\/2025\/12\/BL322.webp\" alt=\"Green Bubble Level\" width=\"500\" height=\"500\" srcset=\"https:\/\/mountlaser.com\/wp-content\/uploads\/2025\/12\/BL322.webp 1000w, https:\/\/mountlaser.com\/wp-content\/uploads\/2025\/12\/BL322-300x300.webp 300w, https:\/\/mountlaser.com\/wp-content\/uploads\/2025\/12\/BL322-150x150.webp 150w, https:\/\/mountlaser.com\/wp-content\/uploads\/2025\/12\/BL322-768x768.webp 768w, https:\/\/mountlaser.com\/wp-content\/uploads\/2025\/12\/BL322-12x12.webp 12w, https:\/\/mountlaser.com\/wp-content\/uploads\/2025\/12\/BL322-600x600.webp 600w, https:\/\/mountlaser.com\/wp-content\/uploads\/2025\/12\/BL322-800x800.webp 800w, https:\/\/mountlaser.com\/wp-content\/uploads\/2025\/12\/BL322-400x400.webp 400w\" sizes=\"(max-width: 500px) 100vw, 500px\" \/><\/td>\n<\/tr>\n<tr style=\"height: 14.25pt;\">\n<td class=\"et2\" style=\"height: 14.25pt;\" height=\"19\">BL33<\/td>\n<td class=\"et3\">Para Mini Prisma SP066<\/td>\n<td class=\"et5\"><img loading=\"lazy\" decoding=\"async\" class=\"alignnone wp-image-5419\" src=\"https:\/\/mountlaser.com\/wp-content\/uploads\/2025\/12\/BL332.webp\" alt=\"Green Bubble Level\" width=\"500\" height=\"500\" srcset=\"https:\/\/mountlaser.com\/wp-content\/uploads\/2025\/12\/BL332.webp 1000w, https:\/\/mountlaser.com\/wp-content\/uploads\/2025\/12\/BL332-300x300.webp 300w, https:\/\/mountlaser.com\/wp-content\/uploads\/2025\/12\/BL332-150x150.webp 150w, https:\/\/mountlaser.com\/wp-content\/uploads\/2025\/12\/BL332-768x768.webp 768w, https:\/\/mountlaser.com\/wp-content\/uploads\/2025\/12\/BL332-12x12.webp 12w, https:\/\/mountlaser.com\/wp-content\/uploads\/2025\/12\/BL332-600x600.webp 600w, https:\/\/mountlaser.com\/wp-content\/uploads\/2025\/12\/BL332-800x800.webp 800w, https:\/\/mountlaser.com\/wp-content\/uploads\/2025\/12\/BL332-400x400.webp 400w\" sizes=\"(max-width: 500px) 100vw, 500px\" \/><\/td>\n<\/tr>\n<tr style=\"height: 14.25pt;\">\n<td class=\"et2\" style=\"height: 14.25pt;\" height=\"19\">BL34<\/td>\n<td class=\"et3\">Para Mini Prisma SP067<\/td>\n<td class=\"et5\"><img loading=\"lazy\" decoding=\"async\" class=\"alignnone wp-image-5423\" src=\"https:\/\/mountlaser.com\/wp-content\/uploads\/2025\/12\/BL341.webp\" alt=\"Green Bubble Level\" width=\"500\" height=\"500\" srcset=\"https:\/\/mountlaser.com\/wp-content\/uploads\/2025\/12\/BL341.webp 1000w, https:\/\/mountlaser.com\/wp-content\/uploads\/2025\/12\/BL341-300x300.webp 300w, https:\/\/mountlaser.com\/wp-content\/uploads\/2025\/12\/BL341-150x150.webp 150w, https:\/\/mountlaser.com\/wp-content\/uploads\/2025\/12\/BL341-768x768.webp 768w, https:\/\/mountlaser.com\/wp-content\/uploads\/2025\/12\/BL341-12x12.webp 12w, https:\/\/mountlaser.com\/wp-content\/uploads\/2025\/12\/BL341-600x600.webp 600w, https:\/\/mountlaser.com\/wp-content\/uploads\/2025\/12\/BL341-800x800.webp 800w, https:\/\/mountlaser.com\/wp-content\/uploads\/2025\/12\/BL341-400x400.webp 400w\" sizes=\"(max-width: 500px) 100vw, 500px\" \/><\/td>\n<\/tr>\n<tr style=\"height: 14.25pt;\">\n<td class=\"et2\" style=\"height: 14.25pt;\" height=\"19\">BL35<\/td>\n<td class=\"et3\">Para Mini Prisma SP068<\/td>\n<td><img loading=\"lazy\" decoding=\"async\" class=\"alignnone wp-image-5429\" src=\"https:\/\/mountlaser.com\/wp-content\/uploads\/2025\/12\/BL351.webp\" alt=\"Green Bubble Level\" width=\"500\" height=\"500\" srcset=\"https:\/\/mountlaser.com\/wp-content\/uploads\/2025\/12\/BL351.webp 1000w, https:\/\/mountlaser.com\/wp-content\/uploads\/2025\/12\/BL351-300x300.webp 300w, https:\/\/mountlaser.com\/wp-content\/uploads\/2025\/12\/BL351-150x150.webp 150w, https:\/\/mountlaser.com\/wp-content\/uploads\/2025\/12\/BL351-768x768.webp 768w, https:\/\/mountlaser.com\/wp-content\/uploads\/2025\/12\/BL351-12x12.webp 12w, https:\/\/mountlaser.com\/wp-content\/uploads\/2025\/12\/BL351-600x600.webp 600w, https:\/\/mountlaser.com\/wp-content\/uploads\/2025\/12\/BL351-800x800.webp 800w, https:\/\/mountlaser.com\/wp-content\/uploads\/2025\/12\/BL351-400x400.webp 400w\" sizes=\"(max-width: 500px) 100vw, 500px\" \/><\/td>\n<\/tr>\n<\/tbody>\n<\/table>\n<p>Cada nivel de burbuja verde ofrece una excelente estabilidad de fluidos y marcas de referencia claras, lo que facilita a los top\u00f3grafos la orientaci\u00f3n precisa del instrumento. Ya sea que se utilice como... <a href=\"https:\/\/mountlaser.com\/es\/contact-us\/\">Burbuja para Prisma<\/a> o instalados en bases nivelantes y transportadores, estos viales mejoran la precisi\u00f3n de la medici\u00f3n en aplicaciones de construcci\u00f3n, cartograf\u00eda e ingenier\u00eda.<\/p>\n<\/div>","protected":false},"excerpt":{"rendered":"<ul>\n<li>El nivel de burbuja verde de alta visibilidad garantiza una nivelaci\u00f3n r\u00e1pida y precisa en todas las condiciones de iluminaci\u00f3n, lo que mejora la precisi\u00f3n de la medici\u00f3n.<\/li>\n<li>Compatibilidad perfecta como Bubble para sistemas Prism, dise\u00f1ado para adaptarse a m\u00faltiples modelos de mini prismas para una instalaci\u00f3n perfecta y un rendimiento estable.<\/li>\n<li>La construcci\u00f3n duradera proporciona estabilidad a largo plazo y resistencia a las condiciones de campo, lo que reduce el mantenimiento y garantiza un uso confiable en aplicaciones de topograf\u00eda profesional.<\/li>\n<\/ul>","protected":false},"featured_media":5405,"comment_status":"open","ping_status":"closed","template":"","meta":[],"product_brand":[],"product_cat":[79,153],"product_tag":[],"class_list":{"0":"post-5400","1":"product","2":"type-product","3":"status-publish","4":"has-post-thumbnail","6":"product_cat-surveying-accessory","7":"product_cat-bubble-for-tribrach-carrier-prism","9":"first","10":"instock","11":"shipping-taxable","12":"product-type-simple"},"_links":{"self":[{"href":"https:\/\/mountlaser.com\/es\/wp-json\/wp\/v2\/product\/5400","targetHints":{"allow":["GET"]}}],"collection":[{"href":"https:\/\/mountlaser.com\/es\/wp-json\/wp\/v2\/product"}],"about":[{"href":"https:\/\/mountlaser.com\/es\/wp-json\/wp\/v2\/types\/product"}],"replies":[{"embeddable":true,"href":"https:\/\/mountlaser.com\/es\/wp-json\/wp\/v2\/comments?post=5400"}],"wp:featuredmedia":[{"embeddable":true,"href":"https:\/\/mountlaser.com\/es\/wp-json\/wp\/v2\/media\/5405"}],"wp:attachment":[{"href":"https:\/\/mountlaser.com\/es\/wp-json\/wp\/v2\/media?parent=5400"}],"wp:term":[{"taxonomy":"product_brand","embeddable":true,"href":"https:\/\/mountlaser.com\/es\/wp-json\/wp\/v2\/product_brand?post=5400"},{"taxonomy":"product_cat","embeddable":true,"href":"https:\/\/mountlaser.com\/es\/wp-json\/wp\/v2\/product_cat?post=5400"},{"taxonomy":"product_tag","embeddable":true,"href":"https:\/\/mountlaser.com\/es\/wp-json\/wp\/v2\/product_tag?post=5400"}],"curies":[{"name":"wp","href":"https:\/\/api.w.org\/{rel}","templated":true}]}}