{"id":538,"date":"2024-03-28T08:06:48","date_gmt":"2024-03-28T08:06:48","guid":{"rendered":"https:\/\/startersites.io\/blocksy\/pottery\/?post_type=product&#038;p=538"},"modified":"2025-12-01T03:22:35","modified_gmt":"2025-12-01T03:22:35","slug":"ma-k32-k40-auto-level","status":"publish","type":"product","link":"https:\/\/mountlaser.com\/es\/producto\/ma-k32-k40-auto-level\/","title":{"rendered":"Nivel autom\u00e1tico MA-K32\/K40"},"content":{"rendered":"<p>El <a href=\"https:\/\/mountlaser.com\/es\/\"><strong>Niveles autom\u00e1ticos MA-K32\/K40<\/strong><\/a> Los niveles autom\u00e1ticos de Mountlaser representan la cumbre de la ingenier\u00eda de precisi\u00f3n para top\u00f3grafos profesionales. Dise\u00f1ados con un sistema compensador de calidad japonesa, estos instrumentos ofrecen una precisi\u00f3n excepcional con una desviaci\u00f3n est\u00e1ndar de 1,0 mm por km en doble pasada, lo que los hace ideales para aplicaciones de construcci\u00f3n, ingenier\u00eda y topograf\u00eda de alto impacto.<br \/>\n<a href=\"https:\/\/mountlaser.com\/es\/categoria-producto\/surveying-instrument\/automatic-level\/\">Nivel autom\u00e1tico MA-K32\/K40<\/a> Con opciones de aumento de 32x (MA-K32) o 40x (MA-K40), ambos modelos incorporan telescopios de imagen vertical y compensadores avanzados de amortiguaci\u00f3n magn\u00e9tica con suspensi\u00f3n de alambre en forma de X (error \u22640,4&quot;) para una configuraci\u00f3n r\u00e1pida y estable y unas im\u00e1genes n\u00edtidas. Su clasificaci\u00f3n de impermeabilidad IPX6 garantiza su fiabilidad en las condiciones de campo m\u00e1s exigentes, lo que consolida su posici\u00f3n como uno de los mejores niveles autom\u00e1ticos disponibles.<\/p>\n<p>Dise\u00f1ados para satisfacer las demandas de los profesionales de topograf\u00eda modernos, estos<a href=\"https:\/\/mountlaser.com\/es\/contact-us\/\"><strong> niveles autom\u00e1ticos de top\u00f3grafos<\/strong> <\/a>Combinan robusta durabilidad con un manejo sencillo. Para quienes buscan un rendimiento y una durabilidad inigualables en niveles autom\u00e1ticos, la serie MA-K ofrece un valor y una precisi\u00f3n inigualables para cualquier proyecto complejo.<\/p>\n<p><img fetchpriority=\"high\" decoding=\"async\" class=\"aligncenter wp-image-1907\" src=\"https:\/\/mountlaser.com\/wp-content\/uploads\/2024\/03\/MA-K326.webp\" alt=\"surveyors automatic levels\" width=\"500\" height=\"500\" srcset=\"https:\/\/mountlaser.com\/wp-content\/uploads\/2024\/03\/MA-K326.webp 1000w, https:\/\/mountlaser.com\/wp-content\/uploads\/2024\/03\/MA-K326-300x300.webp 300w, https:\/\/mountlaser.com\/wp-content\/uploads\/2024\/03\/MA-K326-400x400.webp 400w, https:\/\/mountlaser.com\/wp-content\/uploads\/2024\/03\/MA-K326-800x800.webp 800w, https:\/\/mountlaser.com\/wp-content\/uploads\/2024\/03\/MA-K326-600x600.webp 600w, https:\/\/mountlaser.com\/wp-content\/uploads\/2024\/03\/MA-K326-150x150.webp 150w, https:\/\/mountlaser.com\/wp-content\/uploads\/2024\/03\/MA-K326-768x768.webp 768w, https:\/\/mountlaser.com\/wp-content\/uploads\/2024\/03\/MA-K326-12x12.webp 12w\" sizes=\"(max-width: 500px) 100vw, 500px\" \/><\/p>\n<p>&nbsp;<\/p>\n<p><strong><a href=\"https:\/\/mountlaser.com\/es\/about-us\/\">Nivel autom\u00e1tico MA-K32\/K40<\/a> Presupuesto<\/strong><\/p>\n<table style=\"border-collapse: collapse; width: 589.52pt;\" border=\"0\" width=\"786\" cellspacing=\"0\" cellpadding=\"0\">\n<tbody>\n<tr style=\"height: 14.25pt;\">\n<td class=\"et2\" style=\"height: 14.25pt; width: 207.75pt;\" width=\"277\" height=\"19\">Modelo N\u00b0.<\/td>\n<td class=\"et2\" style=\"width: 185.25pt;\" width=\"247\">MA-K32<\/td>\n<td class=\"et3\" style=\"width: 196.50pt;\" width=\"262\">MA-K40<\/td>\n<\/tr>\n<tr style=\"height: 14.25pt;\">\n<td class=\"et2\" style=\"height: 14.25pt;\" height=\"19\">Distancia de trabajo<\/td>\n<td class=\"et4\" colspan=\"2\">60 metros<\/td>\n<\/tr>\n<tr style=\"height: 14.25pt;\">\n<td class=\"et2\" style=\"height: 14.25pt;\" height=\"19\">Desviaci\u00f3n est\u00e1ndar para carrera doble de 1 km<\/td>\n<td class=\"et4\" colspan=\"2\">1,0 mm<\/td>\n<\/tr>\n<tr style=\"height: 14.25pt;\">\n<td class=\"et2\" style=\"height: 14.25pt;\" height=\"19\">Aumento del telescopio<\/td>\n<td class=\"et2\">32X<\/td>\n<td class=\"et3\">40X<\/td>\n<\/tr>\n<tr style=\"height: 14.25pt;\">\n<td class=\"et2\" style=\"height: 14.25pt;\" height=\"19\">Imagen del telescopio<\/td>\n<td class=\"et4\" colspan=\"2\">Erguido<\/td>\n<\/tr>\n<tr style=\"height: 14.25pt;\">\n<td class=\"et2\" style=\"height: 14.25pt;\" height=\"19\">Distancia de enfoque m\u00e1s corta<\/td>\n<td class=\"et4\" colspan=\"2\">0,5 m<\/td>\n<\/tr>\n<tr style=\"height: 14.25pt;\">\n<td class=\"et2\" style=\"height: 14.25pt;\" height=\"19\">Error de distancia de visualizaci\u00f3n<\/td>\n<td class=\"et4\" colspan=\"2\">\u2264\u00b10,4%<\/td>\n<\/tr>\n<tr style=\"height: 14.25pt;\">\n<td class=\"et2\" style=\"height: 14.25pt;\" height=\"19\">Tama\u00f1o de apertura efectiva de la lente del objeto<\/td>\n<td class=\"et4\" colspan=\"2\">40 mm<\/td>\n<\/tr>\n<tr style=\"height: 14.25pt;\">\n<td class=\"et2\" style=\"height: 14.25pt;\" height=\"19\">Error de enfoque<\/td>\n<td class=\"et4\" colspan=\"2\">\u22641 mm<\/td>\n<\/tr>\n<tr style=\"height: 14.25pt;\">\n<td class=\"et2\" style=\"height: 14.25pt;\" height=\"19\">Tipo de compensador<\/td>\n<td class=\"et4\" colspan=\"2\">Suspensi\u00f3n de alambre en forma de X con amortiguaci\u00f3n magn\u00e9tica<\/td>\n<\/tr>\n<tr style=\"height: 14.25pt;\">\n<td class=\"et2\" style=\"height: 14.25pt;\" height=\"19\">Error de compensaci\u00f3n<\/td>\n<td class=\"et4\" colspan=\"2\">\u22640,4\u201d<\/td>\n<\/tr>\n<tr style=\"height: 14.25pt;\">\n<td class=\"et2\" style=\"height: 14.25pt;\" height=\"19\">Ret\u00edculo<\/td>\n<td class=\"et4\" colspan=\"2\">Forma de cu\u00f1a<\/td>\n<\/tr>\n<tr style=\"height: 14.25pt;\">\n<td class=\"et2\" style=\"height: 14.25pt;\" height=\"19\">Precisi\u00f3n de configuraci\u00f3n<\/td>\n<td class=\"et4\" colspan=\"2\">\u00b10,3\u201d<\/td>\n<\/tr>\n<tr style=\"height: 14.25pt;\">\n<td class=\"et2\" style=\"height: 14.25pt;\" height=\"19\">A prueba de agua y polvo<\/td>\n<td class=\"et4\" colspan=\"2\">IPX6<\/td>\n<\/tr>\n<tr style=\"height: 14.25pt;\">\n<td class=\"et2\" style=\"height: 14.25pt;\" height=\"19\">Accesorio est\u00e1ndar<\/td>\n<td class=\"et4\" colspan=\"2\">Plomada, manual, pasador de ajuste, estuche de pl\u00e1stico<\/td>\n<\/tr>\n<tr style=\"height: 14.25pt;\">\n<td class=\"et6\" style=\"height: 14.25pt;\" height=\"19\">Peso neto<\/td>\n<td class=\"et7\" colspan=\"2\">1,8 kilos<\/td>\n<\/tr>\n<\/tbody>\n<\/table>","protected":false},"excerpt":{"rendered":"<ul>\n<li>Precisi\u00f3n excepcional: una desviaci\u00f3n est\u00e1ndar de 1,0 mm por km de doble recorrido garantiza resultados de calidad topogr\u00e1fica.<\/li>\n<li>Compensador avanzado: Suspensi\u00f3n de alambre en forma de X de estilo japon\u00e9s con amortiguaci\u00f3n magn\u00e9tica (error \u22640,4\u201d).<\/li>\n<li>Durabilidad en todo tipo de clima: la clasificaci\u00f3n de resistencia al agua IPX6 protege contra lluvias intensas y polvo.<\/li>\n<li>Accesorios profesionales: Incluye plomada, manual, pasador de ajuste y estuche de pl\u00e1stico duradero.<\/li>\n<\/ul>","protected":false},"featured_media":1903,"comment_status":"open","ping_status":"closed","template":"","meta":[],"product_brand":[],"product_cat":[15,140],"product_tag":[],"class_list":{"0":"post-538","1":"product","2":"type-product","3":"status-publish","4":"has-post-thumbnail","6":"product_cat-surveying-instrument","7":"product_cat-automatic-level","9":"first","10":"instock","11":"shipping-taxable","12":"product-type-simple"},"_links":{"self":[{"href":"https:\/\/mountlaser.com\/es\/wp-json\/wp\/v2\/product\/538","targetHints":{"allow":["GET"]}}],"collection":[{"href":"https:\/\/mountlaser.com\/es\/wp-json\/wp\/v2\/product"}],"about":[{"href":"https:\/\/mountlaser.com\/es\/wp-json\/wp\/v2\/types\/product"}],"replies":[{"embeddable":true,"href":"https:\/\/mountlaser.com\/es\/wp-json\/wp\/v2\/comments?post=538"}],"wp:featuredmedia":[{"embeddable":true,"href":"https:\/\/mountlaser.com\/es\/wp-json\/wp\/v2\/media\/1903"}],"wp:attachment":[{"href":"https:\/\/mountlaser.com\/es\/wp-json\/wp\/v2\/media?parent=538"}],"wp:term":[{"taxonomy":"product_brand","embeddable":true,"href":"https:\/\/mountlaser.com\/es\/wp-json\/wp\/v2\/product_brand?post=538"},{"taxonomy":"product_cat","embeddable":true,"href":"https:\/\/mountlaser.com\/es\/wp-json\/wp\/v2\/product_cat?post=538"},{"taxonomy":"product_tag","embeddable":true,"href":"https:\/\/mountlaser.com\/es\/wp-json\/wp\/v2\/product_tag?post=538"}],"curies":[{"name":"wp","href":"https:\/\/api.w.org\/{rel}","templated":true}]}}