{"id":5358,"date":"2025-12-04T09:22:41","date_gmt":"2025-12-04T09:22:41","guid":{"rendered":"https:\/\/mountlaser.com\/?post_type=product&#038;p=5358"},"modified":"2025-12-12T08:09:26","modified_gmt":"2025-12-12T08:09:26","slug":"cm01-crack-monitor","status":"publish","type":"product","link":"https:\/\/mountlaser.com\/es\/producto\/cm01-crack-monitor\/","title":{"rendered":"Monitor de grietas CM01"},"content":{"rendered":"<p data-start=\"179\" data-end=\"744\">El <a href=\"https:\/\/mountlaser.com\/es\/\"><strong data-start=\"183\" data-end=\"205\">Monitor de grietas CM01<\/strong><\/a> Es un medidor de precisi\u00f3n dise\u00f1ado para el seguimiento preciso del movimiento estructural en edificios, muros, puentes y otras superficies cr\u00edticas. Como un instrumento confiable <a href=\"https:\/\/mountlaser.com\/es\/categoria-producto\/surveying-accessory\/\"><strong data-start=\"360\" data-end=\"386\">Monitor de grietas est\u00e1ndar<\/strong><\/a>, Cuenta con dos placas superpuestas: una transparente con un cursor en forma de cruz y otra calibrada al mil\u00edmetro, lo que permite a los profesionales medir incluso los cambios m\u00e1s peque\u00f1os con confianza. Ya sea para monitoreo a largo plazo o inspecciones de rutina, el monitor de grietas CM01 ofrece un rendimiento confiable tanto en interiores como en exteriores.<\/p>\n<p data-start=\"179\" data-end=\"744\"><img fetchpriority=\"high\" decoding=\"async\" class=\"aligncenter wp-image-5360\" src=\"https:\/\/mountlaser.com\/wp-content\/uploads\/2025\/12\/\u4e3b\u56fe2.webp\" alt=\"CM01 Crack Monitor\" width=\"500\" height=\"500\" srcset=\"https:\/\/mountlaser.com\/wp-content\/uploads\/2025\/12\/\u4e3b\u56fe2.webp 800w, https:\/\/mountlaser.com\/wp-content\/uploads\/2025\/12\/\u4e3b\u56fe2-300x300.webp 300w, https:\/\/mountlaser.com\/wp-content\/uploads\/2025\/12\/\u4e3b\u56fe2-150x150.webp 150w, https:\/\/mountlaser.com\/wp-content\/uploads\/2025\/12\/\u4e3b\u56fe2-768x768.webp 768w, https:\/\/mountlaser.com\/wp-content\/uploads\/2025\/12\/\u4e3b\u56fe2-12x12.webp 12w, https:\/\/mountlaser.com\/wp-content\/uploads\/2025\/12\/\u4e3b\u56fe2-600x600.webp 600w, https:\/\/mountlaser.com\/wp-content\/uploads\/2025\/12\/\u4e3b\u56fe2-400x400.webp 400w\" sizes=\"(max-width: 500px) 100vw, 500px\" \/><\/p>\n<p data-start=\"746\" data-end=\"1250\">F\u00e1cil de instalar con los tornillos suministrados y compatible con adhesivo (no incluido), el Monitor de Grietas Est\u00e1ndar garantiza un montaje seguro para lecturas consistentes y repetibles. Cada Monitor de Grietas CM01 incluye instrucciones de instalaci\u00f3n detalladas y una hoja de registro de grietas, lo que lo convierte en una soluci\u00f3n completa para ingenieros, top\u00f3grafos e inspectores de construcci\u00f3n. Para profesionales que conf\u00edan en la precisi\u00f3n de... <a href=\"https:\/\/mountlaser.com\/es\/contact-us\/\">Monitor de grietas est\u00e1ndar<\/a>, Este modelo proporciona durabilidad, claridad y precisi\u00f3n de medici\u00f3n.<\/p>","protected":false},"excerpt":{"rendered":"<ul>\n<li>Mide y monitorea el movimiento de grietas a lo largo del tiempo.<\/li>\n<li>Proporciona lecturas precisas en escala milim\u00e9trica.<\/li>\n<li>Apoya evaluaciones estructurales y evaluaciones de seguridad.<\/li>\n<li>Calibre de precisi\u00f3n con placas superpuestas transparentes y calibradas<\/li>\n<li>Cursor en forma de cruz fino para una medici\u00f3n clara y precisa<\/li>\n<li>Se instala con tornillos (incluidos) y adhesivo (opcional)<\/li>\n<\/ul>","protected":false},"featured_media":5359,"comment_status":"open","ping_status":"closed","template":"","meta":[],"product_brand":[],"product_cat":[79,151],"product_tag":[],"class_list":{"0":"post-5358","1":"product","2":"type-product","3":"status-publish","4":"has-post-thumbnail","6":"product_cat-surveying-accessory","7":"product_cat-crack-monitor","9":"first","10":"instock","11":"shipping-taxable","12":"product-type-simple"},"_links":{"self":[{"href":"https:\/\/mountlaser.com\/es\/wp-json\/wp\/v2\/product\/5358","targetHints":{"allow":["GET"]}}],"collection":[{"href":"https:\/\/mountlaser.com\/es\/wp-json\/wp\/v2\/product"}],"about":[{"href":"https:\/\/mountlaser.com\/es\/wp-json\/wp\/v2\/types\/product"}],"replies":[{"embeddable":true,"href":"https:\/\/mountlaser.com\/es\/wp-json\/wp\/v2\/comments?post=5358"}],"wp:featuredmedia":[{"embeddable":true,"href":"https:\/\/mountlaser.com\/es\/wp-json\/wp\/v2\/media\/5359"}],"wp:attachment":[{"href":"https:\/\/mountlaser.com\/es\/wp-json\/wp\/v2\/media?parent=5358"}],"wp:term":[{"taxonomy":"product_brand","embeddable":true,"href":"https:\/\/mountlaser.com\/es\/wp-json\/wp\/v2\/product_brand?post=5358"},{"taxonomy":"product_cat","embeddable":true,"href":"https:\/\/mountlaser.com\/es\/wp-json\/wp\/v2\/product_cat?post=5358"},{"taxonomy":"product_tag","embeddable":true,"href":"https:\/\/mountlaser.com\/es\/wp-json\/wp\/v2\/product_tag?post=5358"}],"curies":[{"name":"wp","href":"https:\/\/api.w.org\/{rel}","templated":true}]}}