{"id":5353,"date":"2025-12-04T08:35:29","date_gmt":"2025-12-04T08:35:29","guid":{"rendered":"https:\/\/mountlaser.com\/?post_type=product&#038;p=5353"},"modified":"2025-12-15T03:03:51","modified_gmt":"2025-12-15T03:03:51","slug":"sn01-surveying-nail","status":"publish","type":"product","link":"https:\/\/mountlaser.com\/es\/producto\/sn01-surveying-nail\/","title":{"rendered":"Clavo de topograf\u00eda SN01"},"content":{"rendered":"<p data-start=\"179\" data-end=\"661\">El<a href=\"https:\/\/mountlaser.com\/es\/\"> <strong data-start=\"183\" data-end=\"206\">Clavo de topograf\u00eda SN01<\/strong> <\/a>Es un marcador de terreno duradero y fiable, dise\u00f1ado para establecer e identificar puntos topogr\u00e1ficos precisos con precisi\u00f3n a largo plazo. Fabricado con hierro galvanizado de alta calidad, el clavo topogr\u00e1fico SN01 ofrece una excelente resistencia a la corrosi\u00f3n, lo que lo hace ideal para entornos exteriores exigentes. Como profesional <a href=\"https:\/\/mountlaser.com\/es\/categoria-producto\/surveying-accessory\/\"><strong data-start=\"512\" data-end=\"535\">Marcadores de u\u00f1as Survey<\/strong><\/a>, Estos clavos proporcionan un punto de referencia estable ampliamente utilizado en estudios de ingenier\u00eda, dise\u00f1o de construcci\u00f3n y mapeo catastral.<\/p>\n<p data-start=\"663\" data-end=\"1112\">Dise\u00f1ados espec\u00edficamente para uso profesional, los clavos topogr\u00e1ficos SN01 son marcadores topogr\u00e1ficos de confianza para fijar puntos de referencia permanentes en el terreno. Disponibles en di\u00e1metros de 7,0 mm y longitudes de 55 mm o 70 mm, los clavos topogr\u00e1ficos SN01 garantizan un anclaje firme en diversas condiciones de terreno. <a href=\"https:\/\/mountlaser.com\/es\/about-us\/\">Marcadores de u\u00f1as Survey<\/a> Son una herramienta esencial para los top\u00f3grafos que requieren un marcado del terreno confiable y duradero en todas las condiciones de campo.<\/p>\n<div>\n<table style=\"border-collapse: collapse; width: 1002.02pt;\" border=\"0\" width=\"1336\" cellspacing=\"0\" cellpadding=\"0\">\n<tbody>\n<tr style=\"height: 14.25pt;\">\n<td class=\"et2\" style=\"height: 14.25pt; width: 127.50pt;\" width=\"170\" height=\"19\">N\u00daMERO<\/td>\n<td class=\"et3\" style=\"width: 196.50pt;\" width=\"262\">MEATRIAL<\/td>\n<td class=\"et3\" style=\"width: 213.00pt;\" width=\"284\">DI\u00c1METRO D<\/td>\n<td class=\"et3\" style=\"width: 93.75pt;\" width=\"125\">TALLA L<\/td>\n<td class=\"et3\" style=\"width: 170.25pt;\" width=\"227\">Cantidad m\u00ednima de pedido (piezas)<\/td>\n<td class=\"et4\" style=\"width: 201.00pt;\" width=\"268\">IMAGEN<\/td>\n<\/tr>\n<tr style=\"height: 14.25pt;\">\n<td class=\"et5\" style=\"height: 14.25pt;\" height=\"19\">SN01-70055\/70070<\/td>\n<td class=\"et5\">Hierro galvanizado<\/td>\n<td class=\"et5\">7,0 mm<\/td>\n<td class=\"et5\">55\/70 mm<\/td>\n<td class=\"et6\">1000<\/td>\n<td class=\"et7\"><img fetchpriority=\"high\" decoding=\"async\" class=\"alignnone wp-image-5355\" src=\"https:\/\/mountlaser.com\/wp-content\/uploads\/2025\/12\/SM01-Surveying-Marker2.webp\" alt=\"SN01 Surveying Nail\" width=\"500\" height=\"500\" srcset=\"https:\/\/mountlaser.com\/wp-content\/uploads\/2025\/12\/SM01-Surveying-Marker2.webp 1000w, https:\/\/mountlaser.com\/wp-content\/uploads\/2025\/12\/SM01-Surveying-Marker2-300x300.webp 300w, https:\/\/mountlaser.com\/wp-content\/uploads\/2025\/12\/SM01-Surveying-Marker2-150x150.webp 150w, https:\/\/mountlaser.com\/wp-content\/uploads\/2025\/12\/SM01-Surveying-Marker2-768x768.webp 768w, https:\/\/mountlaser.com\/wp-content\/uploads\/2025\/12\/SM01-Surveying-Marker2-12x12.webp 12w, https:\/\/mountlaser.com\/wp-content\/uploads\/2025\/12\/SM01-Surveying-Marker2-600x600.webp 600w, https:\/\/mountlaser.com\/wp-content\/uploads\/2025\/12\/SM01-Surveying-Marker2-800x800.webp 800w, https:\/\/mountlaser.com\/wp-content\/uploads\/2025\/12\/SM01-Surveying-Marker2-400x400.webp 400w\" sizes=\"(max-width: 500px) 100vw, 500px\" \/><\/td>\n<\/tr>\n<\/tbody>\n<\/table>\n<\/div>\n<p>&nbsp;<\/p>\n<p>&nbsp;<\/p>","protected":false},"excerpt":{"rendered":"<ul>\n<li>Establece puntos de referencia de estudio precisos y permanentes<\/li>\n<li>Proporciona un control terrestre estable para realizar mediciones precisas.<\/li>\n<li>Adecuado para estudios de ingenier\u00eda, dise\u00f1o de construcci\u00f3n y mapeo catastral.<\/li>\n<\/ul>","protected":false},"featured_media":5355,"comment_status":"open","ping_status":"closed","template":"","meta":[],"product_brand":[],"product_cat":[79,152],"product_tag":[],"class_list":{"0":"post-5353","1":"product","2":"type-product","3":"status-publish","4":"has-post-thumbnail","6":"product_cat-surveying-accessory","7":"product_cat-surveying-marker","9":"first","10":"instock","11":"shipping-taxable","12":"product-type-simple"},"_links":{"self":[{"href":"https:\/\/mountlaser.com\/es\/wp-json\/wp\/v2\/product\/5353","targetHints":{"allow":["GET"]}}],"collection":[{"href":"https:\/\/mountlaser.com\/es\/wp-json\/wp\/v2\/product"}],"about":[{"href":"https:\/\/mountlaser.com\/es\/wp-json\/wp\/v2\/types\/product"}],"replies":[{"embeddable":true,"href":"https:\/\/mountlaser.com\/es\/wp-json\/wp\/v2\/comments?post=5353"}],"wp:featuredmedia":[{"embeddable":true,"href":"https:\/\/mountlaser.com\/es\/wp-json\/wp\/v2\/media\/5355"}],"wp:attachment":[{"href":"https:\/\/mountlaser.com\/es\/wp-json\/wp\/v2\/media?parent=5353"}],"wp:term":[{"taxonomy":"product_brand","embeddable":true,"href":"https:\/\/mountlaser.com\/es\/wp-json\/wp\/v2\/product_brand?post=5353"},{"taxonomy":"product_cat","embeddable":true,"href":"https:\/\/mountlaser.com\/es\/wp-json\/wp\/v2\/product_cat?post=5353"},{"taxonomy":"product_tag","embeddable":true,"href":"https:\/\/mountlaser.com\/es\/wp-json\/wp\/v2\/product_tag?post=5353"}],"curies":[{"name":"wp","href":"https:\/\/api.w.org\/{rel}","templated":true}]}}