{"id":5347,"date":"2025-12-04T06:58:07","date_gmt":"2025-12-04T06:58:07","guid":{"rendered":"https:\/\/mountlaser.com\/?post_type=product&#038;p=5347"},"modified":"2025-12-12T06:41:36","modified_gmt":"2025-12-12T06:41:36","slug":"sm01-bl-surveying-marker","status":"publish","type":"product","link":"https:\/\/mountlaser.com\/es\/producto\/sm01-bl-surveying-marker\/","title":{"rendered":"Marcador topogr\u00e1fico SM01-BL"},"content":{"rendered":"<p data-start=\"255\" data-end=\"730\">El <a href=\"https:\/\/mountlaser.com\/es\/products\/\"><strong data-start=\"259\" data-end=\"287\">Marcador topogr\u00e1fico SM01-BL<\/strong><\/a> Es un marcador de punto de referencia duradero y de alta precisi\u00f3n, dise\u00f1ado para entornos profesionales de topograf\u00eda y construcci\u00f3n. Fabricado con pl\u00e1stico moldeado por inyecci\u00f3n de alta calidad, el marcador topogr\u00e1fico SM01-BL ofrece la resistencia y durabilidad necesarias para las duras condiciones de trabajo en exteriores. Como uno de los m\u00e1s fiables... <a href=\"https:\/\/mountlaser.com\/es\/contact-us\/\"><strong data-start=\"597\" data-end=\"620\">marcadores topogr\u00e1ficos<\/strong><\/a>, Proporciona un posicionamiento preciso y constante para l\u00edneas de dise\u00f1o, identificaci\u00f3n de l\u00edmites y puntos de control.<\/p>\n<p data-start=\"732\" data-end=\"1222\">Disponible en una gama de colores brillantes y de alta visibilidad, el marcador topogr\u00e1fico SM01-BL garantiza un reconocimiento claro en todas las condiciones de iluminaci\u00f3n y terreno. Los top\u00f3grafos que conf\u00edan en los marcadores topogr\u00e1ficos para sus operaciones diarias de campo apreciar\u00e1n su fiabilidad, resistencia a la intemperie y facilidad de colocaci\u00f3n. Ya sea que se utilice en planos de construcci\u00f3n o en puntos de control topogr\u00e1ficos a largo plazo, el... <a href=\"https:\/\/mountlaser.com\/es\/\">Marcador topogr\u00e1fico SM01-BL<\/a> se destaca como una soluci\u00f3n de nivel profesional entre los marcadores topogr\u00e1ficos modernos.<\/p>\n<div>\n<table style=\"border-collapse: collapse; width: 681.77pt;\" border=\"0\" width=\"909\" cellspacing=\"0\" cellpadding=\"0\">\n<tbody>\n<tr style=\"height: 14.25pt;\">\n<td class=\"et2\" style=\"height: 14.25pt; width: 127.50pt;\" width=\"170\" height=\"19\">N\u00daMERO<\/td>\n<td class=\"et2\" style=\"width: 196.50pt;\" width=\"262\">COLOR<\/td>\n<td class=\"et2\" style=\"width: 213.00pt;\" width=\"284\">TAMA\u00d1O D xdx H<\/td>\n<td class=\"et3\" style=\"width: 144.75pt;\" width=\"193\">IMAGEN<\/td>\n<\/tr>\n<tr style=\"height: 14.25pt;\">\n<td class=\"et4\" style=\"height: 14.25pt;\" height=\"19\">SM01-BL<\/td>\n<td class=\"et5\">Azul<\/td>\n<td class=\"et6\">D46 \u00d7 d10 \u00d7 H6 mm<\/td>\n<td class=\"et7\"><img fetchpriority=\"high\" decoding=\"async\" class=\"alignnone wp-image-5349\" src=\"https:\/\/mountlaser.com\/wp-content\/uploads\/2025\/12\/SM01-Surveying-Marker4.webp\" alt=\"SM01-BL Surveying Marker\" width=\"500\" height=\"500\" srcset=\"https:\/\/mountlaser.com\/wp-content\/uploads\/2025\/12\/SM01-Surveying-Marker4.webp 1000w, https:\/\/mountlaser.com\/wp-content\/uploads\/2025\/12\/SM01-Surveying-Marker4-300x300.webp 300w, https:\/\/mountlaser.com\/wp-content\/uploads\/2025\/12\/SM01-Surveying-Marker4-150x150.webp 150w, https:\/\/mountlaser.com\/wp-content\/uploads\/2025\/12\/SM01-Surveying-Marker4-768x768.webp 768w, https:\/\/mountlaser.com\/wp-content\/uploads\/2025\/12\/SM01-Surveying-Marker4-12x12.webp 12w, https:\/\/mountlaser.com\/wp-content\/uploads\/2025\/12\/SM01-Surveying-Marker4-600x600.webp 600w, https:\/\/mountlaser.com\/wp-content\/uploads\/2025\/12\/SM01-Surveying-Marker4-800x800.webp 800w, https:\/\/mountlaser.com\/wp-content\/uploads\/2025\/12\/SM01-Surveying-Marker4-400x400.webp 400w\" sizes=\"(max-width: 500px) 100vw, 500px\" \/><\/td>\n<\/tr>\n<\/tbody>\n<\/table>\n<\/div>","protected":false},"excerpt":{"rendered":"<ul>\n<li>Material duradero: fabricado con pl\u00e1stico moldeado por inyecci\u00f3n de alta calidad para una larga vida \u00fatil.<\/li>\n<li>Alta visibilidad: Se ofrece en azul para un f\u00e1cil reconocimiento en cualquier terreno.<\/li>\n<li>Herramienta de referencia de precisi\u00f3n: ideal para marcar puntos de control, l\u00edmites, l\u00edneas de dise\u00f1o y coordenadas topogr\u00e1ficas esenciales.<\/li>\n<li>Estable y ligero: f\u00e1cil de colocar y asegurar, adecuado para todos los entornos de topograf\u00eda y construcci\u00f3n.<\/li>\n<li>Tama\u00f1o est\u00e1ndar D46 \u00d7 d10 \u00d7 H6 mm para adaptarse a amplias aplicaciones de topograf\u00eda.<\/li>\n<\/ul>","protected":false},"featured_media":5352,"comment_status":"open","ping_status":"closed","template":"","meta":[],"product_brand":[],"product_cat":[79,152],"product_tag":[],"class_list":{"0":"post-5347","1":"product","2":"type-product","3":"status-publish","4":"has-post-thumbnail","6":"product_cat-surveying-accessory","7":"product_cat-surveying-marker","9":"first","10":"instock","11":"shipping-taxable","12":"product-type-simple"},"_links":{"self":[{"href":"https:\/\/mountlaser.com\/es\/wp-json\/wp\/v2\/product\/5347","targetHints":{"allow":["GET"]}}],"collection":[{"href":"https:\/\/mountlaser.com\/es\/wp-json\/wp\/v2\/product"}],"about":[{"href":"https:\/\/mountlaser.com\/es\/wp-json\/wp\/v2\/types\/product"}],"replies":[{"embeddable":true,"href":"https:\/\/mountlaser.com\/es\/wp-json\/wp\/v2\/comments?post=5347"}],"wp:featuredmedia":[{"embeddable":true,"href":"https:\/\/mountlaser.com\/es\/wp-json\/wp\/v2\/media\/5352"}],"wp:attachment":[{"href":"https:\/\/mountlaser.com\/es\/wp-json\/wp\/v2\/media?parent=5347"}],"wp:term":[{"taxonomy":"product_brand","embeddable":true,"href":"https:\/\/mountlaser.com\/es\/wp-json\/wp\/v2\/product_brand?post=5347"},{"taxonomy":"product_cat","embeddable":true,"href":"https:\/\/mountlaser.com\/es\/wp-json\/wp\/v2\/product_cat?post=5347"},{"taxonomy":"product_tag","embeddable":true,"href":"https:\/\/mountlaser.com\/es\/wp-json\/wp\/v2\/product_tag?post=5347"}],"curies":[{"name":"wp","href":"https:\/\/api.w.org\/{rel}","templated":true}]}}