{"id":5345,"date":"2025-12-04T06:27:29","date_gmt":"2025-12-04T06:27:29","guid":{"rendered":"https:\/\/mountlaser.com\/?post_type=product&#038;p=5345"},"modified":"2025-12-04T06:27:29","modified_gmt":"2025-12-04T06:27:29","slug":"cw02-crack-width-ruler","status":"publish","type":"product","link":"https:\/\/mountlaser.com\/es\/producto\/cw02-crack-width-ruler\/","title":{"rendered":"Regla de ancho de grietas CW02"},"content":{"rendered":"<p>El <a href=\"https:\/\/mountlaser.com\/es\/\"><strong data-start=\"172\" data-end=\"193\">Regla de ancho de grieta<\/strong><\/a> Es una herramienta de medici\u00f3n de alta precisi\u00f3n dise\u00f1ada para ingenieros, inspectores y profesionales de la construcci\u00f3n que necesitan una evaluaci\u00f3n fiable de grietas en estructuras de hormig\u00f3n. Fabricada en PET flexible y transparente, esta regla garantiza un manejo sencillo y una larga durabilidad en la obra. Como instrumento vers\u00e1til, la <a href=\"https:\/\/mountlaser.com\/es\/products\/\"><strong data-start=\"495\" data-end=\"533\">Regla de ancho de grietas de hormig\u00f3n de pl\u00e1stico<\/strong><\/a> Proporciona lecturas precisas de la longitud, el ancho, el di\u00e1metro de la punta y el \u00e1rea de la grieta, lo que lo hace esencial para las evaluaciones de seguridad estructural.<\/p>\n<p><img fetchpriority=\"high\" decoding=\"async\" class=\"aligncenter wp-image-5346\" src=\"https:\/\/mountlaser.com\/wp-content\/uploads\/2025\/12\/CW021.webp\" alt=\"Plastic Concrete Crack Width Ruler\" width=\"500\" height=\"500\" srcset=\"https:\/\/mountlaser.com\/wp-content\/uploads\/2025\/12\/CW021.webp 800w, https:\/\/mountlaser.com\/wp-content\/uploads\/2025\/12\/CW021-300x300.webp 300w, https:\/\/mountlaser.com\/wp-content\/uploads\/2025\/12\/CW021-150x150.webp 150w, https:\/\/mountlaser.com\/wp-content\/uploads\/2025\/12\/CW021-768x768.webp 768w, https:\/\/mountlaser.com\/wp-content\/uploads\/2025\/12\/CW021-12x12.webp 12w, https:\/\/mountlaser.com\/wp-content\/uploads\/2025\/12\/CW021-600x600.webp 600w, https:\/\/mountlaser.com\/wp-content\/uploads\/2025\/12\/CW021-400x400.webp 400w\" sizes=\"(max-width: 500px) 100vw, 500px\" \/><\/p>\n<p>Su escala clara y l\u00edneas de comparaci\u00f3n permiten a los usuarios colocar la regla de ancho de grietas directamente sobre la superficie da\u00f1ada para una medici\u00f3n visual r\u00e1pida. Para inspecciones de rutina, revisiones de mantenimiento y monitoreo estructural, la <a href=\"https:\/\/mountlaser.com\/es\/contact-us\/\">Regla de ancho de grietas de hormig\u00f3n de pl\u00e1stico<\/a> Ofrece precisi\u00f3n y simplicidad en todo momento.<\/p>","protected":false},"excerpt":{"rendered":"<ul>\n<li>Medici\u00f3n de alta precisi\u00f3n de ancho, longitud, di\u00e1metro de la punta y \u00e1rea de la grieta.<\/li>\n<li>Amplio rango de medici\u00f3n: di\u00e1metro de punta 0,05\u20132 mm, ancho de l\u00ednea 0,03\u20132,2 mm, precisi\u00f3n \u00b10,01 mm.<\/li>\n<li>Dise\u00f1o de doble escala con escala m\u00e9trica de 80 mm para mediciones generales.<\/li>\n<li>Material PET transparente (0,5 mm de espesor) para una clara visibilidad y f\u00e1cil colocaci\u00f3n sobre superficies.<\/li>\n<li>R\u00e1pido y f\u00e1cil de usar: coloque la regla sobre la grieta y comp\u00e1rela con las l\u00edneas de referencia.<\/li>\n<\/ul>","protected":false},"featured_media":5346,"comment_status":"open","ping_status":"closed","template":"","meta":[],"product_brand":[],"product_cat":[79,151],"product_tag":[],"class_list":{"0":"post-5345","1":"product","2":"type-product","3":"status-publish","4":"has-post-thumbnail","6":"product_cat-surveying-accessory","7":"product_cat-crack-monitor","9":"first","10":"instock","11":"shipping-taxable","12":"product-type-simple"},"_links":{"self":[{"href":"https:\/\/mountlaser.com\/es\/wp-json\/wp\/v2\/product\/5345","targetHints":{"allow":["GET"]}}],"collection":[{"href":"https:\/\/mountlaser.com\/es\/wp-json\/wp\/v2\/product"}],"about":[{"href":"https:\/\/mountlaser.com\/es\/wp-json\/wp\/v2\/types\/product"}],"replies":[{"embeddable":true,"href":"https:\/\/mountlaser.com\/es\/wp-json\/wp\/v2\/comments?post=5345"}],"wp:featuredmedia":[{"embeddable":true,"href":"https:\/\/mountlaser.com\/es\/wp-json\/wp\/v2\/media\/5346"}],"wp:attachment":[{"href":"https:\/\/mountlaser.com\/es\/wp-json\/wp\/v2\/media?parent=5345"}],"wp:term":[{"taxonomy":"product_brand","embeddable":true,"href":"https:\/\/mountlaser.com\/es\/wp-json\/wp\/v2\/product_brand?post=5345"},{"taxonomy":"product_cat","embeddable":true,"href":"https:\/\/mountlaser.com\/es\/wp-json\/wp\/v2\/product_cat?post=5345"},{"taxonomy":"product_tag","embeddable":true,"href":"https:\/\/mountlaser.com\/es\/wp-json\/wp\/v2\/product_tag?post=5345"}],"curies":[{"name":"wp","href":"https:\/\/api.w.org\/{rel}","templated":true}]}}