{"id":5343,"date":"2025-12-04T06:08:54","date_gmt":"2025-12-04T06:08:54","guid":{"rendered":"https:\/\/mountlaser.com\/?post_type=product&#038;p=5343"},"modified":"2025-12-04T08:58:08","modified_gmt":"2025-12-04T08:58:08","slug":"cw01-crack-width-gauge","status":"publish","type":"product","link":"https:\/\/mountlaser.com\/es\/producto\/cw01-crack-width-gauge\/","title":{"rendered":"Medidor de ancho de grietas CW01"},"content":{"rendered":"<p data-start=\"160\" data-end=\"642\">El<a href=\"https:\/\/mountlaser.com\/es\/\"> <strong data-start=\"164\" data-end=\"194\">Medidor de ancho de grietas de hormig\u00f3n<\/strong><\/a> Es una herramienta de inspecci\u00f3n fiable y f\u00e1cil de usar, dise\u00f1ada para el monitoreo r\u00e1pido y preciso de grietas estructurales. Fabricado en policarbonato resistente a impactos, este medidor garantiza un rendimiento duradero en campo, incluso en entornos exigentes de construcci\u00f3n o ingenier\u00eda.\u00a0<a href=\"https:\/\/mountlaser.com\/es\/products\/\"><strong data-start=\"499\" data-end=\"520\">Medidor de ancho de grietas<\/strong><\/a> Las funciones est\u00e1n integradas en el dise\u00f1o compacto, lo que permite a los profesionales realizar evaluaciones precisas de grietas con confianza.<\/p>\n<p data-start=\"160\" data-end=\"642\"><img fetchpriority=\"high\" decoding=\"async\" class=\"aligncenter wp-image-5344\" src=\"https:\/\/mountlaser.com\/wp-content\/uploads\/2025\/12\/CW01.webp\" alt=\"Concrete Crack Width Gauge\" width=\"500\" height=\"500\" srcset=\"https:\/\/mountlaser.com\/wp-content\/uploads\/2025\/12\/CW01.webp 1000w, https:\/\/mountlaser.com\/wp-content\/uploads\/2025\/12\/CW01-300x300.webp 300w, https:\/\/mountlaser.com\/wp-content\/uploads\/2025\/12\/CW01-150x150.webp 150w, https:\/\/mountlaser.com\/wp-content\/uploads\/2025\/12\/CW01-768x768.webp 768w, https:\/\/mountlaser.com\/wp-content\/uploads\/2025\/12\/CW01-12x12.webp 12w, https:\/\/mountlaser.com\/wp-content\/uploads\/2025\/12\/CW01-600x600.webp 600w, https:\/\/mountlaser.com\/wp-content\/uploads\/2025\/12\/CW01-800x800.webp 800w, https:\/\/mountlaser.com\/wp-content\/uploads\/2025\/12\/CW01-400x400.webp 400w\" sizes=\"(max-width: 500px) 100vw, 500px\" \/><\/p>\n<p data-start=\"644\" data-end=\"1141\">Un lado del medidor de ancho de grietas de hormig\u00f3n presenta una escala graduada de 80 mm con marcas claras en mil\u00edmetros y cent\u00edmetros para mediciones generales sencillas. En el reverso, la tabla comparativa del medidor de ancho de grietas proporciona referencias visuales de 0,1 mm a 7,0 mm, lo que permite a los inspectores identificar r\u00e1pidamente el tama\u00f1o de las grietas sin necesidad de herramientas adicionales. Ya sea para comprobaciones rutinarias o para la supervisi\u00f3n estructural detallada, este... <a href=\"https:\/\/mountlaser.com\/es\/contact-us\/\">Medidor de ancho de grietas<\/a> Proporciona precisi\u00f3n confiable en cada inspecci\u00f3n.<\/p>","protected":false},"excerpt":{"rendered":"<ul>\n<li>Proporciona una evaluaci\u00f3n r\u00e1pida y precisa del ancho de grietas que var\u00eda entre 0,1 mm y 7,0 mm.<\/li>\n<li>Dise\u00f1o de doble cara: escala de medici\u00f3n + tabla de comparaci\u00f3n de grietas<\/li>\n<li>Construido con policarbonato de alto impacto para una larga vida \u00fatil.<\/li>\n<li>Ligero y port\u00e1til para inspecciones de campo.<\/li>\n<li>Ideal para ingenier\u00eda civil, mantenimiento de edificios y monitoreo de seguridad estructural.<\/li>\n<\/ul>","protected":false},"featured_media":5344,"comment_status":"open","ping_status":"closed","template":"","meta":[],"product_brand":[],"product_cat":[79,151],"product_tag":[],"class_list":{"0":"post-5343","1":"product","2":"type-product","3":"status-publish","4":"has-post-thumbnail","6":"product_cat-surveying-accessory","7":"product_cat-crack-monitor","9":"first","10":"instock","11":"shipping-taxable","12":"product-type-simple"},"_links":{"self":[{"href":"https:\/\/mountlaser.com\/es\/wp-json\/wp\/v2\/product\/5343","targetHints":{"allow":["GET"]}}],"collection":[{"href":"https:\/\/mountlaser.com\/es\/wp-json\/wp\/v2\/product"}],"about":[{"href":"https:\/\/mountlaser.com\/es\/wp-json\/wp\/v2\/types\/product"}],"replies":[{"embeddable":true,"href":"https:\/\/mountlaser.com\/es\/wp-json\/wp\/v2\/comments?post=5343"}],"wp:featuredmedia":[{"embeddable":true,"href":"https:\/\/mountlaser.com\/es\/wp-json\/wp\/v2\/media\/5344"}],"wp:attachment":[{"href":"https:\/\/mountlaser.com\/es\/wp-json\/wp\/v2\/media?parent=5343"}],"wp:term":[{"taxonomy":"product_brand","embeddable":true,"href":"https:\/\/mountlaser.com\/es\/wp-json\/wp\/v2\/product_brand?post=5343"},{"taxonomy":"product_cat","embeddable":true,"href":"https:\/\/mountlaser.com\/es\/wp-json\/wp\/v2\/product_cat?post=5343"},{"taxonomy":"product_tag","embeddable":true,"href":"https:\/\/mountlaser.com\/es\/wp-json\/wp\/v2\/product_tag?post=5343"}],"curies":[{"name":"wp","href":"https:\/\/api.w.org\/{rel}","templated":true}]}}