{"id":5338,"date":"2025-12-04T05:07:10","date_gmt":"2025-12-04T05:07:10","guid":{"rendered":"https:\/\/mountlaser.com\/?post_type=product&#038;p=5338"},"modified":"2025-12-04T05:07:10","modified_gmt":"2025-12-04T05:07:10","slug":"ts01-02-topo-shoe","status":"publish","type":"product","link":"https:\/\/mountlaser.com\/es\/producto\/ts01-02-topo-shoe\/","title":{"rendered":"TS01\/02 Zapato Topo"},"content":{"rendered":"<p>El <a href=\"https:\/\/mountlaser.com\/es\/\"><strong>Zapato topogr\u00e1fico Prism Pole<\/strong><\/a> Es un accesorio de ingenier\u00eda de precisi\u00f3n dise\u00f1ado para proporcionar una base estable para jalones de prisma en diversos entornos topogr\u00e1ficos. Tanto la zapata topogr\u00e1fica para jalones de prisma como el <strong><a href=\"https:\/\/mountlaser.com\/es\/categoria-producto\/surveying-pole-rod\/\">Zapato Topo de base ancha<\/a><\/strong> Presentan una construcci\u00f3n duradera y una rosca hembra de 5\/8\u2033-11, lo que garantiza una fijaci\u00f3n segura y un rendimiento fiable en condiciones de campo dif\u00edciles. Los top\u00f3grafos que trabajan en terrenos irregulares o blandos se benefician enormemente de la mayor estabilidad que ofrece la zapata topogr\u00e1fica, mientras que la zapata topogr\u00e1fica de base ancha ofrece un mayor contacto con el suelo para un equilibrio \u00f3ptimo. Estas zapatas topogr\u00e1ficas son esenciales para mantener mediciones precisas y una nivelaci\u00f3n constante durante la topograf\u00eda profesional.<\/p>\n<figure id=\"attachment_5339\" aria-describedby=\"caption-attachment-5339\" style=\"width: 500px\" class=\"wp-caption aligncenter\"><img fetchpriority=\"high\" decoding=\"async\" class=\"wp-image-5339\" src=\"https:\/\/mountlaser.com\/wp-content\/uploads\/2025\/12\/IMG_0632.webp\" alt=\"Wide Base Topo Shoe\" width=\"500\" height=\"500\" srcset=\"https:\/\/mountlaser.com\/wp-content\/uploads\/2025\/12\/IMG_0632.webp 1000w, https:\/\/mountlaser.com\/wp-content\/uploads\/2025\/12\/IMG_0632-300x300.webp 300w, https:\/\/mountlaser.com\/wp-content\/uploads\/2025\/12\/IMG_0632-150x150.webp 150w, https:\/\/mountlaser.com\/wp-content\/uploads\/2025\/12\/IMG_0632-768x768.webp 768w, https:\/\/mountlaser.com\/wp-content\/uploads\/2025\/12\/IMG_0632-12x12.webp 12w, https:\/\/mountlaser.com\/wp-content\/uploads\/2025\/12\/IMG_0632-600x600.webp 600w, https:\/\/mountlaser.com\/wp-content\/uploads\/2025\/12\/IMG_0632-800x800.webp 800w, https:\/\/mountlaser.com\/wp-content\/uploads\/2025\/12\/IMG_0632-400x400.webp 400w\" sizes=\"(max-width: 500px) 100vw, 500px\" \/><figcaption id=\"caption-attachment-5339\" class=\"wp-caption-text\">Zapato topogr\u00e1fico de base ancha TS01<\/figcaption><\/figure>\n<figure id=\"attachment_5340\" aria-describedby=\"caption-attachment-5340\" style=\"width: 500px\" class=\"wp-caption aligncenter\"><img decoding=\"async\" class=\"wp-image-5340\" src=\"https:\/\/mountlaser.com\/wp-content\/uploads\/2025\/12\/TS02.webp\" alt=\"Prism Pole Topo Shoe\" width=\"500\" height=\"500\" srcset=\"https:\/\/mountlaser.com\/wp-content\/uploads\/2025\/12\/TS02.webp 1000w, https:\/\/mountlaser.com\/wp-content\/uploads\/2025\/12\/TS02-300x300.webp 300w, https:\/\/mountlaser.com\/wp-content\/uploads\/2025\/12\/TS02-150x150.webp 150w, https:\/\/mountlaser.com\/wp-content\/uploads\/2025\/12\/TS02-768x768.webp 768w, https:\/\/mountlaser.com\/wp-content\/uploads\/2025\/12\/TS02-12x12.webp 12w, https:\/\/mountlaser.com\/wp-content\/uploads\/2025\/12\/TS02-600x600.webp 600w, https:\/\/mountlaser.com\/wp-content\/uploads\/2025\/12\/TS02-800x800.webp 800w, https:\/\/mountlaser.com\/wp-content\/uploads\/2025\/12\/TS02-400x400.webp 400w\" sizes=\"(max-width: 500px) 100vw, 500px\" \/><figcaption id=\"caption-attachment-5340\" class=\"wp-caption-text\">Zapato topogr\u00e1fico para poste prism\u00e1tico TS02<\/figcaption><\/figure>","protected":false},"excerpt":{"rendered":"<ul>\n<li>Proporciona una base estable para postes de prisma en terrenos blandos, irregulares o accidentados.<\/li>\n<li>Garantiza una fijaci\u00f3n segura con una rosca interna hembra de 5\/8\u2033-11.<\/li>\n<li>Mejora la precisi\u00f3n de la medici\u00f3n al minimizar el desplazamiento o hundimiento de los polos.<\/li>\n<li>Dise\u00f1ado para uso en campo pesado con construcci\u00f3n de metal de alta resistencia.<\/li>\n<\/ul>","protected":false},"featured_media":5339,"comment_status":"open","ping_status":"closed","template":"","meta":[],"product_brand":[],"product_cat":[89,150],"product_tag":[],"class_list":{"0":"post-5338","1":"product","2":"type-product","3":"status-publish","4":"has-post-thumbnail","6":"product_cat-surveying-pole-rod","7":"product_cat-pole-accessory","9":"first","10":"instock","11":"shipping-taxable","12":"product-type-simple"},"_links":{"self":[{"href":"https:\/\/mountlaser.com\/es\/wp-json\/wp\/v2\/product\/5338","targetHints":{"allow":["GET"]}}],"collection":[{"href":"https:\/\/mountlaser.com\/es\/wp-json\/wp\/v2\/product"}],"about":[{"href":"https:\/\/mountlaser.com\/es\/wp-json\/wp\/v2\/types\/product"}],"replies":[{"embeddable":true,"href":"https:\/\/mountlaser.com\/es\/wp-json\/wp\/v2\/comments?post=5338"}],"wp:featuredmedia":[{"embeddable":true,"href":"https:\/\/mountlaser.com\/es\/wp-json\/wp\/v2\/media\/5339"}],"wp:attachment":[{"href":"https:\/\/mountlaser.com\/es\/wp-json\/wp\/v2\/media?parent=5338"}],"wp:term":[{"taxonomy":"product_brand","embeddable":true,"href":"https:\/\/mountlaser.com\/es\/wp-json\/wp\/v2\/product_brand?post=5338"},{"taxonomy":"product_cat","embeddable":true,"href":"https:\/\/mountlaser.com\/es\/wp-json\/wp\/v2\/product_cat?post=5338"},{"taxonomy":"product_tag","embeddable":true,"href":"https:\/\/mountlaser.com\/es\/wp-json\/wp\/v2\/product_tag?post=5338"}],"curies":[{"name":"wp","href":"https:\/\/api.w.org\/{rel}","templated":true}]}}