{"id":5331,"date":"2025-12-04T04:43:31","date_gmt":"2025-12-04T04:43:31","guid":{"rendered":"https:\/\/mountlaser.com\/?post_type=product&#038;p=5331"},"modified":"2025-12-04T04:43:31","modified_gmt":"2025-12-04T04:43:31","slug":"hrt01-pole-tip","status":"publish","type":"product","link":"https:\/\/mountlaser.com\/es\/producto\/hrt01-pole-tip\/","title":{"rendered":"Punta de poste HRT01"},"content":{"rendered":"<p>El <a href=\"https:\/\/mountlaser.com\/es\/\"><strong>punto de referencia del poste topogr\u00e1fico<\/strong><\/a> Es un componente esencial para garantizar un posicionamiento estable, preciso y consistente en tareas de medici\u00f3n de campo. Nuestro modelo HRT01 cuenta con una varilla hexagonal duradera y una punta reforzada, dise\u00f1ada para una fiabilidad duradera. Esta punta de jal\u00f3n topogr\u00e1fico mejora el agarre en diversos terrenos, permitiendo a los top\u00f3grafos mantener una alineaci\u00f3n vertical precisa incluso en entornos dif\u00edciles.<\/p>\n<p>Dise\u00f1ado como un <a href=\"https:\/\/mountlaser.com\/es\/categoria-producto\/surveying-pole-rod\/\"><strong>Poste de punta afilada reemplazable Ti<\/strong><\/a>El HRT01 ofrece una soluci\u00f3n segura y resistente al desgaste que se puede cambiar f\u00e1cilmente cuando sea necesario. Su estructura hexagonal evita la rotaci\u00f3n y garantiza una conexi\u00f3n r\u00edgida y fiable entre el jal\u00f3n y el suelo. Ya sea que se use con jalones GPS, jalones prism\u00e1ticos o jalones de medici\u00f3n tradicionales, esta punta para jal\u00f3n topogr\u00e1fico ofrece una estabilidad superior.<\/p>\n<p><img fetchpriority=\"high\" decoding=\"async\" class=\"aligncenter wp-image-5333\" src=\"https:\/\/mountlaser.com\/wp-content\/uploads\/2025\/12\/HRT012.webp\" alt=\"surveying pole point\" width=\"500\" height=\"500\" srcset=\"https:\/\/mountlaser.com\/wp-content\/uploads\/2025\/12\/HRT012.webp 1000w, https:\/\/mountlaser.com\/wp-content\/uploads\/2025\/12\/HRT012-300x300.webp 300w, https:\/\/mountlaser.com\/wp-content\/uploads\/2025\/12\/HRT012-150x150.webp 150w, https:\/\/mountlaser.com\/wp-content\/uploads\/2025\/12\/HRT012-768x768.webp 768w, https:\/\/mountlaser.com\/wp-content\/uploads\/2025\/12\/HRT012-12x12.webp 12w, https:\/\/mountlaser.com\/wp-content\/uploads\/2025\/12\/HRT012-600x600.webp 600w, https:\/\/mountlaser.com\/wp-content\/uploads\/2025\/12\/HRT012-800x800.webp 800w, https:\/\/mountlaser.com\/wp-content\/uploads\/2025\/12\/HRT012-400x400.webp 400w\" sizes=\"(max-width: 500px) 100vw, 500px\" \/><\/p>\n<p>Como un verdadero <a href=\"https:\/\/mountlaser.com\/es\/about-us\/\">Punta afilada reemplazable para poste<\/a>, Ofrece f\u00e1cil mantenimiento, reduce el tiempo de inactividad y ofrece un rendimiento constante en diversas aplicaciones topogr\u00e1ficas. Su robusta construcci\u00f3n garantiza una larga vida \u00fatil, lo que lo convierte en el reemplazo ideal para puntas desgastadas. Los profesionales que buscan precisi\u00f3n y durabilidad encontrar\u00e1n en esta punta de jal\u00f3n un recurso confiable en sus operaciones diarias de campo.<\/p>","protected":false},"excerpt":{"rendered":"<ul>\n<li>Proporciona un punto de contacto estable para los bastones en terrenos blandos o irregulares.<\/li>\n<li>Evita deslizamientos y rotaciones gracias al dise\u00f1o de varilla hexagonal.<\/li>\n<li>Sirve como punta afilada reemplazable para un reemplazo r\u00e1pido y bajo mantenimiento<\/li>\n<li>Mejora la precisi\u00f3n de la alineaci\u00f3n vertical durante el trabajo de topograf\u00eda.<\/li>\n<\/ul>","protected":false},"featured_media":5332,"comment_status":"open","ping_status":"closed","template":"","meta":[],"product_brand":[],"product_cat":[89,150],"product_tag":[],"class_list":{"0":"post-5331","1":"product","2":"type-product","3":"status-publish","4":"has-post-thumbnail","6":"product_cat-surveying-pole-rod","7":"product_cat-pole-accessory","9":"first","10":"instock","11":"shipping-taxable","12":"product-type-simple"},"_links":{"self":[{"href":"https:\/\/mountlaser.com\/es\/wp-json\/wp\/v2\/product\/5331","targetHints":{"allow":["GET"]}}],"collection":[{"href":"https:\/\/mountlaser.com\/es\/wp-json\/wp\/v2\/product"}],"about":[{"href":"https:\/\/mountlaser.com\/es\/wp-json\/wp\/v2\/types\/product"}],"replies":[{"embeddable":true,"href":"https:\/\/mountlaser.com\/es\/wp-json\/wp\/v2\/comments?post=5331"}],"wp:featuredmedia":[{"embeddable":true,"href":"https:\/\/mountlaser.com\/es\/wp-json\/wp\/v2\/media\/5332"}],"wp:attachment":[{"href":"https:\/\/mountlaser.com\/es\/wp-json\/wp\/v2\/media?parent=5331"}],"wp:term":[{"taxonomy":"product_brand","embeddable":true,"href":"https:\/\/mountlaser.com\/es\/wp-json\/wp\/v2\/product_brand?post=5331"},{"taxonomy":"product_cat","embeddable":true,"href":"https:\/\/mountlaser.com\/es\/wp-json\/wp\/v2\/product_cat?post=5331"},{"taxonomy":"product_tag","embeddable":true,"href":"https:\/\/mountlaser.com\/es\/wp-json\/wp\/v2\/product_tag?post=5331"}],"curies":[{"name":"wp","href":"https:\/\/api.w.org\/{rel}","templated":true}]}}