{"id":5325,"date":"2025-12-04T02:38:47","date_gmt":"2025-12-04T02:38:47","guid":{"rendered":"https:\/\/mountlaser.com\/?post_type=product&#038;p=5325"},"modified":"2025-12-04T02:38:47","modified_gmt":"2025-12-04T02:38:47","slug":"tip01-pole-tip","status":"publish","type":"product","link":"https:\/\/mountlaser.com\/es\/producto\/tip01-pole-tip\/","title":{"rendered":"TIP01 Punta de poste"},"content":{"rendered":"<p data-start=\"198\" data-end=\"516\">El <a href=\"https:\/\/mountlaser.com\/es\/\"><strong data-start=\"202\" data-end=\"231\">Punta de repuesto para postes<\/strong><\/a> Es un accesorio duradero y mecanizado con precisi\u00f3n, dise\u00f1ado para mantener sus jalones topogr\u00e1ficos estables y precisos en cualquier terreno. Fabricada con metal de alta calidad con acabado plateado, esta punta de repuesto para jalones ofrece un rendimiento duradero y una penetraci\u00f3n segura en el suelo durante el trabajo de campo.<\/p>\n<p data-start=\"518\" data-end=\"894\">Nuestro <a href=\"https:\/\/mountlaser.com\/es\/products\/\"><strong data-start=\"522\" data-end=\"560\">Punta de repuesto afilada para bast\u00f3n GPS<\/strong><\/a> Proporciona un mejor agarre en tierra, grava o superficies irregulares, asegurando que su bast\u00f3n topogr\u00e1fico se mantenga firmemente fijado para mediciones consistentes. Ya sea que trabaje con un bast\u00f3n GPS, un bast\u00f3n prism\u00e1tico o una mira GNSS, la punta de repuesto afilada para bast\u00f3n GPS ofrece compatibilidad confiable, instalaci\u00f3n sencilla y durabilidad confiable.<\/p>\n<p data-start=\"518\" data-end=\"894\"><img fetchpriority=\"high\" decoding=\"async\" class=\"aligncenter wp-image-5328\" src=\"https:\/\/mountlaser.com\/wp-content\/uploads\/2025\/12\/TIP013.webp\" alt=\"Replacement Tip for Poles\" width=\"500\" height=\"500\" srcset=\"https:\/\/mountlaser.com\/wp-content\/uploads\/2025\/12\/TIP013.webp 1000w, https:\/\/mountlaser.com\/wp-content\/uploads\/2025\/12\/TIP013-300x300.webp 300w, https:\/\/mountlaser.com\/wp-content\/uploads\/2025\/12\/TIP013-150x150.webp 150w, https:\/\/mountlaser.com\/wp-content\/uploads\/2025\/12\/TIP013-768x768.webp 768w, https:\/\/mountlaser.com\/wp-content\/uploads\/2025\/12\/TIP013-12x12.webp 12w, https:\/\/mountlaser.com\/wp-content\/uploads\/2025\/12\/TIP013-600x600.webp 600w, https:\/\/mountlaser.com\/wp-content\/uploads\/2025\/12\/TIP013-800x800.webp 800w, https:\/\/mountlaser.com\/wp-content\/uploads\/2025\/12\/TIP013-400x400.webp 400w\" sizes=\"(max-width: 500px) 100vw, 500px\" \/><\/p>\n<p data-start=\"896\" data-end=\"1118\">Con su construcci\u00f3n robusta y ajuste universal, el <a href=\"https:\/\/mountlaser.com\/es\/about-us\/\">Punta de repuesto para postes<\/a>\u00a0Son accesorios esenciales para mantener la precisi\u00f3n del equipo y prolongar la vida \u00fatil de su sistema de postes.<\/p>","protected":false},"excerpt":{"rendered":"<ul>\n<li data-start=\"1142\" data-end=\"1196\">\n<p data-start=\"1144\" data-end=\"1196\">Proporciona un punto de conexi\u00f3n a tierra n\u00edtido y estable para postes.<\/p>\n<\/li>\n<li data-start=\"1197\" data-end=\"1263\">\n<p data-start=\"1199\" data-end=\"1263\">Mejora la precisi\u00f3n al minimizar el movimiento del poste en terrenos dif\u00edciles.<\/p>\n<\/li>\n<li data-start=\"1264\" data-end=\"1320\">\n<p data-start=\"1266\" data-end=\"1320\">Ofrece un f\u00e1cil reemplazo con postes de medici\u00f3n compatibles<\/p>\n<\/li>\n<li data-start=\"1321\" data-end=\"1370\">\n<p data-start=\"1323\" data-end=\"1370\">Fabricado con metal duradero para una larga vida \u00fatil.<\/p>\n<\/li>\n<li data-start=\"1371\" data-end=\"1458\">\n<p data-start=\"1373\" data-end=\"1458\">Garantiza un rendimiento confiable en aplicaciones de topograf\u00eda, construcci\u00f3n y GNSS.<\/p>\n<\/li>\n<\/ul>","protected":false},"featured_media":5326,"comment_status":"open","ping_status":"closed","template":"","meta":[],"product_brand":[],"product_cat":[89,150],"product_tag":[],"class_list":{"0":"post-5325","1":"product","2":"type-product","3":"status-publish","4":"has-post-thumbnail","6":"product_cat-surveying-pole-rod","7":"product_cat-pole-accessory","9":"first","10":"instock","11":"shipping-taxable","12":"product-type-simple"},"_links":{"self":[{"href":"https:\/\/mountlaser.com\/es\/wp-json\/wp\/v2\/product\/5325","targetHints":{"allow":["GET"]}}],"collection":[{"href":"https:\/\/mountlaser.com\/es\/wp-json\/wp\/v2\/product"}],"about":[{"href":"https:\/\/mountlaser.com\/es\/wp-json\/wp\/v2\/types\/product"}],"replies":[{"embeddable":true,"href":"https:\/\/mountlaser.com\/es\/wp-json\/wp\/v2\/comments?post=5325"}],"wp:featuredmedia":[{"embeddable":true,"href":"https:\/\/mountlaser.com\/es\/wp-json\/wp\/v2\/media\/5326"}],"wp:attachment":[{"href":"https:\/\/mountlaser.com\/es\/wp-json\/wp\/v2\/media?parent=5325"}],"wp:term":[{"taxonomy":"product_brand","embeddable":true,"href":"https:\/\/mountlaser.com\/es\/wp-json\/wp\/v2\/product_brand?post=5325"},{"taxonomy":"product_cat","embeddable":true,"href":"https:\/\/mountlaser.com\/es\/wp-json\/wp\/v2\/product_cat?post=5325"},{"taxonomy":"product_tag","embeddable":true,"href":"https:\/\/mountlaser.com\/es\/wp-json\/wp\/v2\/product_tag?post=5325"}],"curies":[{"name":"wp","href":"https:\/\/api.w.org\/{rel}","templated":true}]}}