{"id":5288,"date":"2025-12-04T01:51:53","date_gmt":"2025-12-04T01:51:53","guid":{"rendered":"https:\/\/mountlaser.com\/?post_type=product&#038;p=5288"},"modified":"2025-12-04T01:51:53","modified_gmt":"2025-12-04T01:51:53","slug":"rl01-rod-level","status":"publish","type":"product","link":"https:\/\/mountlaser.com\/es\/producto\/rl01-rod-level\/","title":{"rendered":"Nivel de varilla RL01"},"content":{"rendered":"<p>El <a href=\"https:\/\/mountlaser.com\/es\/\"><strong>Nivel de varilla<\/strong><\/a> Es una herramienta de alineaci\u00f3n esencial dise\u00f1ada para ayudar a los top\u00f3grafos a obtener lecturas verticales precisas al trabajar con jalones y estacas de nivelaci\u00f3n. Dise\u00f1ado para ofrecer fiabilidad y facilidad de uso, el nivel garantiza la correcta colocaci\u00f3n de los jalones en una amplia gama de entornos de campo. Nuestra gama incluye diversos materiales y estilos de fijaci\u00f3n, como los de presi\u00f3n y de correa, lo que permite a los profesionales seleccionar el m\u00e1s adecuado. <a href=\"https:\/\/mountlaser.com\/es\/categoria-producto\/surveying-pole-rod\/\"><strong>Nivel de varilla de medici\u00f3n ajustable<\/strong><\/a> para su flujo de trabajo.<\/p>\n<p>Fabricado con burbujas de precisi\u00f3n de 40&#039;\/2 mm, cada nivel de mira ofrece una r\u00e1pida retroalimentaci\u00f3n visual para una alineaci\u00f3n fiable. Las opciones incluyen cuerpos de pl\u00e1stico ligeros como el RL01, robustos marcos de aluminio en los RL02 y RL03, y vers\u00e1tiles dise\u00f1os de montaje en correa como los RL04 y PA40. Como nivel de mira topogr\u00e1fica ajustable, la herramienta admite diversos tipos de miras, lo que garantiza compatibilidad y un rendimiento constante incluso en condiciones topogr\u00e1ficas exigentes.<\/p>\n<p>Ya sea que se utilice para dise\u00f1o de construcci\u00f3n, levantamiento topogr\u00e1fico o medici\u00f3n topogr\u00e1fica, el nivel mejora la eficiencia al mejorar la estabilidad de la mira y garantizar lecturas de referencia precisas. Los top\u00f3grafos conf\u00edan en el <a href=\"https:\/\/mountlaser.com\/es\/contact-us\/\">Nivel de varilla<\/a> para reducir errores, mantener un flujo de trabajo consistente y garantizar una alineaci\u00f3n vertical confiable en cada proyecto.<\/p>\n<div>\n<table style=\"border-collapse: collapse; width: 710.27pt;\" border=\"0\" width=\"947\" cellspacing=\"0\" cellpadding=\"0\">\n<tbody>\n<tr style=\"height: 14.25pt;\">\n<td class=\"et2\" style=\"height: 14.25pt; width: 99.75pt;\" width=\"133\" height=\"19\">N\u00daMERO<\/td>\n<td class=\"et3\" style=\"width: 75.75pt;\" width=\"101\">MATERIAL<\/td>\n<td class=\"et4\" style=\"width: 108.75pt;\" width=\"145\">VIAL DE BURBUJAS<\/td>\n<td class=\"et4\" style=\"width: 144.00pt;\" width=\"192\">M\u00c9TODO DE FIJACI\u00d3N<\/td>\n<td class=\"et4\" style=\"width: 114.00pt;\" width=\"152\">COLOR<\/td>\n<td class=\"et5\" style=\"width: 168.00pt;\" width=\"224\">IMAGEN<\/td>\n<\/tr>\n<tr style=\"height: 14.25pt;\">\n<td class=\"et6\" style=\"height: 14.25pt;\" height=\"19\">RL01<\/td>\n<td class=\"et6\">Pl\u00e1stico<\/td>\n<td class=\"et6\">40&#039;\/ 2 mm<\/td>\n<td class=\"et6\">\u2014<\/td>\n<td class=\"et6\">Naranja<\/td>\n<td class=\"et7\"><img fetchpriority=\"high\" decoding=\"async\" class=\"alignnone wp-image-5290\" src=\"https:\/\/mountlaser.com\/wp-content\/uploads\/2025\/12\/RL012.webp\" alt=\"Rod Level\" width=\"500\" height=\"500\" srcset=\"https:\/\/mountlaser.com\/wp-content\/uploads\/2025\/12\/RL012.webp 1200w, https:\/\/mountlaser.com\/wp-content\/uploads\/2025\/12\/RL012-300x300.webp 300w, https:\/\/mountlaser.com\/wp-content\/uploads\/2025\/12\/RL012-1024x1024.webp 1024w, https:\/\/mountlaser.com\/wp-content\/uploads\/2025\/12\/RL012-150x150.webp 150w, https:\/\/mountlaser.com\/wp-content\/uploads\/2025\/12\/RL012-768x768.webp 768w, https:\/\/mountlaser.com\/wp-content\/uploads\/2025\/12\/RL012-12x12.webp 12w, https:\/\/mountlaser.com\/wp-content\/uploads\/2025\/12\/RL012-600x600.webp 600w, https:\/\/mountlaser.com\/wp-content\/uploads\/2025\/12\/RL012-800x800.webp 800w, https:\/\/mountlaser.com\/wp-content\/uploads\/2025\/12\/RL012-400x400.webp 400w\" sizes=\"(max-width: 500px) 100vw, 500px\" \/><\/td>\n<\/tr>\n<tr style=\"height: 14.25pt;\">\n<td class=\"et6\" style=\"height: 14.25pt;\" height=\"19\">RL02<\/td>\n<td class=\"et6\">Aluminio<\/td>\n<td class=\"et6\">40&#039;\/ 2 mm<\/td>\n<td class=\"et6\">\u2014<\/td>\n<td class=\"et6\">ROJO\/Negro<\/td>\n<td class=\"et7\"><img decoding=\"async\" class=\"alignnone wp-image-5297\" src=\"https:\/\/mountlaser.com\/wp-content\/uploads\/2025\/12\/RL024.webp\" alt=\"Rod Level\" width=\"500\" height=\"500\" srcset=\"https:\/\/mountlaser.com\/wp-content\/uploads\/2025\/12\/RL024.webp 1200w, https:\/\/mountlaser.com\/wp-content\/uploads\/2025\/12\/RL024-300x300.webp 300w, https:\/\/mountlaser.com\/wp-content\/uploads\/2025\/12\/RL024-1024x1024.webp 1024w, https:\/\/mountlaser.com\/wp-content\/uploads\/2025\/12\/RL024-150x150.webp 150w, https:\/\/mountlaser.com\/wp-content\/uploads\/2025\/12\/RL024-768x768.webp 768w, https:\/\/mountlaser.com\/wp-content\/uploads\/2025\/12\/RL024-12x12.webp 12w, https:\/\/mountlaser.com\/wp-content\/uploads\/2025\/12\/RL024-600x600.webp 600w, https:\/\/mountlaser.com\/wp-content\/uploads\/2025\/12\/RL024-800x800.webp 800w, https:\/\/mountlaser.com\/wp-content\/uploads\/2025\/12\/RL024-400x400.webp 400w\" sizes=\"(max-width: 500px) 100vw, 500px\" \/><\/td>\n<\/tr>\n<tr style=\"height: 14.25pt;\">\n<td class=\"et6\" style=\"height: 14.25pt;\" height=\"19\">RL03<\/td>\n<td class=\"et6\">Aluminio<\/td>\n<td class=\"et6\">40&#039;\/ 2 mm<\/td>\n<td class=\"et6\">Snap-on<\/td>\n<td class=\"et6\">Negro<\/td>\n<td class=\"et7\"><img decoding=\"async\" class=\"alignnone wp-image-5303\" src=\"https:\/\/mountlaser.com\/wp-content\/uploads\/2025\/12\/RL034.webp\" alt=\"Rod Level\" width=\"500\" height=\"500\" srcset=\"https:\/\/mountlaser.com\/wp-content\/uploads\/2025\/12\/RL034.webp 1200w, https:\/\/mountlaser.com\/wp-content\/uploads\/2025\/12\/RL034-300x300.webp 300w, https:\/\/mountlaser.com\/wp-content\/uploads\/2025\/12\/RL034-1024x1024.webp 1024w, https:\/\/mountlaser.com\/wp-content\/uploads\/2025\/12\/RL034-150x150.webp 150w, https:\/\/mountlaser.com\/wp-content\/uploads\/2025\/12\/RL034-768x768.webp 768w, https:\/\/mountlaser.com\/wp-content\/uploads\/2025\/12\/RL034-12x12.webp 12w, https:\/\/mountlaser.com\/wp-content\/uploads\/2025\/12\/RL034-600x600.webp 600w, https:\/\/mountlaser.com\/wp-content\/uploads\/2025\/12\/RL034-800x800.webp 800w, https:\/\/mountlaser.com\/wp-content\/uploads\/2025\/12\/RL034-400x400.webp 400w\" sizes=\"(max-width: 500px) 100vw, 500px\" \/><\/td>\n<\/tr>\n<tr style=\"height: 14.25pt;\">\n<td class=\"et6\" style=\"height: 14.25pt;\" height=\"19\">RL04<\/td>\n<td class=\"et6\">Aluminio<\/td>\n<td class=\"et6\">40&#039;\/ 2 mm<\/td>\n<td class=\"et6\">Correa<\/td>\n<td class=\"et6\">ROJO\/Negro<\/td>\n<td class=\"et7\"><img loading=\"lazy\" decoding=\"async\" class=\"alignnone wp-image-5310\" src=\"https:\/\/mountlaser.com\/wp-content\/uploads\/2025\/12\/RL046.webp\" alt=\"Rod Level\" width=\"500\" height=\"500\" srcset=\"https:\/\/mountlaser.com\/wp-content\/uploads\/2025\/12\/RL046.webp 1200w, https:\/\/mountlaser.com\/wp-content\/uploads\/2025\/12\/RL046-300x300.webp 300w, https:\/\/mountlaser.com\/wp-content\/uploads\/2025\/12\/RL046-1024x1024.webp 1024w, https:\/\/mountlaser.com\/wp-content\/uploads\/2025\/12\/RL046-150x150.webp 150w, https:\/\/mountlaser.com\/wp-content\/uploads\/2025\/12\/RL046-768x768.webp 768w, https:\/\/mountlaser.com\/wp-content\/uploads\/2025\/12\/RL046-12x12.webp 12w, https:\/\/mountlaser.com\/wp-content\/uploads\/2025\/12\/RL046-600x600.webp 600w, https:\/\/mountlaser.com\/wp-content\/uploads\/2025\/12\/RL046-800x800.webp 800w, https:\/\/mountlaser.com\/wp-content\/uploads\/2025\/12\/RL046-400x400.webp 400w\" sizes=\"(max-width: 500px) 100vw, 500px\" \/><\/td>\n<\/tr>\n<tr style=\"height: 14.25pt;\">\n<td class=\"et6\" style=\"height: 14.25pt;\" height=\"19\">PA40<\/td>\n<td class=\"et6\">Aluminio<\/td>\n<td class=\"et6\">40&#039;\/ 2 mm<\/td>\n<td class=\"et6\">Correa<\/td>\n<td class=\"et6\">Amarillo<\/td>\n<td class=\"et7\"><img loading=\"lazy\" decoding=\"async\" class=\"alignnone wp-image-5317\" src=\"https:\/\/mountlaser.com\/wp-content\/uploads\/2025\/12\/PA406.webp\" alt=\"Rod Level\" width=\"500\" height=\"500\" srcset=\"https:\/\/mountlaser.com\/wp-content\/uploads\/2025\/12\/PA406.webp 1200w, https:\/\/mountlaser.com\/wp-content\/uploads\/2025\/12\/PA406-300x300.webp 300w, https:\/\/mountlaser.com\/wp-content\/uploads\/2025\/12\/PA406-1024x1024.webp 1024w, https:\/\/mountlaser.com\/wp-content\/uploads\/2025\/12\/PA406-150x150.webp 150w, https:\/\/mountlaser.com\/wp-content\/uploads\/2025\/12\/PA406-768x768.webp 768w, https:\/\/mountlaser.com\/wp-content\/uploads\/2025\/12\/PA406-12x12.webp 12w, https:\/\/mountlaser.com\/wp-content\/uploads\/2025\/12\/PA406-600x600.webp 600w, https:\/\/mountlaser.com\/wp-content\/uploads\/2025\/12\/PA406-800x800.webp 800w, https:\/\/mountlaser.com\/wp-content\/uploads\/2025\/12\/PA406-400x400.webp 400w\" sizes=\"(max-width: 500px) 100vw, 500px\" \/><\/td>\n<\/tr>\n<\/tbody>\n<\/table>\n<\/div>","protected":false},"excerpt":{"rendered":"<ul>\n<li>Proporciona una alineaci\u00f3n vertical precisa para todas las varillas topogr\u00e1ficas comunes.<\/li>\n<li>Equipado con un nivel de burbuja de 40&#039;\/2 mm para una nivelaci\u00f3n r\u00e1pida y precisa.<\/li>\n<li>Disponible en cuerpos de pl\u00e1stico o aluminio para adaptarse a diferentes necesidades de durabilidad.<\/li>\n<li>M\u00faltiples m\u00e9todos de fijaci\u00f3n (a presi\u00f3n o con correa) ofrecen opciones de instalaci\u00f3n flexibles.<\/li>\n<li>Funciona como un nivel de varilla de medici\u00f3n ajustable para distintos di\u00e1metros de varilla y aplicaciones de campo.<\/li>\n<\/ul>","protected":false},"featured_media":5294,"comment_status":"open","ping_status":"closed","template":"","meta":[],"product_brand":[],"product_cat":[89,150],"product_tag":[],"class_list":{"0":"post-5288","1":"product","2":"type-product","3":"status-publish","4":"has-post-thumbnail","6":"product_cat-surveying-pole-rod","7":"product_cat-pole-accessory","9":"first","10":"instock","11":"shipping-taxable","12":"product-type-simple"},"_links":{"self":[{"href":"https:\/\/mountlaser.com\/es\/wp-json\/wp\/v2\/product\/5288","targetHints":{"allow":["GET"]}}],"collection":[{"href":"https:\/\/mountlaser.com\/es\/wp-json\/wp\/v2\/product"}],"about":[{"href":"https:\/\/mountlaser.com\/es\/wp-json\/wp\/v2\/types\/product"}],"replies":[{"embeddable":true,"href":"https:\/\/mountlaser.com\/es\/wp-json\/wp\/v2\/comments?post=5288"}],"wp:featuredmedia":[{"embeddable":true,"href":"https:\/\/mountlaser.com\/es\/wp-json\/wp\/v2\/media\/5294"}],"wp:attachment":[{"href":"https:\/\/mountlaser.com\/es\/wp-json\/wp\/v2\/media?parent=5288"}],"wp:term":[{"taxonomy":"product_brand","embeddable":true,"href":"https:\/\/mountlaser.com\/es\/wp-json\/wp\/v2\/product_brand?post=5288"},{"taxonomy":"product_cat","embeddable":true,"href":"https:\/\/mountlaser.com\/es\/wp-json\/wp\/v2\/product_cat?post=5288"},{"taxonomy":"product_tag","embeddable":true,"href":"https:\/\/mountlaser.com\/es\/wp-json\/wp\/v2\/product_tag?post=5288"}],"curies":[{"name":"wp","href":"https:\/\/api.w.org\/{rel}","templated":true}]}}