{"id":5286,"date":"2025-12-03T09:14:35","date_gmt":"2025-12-03T09:14:35","guid":{"rendered":"https:\/\/mountlaser.com\/?post_type=product&#038;p=5286"},"modified":"2025-12-03T09:17:43","modified_gmt":"2025-12-03T09:17:43","slug":"bl09-pole-bubble-vial","status":"publish","type":"product","link":"https:\/\/mountlaser.com\/es\/producto\/bl09-pole-bubble-vial\/","title":{"rendered":"Vial de burbuja de poste BL09"},"content":{"rendered":"<p>El <a href=\"https:\/\/mountlaser.com\/es\/\"><strong>Vial de burbuja de poste BL09<\/strong><\/a> Es un accesorio de alineaci\u00f3n de precisi\u00f3n dise\u00f1ado para jalones prism\u00e1ticos y GPS, que garantiza mediciones de campo estables y precisas. Fabricado con l\u00edquido de alta transparencia y una carcasa resistente, el nivelador de burbuja para jalones BL09 ofrece una r\u00e1pida nivelaci\u00f3n visual, ideal para aplicaciones topogr\u00e1ficas exigentes.<\/p>\n<p>Este confiable <a href=\"https:\/\/mountlaser.com\/es\/products\/\"><strong>Conjunto de vial de burbujas<\/strong><\/a> Es f\u00e1cil de instalar, resistente a impactos y mantiene la precisi\u00f3n incluso en condiciones exteriores adversas. Ya sea como componente de repuesto o como actualizaci\u00f3n, el <!--StartFragment --><span class=\"cf0\">Conjunto de vial de burbujas<\/span><!--EndFragment --> garantiza un rendimiento constante y durabilidad a largo plazo.<\/p>\n<p>Gracias a su estructura compacta y compatibilidad universal, el conjunto de burbuja de nivel mejora la eficiencia de la medici\u00f3n y reduce el tiempo de configuraci\u00f3n. Los top\u00f3grafos pueden confiar en el conjunto de burbuja de nivel con p\u00e9rtiga BL09 para mantener una verticalidad precisa, mientras que el conjunto de burbuja de nivel proporciona un soporte firme en cualquier obra.<\/p>\n<p><img fetchpriority=\"high\" decoding=\"async\" class=\"aligncenter wp-image-5273\" src=\"https:\/\/mountlaser.com\/wp-content\/uploads\/2025\/12\/BL093.webp\" alt=\"BL09 Pole Bubble Vial\" width=\"500\" height=\"500\" srcset=\"https:\/\/mountlaser.com\/wp-content\/uploads\/2025\/12\/BL093.webp 1000w, https:\/\/mountlaser.com\/wp-content\/uploads\/2025\/12\/BL093-300x300.webp 300w, https:\/\/mountlaser.com\/wp-content\/uploads\/2025\/12\/BL093-150x150.webp 150w, https:\/\/mountlaser.com\/wp-content\/uploads\/2025\/12\/BL093-768x768.webp 768w, https:\/\/mountlaser.com\/wp-content\/uploads\/2025\/12\/BL093-12x12.webp 12w, https:\/\/mountlaser.com\/wp-content\/uploads\/2025\/12\/BL093-600x600.webp 600w, https:\/\/mountlaser.com\/wp-content\/uploads\/2025\/12\/BL093-800x800.webp 800w, https:\/\/mountlaser.com\/wp-content\/uploads\/2025\/12\/BL093-400x400.webp 400w\" sizes=\"(max-width: 500px) 100vw, 500px\" \/><\/p>\n<p>Con su estructura compacta y compatibilidad universal, el <a href=\"https:\/\/mountlaser.com\/es\/contact-us\/\">Conjunto de vial de burbujas<\/a> Mejora la eficiencia de la medici\u00f3n y reduce el tiempo de configuraci\u00f3n. Los top\u00f3grafos pueden confiar en el nivel de burbuja de la p\u00e9rtiga BL09 para mantener una verticalidad precisa, mientras que el conjunto de nivel de burbuja proporciona un soporte firme en cualquier obra.<\/p>","protected":false},"excerpt":{"rendered":"<ul>\n<li>Garantiza una nivelaci\u00f3n precisa de los bastones prism\u00e1ticos y los bastones GPS.<\/li>\n<li>Proporciona una r\u00e1pida visibilidad de burbujas para una configuraci\u00f3n de campo eficiente<\/li>\n<li>La construcci\u00f3n duradera mantiene la precisi\u00f3n en entornos exteriores.<\/li>\n<li>Instalaci\u00f3n sencilla y fijaci\u00f3n estable.<\/li>\n<\/ul>","protected":false},"featured_media":5271,"comment_status":"open","ping_status":"closed","template":"","meta":[],"product_brand":[],"product_cat":[89,150],"product_tag":[],"class_list":{"0":"post-5286","1":"product","2":"type-product","3":"status-publish","4":"has-post-thumbnail","6":"product_cat-surveying-pole-rod","7":"product_cat-pole-accessory","9":"first","10":"instock","11":"shipping-taxable","12":"product-type-simple"},"_links":{"self":[{"href":"https:\/\/mountlaser.com\/es\/wp-json\/wp\/v2\/product\/5286","targetHints":{"allow":["GET"]}}],"collection":[{"href":"https:\/\/mountlaser.com\/es\/wp-json\/wp\/v2\/product"}],"about":[{"href":"https:\/\/mountlaser.com\/es\/wp-json\/wp\/v2\/types\/product"}],"replies":[{"embeddable":true,"href":"https:\/\/mountlaser.com\/es\/wp-json\/wp\/v2\/comments?post=5286"}],"wp:featuredmedia":[{"embeddable":true,"href":"https:\/\/mountlaser.com\/es\/wp-json\/wp\/v2\/media\/5271"}],"wp:attachment":[{"href":"https:\/\/mountlaser.com\/es\/wp-json\/wp\/v2\/media?parent=5286"}],"wp:term":[{"taxonomy":"product_brand","embeddable":true,"href":"https:\/\/mountlaser.com\/es\/wp-json\/wp\/v2\/product_brand?post=5286"},{"taxonomy":"product_cat","embeddable":true,"href":"https:\/\/mountlaser.com\/es\/wp-json\/wp\/v2\/product_cat?post=5286"},{"taxonomy":"product_tag","embeddable":true,"href":"https:\/\/mountlaser.com\/es\/wp-json\/wp\/v2\/product_tag?post=5286"}],"curies":[{"name":"wp","href":"https:\/\/api.w.org\/{rel}","templated":true}]}}