{"id":5269,"date":"2025-12-03T08:48:43","date_gmt":"2025-12-03T08:48:43","guid":{"rendered":"https:\/\/mountlaser.com\/?post_type=product&#038;p=5269"},"modified":"2025-12-03T08:48:43","modified_gmt":"2025-12-03T08:48:43","slug":"pin-pole","status":"publish","type":"product","link":"https:\/\/mountlaser.com\/es\/producto\/pin-pole\/","title":{"rendered":"Poste de alfiler"},"content":{"rendered":"<p>El <a href=\"https:\/\/mountlaser.com\/es\/\"><strong>Poste de alfiler con rojo y blanco<\/strong><\/a> Es un jal\u00f3n topogr\u00e1fico compacto y fiable, dise\u00f1ado para mediciones de campo precisas, especialmente en entornos donde la portabilidad y la rapidez de despliegue son esenciales. Su popular configuraci\u00f3n de jal\u00f3n de 1,5 m ofrece una excelente visibilidad gracias a su acabado rojo y blanco de alto contraste, lo que garantiza una precisi\u00f3n de punter\u00eda y alineaci\u00f3n durante las tareas topogr\u00e1ficas.<\/p>\n<p>Dise\u00f1ado para la versatilidad, el <a href=\"https:\/\/mountlaser.com\/es\/about-us\/\"><strong>Poste de clavija de 1,5 m<\/strong><\/a> Cuenta con una punta extra\u00edble y secciones desmontables, lo que permite a los top\u00f3grafos transportarlo f\u00e1cilmente y ensamblarlo en segundos. Ya sea en versiones de acero, acero inoxidable o aluminio, cada modelo ofrece durabilidad y estabilidad, ideales para aplicaciones profesionales de topograf\u00eda.<\/p>\n<p>El jal\u00f3n de 1,5 m est\u00e1 disponible en m\u00faltiples configuraciones, incluyendo acero, acero inoxidable y aluminio, lo que garantiza su compatibilidad con accesorios topogr\u00e1ficos comunes mediante roscas M6 o 1\/4\u2033-20. Su dise\u00f1o ligero y seccional lo hace... <a href=\"https:\/\/mountlaser.com\/es\/contact-us\/\">Poste de alfiler con rojo y blanco<\/a> Ideal para mediciones GNSS, configuraciones de prismas y marcado de puntos en sitios de construcci\u00f3n.<\/p>\n<div>\n<table style=\"border-collapse: collapse; width: 604.52pt;\" border=\"0\" width=\"806\" cellspacing=\"0\" cellpadding=\"0\">\n<tbody>\n<tr style=\"height: 14.25pt;\">\n<td class=\"et2\" style=\"height: 14.25pt; width: 99.75pt;\" width=\"133\" height=\"19\">N\u00daMERO<\/td>\n<td class=\"et3\" style=\"width: 75.75pt;\" width=\"101\">MATERIAL<\/td>\n<td class=\"et3\" style=\"width: 108.75pt;\" width=\"145\">DI\u00c1METRO<\/td>\n<td class=\"et3\" style=\"width: 144.00pt;\" width=\"192\">LONGITUD<\/td>\n<td class=\"et3\" style=\"width: 176.25pt;\" width=\"235\">HILO<\/td>\n<\/tr>\n<tr style=\"height: 14.25pt;\">\n<td class=\"et4\" style=\"height: 14.25pt;\" height=\"19\">SP095003<\/td>\n<td class=\"et4\">Acero<\/td>\n<td class=\"et4\">Di\u00e1metro exterior de 9 mm<\/td>\n<td class=\"et4\">500 mm x 3 secciones, extensible a 1,5 m<\/td>\n<td class=\"et4\">M6<\/td>\n<\/tr>\n<tr style=\"height: 14.25pt;\">\n<td class=\"et4\" style=\"height: 14.25pt;\" height=\"19\">SSP093005<\/td>\n<td class=\"et4\">Acero inoxidable<\/td>\n<td class=\"et4\">Di\u00e1metro exterior de 9 mm<\/td>\n<td class=\"et4\">300 mm x 5 secciones, extensible hasta 1,5 m<\/td>\n<td class=\"et4\">M6<\/td>\n<\/tr>\n<tr style=\"height: 14.25pt;\">\n<td class=\"et4\" style=\"height: 14.25pt;\" height=\"19\">AP123004<\/td>\n<td class=\"et4\">Aluminio<\/td>\n<td class=\"et4\">Di\u00e1metro exterior de 12 mm<\/td>\n<td class=\"et4\">300 mm x 4 secciones, extensible hasta 1,2 m<\/td>\n<td class=\"et4\">1\/4\u2033-20<\/td>\n<\/tr>\n<tr style=\"height: 14.25pt;\">\n<td class=\"et4\" style=\"height: 14.25pt;\" height=\"19\">AP123005<\/td>\n<td class=\"et4\">Aluminio<\/td>\n<td class=\"et4\">Di\u00e1metro exterior de 12 mm<\/td>\n<td class=\"et4\">300 mm x 5 secciones, extensible hasta 1,5 m<\/td>\n<td class=\"et4\">1\/4\u2033-20<\/td>\n<\/tr>\n<\/tbody>\n<\/table>\n<p><img fetchpriority=\"high\" decoding=\"async\" class=\"aligncenter wp-image-5262\" src=\"https:\/\/mountlaser.com\/wp-content\/uploads\/2025\/12\/Pin-Pole1.webp\" alt=\"1.5m pin pole\" width=\"500\" height=\"500\" srcset=\"https:\/\/mountlaser.com\/wp-content\/uploads\/2025\/12\/Pin-Pole1.webp 1000w, https:\/\/mountlaser.com\/wp-content\/uploads\/2025\/12\/Pin-Pole1-300x300.webp 300w, https:\/\/mountlaser.com\/wp-content\/uploads\/2025\/12\/Pin-Pole1-150x150.webp 150w, https:\/\/mountlaser.com\/wp-content\/uploads\/2025\/12\/Pin-Pole1-768x768.webp 768w, https:\/\/mountlaser.com\/wp-content\/uploads\/2025\/12\/Pin-Pole1-12x12.webp 12w, https:\/\/mountlaser.com\/wp-content\/uploads\/2025\/12\/Pin-Pole1-600x600.webp 600w, https:\/\/mountlaser.com\/wp-content\/uploads\/2025\/12\/Pin-Pole1-800x800.webp 800w, https:\/\/mountlaser.com\/wp-content\/uploads\/2025\/12\/Pin-Pole1-400x400.webp 400w\" sizes=\"(max-width: 500px) 100vw, 500px\" \/><\/p>\n<\/div>","protected":false},"excerpt":{"rendered":"<ul>\n<li>Proporciona un punto de referencia estable y claramente visible para tareas de topograf\u00eda.<\/li>\n<li>El dise\u00f1o seccional permite un f\u00e1cil transporte y un montaje r\u00e1pido.<\/li>\n<li>Compatible con receptores GNSS, mini prismas y varios accesorios de campo<\/li>\n<li>La punta extra\u00edble mejora la versatilidad para diferentes tipos de terreno.<\/li>\n<li>Construcci\u00f3n duradera adecuada para uso diario a largo plazo.<\/li>\n<\/ul>","protected":false},"featured_media":5263,"comment_status":"open","ping_status":"closed","template":"","meta":[],"product_brand":[],"product_cat":[89,149],"product_tag":[],"class_list":{"0":"post-5269","1":"product","2":"type-product","3":"status-publish","4":"has-post-thumbnail","6":"product_cat-surveying-pole-rod","7":"product_cat-pin-pole","9":"first","10":"instock","11":"shipping-taxable","12":"product-type-simple"},"_links":{"self":[{"href":"https:\/\/mountlaser.com\/es\/wp-json\/wp\/v2\/product\/5269","targetHints":{"allow":["GET"]}}],"collection":[{"href":"https:\/\/mountlaser.com\/es\/wp-json\/wp\/v2\/product"}],"about":[{"href":"https:\/\/mountlaser.com\/es\/wp-json\/wp\/v2\/types\/product"}],"replies":[{"embeddable":true,"href":"https:\/\/mountlaser.com\/es\/wp-json\/wp\/v2\/comments?post=5269"}],"wp:featuredmedia":[{"embeddable":true,"href":"https:\/\/mountlaser.com\/es\/wp-json\/wp\/v2\/media\/5263"}],"wp:attachment":[{"href":"https:\/\/mountlaser.com\/es\/wp-json\/wp\/v2\/media?parent=5269"}],"wp:term":[{"taxonomy":"product_brand","embeddable":true,"href":"https:\/\/mountlaser.com\/es\/wp-json\/wp\/v2\/product_brand?post=5269"},{"taxonomy":"product_cat","embeddable":true,"href":"https:\/\/mountlaser.com\/es\/wp-json\/wp\/v2\/product_cat?post=5269"},{"taxonomy":"product_tag","embeddable":true,"href":"https:\/\/mountlaser.com\/es\/wp-json\/wp\/v2\/product_tag?post=5269"}],"curies":[{"name":"wp","href":"https:\/\/api.w.org\/{rel}","templated":true}]}}