{"id":5261,"date":"2025-12-03T07:43:46","date_gmt":"2025-12-03T07:43:46","guid":{"rendered":"https:\/\/mountlaser.com\/?post_type=product&#038;p=5261"},"modified":"2025-12-03T07:43:46","modified_gmt":"2025-12-03T07:43:46","slug":"chaining-pin","status":"publish","type":"product","link":"https:\/\/mountlaser.com\/es\/producto\/chaining-pin\/","title":{"rendered":"Pasador de encadenamiento"},"content":{"rendered":"<p>El pasador de encadenamiento es una herramienta esencial para la medici\u00f3n y alineaci\u00f3n de distancias, que ofrece durabilidad y alta visibilidad para aplicaciones de topograf\u00eda de campo. Dise\u00f1ado para brindar confiabilidad., <a href=\"https:\/\/mountlaser.com\/es\/\"><strong>Encadenamiento de pasadores en topograf\u00eda<\/strong><\/a> Est\u00e1n fabricados con acero resistente para muelles y recubiertos con colores alternados rojo y blanco para m\u00e1xima visibilidad en diversos terrenos. Ya sea para marcar puntos intermedios o trazar largas distancias, cada uno... <a href=\"https:\/\/mountlaser.com\/es\/categoria-producto\/surveying-pole-rod\/\"><strong>Pasador de encadenamiento<\/strong><\/a> Proporciona un rendimiento constante y facilidad de colocaci\u00f3n.<\/p>\n<p>Disponibles en m\u00faltiples di\u00e1metros y longitudes, los pasadores de encadenamiento para topograf\u00eda permiten a los profesionales seleccionar el tama\u00f1o adecuado para su flujo de trabajo espec\u00edfico. Su robusta estructura de acero con resorte garantiza que los pasadores mantengan su forma incluso con inserciones repetidas en el terreno. Estas vers\u00e1tiles opciones de pasadores de encadenamiento son ideales para levantamientos topogr\u00e1ficos, replanteos de construcci\u00f3n y tareas generales de medici\u00f3n de terrenos.<\/p>\n<p>Al combinar resistencia, visibilidad y m\u00faltiples selecciones de tama\u00f1o, <a href=\"https:\/\/mountlaser.com\/es\/contact-us\/\">Encadenamiento de pasadores en topograf\u00eda<\/a> Ofrecer un rendimiento confiable para los equipos de topograf\u00eda que requieren precisi\u00f3n y eficiencia en cada proyecto.<\/p>\n<div>\n<table style=\"border-collapse: collapse; width: 284.27pt;\" border=\"0\" width=\"379\" cellspacing=\"0\" cellpadding=\"0\">\n<tbody>\n<tr style=\"height: 14.25pt;\">\n<td class=\"et2\" style=\"height: 14.25pt; width: 99.75pt;\" width=\"133\" height=\"19\">N\u00daMERO<\/td>\n<td class=\"et3\" style=\"width: 75.75pt;\" width=\"101\">DI\u00c1METRO<\/td>\n<td class=\"et3\" style=\"width: 108.75pt;\" width=\"145\">LONGITUD<\/td>\n<\/tr>\n<tr style=\"height: 14.25pt;\">\n<td class=\"et4\" style=\"height: 14.25pt;\" height=\"19\">CP4030<\/td>\n<td class=\"et4\">4,0 mm<\/td>\n<td class=\"et4\">30 cent\u00edmetros<\/td>\n<\/tr>\n<tr style=\"height: 14.25pt;\">\n<td class=\"et4\" style=\"height: 14.25pt;\" height=\"19\">CP4050<\/td>\n<td class=\"et4\">4,0 mm<\/td>\n<td class=\"et4\">50 cent\u00edmetros<\/td>\n<\/tr>\n<tr style=\"height: 14.25pt;\">\n<td class=\"et4\" style=\"height: 14.25pt;\" height=\"19\">CP6030<\/td>\n<td class=\"et4\">6,0 mm<\/td>\n<td class=\"et4\">30 cent\u00edmetros<\/td>\n<\/tr>\n<tr style=\"height: 14.25pt;\">\n<td class=\"et4\" style=\"height: 14.25pt;\" height=\"19\">CP6050<\/td>\n<td class=\"et4\">6,0 mm<\/td>\n<td class=\"et4\">50 cent\u00edmetros<\/td>\n<\/tr>\n<tr style=\"height: 14.25pt;\">\n<td class=\"et4\" style=\"height: 14.25pt;\" height=\"19\">CP6060<\/td>\n<td class=\"et4\">6,0 mm<\/td>\n<td class=\"et4\">60 cent\u00edmetros<\/td>\n<\/tr>\n<tr style=\"height: 14.25pt;\">\n<td class=\"et4\" style=\"height: 14.25pt;\" height=\"19\">CP80100<\/td>\n<td class=\"et4\">8,0 mm<\/td>\n<td class=\"et4\">100 cent\u00edmetros<\/td>\n<\/tr>\n<\/tbody>\n<\/table>\n<p><img fetchpriority=\"high\" decoding=\"async\" class=\"aligncenter wp-image-5258\" src=\"https:\/\/mountlaser.com\/wp-content\/uploads\/2025\/12\/Chaning-Pin5.webp\" alt=\"Chaining pins in surveying\" width=\"500\" height=\"500\" srcset=\"https:\/\/mountlaser.com\/wp-content\/uploads\/2025\/12\/Chaning-Pin5.webp 1000w, https:\/\/mountlaser.com\/wp-content\/uploads\/2025\/12\/Chaning-Pin5-300x300.webp 300w, https:\/\/mountlaser.com\/wp-content\/uploads\/2025\/12\/Chaning-Pin5-150x150.webp 150w, https:\/\/mountlaser.com\/wp-content\/uploads\/2025\/12\/Chaning-Pin5-768x768.webp 768w, https:\/\/mountlaser.com\/wp-content\/uploads\/2025\/12\/Chaning-Pin5-12x12.webp 12w, https:\/\/mountlaser.com\/wp-content\/uploads\/2025\/12\/Chaning-Pin5-600x600.webp 600w, https:\/\/mountlaser.com\/wp-content\/uploads\/2025\/12\/Chaning-Pin5-800x800.webp 800w, https:\/\/mountlaser.com\/wp-content\/uploads\/2025\/12\/Chaning-Pin5-400x400.webp 400w\" sizes=\"(max-width: 500px) 100vw, 500px\" \/><\/p>\n<\/div>","protected":false},"excerpt":{"rendered":"<ul>\n<li>Alta visibilidad: el revestimiento alternado de rojo y blanco garantiza una f\u00e1cil identificaci\u00f3n a largas distancias.<\/li>\n<li>Construcci\u00f3n duradera: hecha de acero el\u00e1stico para mayor resistencia y flexibilidad a largo plazo.<\/li>\n<li>Varios tama\u00f1os disponibles: di\u00e1metros de 4 mm a 8 mm y longitudes que van desde 30 cm a 100 cm.<\/li>\n<li>Marcado de precisi\u00f3n: ideal para medir distancias, encadenar alineaciones y marcar puntos topogr\u00e1ficos.<\/li>\n<\/ul>","protected":false},"featured_media":5255,"comment_status":"open","ping_status":"closed","template":"","meta":[],"product_brand":[],"product_cat":[89,148],"product_tag":[],"class_list":{"0":"post-5261","1":"product","2":"type-product","3":"status-publish","4":"has-post-thumbnail","6":"product_cat-surveying-pole-rod","7":"product_cat-chaining-pin","9":"first","10":"instock","11":"shipping-taxable","12":"product-type-simple"},"_links":{"self":[{"href":"https:\/\/mountlaser.com\/es\/wp-json\/wp\/v2\/product\/5261","targetHints":{"allow":["GET"]}}],"collection":[{"href":"https:\/\/mountlaser.com\/es\/wp-json\/wp\/v2\/product"}],"about":[{"href":"https:\/\/mountlaser.com\/es\/wp-json\/wp\/v2\/types\/product"}],"replies":[{"embeddable":true,"href":"https:\/\/mountlaser.com\/es\/wp-json\/wp\/v2\/comments?post=5261"}],"wp:featuredmedia":[{"embeddable":true,"href":"https:\/\/mountlaser.com\/es\/wp-json\/wp\/v2\/media\/5255"}],"wp:attachment":[{"href":"https:\/\/mountlaser.com\/es\/wp-json\/wp\/v2\/media?parent=5261"}],"wp:term":[{"taxonomy":"product_brand","embeddable":true,"href":"https:\/\/mountlaser.com\/es\/wp-json\/wp\/v2\/product_brand?post=5261"},{"taxonomy":"product_cat","embeddable":true,"href":"https:\/\/mountlaser.com\/es\/wp-json\/wp\/v2\/product_cat?post=5261"},{"taxonomy":"product_tag","embeddable":true,"href":"https:\/\/mountlaser.com\/es\/wp-json\/wp\/v2\/product_tag?post=5261"}],"curies":[{"name":"wp","href":"https:\/\/api.w.org\/{rel}","templated":true}]}}