{"id":5246,"date":"2025-12-03T07:14:47","date_gmt":"2025-12-03T07:14:47","guid":{"rendered":"https:\/\/mountlaser.com\/?post_type=product&#038;p=5246"},"modified":"2025-12-03T07:14:47","modified_gmt":"2025-12-03T07:14:47","slug":"rp-is-range-pole","status":"publish","type":"product","link":"https:\/\/mountlaser.com\/es\/producto\/rp-is-range-pole\/","title":{"rendered":"Poste de alcance RP-IS"},"content":{"rendered":"<p>El <a href=\"https:\/\/mountlaser.com\/es\/\"><strong>Poste de alcance RP-IS<\/strong><\/a> Es una soluci\u00f3n duradera y fiable, dise\u00f1ada para mediciones de campo precisas y aplicaciones topogr\u00e1ficas profesionales. Fabricado con acero resistente, el jal\u00f3n RP-IS garantiza estabilidad y precisi\u00f3n a largo plazo, lo que lo hace ideal para entornos exteriores hostiles. Como parte de la categor\u00eda de... <a href=\"https:\/\/mountlaser.com\/es\/categoria-producto\/surveying-pole-rod\/\"><strong>Varillas de medici\u00f3n para topograf\u00eda<\/strong><\/a>, Este modelo ofrece un rendimiento confiable para alineaci\u00f3n, replanteo y marcado de posici\u00f3n en diversos terrenos.<\/p>\n<p>Con una estructura de tubo de acero con inserto, el jal\u00f3n RP-IS ofrece una rigidez excepcional para mantener una posici\u00f3n vertical constante. El dise\u00f1o de banda de 50 cm pintada en rojo y blanco mejora la visibilidad, permitiendo una punter\u00eda precisa a largas distancias. Disponibles en secciones modulares de 1 m, estos jalones pueden extenderse a 1 m, 2 m o 3 m seg\u00fan las necesidades del proyecto, lo que proporciona una flexibilidad inigualable en el campo.<\/p>\n<div>\n<table style=\"border-collapse: collapse; width: 444.77pt;\" border=\"0\" width=\"593\" cellspacing=\"0\" cellpadding=\"0\">\n<tbody>\n<tr style=\"height: 14.25pt;\">\n<td class=\"et2\" style=\"height: 14.25pt; width: 99.75pt;\" width=\"133\" height=\"19\">N\u00daMERO<\/td>\n<td class=\"et3\" style=\"width: 75.75pt;\" width=\"101\">MATERIAL<\/td>\n<td class=\"et3\" style=\"width: 219.75pt;\" width=\"293\">LONGITUD<\/td>\n<td class=\"et4\" style=\"width: 49.50pt;\" width=\"66\">IMAGEN<\/td>\n<\/tr>\n<tr style=\"height: 14.25pt;\">\n<td class=\"et5\" style=\"height: 14.25pt;\" height=\"19\">RP-IS11\/22\/33<\/td>\n<td class=\"et6\">Acero fuerte<\/td>\n<td class=\"et6\">1 m x 1\/2\/3 secciones, extensible a 1\/2\/3 m<\/td>\n<td class=\"et7\"><img fetchpriority=\"high\" decoding=\"async\" class=\"alignnone wp-image-5249\" src=\"https:\/\/mountlaser.com\/wp-content\/uploads\/2025\/12\/RP-IS3.webp\" alt=\"RP-IS Range Pole\" width=\"500\" height=\"500\" srcset=\"https:\/\/mountlaser.com\/wp-content\/uploads\/2025\/12\/RP-IS3.webp 1000w, https:\/\/mountlaser.com\/wp-content\/uploads\/2025\/12\/RP-IS3-300x300.webp 300w, https:\/\/mountlaser.com\/wp-content\/uploads\/2025\/12\/RP-IS3-150x150.webp 150w, https:\/\/mountlaser.com\/wp-content\/uploads\/2025\/12\/RP-IS3-768x768.webp 768w, https:\/\/mountlaser.com\/wp-content\/uploads\/2025\/12\/RP-IS3-12x12.webp 12w, https:\/\/mountlaser.com\/wp-content\/uploads\/2025\/12\/RP-IS3-600x600.webp 600w, https:\/\/mountlaser.com\/wp-content\/uploads\/2025\/12\/RP-IS3-800x800.webp 800w, https:\/\/mountlaser.com\/wp-content\/uploads\/2025\/12\/RP-IS3-400x400.webp 400w\" sizes=\"(max-width: 500px) 100vw, 500px\" \/><\/td>\n<\/tr>\n<\/tbody>\n<\/table>\n<\/div>","protected":false},"excerpt":{"rendered":"<ul>\n<li>Tubo de acero de alta resistencia: la estructura tipo inserto garantiza una excelente rigidez y durabilidad a largo plazo.<\/li>\n<li>Visibilidad mejorada: la pintura en aerosol con bandas rojas y blancas de 50 cm mejora el reconocimiento de la alineaci\u00f3n en diversas condiciones.<\/li>\n<li>Opciones de longitud modular: configurable en secciones de 1 m para extender hasta 3 m para aplicaciones de topograf\u00eda flexibles.<\/li>\n<li>Ideal para uso profesional: adecuado para dise\u00f1o de construcci\u00f3n, topograf\u00eda de ingenier\u00eda, medici\u00f3n de terrenos y marcado de puntos de control.<\/li>\n<\/ul>","protected":false},"featured_media":5247,"comment_status":"open","ping_status":"closed","template":"","meta":[],"product_brand":[],"product_cat":[89,147],"product_tag":[],"class_list":{"0":"post-5246","1":"product","2":"type-product","3":"status-publish","4":"has-post-thumbnail","6":"product_cat-surveying-pole-rod","7":"product_cat-range-pole","9":"first","10":"instock","11":"shipping-taxable","12":"product-type-simple"},"_links":{"self":[{"href":"https:\/\/mountlaser.com\/es\/wp-json\/wp\/v2\/product\/5246","targetHints":{"allow":["GET"]}}],"collection":[{"href":"https:\/\/mountlaser.com\/es\/wp-json\/wp\/v2\/product"}],"about":[{"href":"https:\/\/mountlaser.com\/es\/wp-json\/wp\/v2\/types\/product"}],"replies":[{"embeddable":true,"href":"https:\/\/mountlaser.com\/es\/wp-json\/wp\/v2\/comments?post=5246"}],"wp:featuredmedia":[{"embeddable":true,"href":"https:\/\/mountlaser.com\/es\/wp-json\/wp\/v2\/media\/5247"}],"wp:attachment":[{"href":"https:\/\/mountlaser.com\/es\/wp-json\/wp\/v2\/media?parent=5246"}],"wp:term":[{"taxonomy":"product_brand","embeddable":true,"href":"https:\/\/mountlaser.com\/es\/wp-json\/wp\/v2\/product_brand?post=5246"},{"taxonomy":"product_cat","embeddable":true,"href":"https:\/\/mountlaser.com\/es\/wp-json\/wp\/v2\/product_cat?post=5246"},{"taxonomy":"product_tag","embeddable":true,"href":"https:\/\/mountlaser.com\/es\/wp-json\/wp\/v2\/product_tag?post=5246"}],"curies":[{"name":"wp","href":"https:\/\/api.w.org\/{rel}","templated":true}]}}