{"id":5236,"date":"2025-12-03T06:43:31","date_gmt":"2025-12-03T06:43:31","guid":{"rendered":"https:\/\/mountlaser.com\/?post_type=product&#038;p=5236"},"modified":"2025-12-03T06:43:32","modified_gmt":"2025-12-03T06:43:32","slug":"rp-ca-cas-range-pole","status":"publish","type":"product","link":"https:\/\/mountlaser.com\/es\/producto\/rp-ca-cas-range-pole\/","title":{"rendered":"Poste de alcance RP-CA\/CAS"},"content":{"rendered":"<p>El <a href=\"https:\/\/mountlaser.com\/es\/\"><strong>Poste de aluminio<\/strong><\/a> Es un jal\u00f3n topogr\u00e1fico de calidad profesional dise\u00f1ado para un marcado preciso de puntos y una alineaci\u00f3n vertical fiable en aplicaciones de campo. Dise\u00f1ado con un tubo telesc\u00f3pico de precisi\u00f3n, el jal\u00f3n de aluminio ofrece excelente rigidez, extensi\u00f3n suave y larga durabilidad para tareas de topograf\u00eda, construcci\u00f3n y geoespaciales.<\/p>\n<p>El <a href=\"https:\/\/mountlaser.com\/es\/categoria-producto\/surveying-pole-rod\/\"><strong>Poste de alcance RP-CA\/CAS<\/strong><\/a> La serie RP-CA\/CAS presenta una construcci\u00f3n ligera de aluminio combinada con un confiable sistema de bloqueo por compresi\u00f3n (C) que garantiza un ajuste de altura estable durante el uso. Disponible en configuraciones de 2, 3 y 5 m, el poste extensible RP-CA\/CAS ofrece una versatilidad excepcional y es f\u00e1cil de transportar gracias a su bolsa de transporte incluida. Cada uno<a href=\"https:\/\/mountlaser.com\/es\/contact-us\/\"> Poste de aluminio<\/a> Est\u00e1 dise\u00f1ado para brindar un rendimiento constante y de alta precisi\u00f3n en entornos de campo exigentes.<\/p>\n<div>\n<table style=\"border-collapse: collapse; width: 395.27pt;\" border=\"0\" width=\"527\" cellspacing=\"0\" cellpadding=\"0\">\n<tbody>\n<tr style=\"height: 14.25pt;\">\n<td class=\"et2\" style=\"height: 14.25pt; width: 99.75pt;\" width=\"133\" height=\"19\">N\u00daMERO<\/td>\n<td class=\"et3\" style=\"width: 75.75pt;\" width=\"101\">MATERIAL<\/td>\n<td class=\"et3\" style=\"width: 219.75pt;\" width=\"293\">LONGITUD<\/td>\n<\/tr>\n<tr style=\"height: 14.25pt;\">\n<td class=\"et4\" style=\"height: 14.25pt;\" height=\"19\">RP-CA22\/33\/53<\/td>\n<td class=\"et4\">Aluminio<\/td>\n<td class=\"et4\">Ampliar a 2\/3\/5m, 2\/3\/3 secciones<\/td>\n<\/tr>\n<tr style=\"height: 14.25pt;\">\n<td class=\"et4\" style=\"height: 14.25pt;\" height=\"19\">RP-CAS22\/33\/53<\/td>\n<td class=\"et4\">Aluminio<\/td>\n<td class=\"et4\">Ampliar a 2\/3\/5m, 2\/3\/3 secciones<\/td>\n<\/tr>\n<\/tbody>\n<\/table>\n<p><img fetchpriority=\"high\" decoding=\"async\" class=\"aligncenter wp-image-5237\" src=\"https:\/\/mountlaser.com\/wp-content\/uploads\/2025\/12\/RP-CA1.webp\" alt=\"Aluminum Range Pole\" width=\"500\" height=\"500\" srcset=\"https:\/\/mountlaser.com\/wp-content\/uploads\/2025\/12\/RP-CA1.webp 1000w, https:\/\/mountlaser.com\/wp-content\/uploads\/2025\/12\/RP-CA1-300x300.webp 300w, https:\/\/mountlaser.com\/wp-content\/uploads\/2025\/12\/RP-CA1-150x150.webp 150w, https:\/\/mountlaser.com\/wp-content\/uploads\/2025\/12\/RP-CA1-768x768.webp 768w, https:\/\/mountlaser.com\/wp-content\/uploads\/2025\/12\/RP-CA1-12x12.webp 12w, https:\/\/mountlaser.com\/wp-content\/uploads\/2025\/12\/RP-CA1-600x600.webp 600w, https:\/\/mountlaser.com\/wp-content\/uploads\/2025\/12\/RP-CA1-800x800.webp 800w, https:\/\/mountlaser.com\/wp-content\/uploads\/2025\/12\/RP-CA1-400x400.webp 400w\" sizes=\"(max-width: 500px) 100vw, 500px\" \/><\/p>\n<\/div>","protected":false},"excerpt":{"rendered":"<ul>\n<li>Ajuste de altura: Los tubos telesc\u00f3picos de aluminio con bloqueo de compresi\u00f3n mantienen una extensi\u00f3n segura durante las tareas de topograf\u00eda.<\/li>\n<li>Alta visibilidad y precisi\u00f3n: garantiza una visi\u00f3n clara y una referencia vertical precisa para flujos de trabajo de estaci\u00f3n total o GNSS.<\/li>\n<li>Construcci\u00f3n duradera: el aluminio resistente a la corrosi\u00f3n proporciona resistencia sin exceso de peso.<\/li>\n<li>Comodidad en el campo: el dise\u00f1o liviano y la bolsa de transporte incluida facilitan una implementaci\u00f3n y un transporte r\u00e1pidos.<\/li>\n<\/ul>","protected":false},"featured_media":5237,"comment_status":"open","ping_status":"closed","template":"","meta":[],"product_brand":[],"product_cat":[89,147],"product_tag":[],"class_list":{"0":"post-5236","1":"product","2":"type-product","3":"status-publish","4":"has-post-thumbnail","6":"product_cat-surveying-pole-rod","7":"product_cat-range-pole","9":"first","10":"instock","11":"shipping-taxable","12":"product-type-simple"},"_links":{"self":[{"href":"https:\/\/mountlaser.com\/es\/wp-json\/wp\/v2\/product\/5236","targetHints":{"allow":["GET"]}}],"collection":[{"href":"https:\/\/mountlaser.com\/es\/wp-json\/wp\/v2\/product"}],"about":[{"href":"https:\/\/mountlaser.com\/es\/wp-json\/wp\/v2\/types\/product"}],"replies":[{"embeddable":true,"href":"https:\/\/mountlaser.com\/es\/wp-json\/wp\/v2\/comments?post=5236"}],"wp:featuredmedia":[{"embeddable":true,"href":"https:\/\/mountlaser.com\/es\/wp-json\/wp\/v2\/media\/5237"}],"wp:attachment":[{"href":"https:\/\/mountlaser.com\/es\/wp-json\/wp\/v2\/media?parent=5236"}],"wp:term":[{"taxonomy":"product_brand","embeddable":true,"href":"https:\/\/mountlaser.com\/es\/wp-json\/wp\/v2\/product_brand?post=5236"},{"taxonomy":"product_cat","embeddable":true,"href":"https:\/\/mountlaser.com\/es\/wp-json\/wp\/v2\/product_cat?post=5236"},{"taxonomy":"product_tag","embeddable":true,"href":"https:\/\/mountlaser.com\/es\/wp-json\/wp\/v2\/product_tag?post=5236"}],"curies":[{"name":"wp","href":"https:\/\/api.w.org\/{rel}","templated":true}]}}