{"id":5231,"date":"2025-12-03T05:58:07","date_gmt":"2025-12-03T05:58:07","guid":{"rendered":"https:\/\/mountlaser.com\/?post_type=product&#038;p=5231"},"modified":"2025-12-03T05:58:07","modified_gmt":"2025-12-03T05:58:07","slug":"rp-a-s-range-pole","status":"publish","type":"product","link":"https:\/\/mountlaser.com\/es\/producto\/rp-a-s-range-pole\/","title":{"rendered":"Poste de alcance RP-A\/S"},"content":{"rendered":"<p>El <a href=\"https:\/\/mountlaser.com\/es\/categoria-producto\/surveying-pole-rod\/\"><strong>Poste de alcance RP-A\/S<\/strong><\/a> Es una herramienta topogr\u00e1fica duradera y fiable, dise\u00f1ada para marcar puntos con precisi\u00f3n y alinear la l\u00ednea de visi\u00f3n en el campo. Dise\u00f1ado para profesionales que requieren referencias estables y precisas, el...<a href=\"https:\/\/mountlaser.com\/es\/about-us\/\"><strong> poste de medici\u00f3n<\/strong> <\/a>Ofrece un rendimiento excepcional en aplicaciones de construcci\u00f3n, agrimensura, ingenier\u00eda y topograf\u00eda. Disponible en aluminio de alta resistencia (RP-A22\/33\/55) o acero robusto (RP-S22\/33\/55), el jal\u00f3n ofrece una integridad estructural duradera incluso en entornos hostiles.<\/p>\n<p>Cada jal\u00f3n presenta un dise\u00f1o compacto de secci\u00f3n de 1 metro, lo que permite a los usuarios ensamblar r\u00e1pidamente configuraciones de 2 m, 3 m o 5 m seg\u00fan las necesidades del trabajo. Su construcci\u00f3n segmentada facilita el transporte, mientras que la bolsa de transporte incluida garantiza un f\u00e1cil manejo en la obra. Con marcas de colores vibrantes y ajustes precisos de las secciones, el jal\u00f3n... <a href=\"https:\/\/mountlaser.com\/es\/contact-us\/\">Poste de alcance RP-A\/S<\/a> Proporciona una excelente visibilidad y una alineaci\u00f3n vertical confiable durante las tareas de topograf\u00eda.<\/p>\n<p><img fetchpriority=\"high\" decoding=\"async\" class=\"aligncenter wp-image-5233\" src=\"https:\/\/mountlaser.com\/wp-content\/uploads\/2025\/12\/RP-Range-Pole4.webp\" alt=\"ranging pole\" width=\"500\" height=\"500\" srcset=\"https:\/\/mountlaser.com\/wp-content\/uploads\/2025\/12\/RP-Range-Pole4.webp 800w, https:\/\/mountlaser.com\/wp-content\/uploads\/2025\/12\/RP-Range-Pole4-300x300.webp 300w, https:\/\/mountlaser.com\/wp-content\/uploads\/2025\/12\/RP-Range-Pole4-150x150.webp 150w, https:\/\/mountlaser.com\/wp-content\/uploads\/2025\/12\/RP-Range-Pole4-768x768.webp 768w, https:\/\/mountlaser.com\/wp-content\/uploads\/2025\/12\/RP-Range-Pole4-12x12.webp 12w, https:\/\/mountlaser.com\/wp-content\/uploads\/2025\/12\/RP-Range-Pole4-600x600.webp 600w, https:\/\/mountlaser.com\/wp-content\/uploads\/2025\/12\/RP-Range-Pole4-400x400.webp 400w\" sizes=\"(max-width: 500px) 100vw, 500px\" \/><\/p>\n<div>\n<table style=\"border-collapse: collapse; width: 395.27pt;\" border=\"0\" width=\"527\" cellspacing=\"0\" cellpadding=\"0\">\n<tbody>\n<tr style=\"height: 14.25pt;\">\n<td class=\"et2\" style=\"height: 14.25pt; width: 99.75pt;\" width=\"133\" height=\"19\">N\u00daMERO<\/td>\n<td class=\"et3\" style=\"width: 75.75pt;\" width=\"101\">MATERIAL<\/td>\n<td class=\"et3\" style=\"width: 219.75pt;\" width=\"293\">LONGITUD<\/td>\n<\/tr>\n<tr style=\"height: 14.25pt;\">\n<td class=\"et4\" style=\"height: 14.25pt;\" height=\"19\">RP-A22\/33\/55<\/td>\n<td class=\"et4\">Aluminio<\/td>\n<td class=\"et4\">1 m x 2\/3\/5 secciones, extensible a 2\/3\/5 m<\/td>\n<\/tr>\n<tr style=\"height: 14.25pt;\">\n<td class=\"et4\" style=\"height: 14.25pt;\" height=\"19\">RP-S22\/33\/55<\/td>\n<td class=\"et4\">Acero fuerte<\/td>\n<td class=\"et4\">1 m x 2\/3\/5 secciones, extensible a 2\/3\/5 m<\/td>\n<\/tr>\n<\/tbody>\n<\/table>\n<\/div>","protected":false},"excerpt":{"rendered":"<ul>\n<li>Configurabilidad de altura: secciones de 1 metro que se ensamblan en configuraciones de postes de medici\u00f3n de 2 m, 3 m o 5 m.<\/li>\n<li>Opciones de material: Los modelos de aluminio (RP-A22\/33\/55) priorizan el manejo liviano, mientras que los modelos de acero (RP-S22\/33\/55) maximizan la resistencia.<\/li>\n<li>Alta visibilidad: dise\u00f1ado para una visi\u00f3n y alineaci\u00f3n claras a largas distancias.<\/li>\n<li>Durabilidad en campo: dise\u00f1ado para soportar condiciones exteriores con estabilidad a largo plazo.<\/li>\n<li>F\u00e1cil transporte: todos los modelos de postes de medici\u00f3n RP-A\/S incluyen una bolsa de transporte para una movilidad eficiente en el campo.<\/li>\n<\/ul>","protected":false},"featured_media":5232,"comment_status":"open","ping_status":"closed","template":"","meta":[],"product_brand":[],"product_cat":[89],"product_tag":[],"class_list":{"0":"post-5231","1":"product","2":"type-product","3":"status-publish","4":"has-post-thumbnail","6":"product_cat-surveying-pole-rod","8":"first","9":"instock","10":"shipping-taxable","11":"product-type-simple"},"_links":{"self":[{"href":"https:\/\/mountlaser.com\/es\/wp-json\/wp\/v2\/product\/5231","targetHints":{"allow":["GET"]}}],"collection":[{"href":"https:\/\/mountlaser.com\/es\/wp-json\/wp\/v2\/product"}],"about":[{"href":"https:\/\/mountlaser.com\/es\/wp-json\/wp\/v2\/types\/product"}],"replies":[{"embeddable":true,"href":"https:\/\/mountlaser.com\/es\/wp-json\/wp\/v2\/comments?post=5231"}],"wp:featuredmedia":[{"embeddable":true,"href":"https:\/\/mountlaser.com\/es\/wp-json\/wp\/v2\/media\/5232"}],"wp:attachment":[{"href":"https:\/\/mountlaser.com\/es\/wp-json\/wp\/v2\/media?parent=5231"}],"wp:term":[{"taxonomy":"product_brand","embeddable":true,"href":"https:\/\/mountlaser.com\/es\/wp-json\/wp\/v2\/product_brand?post=5231"},{"taxonomy":"product_cat","embeddable":true,"href":"https:\/\/mountlaser.com\/es\/wp-json\/wp\/v2\/product_cat?post=5231"},{"taxonomy":"product_tag","embeddable":true,"href":"https:\/\/mountlaser.com\/es\/wp-json\/wp\/v2\/product_tag?post=5231"}],"curies":[{"name":"wp","href":"https:\/\/api.w.org\/{rel}","templated":true}]}}