{"id":5193,"date":"2025-12-03T02:46:05","date_gmt":"2025-12-03T02:46:05","guid":{"rendered":"https:\/\/mountlaser.com\/?post_type=product&#038;p=5193"},"modified":"2025-12-03T05:06:30","modified_gmt":"2025-12-03T05:06:30","slug":"gp220tlb-ac-gps-pole-twist-lock","status":"publish","type":"product","link":"https:\/\/mountlaser.com\/es\/producto\/gp220tlb-ac-gps-pole-twist-lock\/","title":{"rendered":"Bloqueo giratorio para bast\u00f3n GPS GP220TLB-AC"},"content":{"rendered":"<p>Presentando el <a href=\"https:\/\/mountlaser.com\/es\/categoria-producto\/surveying-pole-rod\/\"><strong>Bloqueo giratorio para bast\u00f3n GPS GP220TLB-AC<\/strong><\/a>, Un poste topogr\u00e1fico de calidad profesional dise\u00f1ado para brindar precisi\u00f3n, durabilidad y un rendimiento de campo confiable. Dise\u00f1ado como... <a href=\"https:\/\/mountlaser.com\/es\/about-us\/\"><strong>Bast\u00f3n GPS Rover de punta fija de grado m\u00e9trico de 2,5 m<\/strong><\/a>, Este modelo garantiza mediciones de altura precisas y una captura de datos GNSS estable en entornos exigentes. El bloqueo giratorio para bast\u00f3n GPS GP220TLB-AC integra un mecanismo de bloqueo giratorio suave y seguro que permite a los top\u00f3grafos ajustar r\u00e1pidamente el bast\u00f3n a la altura correcta, manteniendo una estabilidad absoluta durante su uso.<\/p>\n<p>Fabricado con una combinaci\u00f3n de aluminio y fibra de carbono econ\u00f3mica, el bast\u00f3n GPS Rover de punta fija de 2,5 m con graduaci\u00f3n m\u00e9trica ofrece un equilibrio ideal entre resistencia, peso y durabilidad a largo plazo. Cada unidad est\u00e1 equipada con una burbuja circular de 9 m y una robusta base de burbuja de aluminio con soporte, br\u00fajula y nivel de burbuja integrados, lo que proporciona una mayor precisi\u00f3n de configuraci\u00f3n en el campo. Una rosca de 5\/8\u2033-11 garantiza la compatibilidad con receptores y accesorios GNSS est\u00e1ndar, mientras que el estuche blando incluido facilita el transporte y la protecci\u00f3n durante el uso diario.<\/p>\n<p>Con su confiable dise\u00f1o de bloqueo giratorio, marcas de graduaci\u00f3n m\u00e9trica y punta fija s\u00f3lida, el <a href=\"https:\/\/mountlaser.com\/es\/contact-us\/\">Bloqueo giratorio para bast\u00f3n GPS GP220TLB-AC<\/a>\u00a0Es una herramienta indispensable para agrimensores, ingenieros de construcci\u00f3n, equipos de mapeo GNSS y profesionales de monitoreo que buscan un rendimiento confiable y resultados precisos.<\/p>\n<div>\n<table style=\"border-collapse: collapse; width: 669.77pt;\" border=\"0\" width=\"893\" cellspacing=\"0\" cellpadding=\"0\">\n<tbody>\n<tr style=\"height: 14.25pt;\">\n<td class=\"et2\" style=\"height: 14.25pt; width: 99.75pt;\" width=\"133\" height=\"19\">N\u00daMERO<\/td>\n<td class=\"et2\" style=\"width: 75.75pt;\" width=\"101\">EXTENSI\u00d3N<\/td>\n<td class=\"et3\" style=\"width: 46.50pt;\" width=\"62\">CERRAR<\/td>\n<td class=\"et3\" style=\"width: 49.50pt;\" width=\"66\">GRADUADOS<\/td>\n<td class=\"et3\" style=\"width: 176.25pt;\" width=\"235\">MATERIAL DEL TUBO<\/td>\n<td class=\"et3\" style=\"width: 114.00pt;\" width=\"152\">BASE DE BURBUJAS<\/td>\n<td class=\"et3\" style=\"width: 54.00pt;\" width=\"72\">DI\u00c1METRO<\/td>\n<td class=\"et4\" style=\"width: 54.00pt;\" width=\"72\">IMAGEN<\/td>\n<\/tr>\n<tr style=\"height: 14.25pt;\">\n<td class=\"et5\" style=\"height: 14.25pt;\" height=\"19\">GP220TLB-AC<\/td>\n<td class=\"et5\">220 cent\u00edmetros<\/td>\n<td class=\"et5\">Girar<\/td>\n<td class=\"et5\">cent\u00edmetro<\/td>\n<td class=\"et5\">Aluminio\/Fibra de carbono econ\u00f3mica<\/td>\n<td class=\"et5\">con soporte, br\u00fajula y burbuja<\/td>\n<td class=\"et5\">25\/32 mm<\/td>\n<td><img fetchpriority=\"high\" decoding=\"async\" class=\"alignnone wp-image-5205\" src=\"https:\/\/mountlaser.com\/wp-content\/uploads\/2025\/12\/GP220TLB-AC\uff082\uff09.webp\" alt=\"GP220TLB-AC GPS Pole Thread Lock\" width=\"500\" height=\"500\" srcset=\"https:\/\/mountlaser.com\/wp-content\/uploads\/2025\/12\/GP220TLB-AC\uff082\uff09.webp 1000w, https:\/\/mountlaser.com\/wp-content\/uploads\/2025\/12\/GP220TLB-AC\uff082\uff09-300x300.webp 300w, https:\/\/mountlaser.com\/wp-content\/uploads\/2025\/12\/GP220TLB-AC\uff082\uff09-150x150.webp 150w, https:\/\/mountlaser.com\/wp-content\/uploads\/2025\/12\/GP220TLB-AC\uff082\uff09-768x768.webp 768w, https:\/\/mountlaser.com\/wp-content\/uploads\/2025\/12\/GP220TLB-AC\uff082\uff09-12x12.webp 12w, https:\/\/mountlaser.com\/wp-content\/uploads\/2025\/12\/GP220TLB-AC\uff082\uff09-600x600.webp 600w, https:\/\/mountlaser.com\/wp-content\/uploads\/2025\/12\/GP220TLB-AC\uff082\uff09-800x800.webp 800w, https:\/\/mountlaser.com\/wp-content\/uploads\/2025\/12\/GP220TLB-AC\uff082\uff09-400x400.webp 400w\" sizes=\"(max-width: 500px) 100vw, 500px\" \/><\/td>\n<\/tr>\n<tr style=\"height: 14.25pt;\">\n<td class=\"et5\" style=\"height: 14.25pt;\" height=\"19\">GP220TL-AC<\/td>\n<td class=\"et5\">220 cent\u00edmetros<\/td>\n<td class=\"et5\">Girar<\/td>\n<td class=\"et5\">cent\u00edmetro<\/td>\n<td class=\"et5\">Aluminio\/Fibra de carbono de primera calidad<\/td>\n<td class=\"et5\">con burbuja<\/td>\n<td class=\"et5\">25\/32 mm<\/td>\n<td><img decoding=\"async\" class=\"alignnone wp-image-5200\" src=\"https:\/\/mountlaser.com\/wp-content\/uploads\/2025\/12\/GP220TL-AC7.webp\" alt=\"GP220TLB-AC GPS Pole Thread Lock\" width=\"500\" height=\"500\" srcset=\"https:\/\/mountlaser.com\/wp-content\/uploads\/2025\/12\/GP220TL-AC7.webp 1000w, https:\/\/mountlaser.com\/wp-content\/uploads\/2025\/12\/GP220TL-AC7-300x300.webp 300w, https:\/\/mountlaser.com\/wp-content\/uploads\/2025\/12\/GP220TL-AC7-150x150.webp 150w, https:\/\/mountlaser.com\/wp-content\/uploads\/2025\/12\/GP220TL-AC7-768x768.webp 768w, https:\/\/mountlaser.com\/wp-content\/uploads\/2025\/12\/GP220TL-AC7-12x12.webp 12w, https:\/\/mountlaser.com\/wp-content\/uploads\/2025\/12\/GP220TL-AC7-600x600.webp 600w, https:\/\/mountlaser.com\/wp-content\/uploads\/2025\/12\/GP220TL-AC7-800x800.webp 800w, https:\/\/mountlaser.com\/wp-content\/uploads\/2025\/12\/GP220TL-AC7-400x400.webp 400w\" sizes=\"(max-width: 500px) 100vw, 500px\" \/><\/td>\n<\/tr>\n<tr style=\"height: 14.25pt;\">\n<td class=\"et5\" style=\"height: 14.25pt;\" height=\"19\">GP250TL-AC<\/td>\n<td class=\"et5\">250 cent\u00edmetros<\/td>\n<td class=\"et5\">Girar<\/td>\n<td class=\"et5\">cent\u00edmetro<\/td>\n<td class=\"et5\">Aluminio\/Fibra de carbono de primera calidad<\/td>\n<td class=\"et5\">con burbuja<\/td>\n<td class=\"et5\">25\/32 mm<\/td>\n<td><img decoding=\"async\" class=\"alignnone wp-image-5216\" src=\"https:\/\/mountlaser.com\/wp-content\/uploads\/2025\/12\/GP250TL-AC4.webp\" alt=\"GP220TLB-AC GPS Pole Thread Lock\" width=\"500\" height=\"500\" srcset=\"https:\/\/mountlaser.com\/wp-content\/uploads\/2025\/12\/GP250TL-AC4.webp 1000w, https:\/\/mountlaser.com\/wp-content\/uploads\/2025\/12\/GP250TL-AC4-300x300.webp 300w, https:\/\/mountlaser.com\/wp-content\/uploads\/2025\/12\/GP250TL-AC4-150x150.webp 150w, https:\/\/mountlaser.com\/wp-content\/uploads\/2025\/12\/GP250TL-AC4-768x768.webp 768w, https:\/\/mountlaser.com\/wp-content\/uploads\/2025\/12\/GP250TL-AC4-12x12.webp 12w, https:\/\/mountlaser.com\/wp-content\/uploads\/2025\/12\/GP250TL-AC4-600x600.webp 600w, https:\/\/mountlaser.com\/wp-content\/uploads\/2025\/12\/GP250TL-AC4-800x800.webp 800w, https:\/\/mountlaser.com\/wp-content\/uploads\/2025\/12\/GP250TL-AC4-400x400.webp 400w\" sizes=\"(max-width: 500px) 100vw, 500px\" \/><\/td>\n<\/tr>\n<tr style=\"height: 14.25pt;\">\n<td class=\"et5\" style=\"height: 14.25pt;\" height=\"19\">GP220TLD-2C<\/td>\n<td class=\"et5\">220 cent\u00edmetros<\/td>\n<td class=\"et5\">Girar<\/td>\n<td class=\"et5\">cm\/pie<\/td>\n<td class=\"et5\">Aluminio\/Fibra de carbono de primera calidad<\/td>\n<td class=\"et5\">con burbuja<\/td>\n<td class=\"et5\">25\/32 mm<\/td>\n<td><img loading=\"lazy\" decoding=\"async\" class=\"alignnone wp-image-5218\" src=\"https:\/\/mountlaser.com\/wp-content\/uploads\/2025\/12\/GP250TL-AC6.webp\" alt=\"GP220TLB-AC GPS Pole Thread Lock\" width=\"500\" height=\"500\" srcset=\"https:\/\/mountlaser.com\/wp-content\/uploads\/2025\/12\/GP250TL-AC6.webp 1000w, https:\/\/mountlaser.com\/wp-content\/uploads\/2025\/12\/GP250TL-AC6-300x300.webp 300w, https:\/\/mountlaser.com\/wp-content\/uploads\/2025\/12\/GP250TL-AC6-150x150.webp 150w, https:\/\/mountlaser.com\/wp-content\/uploads\/2025\/12\/GP250TL-AC6-768x768.webp 768w, https:\/\/mountlaser.com\/wp-content\/uploads\/2025\/12\/GP250TL-AC6-12x12.webp 12w, https:\/\/mountlaser.com\/wp-content\/uploads\/2025\/12\/GP250TL-AC6-600x600.webp 600w, https:\/\/mountlaser.com\/wp-content\/uploads\/2025\/12\/GP250TL-AC6-800x800.webp 800w, https:\/\/mountlaser.com\/wp-content\/uploads\/2025\/12\/GP250TL-AC6-400x400.webp 400w\" sizes=\"(max-width: 500px) 100vw, 500px\" \/><\/td>\n<\/tr>\n<tr style=\"height: 14.25pt;\">\n<td class=\"et6\" style=\"height: 14.25pt;\" height=\"19\">GP250TLD-2C<\/td>\n<td class=\"et5\">250 cent\u00edmetros<\/td>\n<td class=\"et5\">Girar<\/td>\n<td class=\"et5\">cm\/pie<\/td>\n<td class=\"et5\">Fibra de carbono de primera calidad<\/td>\n<td class=\"et5\">con burbuja<\/td>\n<td class=\"et5\">25\/32 mm<\/td>\n<td><img loading=\"lazy\" decoding=\"async\" class=\"alignnone wp-image-5226\" src=\"https:\/\/mountlaser.com\/wp-content\/uploads\/2025\/12\/GP250TLD-CC6.webp\" alt=\"GP220TLB-AC GPS Pole Thread Lock\" width=\"500\" height=\"500\" srcset=\"https:\/\/mountlaser.com\/wp-content\/uploads\/2025\/12\/GP250TLD-CC6.webp 1000w, https:\/\/mountlaser.com\/wp-content\/uploads\/2025\/12\/GP250TLD-CC6-300x300.webp 300w, https:\/\/mountlaser.com\/wp-content\/uploads\/2025\/12\/GP250TLD-CC6-150x150.webp 150w, https:\/\/mountlaser.com\/wp-content\/uploads\/2025\/12\/GP250TLD-CC6-768x768.webp 768w, https:\/\/mountlaser.com\/wp-content\/uploads\/2025\/12\/GP250TLD-CC6-12x12.webp 12w, https:\/\/mountlaser.com\/wp-content\/uploads\/2025\/12\/GP250TLD-CC6-600x600.webp 600w, https:\/\/mountlaser.com\/wp-content\/uploads\/2025\/12\/GP250TLD-CC6-800x800.webp 800w, https:\/\/mountlaser.com\/wp-content\/uploads\/2025\/12\/GP250TLD-CC6-400x400.webp 400w\" sizes=\"(max-width: 500px) 100vw, 500px\" \/><\/td>\n<\/tr>\n<\/tbody>\n<\/table>\n<\/div>","protected":false},"excerpt":{"rendered":"<ul data-start=\"1639\" data-end=\"2157\">\n<li data-start=\"1639\" data-end=\"1733\">\n<p data-start=\"1641\" data-end=\"1733\">Ajuste de altura con bloqueo giratorio para un posicionamiento r\u00e1pido y estable en mediciones en grados m\u00e9tricos.<\/p>\n<\/li>\n<li data-start=\"1734\" data-end=\"1823\">\n<p data-start=\"1736\" data-end=\"1823\">El dise\u00f1o de punta fija garantiza un contacto estable con el suelo y reduce la desviaci\u00f3n de la medici\u00f3n.<\/p>\n<\/li>\n<li data-start=\"1824\" data-end=\"1913\">\n<p data-start=\"1826\" data-end=\"1913\">Soporte integrado, br\u00fajula y burbuja de 30\u2032 para nivelaci\u00f3n y orientaci\u00f3n r\u00e1pidas.<\/p>\n<\/li>\n<li data-start=\"1914\" data-end=\"2000\">\n<p data-start=\"1916\" data-end=\"2000\">Compatibilidad con rosca de 5\/8\u2033-11 compatible con la mayor\u00eda de los receptores GNSS y sistemas m\u00f3viles.<\/p>\n<\/li>\n<li data-start=\"2001\" data-end=\"2097\">\n<p data-start=\"2003\" data-end=\"2097\">Construcci\u00f3n h\u00edbrida duradera de aluminio y fibra de carbono econ\u00f3mica para una larga vida \u00fatil.<\/p>\n<\/li>\n<li data-start=\"2098\" data-end=\"2157\">\n<p data-start=\"2100\" data-end=\"2157\">Estuche de transporte suave incluido para un transporte seguro y f\u00e1cil.<\/p>\n<\/li>\n<\/ul>","protected":false},"featured_media":5204,"comment_status":"open","ping_status":"closed","template":"","meta":[],"product_brand":[],"product_cat":[89,146],"product_tag":[],"class_list":{"0":"post-5193","1":"product","2":"type-product","3":"status-publish","4":"has-post-thumbnail","6":"product_cat-surveying-pole-rod","7":"product_cat-gps-pole-twist-lock","9":"first","10":"instock","11":"shipping-taxable","12":"product-type-simple"},"_links":{"self":[{"href":"https:\/\/mountlaser.com\/es\/wp-json\/wp\/v2\/product\/5193","targetHints":{"allow":["GET"]}}],"collection":[{"href":"https:\/\/mountlaser.com\/es\/wp-json\/wp\/v2\/product"}],"about":[{"href":"https:\/\/mountlaser.com\/es\/wp-json\/wp\/v2\/types\/product"}],"replies":[{"embeddable":true,"href":"https:\/\/mountlaser.com\/es\/wp-json\/wp\/v2\/comments?post=5193"}],"wp:featuredmedia":[{"embeddable":true,"href":"https:\/\/mountlaser.com\/es\/wp-json\/wp\/v2\/media\/5204"}],"wp:attachment":[{"href":"https:\/\/mountlaser.com\/es\/wp-json\/wp\/v2\/media?parent=5193"}],"wp:term":[{"taxonomy":"product_brand","embeddable":true,"href":"https:\/\/mountlaser.com\/es\/wp-json\/wp\/v2\/product_brand?post=5193"},{"taxonomy":"product_cat","embeddable":true,"href":"https:\/\/mountlaser.com\/es\/wp-json\/wp\/v2\/product_cat?post=5193"},{"taxonomy":"product_tag","embeddable":true,"href":"https:\/\/mountlaser.com\/es\/wp-json\/wp\/v2\/product_tag?post=5193"}],"curies":[{"name":"wp","href":"https:\/\/api.w.org\/{rel}","templated":true}]}}