{"id":5186,"date":"2025-12-03T01:33:40","date_gmt":"2025-12-03T01:33:40","guid":{"rendered":"https:\/\/mountlaser.com\/?post_type=product&#038;p=5186"},"modified":"2025-12-03T05:08:31","modified_gmt":"2025-12-03T05:08:31","slug":"gls30-gps-pole-compression-snap-lock","status":"publish","type":"product","link":"https:\/\/mountlaser.com\/es\/producto\/gls30-gps-pole-compression-snap-lock\/","title":{"rendered":"Bast\u00f3n GPS GLS30 de compresi\u00f3n y bloqueo a presi\u00f3n"},"content":{"rendered":"<p>El <a href=\"https:\/\/mountlaser.com\/es\/\"><strong>Varilla Rover GPS de fibra de carbono de 2 metros<\/strong><\/a> Dise\u00f1ado para la topograf\u00eda GNSS profesional, ofrece resistencia, estabilidad y manejo ligero superiores en entornos de campo exigentes. Dise\u00f1ado con materiales de primera calidad, el GPS Rover Rod de fibra de carbono de 2 metros garantiza una rigidez excepcional y reduce la flexi\u00f3n durante la medici\u00f3n, lo que lo hace ideal para trabajos GNSS de precisi\u00f3n.<\/p>\n<p>La varilla es directamente compatible con una amplia gama de receptores GNSS y su calidad de construcci\u00f3n cumple con los est\u00e1ndares l\u00edderes de la industria. Como alternativa de alto rendimiento, la <a href=\"https:\/\/mountlaser.com\/es\/categoria-producto\/surveying-pole-rod\/\"><strong>Bast\u00f3n GNSS de carbono GLS30<\/strong><\/a> Proporciona una durabilidad excepcional y un funcionamiento suave tanto en condiciones de inspecci\u00f3n rutinarias como dif\u00edciles.<\/p>\n<p>Con un sistema fiable de compresi\u00f3n y cierre a presi\u00f3n, el bast\u00f3n GNSS de carbono GLS30 permite ajustes r\u00e1pidos de altura, manteniendo una estabilidad segura durante el uso. La base de burbuja de aluminio integrada con una burbuja circular de 9 m garantiza una nivelaci\u00f3n r\u00e1pida, mientras que la rosca de 16 mm (5\/8\u2033-11) permite el montaje universal de equipos GNSS.<\/p>\n<p>Construido con <a href=\"https:\/\/mountlaser.com\/es\/about-us\/\">fibra de carbono de primera calidad<\/a>, La varilla GPS Rover de fibra de carbono de 2 metros logra un excelente equilibrio entre portabilidad ligera y larga duraci\u00f3n en campo. Incluye un estuche protector blando, lo que la convierte en la opci\u00f3n ideal para top\u00f3grafos que buscan precisi\u00f3n, comodidad y fiabilidad.<\/p>\n<div>\n<table style=\"border-collapse: collapse; width: 1055.28pt;\" border=\"0\" width=\"1407\" cellspacing=\"0\" cellpadding=\"0\">\n<tbody>\n<tr style=\"height: 14.25pt;\">\n<td class=\"et2\" style=\"height: 14.25pt; width: 235.50pt;\" width=\"314\" height=\"19\">N\u00daMERO<\/td>\n<td class=\"et2\" style=\"width: 309.00pt;\" width=\"412\">EXTENSI\u00d3N<\/td>\n<td class=\"et3\" style=\"width: 88.50pt;\" width=\"118\">MATERIAL<\/td>\n<td class=\"et4\" style=\"width: 138.00pt;\" width=\"184\">BASE DE BURBUJAS<\/td>\n<td class=\"et4\" style=\"width: 176.25pt;\" width=\"235\">CERRAR<\/td>\n<td class=\"et2\" style=\"width: 54.00pt;\" width=\"72\">DI\u00c1METRO<\/td>\n<td class=\"et5\" style=\"width: 54.00pt;\" width=\"72\">IMAGEN<\/td>\n<\/tr>\n<tr style=\"height: 14.25pt;\">\n<td class=\"et6\" style=\"height: 14.25pt;\" height=\"19\">GLS30<\/td>\n<td class=\"et6\">200 cent\u00edmetros<\/td>\n<td class=\"et6\">Fibra de carbono de primera calidad<\/td>\n<td class=\"et6\">con burbuja<\/td>\n<td class=\"et6\">Compresi\u00f3n y ajuste<\/td>\n<td class=\"et6\">18\/25 mm<\/td>\n<td><img fetchpriority=\"high\" decoding=\"async\" class=\"alignnone wp-image-5188\" src=\"https:\/\/mountlaser.com\/wp-content\/uploads\/2025\/12\/GLS302.webp\" alt=\"2 Meter carbon fiber GPS Rover Rod\" width=\"500\" height=\"500\" srcset=\"https:\/\/mountlaser.com\/wp-content\/uploads\/2025\/12\/GLS302.webp 1000w, https:\/\/mountlaser.com\/wp-content\/uploads\/2025\/12\/GLS302-300x300.webp 300w, https:\/\/mountlaser.com\/wp-content\/uploads\/2025\/12\/GLS302-150x150.webp 150w, https:\/\/mountlaser.com\/wp-content\/uploads\/2025\/12\/GLS302-768x768.webp 768w, https:\/\/mountlaser.com\/wp-content\/uploads\/2025\/12\/GLS302-12x12.webp 12w, https:\/\/mountlaser.com\/wp-content\/uploads\/2025\/12\/GLS302-600x600.webp 600w, https:\/\/mountlaser.com\/wp-content\/uploads\/2025\/12\/GLS302-800x800.webp 800w, https:\/\/mountlaser.com\/wp-content\/uploads\/2025\/12\/GLS302-400x400.webp 400w\" sizes=\"(max-width: 500px) 100vw, 500px\" \/><\/td>\n<\/tr>\n<\/tbody>\n<\/table>\n<\/div>","protected":false},"excerpt":{"rendered":"<ul>\n<li>Proporciona una referencia de altura estable y precisa para la topograf\u00eda GNSS<\/li>\n<li>Garantiza un ajuste de altura r\u00e1pido y seguro con compresi\u00f3n y bloqueo a presi\u00f3n.<\/li>\n<li>Admite receptores GNSS universales con rosca de montaje est\u00e1ndar de 5\/8\u2033-11<\/li>\n<li>Mejora la precisi\u00f3n de nivelaci\u00f3n mediante el nivel circular integrado de 30\u2032<\/li>\n<li>El dise\u00f1o liviano de fibra de carbono mejora el manejo y la durabilidad a largo plazo.<\/li>\n<\/ul>","protected":false},"featured_media":5187,"comment_status":"open","ping_status":"closed","template":"","meta":[],"product_brand":[],"product_cat":[89,145],"product_tag":[],"class_list":{"0":"post-5186","1":"product","2":"type-product","3":"status-publish","4":"has-post-thumbnail","6":"product_cat-surveying-pole-rod","7":"product_cat-gps-pole-compression-snap-lock","9":"first","10":"instock","11":"shipping-taxable","12":"product-type-simple"},"_links":{"self":[{"href":"https:\/\/mountlaser.com\/es\/wp-json\/wp\/v2\/product\/5186","targetHints":{"allow":["GET"]}}],"collection":[{"href":"https:\/\/mountlaser.com\/es\/wp-json\/wp\/v2\/product"}],"about":[{"href":"https:\/\/mountlaser.com\/es\/wp-json\/wp\/v2\/types\/product"}],"replies":[{"embeddable":true,"href":"https:\/\/mountlaser.com\/es\/wp-json\/wp\/v2\/comments?post=5186"}],"wp:featuredmedia":[{"embeddable":true,"href":"https:\/\/mountlaser.com\/es\/wp-json\/wp\/v2\/media\/5187"}],"wp:attachment":[{"href":"https:\/\/mountlaser.com\/es\/wp-json\/wp\/v2\/media?parent=5186"}],"wp:term":[{"taxonomy":"product_brand","embeddable":true,"href":"https:\/\/mountlaser.com\/es\/wp-json\/wp\/v2\/product_brand?post=5186"},{"taxonomy":"product_cat","embeddable":true,"href":"https:\/\/mountlaser.com\/es\/wp-json\/wp\/v2\/product_cat?post=5186"},{"taxonomy":"product_tag","embeddable":true,"href":"https:\/\/mountlaser.com\/es\/wp-json\/wp\/v2\/product_tag?post=5186"}],"curies":[{"name":"wp","href":"https:\/\/api.w.org\/{rel}","templated":true}]}}