{"id":5168,"date":"2025-12-03T01:03:04","date_gmt":"2025-12-03T01:03:04","guid":{"rendered":"https:\/\/mountlaser.com\/?post_type=product&#038;p=5168"},"modified":"2025-12-03T05:17:23","modified_gmt":"2025-12-03T05:17:23","slug":"gp200sc-2-gps-pole-compression-snap-lock","status":"publish","type":"product","link":"https:\/\/mountlaser.com\/es\/producto\/gp200sc-2-gps-pole-compression-snap-lock\/","title":{"rendered":"Compresi\u00f3n y bloqueo a presi\u00f3n para bastones GPS GP200SC-2"},"content":{"rendered":"<p>El <a href=\"https:\/\/mountlaser.com\/es\/categoria-producto\/surveying-pole-rod\/\"><strong>Poste GPS de aluminio de 2 m<\/strong><\/a> Dise\u00f1ado para la topograf\u00eda GNSS profesional, ofrece durabilidad, estabilidad y un manejo pr\u00e1ctico en campo. Fabricado con un sistema de compresi\u00f3n y cierre a presi\u00f3n, el bast\u00f3n GPS de aluminio de 2 m permite un ajuste r\u00e1pido de altura y un bloqueo seguro, lo que lo hace ideal para tareas de medici\u00f3n de alta precisi\u00f3n. <a href=\"https:\/\/mountlaser.com\/es\/\"><strong>Compresi\u00f3n y bloqueo a presi\u00f3n para bastones GPS GP200SC-2<\/strong>\u00a0<\/a>Mejora a\u00fan m\u00e1s el rendimiento al ofrecer una conexi\u00f3n roscada fiable para todos los receptores GNSS est\u00e1ndar con montura de 5\/8\u2033-11. Con una burbuja circular de 9 m y una robusta base de burbuja de aluminio, el bast\u00f3n GPS GP200SC-2 con sistema de compresi\u00f3n y bloqueo a presi\u00f3n garantiza una nivelaci\u00f3n precisa en entornos exigentes.<\/p>\n<p>Fabricado en aluminio de alta resistencia, el bast\u00f3n GPS de aluminio de 2 m sigue siendo liviano pero lo suficientemente resistente para el trabajo de campo diario. <a href=\"https:\/\/mountlaser.com\/es\/contact-us\/\">Compresi\u00f3n y bloqueo a presi\u00f3n para bastones GPS GP200SC-2<\/a>\u00a0Est\u00e1 disponible en versiones de aluminio y fibra de carbono premium, lo que ofrece a los top\u00f3grafos opciones flexibles para diferentes aplicaciones. Cada bast\u00f3n incluye un estuche de transporte blando y una caja protectora interior, lo que garantiza un transporte seguro y una larga durabilidad.<\/p>\n<div>\n<table style=\"border-collapse: collapse; width: 1055.28pt;\" border=\"0\" width=\"1407\" cellspacing=\"0\" cellpadding=\"0\">\n<tbody>\n<tr style=\"height: 14.25pt;\">\n<td class=\"et2\" style=\"height: 14.25pt; width: 235.50pt;\" width=\"314\" height=\"19\">N\u00daMERO<\/td>\n<td class=\"et2\" style=\"width: 309.00pt;\" width=\"412\">EXTENSI\u00d3N<\/td>\n<td class=\"et3\" style=\"width: 88.50pt;\" width=\"118\">MATERIAL<\/td>\n<td class=\"et4\" style=\"width: 138.00pt;\" width=\"184\">BASE DE BURBUJAS<\/td>\n<td class=\"et4\" style=\"width: 176.25pt;\" width=\"235\">CERRAR<\/td>\n<td class=\"et2\" style=\"width: 54.00pt;\" width=\"72\">DI\u00c1METRO<\/td>\n<td class=\"et5\" style=\"width: 54.00pt;\" width=\"72\">IMAGEN<\/td>\n<\/tr>\n<tr style=\"height: 14.25pt;\">\n<td class=\"et6\" style=\"height: 14.25pt;\" height=\"19\">GP200SC-2A<\/td>\n<td class=\"et6\">200 cent\u00edmetros<\/td>\n<td class=\"et7\">Aluminio<\/td>\n<td class=\"et6\">con burbuja<\/td>\n<td class=\"et6\">Compresi\u00f3n y ajuste<\/td>\n<td class=\"et6\">25\/32 mm<\/td>\n<td><img fetchpriority=\"high\" decoding=\"async\" class=\"alignnone wp-image-5173\" src=\"https:\/\/mountlaser.com\/wp-content\/uploads\/2025\/12\/GP200SC-AA-5.webp\" alt=\"2m Aluminum GPS Pole\" width=\"500\" height=\"500\" srcset=\"https:\/\/mountlaser.com\/wp-content\/uploads\/2025\/12\/GP200SC-AA-5.webp 1000w, https:\/\/mountlaser.com\/wp-content\/uploads\/2025\/12\/GP200SC-AA-5-300x300.webp 300w, https:\/\/mountlaser.com\/wp-content\/uploads\/2025\/12\/GP200SC-AA-5-150x150.webp 150w, https:\/\/mountlaser.com\/wp-content\/uploads\/2025\/12\/GP200SC-AA-5-768x768.webp 768w, https:\/\/mountlaser.com\/wp-content\/uploads\/2025\/12\/GP200SC-AA-5-12x12.webp 12w, https:\/\/mountlaser.com\/wp-content\/uploads\/2025\/12\/GP200SC-AA-5-600x600.webp 600w, https:\/\/mountlaser.com\/wp-content\/uploads\/2025\/12\/GP200SC-AA-5-800x800.webp 800w, https:\/\/mountlaser.com\/wp-content\/uploads\/2025\/12\/GP200SC-AA-5-400x400.webp 400w\" sizes=\"(max-width: 500px) 100vw, 500px\" \/><\/td>\n<\/tr>\n<tr style=\"height: 14.25pt;\">\n<td class=\"et6\" style=\"height: 14.25pt;\" height=\"19\">GP200SC-2C<\/td>\n<td class=\"et6\">200 cent\u00edmetros<\/td>\n<td class=\"et6\">Fibra de carbono de primera calidad<\/td>\n<td class=\"et6\">con burbuja<\/td>\n<td class=\"et6\">Compresi\u00f3n y ajuste<\/td>\n<td class=\"et6\">25\/32 mm<\/td>\n<td><img decoding=\"async\" class=\"alignnone wp-image-5178\" src=\"https:\/\/mountlaser.com\/wp-content\/uploads\/2025\/12\/GP200SC-CC-1.webp\" alt=\"2m Aluminum GPS Pole\" width=\"500\" height=\"500\" srcset=\"https:\/\/mountlaser.com\/wp-content\/uploads\/2025\/12\/GP200SC-CC-1.webp 1000w, https:\/\/mountlaser.com\/wp-content\/uploads\/2025\/12\/GP200SC-CC-1-300x300.webp 300w, https:\/\/mountlaser.com\/wp-content\/uploads\/2025\/12\/GP200SC-CC-1-150x150.webp 150w, https:\/\/mountlaser.com\/wp-content\/uploads\/2025\/12\/GP200SC-CC-1-768x768.webp 768w, https:\/\/mountlaser.com\/wp-content\/uploads\/2025\/12\/GP200SC-CC-1-12x12.webp 12w, https:\/\/mountlaser.com\/wp-content\/uploads\/2025\/12\/GP200SC-CC-1-600x600.webp 600w, https:\/\/mountlaser.com\/wp-content\/uploads\/2025\/12\/GP200SC-CC-1-800x800.webp 800w, https:\/\/mountlaser.com\/wp-content\/uploads\/2025\/12\/GP200SC-CC-1-400x400.webp 400w\" sizes=\"(max-width: 500px) 100vw, 500px\" \/><\/td>\n<\/tr>\n<\/tbody>\n<\/table>\n<\/div>","protected":false},"excerpt":{"rendered":"<ul>\n<li>Ajuste r\u00e1pido de altura: el sistema de compresi\u00f3n y bloqueo a presi\u00f3n permite una instalaci\u00f3n r\u00e1pida y segura.<\/li>\n<li>Nivelaci\u00f3n de alta precisi\u00f3n: la base de burbuja de aluminio con burbuja circular de 30\u2032 garantiza mediciones estables y precisas.<\/li>\n<li>Compatibilidad universal: equipado con una rosca de 5\/8\u2033-11 para la mayor\u00eda de receptores y accesorios GNSS.<\/li>\n<li>Construcci\u00f3n duradera: Los tubos de aluminio de alta resistencia garantizan longevidad en entornos de campo hostiles.<\/li>\n<li>Dise\u00f1o port\u00e1til: la estructura desmontable y el estuche blando incluido hacen que el bast\u00f3n sea f\u00e1cil de transportar y almacenar.<\/li>\n<\/ul>","protected":false},"featured_media":5173,"comment_status":"open","ping_status":"closed","template":"","meta":[],"product_brand":[],"product_cat":[89,145],"product_tag":[],"class_list":{"0":"post-5168","1":"product","2":"type-product","3":"status-publish","4":"has-post-thumbnail","6":"product_cat-surveying-pole-rod","7":"product_cat-gps-pole-compression-snap-lock","9":"first","10":"instock","11":"shipping-taxable","12":"product-type-simple"},"_links":{"self":[{"href":"https:\/\/mountlaser.com\/es\/wp-json\/wp\/v2\/product\/5168","targetHints":{"allow":["GET"]}}],"collection":[{"href":"https:\/\/mountlaser.com\/es\/wp-json\/wp\/v2\/product"}],"about":[{"href":"https:\/\/mountlaser.com\/es\/wp-json\/wp\/v2\/types\/product"}],"replies":[{"embeddable":true,"href":"https:\/\/mountlaser.com\/es\/wp-json\/wp\/v2\/comments?post=5168"}],"wp:featuredmedia":[{"embeddable":true,"href":"https:\/\/mountlaser.com\/es\/wp-json\/wp\/v2\/media\/5173"}],"wp:attachment":[{"href":"https:\/\/mountlaser.com\/es\/wp-json\/wp\/v2\/media?parent=5168"}],"wp:term":[{"taxonomy":"product_brand","embeddable":true,"href":"https:\/\/mountlaser.com\/es\/wp-json\/wp\/v2\/product_brand?post=5168"},{"taxonomy":"product_cat","embeddable":true,"href":"https:\/\/mountlaser.com\/es\/wp-json\/wp\/v2\/product_cat?post=5168"},{"taxonomy":"product_tag","embeddable":true,"href":"https:\/\/mountlaser.com\/es\/wp-json\/wp\/v2\/product_tag?post=5168"}],"curies":[{"name":"wp","href":"https:\/\/api.w.org\/{rel}","templated":true}]}}