{"id":5124,"date":"2025-12-02T08:53:06","date_gmt":"2025-12-02T08:53:06","guid":{"rendered":"https:\/\/mountlaser.com\/?post_type=product&#038;p=5124"},"modified":"2025-12-03T05:22:39","modified_gmt":"2025-12-03T05:22:39","slug":"gp150cl-gps-pole-compression-snap-lock","status":"publish","type":"product","link":"https:\/\/mountlaser.com\/es\/producto\/gp150cl-gps-pole-compression-snap-lock\/","title":{"rendered":"Compresi\u00f3n y bloqueo a presi\u00f3n para bastones GPS GP150CL"},"content":{"rendered":"<p>El <a href=\"https:\/\/mountlaser.com\/es\/categoria-producto\/surveying-pole-rod\/\"><strong>Bastones GPS con cierre a presi\u00f3n<\/strong><\/a> La serie est\u00e1 dise\u00f1ada para la topograf\u00eda GNSS profesional, ofreciendo estabilidad, precisi\u00f3n y un despliegue r\u00e1pido en campo. Fabricados con una resistente estructura de aluminio y equipados con un mecanismo de compresi\u00f3n y cierre a presi\u00f3n altamente fiable, estos bastones garantizan ajustes de altura seguros incluso durante el uso diario intensivo. Cada modelo de bastones GPS con cierre a presi\u00f3n cuenta con una burbuja circular de 9 m (30 pies) montada sobre una robusta base de burbuja de aluminio, que proporciona una nivelaci\u00f3n precisa para receptores GNSS y configuraciones m\u00f3viles.<\/p>\n<p>Dise\u00f1ado como un vers\u00e1til <a href=\"https:\/\/mountlaser.com\/es\/about-us\/\"><strong>Varilla de aluminio con cierre a presi\u00f3n para GT Rover<\/strong><\/a>, Este sistema permite ajustes de altura suaves y una alineaci\u00f3n uniforme, lo que lo hace ideal para levantamientos topogr\u00e1ficos, replanteo de construcci\u00f3n y recopilaci\u00f3n de datos SIG. La estructura de aluminio de la varilla GT Rover con cierre a presi\u00f3n facilita su portabilidad gracias a su dise\u00f1o desmontable e incluye un estuche blando para facilitar su transporte. Con m\u00faltiples longitudes y configuraciones disponibles, los jalones GPS con cierre a presi\u00f3n ofrecen una soluci\u00f3n fiable y adaptable tanto para top\u00f3grafos principiantes como profesionales que requieren un sistema duradero y eficiente. <a href=\"https:\/\/mountlaser.com\/es\/contact-us\/\">Varilla de aluminio con cierre a presi\u00f3n para GT Rover<\/a> en el campo.<\/p>\n<div>\n<table style=\"border-collapse: collapse; width: 1055.28pt;\" border=\"0\" width=\"1407\" cellspacing=\"0\" cellpadding=\"0\">\n<tbody>\n<tr style=\"height: 14.25pt;\">\n<td class=\"et2\" style=\"height: 14.25pt; width: 235.50pt;\" width=\"314\" height=\"19\">N\u00daMERO<\/td>\n<td class=\"et2\" style=\"width: 309.00pt;\" width=\"412\">EXTENSI\u00d3N<\/td>\n<td class=\"et3\" style=\"width: 88.50pt;\" width=\"118\">MATERIAL<\/td>\n<td class=\"et4\" style=\"width: 138.00pt;\" width=\"184\">BASE DE BURBUJAS<\/td>\n<td class=\"et4\" style=\"width: 176.25pt;\" width=\"235\">CERRAR<\/td>\n<td class=\"et2\" style=\"width: 54.00pt;\" width=\"72\">DI\u00c1METRO<\/td>\n<td class=\"et5\" style=\"width: 54.00pt;\" width=\"72\">IMAGEN<\/td>\n<\/tr>\n<tr style=\"height: 14.25pt;\">\n<td class=\"et6\" style=\"height: 14.25pt;\" height=\"19\">GP150CL-4A<\/td>\n<td class=\"et6\">150 cent\u00edmetros<\/td>\n<td class=\"et6\">Aluminio<\/td>\n<td class=\"et6\">con burbuja<\/td>\n<td class=\"et6\">Compresi\u00f3n<\/td>\n<td class=\"et6\">20\/24\/28\/32 mm<\/td>\n<td><img fetchpriority=\"high\" decoding=\"async\" class=\"alignnone wp-image-5125\" src=\"https:\/\/mountlaser.com\/wp-content\/uploads\/2025\/12\/GP150CL-4A1.webp\" alt=\"GPS Poles with Snap-Lock\" width=\"500\" height=\"500\" srcset=\"https:\/\/mountlaser.com\/wp-content\/uploads\/2025\/12\/GP150CL-4A1.webp 1000w, https:\/\/mountlaser.com\/wp-content\/uploads\/2025\/12\/GP150CL-4A1-300x300.webp 300w, https:\/\/mountlaser.com\/wp-content\/uploads\/2025\/12\/GP150CL-4A1-150x150.webp 150w, https:\/\/mountlaser.com\/wp-content\/uploads\/2025\/12\/GP150CL-4A1-768x768.webp 768w, https:\/\/mountlaser.com\/wp-content\/uploads\/2025\/12\/GP150CL-4A1-12x12.webp 12w, https:\/\/mountlaser.com\/wp-content\/uploads\/2025\/12\/GP150CL-4A1-600x600.webp 600w, https:\/\/mountlaser.com\/wp-content\/uploads\/2025\/12\/GP150CL-4A1-800x800.webp 800w, https:\/\/mountlaser.com\/wp-content\/uploads\/2025\/12\/GP150CL-4A1-400x400.webp 400w\" sizes=\"(max-width: 500px) 100vw, 500px\" \/><\/td>\n<\/tr>\n<tr style=\"height: 14.25pt;\">\n<td class=\"et6\" style=\"height: 14.25pt;\" height=\"19\">GP180CL-4A<\/td>\n<td class=\"et6\">180 cent\u00edmetros<\/td>\n<td class=\"et6\">Aluminio<\/td>\n<td class=\"et6\">con burbuja<\/td>\n<td class=\"et6\">Compresi\u00f3n<\/td>\n<td class=\"et6\">20\/24\/28\/32 mm<\/td>\n<td><img decoding=\"async\" class=\"alignnone wp-image-5146\" src=\"https:\/\/mountlaser.com\/wp-content\/uploads\/2025\/12\/GP180CL-4A7.webp\" alt=\"GPS Poles with Snap-Lock\" width=\"500\" height=\"500\" srcset=\"https:\/\/mountlaser.com\/wp-content\/uploads\/2025\/12\/GP180CL-4A7.webp 1000w, https:\/\/mountlaser.com\/wp-content\/uploads\/2025\/12\/GP180CL-4A7-300x300.webp 300w, https:\/\/mountlaser.com\/wp-content\/uploads\/2025\/12\/GP180CL-4A7-150x150.webp 150w, https:\/\/mountlaser.com\/wp-content\/uploads\/2025\/12\/GP180CL-4A7-768x768.webp 768w, https:\/\/mountlaser.com\/wp-content\/uploads\/2025\/12\/GP180CL-4A7-12x12.webp 12w, https:\/\/mountlaser.com\/wp-content\/uploads\/2025\/12\/GP180CL-4A7-600x600.webp 600w, https:\/\/mountlaser.com\/wp-content\/uploads\/2025\/12\/GP180CL-4A7-800x800.webp 800w, https:\/\/mountlaser.com\/wp-content\/uploads\/2025\/12\/GP180CL-4A7-400x400.webp 400w\" sizes=\"(max-width: 500px) 100vw, 500px\" \/><\/td>\n<\/tr>\n<tr style=\"height: 14.25pt;\">\n<td class=\"et6\" style=\"height: 14.25pt;\" height=\"19\">GP150CL-4AB<\/td>\n<td class=\"et6\">150 cent\u00edmetros<\/td>\n<td class=\"et6\">Aluminio<\/td>\n<td class=\"et6\">con soporte, br\u00fajula y burbuja<\/td>\n<td class=\"et6\">Compresi\u00f3n<\/td>\n<td class=\"et6\">20\/24\/28\/32 mm<\/td>\n<td><img decoding=\"async\" class=\"alignnone wp-image-5136\" src=\"https:\/\/mountlaser.com\/wp-content\/uploads\/2025\/12\/GP150CL-4AB4.webp\" alt=\"GPS Poles with Snap-Lock\" width=\"500\" height=\"500\" srcset=\"https:\/\/mountlaser.com\/wp-content\/uploads\/2025\/12\/GP150CL-4AB4.webp 1000w, https:\/\/mountlaser.com\/wp-content\/uploads\/2025\/12\/GP150CL-4AB4-300x300.webp 300w, https:\/\/mountlaser.com\/wp-content\/uploads\/2025\/12\/GP150CL-4AB4-150x150.webp 150w, https:\/\/mountlaser.com\/wp-content\/uploads\/2025\/12\/GP150CL-4AB4-768x768.webp 768w, https:\/\/mountlaser.com\/wp-content\/uploads\/2025\/12\/GP150CL-4AB4-12x12.webp 12w, https:\/\/mountlaser.com\/wp-content\/uploads\/2025\/12\/GP150CL-4AB4-600x600.webp 600w, https:\/\/mountlaser.com\/wp-content\/uploads\/2025\/12\/GP150CL-4AB4-800x800.webp 800w, https:\/\/mountlaser.com\/wp-content\/uploads\/2025\/12\/GP150CL-4AB4-400x400.webp 400w\" sizes=\"(max-width: 500px) 100vw, 500px\" \/><\/td>\n<\/tr>\n<tr style=\"height: 14.25pt;\">\n<td class=\"et6\" style=\"height: 14.25pt;\" height=\"19\">GP180CL-4AB<\/td>\n<td class=\"et6\">180 cent\u00edmetros<\/td>\n<td class=\"et6\">Aluminio<\/td>\n<td class=\"et6\">con soporte, br\u00fajula y burbuja<\/td>\n<td class=\"et6\">Compresi\u00f3n<\/td>\n<td class=\"et6\">20\/24\/28\/32 mm<\/td>\n<td><img loading=\"lazy\" decoding=\"async\" class=\"alignnone wp-image-5150\" src=\"https:\/\/mountlaser.com\/wp-content\/uploads\/2025\/12\/GP180CL-4AB4.webp\" alt=\"GPS Poles with Snap-Lock\" width=\"500\" height=\"500\" srcset=\"https:\/\/mountlaser.com\/wp-content\/uploads\/2025\/12\/GP180CL-4AB4.webp 1000w, https:\/\/mountlaser.com\/wp-content\/uploads\/2025\/12\/GP180CL-4AB4-300x300.webp 300w, https:\/\/mountlaser.com\/wp-content\/uploads\/2025\/12\/GP180CL-4AB4-150x150.webp 150w, https:\/\/mountlaser.com\/wp-content\/uploads\/2025\/12\/GP180CL-4AB4-768x768.webp 768w, https:\/\/mountlaser.com\/wp-content\/uploads\/2025\/12\/GP180CL-4AB4-12x12.webp 12w, https:\/\/mountlaser.com\/wp-content\/uploads\/2025\/12\/GP180CL-4AB4-600x600.webp 600w, https:\/\/mountlaser.com\/wp-content\/uploads\/2025\/12\/GP180CL-4AB4-800x800.webp 800w, https:\/\/mountlaser.com\/wp-content\/uploads\/2025\/12\/GP180CL-4AB4-400x400.webp 400w\" sizes=\"(max-width: 500px) 100vw, 500px\" \/><\/td>\n<\/tr>\n<\/tbody>\n<\/table>\n<\/div>","protected":false},"excerpt":{"rendered":"<ul>\n<li>Ajuste r\u00e1pido de altura: el sistema de compresi\u00f3n + bloqueo a presi\u00f3n garantiza una configuraci\u00f3n r\u00e1pida y un bloqueo seguro.<\/li>\n<li>Nivelaci\u00f3n de precisi\u00f3n: la burbuja circular integrada de 30\u2032 sobre una base de burbuja de aluminio permite una alineaci\u00f3n vertical precisa.<\/li>\n<li>Compatibilidad universal: equipado con una rosca de 5\/8\u2033-11 para adaptarse a la mayor\u00eda de los receptores GNSS e instrumentos de estudio.<\/li>\n<li>Durabilidad lista para el campo: el dise\u00f1o de tubo de aluminio con espaciadores redondos opcionales admite un uso resistente en exteriores.<\/li>\n<li>Configuraciones vers\u00e1tiles: Disponible en m\u00faltiples longitudes (150 cm \/ 180 cm) y versiones opcionales con soporte o br\u00fajula.<\/li>\n<\/ul>","protected":false},"featured_media":5125,"comment_status":"open","ping_status":"closed","template":"","meta":[],"product_brand":[],"product_cat":[89,145],"product_tag":[],"class_list":{"0":"post-5124","1":"product","2":"type-product","3":"status-publish","4":"has-post-thumbnail","6":"product_cat-surveying-pole-rod","7":"product_cat-gps-pole-compression-snap-lock","9":"first","10":"instock","11":"shipping-taxable","12":"product-type-simple"},"_links":{"self":[{"href":"https:\/\/mountlaser.com\/es\/wp-json\/wp\/v2\/product\/5124","targetHints":{"allow":["GET"]}}],"collection":[{"href":"https:\/\/mountlaser.com\/es\/wp-json\/wp\/v2\/product"}],"about":[{"href":"https:\/\/mountlaser.com\/es\/wp-json\/wp\/v2\/types\/product"}],"replies":[{"embeddable":true,"href":"https:\/\/mountlaser.com\/es\/wp-json\/wp\/v2\/comments?post=5124"}],"wp:featuredmedia":[{"embeddable":true,"href":"https:\/\/mountlaser.com\/es\/wp-json\/wp\/v2\/media\/5125"}],"wp:attachment":[{"href":"https:\/\/mountlaser.com\/es\/wp-json\/wp\/v2\/media?parent=5124"}],"wp:term":[{"taxonomy":"product_brand","embeddable":true,"href":"https:\/\/mountlaser.com\/es\/wp-json\/wp\/v2\/product_brand?post=5124"},{"taxonomy":"product_cat","embeddable":true,"href":"https:\/\/mountlaser.com\/es\/wp-json\/wp\/v2\/product_cat?post=5124"},{"taxonomy":"product_tag","embeddable":true,"href":"https:\/\/mountlaser.com\/es\/wp-json\/wp\/v2\/product_tag?post=5124"}],"curies":[{"name":"wp","href":"https:\/\/api.w.org\/{rel}","templated":true}]}}