{"id":5116,"date":"2025-12-02T08:10:15","date_gmt":"2025-12-02T08:10:15","guid":{"rendered":"https:\/\/mountlaser.com\/?post_type=product&#038;p=5116"},"modified":"2025-12-02T08:10:15","modified_gmt":"2025-12-02T08:10:15","slug":"gp300-6c-gps-pole-thread-lock","status":"publish","type":"product","link":"https:\/\/mountlaser.com\/es\/producto\/gp300-6c-gps-pole-thread-lock\/","title":{"rendered":"Bloqueador de rosca para poste GPS GP300-6C"},"content":{"rendered":"<p>El <a href=\"https:\/\/mountlaser.com\/es\/\"><strong>Bloqueador de rosca para poste GPS GP300-6C<\/strong><\/a> Es un poste topogr\u00e1fico premium de 300 cm dise\u00f1ado para profesionales que requieren m\u00e1xima estabilidad, precisi\u00f3n y portabilidad en el campo. Dise\u00f1ado como... <a href=\"https:\/\/mountlaser.com\/es\/categoria-producto\/surveying-pole-rod\/\">poste GNSS negro<\/a>, Ofrece una durabilidad excepcional gracias a su construcci\u00f3n \u00edntegramente en aluminio y un tubo de 32 mm de di\u00e1metro exterior. El bloqueo de rosca para bast\u00f3n GPS GP300-6C cuenta con un mecanismo de bloqueo de rosca fiable que garantiza un ajuste de altura seguro, incluso durante trabajos intensivos de topograf\u00eda GNSS. Su estructura desmontable de 6 secciones facilita el transporte de este bast\u00f3n GNSS negro, manteniendo su forma r\u00edgida cuando est\u00e1 extendido.<\/p>\n<p>Equipado con una base de burbuja de aluminio con una burbuja circular de 9 m, el bloqueador de rosca para jal\u00f3n GPS GP300-6C permite una nivelaci\u00f3n r\u00e1pida y precisa para una toma de datos precisa. Incluye de serie una cubierta antideslizante, una rosca de montaje de 16 mm (5\/8\u2033-11) y un estuche de transporte blando, lo que proporciona comodidad y un rendimiento fiable en cualquier obra. Para top\u00f3grafos que buscan un instrumento ligero pero robusto. <a href=\"https:\/\/mountlaser.com\/es\/contact-us\/\">poste GNSS negro<\/a>, Este modelo ofrece un equilibrio \u00f3ptimo entre resistencia, facilidad de uso y precisi\u00f3n de medici\u00f3n.<\/p>\n<div>\n<table style=\"border-collapse: collapse; width: 1055.28pt;\" border=\"0\" width=\"1407\" cellspacing=\"0\" cellpadding=\"0\">\n<tbody>\n<tr style=\"height: 14.25pt;\">\n<td class=\"et2\" style=\"height: 14.25pt; width: 235.50pt;\" width=\"314\" height=\"19\">N\u00daMERO<\/td>\n<td class=\"et2\" style=\"width: 309.00pt;\" width=\"412\">EXTENSI\u00d3N<\/td>\n<td class=\"et2\" style=\"width: 88.50pt;\" width=\"118\">SECCIONES<\/td>\n<td class=\"et2\" style=\"width: 138.00pt;\" width=\"184\">MATERIAL<\/td>\n<td class=\"et2\" style=\"width: 176.25pt;\" width=\"235\">COLOR<\/td>\n<td class=\"et2\" style=\"width: 54.00pt;\" width=\"72\">DI\u00c1METRO<\/td>\n<td class=\"et3\" style=\"width: 54.00pt;\" width=\"72\">IMAGEN<\/td>\n<\/tr>\n<tr style=\"height: 14.25pt;\">\n<td class=\"et4\" style=\"height: 14.25pt;\" height=\"19\">GP300-6C<\/td>\n<td class=\"et4\">300 cent\u00edmetros<\/td>\n<td class=\"et5\">6<\/td>\n<td class=\"et4\">Fibra de carbono de primera calidad<\/td>\n<td class=\"et4\">Negro<\/td>\n<td class=\"et4\">32 mm<\/td>\n<td><img fetchpriority=\"high\" decoding=\"async\" class=\"alignnone wp-image-5121\" src=\"https:\/\/mountlaser.com\/wp-content\/uploads\/2025\/12\/GP300-6C-5.webp\" alt=\"GP300-6C GPS Pole Thread Lock\" width=\"500\" height=\"500\" srcset=\"https:\/\/mountlaser.com\/wp-content\/uploads\/2025\/12\/GP300-6C-5.webp 1000w, https:\/\/mountlaser.com\/wp-content\/uploads\/2025\/12\/GP300-6C-5-300x300.webp 300w, https:\/\/mountlaser.com\/wp-content\/uploads\/2025\/12\/GP300-6C-5-150x150.webp 150w, https:\/\/mountlaser.com\/wp-content\/uploads\/2025\/12\/GP300-6C-5-768x768.webp 768w, https:\/\/mountlaser.com\/wp-content\/uploads\/2025\/12\/GP300-6C-5-12x12.webp 12w, https:\/\/mountlaser.com\/wp-content\/uploads\/2025\/12\/GP300-6C-5-600x600.webp 600w, https:\/\/mountlaser.com\/wp-content\/uploads\/2025\/12\/GP300-6C-5-800x800.webp 800w, https:\/\/mountlaser.com\/wp-content\/uploads\/2025\/12\/GP300-6C-5-400x400.webp 400w\" sizes=\"(max-width: 500px) 100vw, 500px\" \/><\/td>\n<\/tr>\n<\/tbody>\n<\/table>\n<\/div>","protected":false},"excerpt":{"rendered":"<ul>\n<li>Sistema de bloqueo roscado seguro: garantiza una fijaci\u00f3n de altura estable durante las operaciones de topograf\u00eda GNSS.<\/li>\n<li>Dise\u00f1o desmontable de 6 secciones: permite que el poste se expanda hasta 300 cm y permanezca compacto para el transporte.<\/li>\n<li>Nivelaci\u00f3n de precisi\u00f3n: la base de burbuja de aluminio integrada con burbuja circular de 30\u2032 mejora la precisi\u00f3n de la alineaci\u00f3n.<\/li>\n<li>Protecci\u00f3n antideslizante: la cubierta antideslizante est\u00e1ndar aumenta la seguridad de manejo y evita resbalones en terrenos dif\u00edciles.<\/li>\n<li>Compatibilidad universal: la rosca de 5\/8\u2033-11 se adapta a todos los principales receptores GNSS e instrumentos topogr\u00e1ficos.<\/li>\n<li>Construcci\u00f3n duradera: los tubos de aluminio de 32 mm de di\u00e1metro exterior proporcionan resistencia y confiabilidad a largo plazo.<\/li>\n<\/ul>","protected":false},"featured_media":5121,"comment_status":"open","ping_status":"closed","template":"","meta":[],"product_brand":[],"product_cat":[89,143],"product_tag":[],"class_list":{"0":"post-5116","1":"product","2":"type-product","3":"status-publish","4":"has-post-thumbnail","6":"product_cat-surveying-pole-rod","7":"product_cat-gps-pole-thread-lock","9":"first","10":"instock","11":"shipping-taxable","12":"product-type-simple"},"_links":{"self":[{"href":"https:\/\/mountlaser.com\/es\/wp-json\/wp\/v2\/product\/5116","targetHints":{"allow":["GET"]}}],"collection":[{"href":"https:\/\/mountlaser.com\/es\/wp-json\/wp\/v2\/product"}],"about":[{"href":"https:\/\/mountlaser.com\/es\/wp-json\/wp\/v2\/types\/product"}],"replies":[{"embeddable":true,"href":"https:\/\/mountlaser.com\/es\/wp-json\/wp\/v2\/comments?post=5116"}],"wp:featuredmedia":[{"embeddable":true,"href":"https:\/\/mountlaser.com\/es\/wp-json\/wp\/v2\/media\/5121"}],"wp:attachment":[{"href":"https:\/\/mountlaser.com\/es\/wp-json\/wp\/v2\/media?parent=5116"}],"wp:term":[{"taxonomy":"product_brand","embeddable":true,"href":"https:\/\/mountlaser.com\/es\/wp-json\/wp\/v2\/product_brand?post=5116"},{"taxonomy":"product_cat","embeddable":true,"href":"https:\/\/mountlaser.com\/es\/wp-json\/wp\/v2\/product_cat?post=5116"},{"taxonomy":"product_tag","embeddable":true,"href":"https:\/\/mountlaser.com\/es\/wp-json\/wp\/v2\/product_tag?post=5116"}],"curies":[{"name":"wp","href":"https:\/\/api.w.org\/{rel}","templated":true}]}}