{"id":5097,"date":"2025-12-02T07:46:21","date_gmt":"2025-12-02T07:46:21","guid":{"rendered":"https:\/\/mountlaser.com\/?post_type=product&#038;p=5097"},"modified":"2025-12-02T07:46:21","modified_gmt":"2025-12-02T07:46:21","slug":"gp200-2a-gps-pole-thread-lock","status":"publish","type":"product","link":"https:\/\/mountlaser.com\/es\/producto\/gp200-2a-gps-pole-thread-lock\/","title":{"rendered":"Bloqueador de roscas para postes GPS GP200-2A"},"content":{"rendered":"<p>El <a href=\"https:\/\/mountlaser.com\/es\/categoria-producto\/surveying-pole-rod\/\">Bloqueador de roscas para postes GPS GP200-2A<\/a> Es un bast\u00f3n topogr\u00e1fico duradero y fiable, dise\u00f1ado para aplicaciones GNSS profesionales. Dise\u00f1ado como una robusta vara GNSS, cuenta con un mecanismo de bloqueo roscado que garantiza ajustes de altura seguros y un rendimiento estable en campo. El bloqueo roscado para bast\u00f3n GPS GP200-2A ofrece una estructura desmontable y f\u00e1cil de transportar, ideal para top\u00f3grafos que requieren portabilidad sin sacrificar la precisi\u00f3n.<\/p>\n<p>Fabricado en aluminio de alta calidad y equipado con un vial circular de 30\u2032 sobre la base de burbuja negra, este <a href=\"https:\/\/mountlaser.com\/es\/\">Varilla GNSS<\/a> Garantiza una nivelaci\u00f3n precisa en condiciones exigentes. Su tubo de 32 mm de di\u00e1metro exterior, su cubierta antideslizante y su rosca de montaje de 5\/8\u2033-11 lo hacen compatible con una amplia gama de receptores GNSS. Disponible en varios colores, el <a href=\"https:\/\/mountlaser.com\/es\/contact-us\/\">Bloqueador de roscas para postes GPS GP200-2A<\/a> Se integra a la perfecci\u00f3n en cualquier flujo de trabajo topogr\u00e1fico. Ya sea como localizador GNSS principal o como un fiable respaldo en campo, ofrece resistencia, estabilidad y una larga vida \u00fatil.<\/p>\n<div>\n<table style=\"border-collapse: collapse; width: 1055.28pt;\" border=\"0\" width=\"1407\" cellspacing=\"0\" cellpadding=\"0\">\n<tbody>\n<tr style=\"height: 14.25pt;\">\n<td class=\"et2\" style=\"height: 14.25pt; width: 235.50pt;\" width=\"314\" height=\"19\">N\u00daMERO<\/td>\n<td class=\"et2\" style=\"width: 309.00pt;\" width=\"412\">EXTENSI\u00d3N<\/td>\n<td class=\"et2\" style=\"width: 88.50pt;\" width=\"118\">SECCIONES<\/td>\n<td class=\"et2\" style=\"width: 138.00pt;\" width=\"184\">MATERIAL<\/td>\n<td class=\"et2\" style=\"width: 176.25pt;\" width=\"235\">COLOR<\/td>\n<td class=\"et2\" style=\"width: 54.00pt;\" width=\"72\">DI\u00c1METRO<\/td>\n<td class=\"et3\" style=\"width: 54.00pt;\" width=\"72\">IMAGEN<\/td>\n<\/tr>\n<tr style=\"height: 14.25pt;\">\n<td class=\"et4\" style=\"height: 14.25pt;\" height=\"19\">GP200-2ABK<\/td>\n<td class=\"et4\">200 cent\u00edmetros<\/td>\n<td class=\"et5\">2<\/td>\n<td class=\"et4\">Aluminio<\/td>\n<td class=\"et4\">Negro<\/td>\n<td class=\"et4\">32 mm<\/td>\n<td><img fetchpriority=\"high\" decoding=\"async\" class=\"alignnone wp-image-5101\" src=\"https:\/\/mountlaser.com\/wp-content\/uploads\/2025\/12\/GP200-2A-4.webp\" alt=\"GP200-2A GPS Pole Thread Lock\" width=\"500\" height=\"500\" srcset=\"https:\/\/mountlaser.com\/wp-content\/uploads\/2025\/12\/GP200-2A-4.webp 1000w, https:\/\/mountlaser.com\/wp-content\/uploads\/2025\/12\/GP200-2A-4-300x300.webp 300w, https:\/\/mountlaser.com\/wp-content\/uploads\/2025\/12\/GP200-2A-4-150x150.webp 150w, https:\/\/mountlaser.com\/wp-content\/uploads\/2025\/12\/GP200-2A-4-768x768.webp 768w, https:\/\/mountlaser.com\/wp-content\/uploads\/2025\/12\/GP200-2A-4-12x12.webp 12w, https:\/\/mountlaser.com\/wp-content\/uploads\/2025\/12\/GP200-2A-4-600x600.webp 600w, https:\/\/mountlaser.com\/wp-content\/uploads\/2025\/12\/GP200-2A-4-800x800.webp 800w, https:\/\/mountlaser.com\/wp-content\/uploads\/2025\/12\/GP200-2A-4-400x400.webp 400w\" sizes=\"(max-width: 500px) 100vw, 500px\" \/><\/td>\n<\/tr>\n<tr style=\"height: 14.25pt;\">\n<td class=\"et4\" style=\"height: 14.25pt;\" height=\"19\">GP200-2AGN<\/td>\n<td class=\"et4\">200 cent\u00edmetros<\/td>\n<td class=\"et5\">2<\/td>\n<td class=\"et4\">Aluminio<\/td>\n<td class=\"et4\">Verde<\/td>\n<td class=\"et4\">32 mm<\/td>\n<td><img decoding=\"async\" class=\"alignnone wp-image-5111\" src=\"https:\/\/mountlaser.com\/wp-content\/uploads\/2025\/12\/GP200-2A-5-1.webp\" alt=\"\" width=\"500\" height=\"500\" srcset=\"https:\/\/mountlaser.com\/wp-content\/uploads\/2025\/12\/GP200-2A-5-1.webp 1000w, https:\/\/mountlaser.com\/wp-content\/uploads\/2025\/12\/GP200-2A-5-1-300x300.webp 300w, https:\/\/mountlaser.com\/wp-content\/uploads\/2025\/12\/GP200-2A-5-1-150x150.webp 150w, https:\/\/mountlaser.com\/wp-content\/uploads\/2025\/12\/GP200-2A-5-1-768x768.webp 768w, https:\/\/mountlaser.com\/wp-content\/uploads\/2025\/12\/GP200-2A-5-1-12x12.webp 12w, https:\/\/mountlaser.com\/wp-content\/uploads\/2025\/12\/GP200-2A-5-1-600x600.webp 600w, https:\/\/mountlaser.com\/wp-content\/uploads\/2025\/12\/GP200-2A-5-1-800x800.webp 800w, https:\/\/mountlaser.com\/wp-content\/uploads\/2025\/12\/GP200-2A-5-1-400x400.webp 400w\" sizes=\"(max-width: 500px) 100vw, 500px\" \/><\/td>\n<\/tr>\n<tr style=\"height: 14.25pt;\">\n<td class=\"et4\" style=\"height: 14.25pt;\" height=\"19\">GP200-4AYL<\/td>\n<td class=\"et4\">200 cent\u00edmetros<\/td>\n<td class=\"et5\">4<\/td>\n<td class=\"et4\">Aluminio<\/td>\n<td class=\"et4\">Amarillo<\/td>\n<td class=\"et4\">32 mm<\/td>\n<td><\/td>\n<\/tr>\n<\/tbody>\n<\/table>\n<\/div>","protected":false},"excerpt":{"rendered":"<ul>\n<li>Proporciona un ajuste de altura seguro y estable con un sistema de bloqueo roscado.<\/li>\n<li>Funciona como un ROD GNSS de alta precisi\u00f3n para receptores GNSS, equipos GPS e instrumentos topogr\u00e1ficos.<\/li>\n<li>Garantiza una nivelaci\u00f3n precisa mediante un nivel circular integrado de 30\u2032<\/li>\n<li>Ofrece portabilidad con un dise\u00f1o multisecci\u00f3n desmontable.<\/li>\n<li>Proporciona un excelente agarre y seguridad gracias a su cubierta antideslizante.<\/li>\n<li>Compatible con todos los receptores GPS\/GNSS con rosca de 5\/8\u2033-11<\/li>\n<li>Incluye un estuche de transporte suave para f\u00e1cil transporte y protecci\u00f3n.<\/li>\n<\/ul>","protected":false},"featured_media":5109,"comment_status":"open","ping_status":"closed","template":"","meta":[],"product_brand":[],"product_cat":[89,143],"product_tag":[],"class_list":{"0":"post-5097","1":"product","2":"type-product","3":"status-publish","4":"has-post-thumbnail","6":"product_cat-surveying-pole-rod","7":"product_cat-gps-pole-thread-lock","9":"first","10":"instock","11":"shipping-taxable","12":"product-type-simple"},"_links":{"self":[{"href":"https:\/\/mountlaser.com\/es\/wp-json\/wp\/v2\/product\/5097","targetHints":{"allow":["GET"]}}],"collection":[{"href":"https:\/\/mountlaser.com\/es\/wp-json\/wp\/v2\/product"}],"about":[{"href":"https:\/\/mountlaser.com\/es\/wp-json\/wp\/v2\/types\/product"}],"replies":[{"embeddable":true,"href":"https:\/\/mountlaser.com\/es\/wp-json\/wp\/v2\/comments?post=5097"}],"wp:featuredmedia":[{"embeddable":true,"href":"https:\/\/mountlaser.com\/es\/wp-json\/wp\/v2\/media\/5109"}],"wp:attachment":[{"href":"https:\/\/mountlaser.com\/es\/wp-json\/wp\/v2\/media?parent=5097"}],"wp:term":[{"taxonomy":"product_brand","embeddable":true,"href":"https:\/\/mountlaser.com\/es\/wp-json\/wp\/v2\/product_brand?post=5097"},{"taxonomy":"product_cat","embeddable":true,"href":"https:\/\/mountlaser.com\/es\/wp-json\/wp\/v2\/product_cat?post=5097"},{"taxonomy":"product_tag","embeddable":true,"href":"https:\/\/mountlaser.com\/es\/wp-json\/wp\/v2\/product_tag?post=5097"}],"curies":[{"name":"wp","href":"https:\/\/api.w.org\/{rel}","templated":true}]}}