{"id":5087,"date":"2025-12-02T06:41:46","date_gmt":"2025-12-02T06:41:46","guid":{"rendered":"https:\/\/mountlaser.com\/?post_type=product&#038;p=5087"},"modified":"2025-12-02T06:41:47","modified_gmt":"2025-12-02T06:41:47","slug":"gp180-gps-pole-thread-lock","status":"publish","type":"product","link":"https:\/\/mountlaser.com\/es\/producto\/gp180-gps-pole-thread-lock\/","title":{"rendered":"Bloqueador de rosca para poste GPS GP180"},"content":{"rendered":"<p>El <a href=\"https:\/\/mountlaser.com\/es\/categoria-producto\/surveying-pole-rod\/\"><strong>Bloqueador de rosca para poste GPS GP180<\/strong><\/a> Es una soluci\u00f3n de calidad profesional dise\u00f1ada para top\u00f3grafos que requieren m\u00e1xima estabilidad y fiabilidad en campo. El avanzado sistema de bloqueo de rosca para jal\u00f3n GPS GP180 garantiza una conexi\u00f3n segura y resistente a las vibraciones, ideal para aplicaciones GNSS exigentes. Dise\u00f1ado para ser vers\u00e1til, el jal\u00f3n es totalmente compatible con cualquier jal\u00f3n GPS est\u00e1ndar, mientras que su estructura de bloqueo de rosca desmontable facilita su portabilidad y uso. Ya sea en rob\u00f3tica GNSS, trabajos catastrales o topograf\u00eda de construcci\u00f3n, el bloqueo de rosca para jal\u00f3n GPS GP180 ofrece un rendimiento fiable a diario.<\/p>\n<p>Fabricados con fibra de carbono de primera calidad, cada uno <strong><a href=\"https:\/\/mountlaser.com\/es\/about-us\/\">Poste GPS<\/a> <\/strong>Ofrece una resistencia excepcional con un peso m\u00ednimo, y la base de burbuja de aluminio incluye una burbuja circular precisa de 9 m para una nivelaci\u00f3n instant\u00e1nea. Una cubierta antideslizante integrada facilita su manejo en entornos hostiles, mientras que la rosca de 16 mm (5\/8\u2033-11) garantiza compatibilidad universal con instrumentos topogr\u00e1ficos convencionales. Con m\u00faltiples opciones de configuraci\u00f3n, como los modelos de 180 cm y 200 cm, el <a href=\"https:\/\/mountlaser.com\/es\/contact-us\/\">Poste GPS<\/a> El sistema se adapta sin esfuerzo a los diferentes requisitos del lugar de trabajo.<\/p>\n<div>\n<table style=\"border-collapse: collapse; width: 1055.28pt;\" border=\"0\" width=\"1407\" cellspacing=\"0\" cellpadding=\"0\">\n<tbody>\n<tr style=\"height: 14.25pt;\">\n<td class=\"et2\" style=\"height: 14.25pt; width: 235.50pt;\" width=\"314\" height=\"19\">N\u00daMERO<\/td>\n<td class=\"et2\" style=\"width: 309.00pt;\" width=\"412\">EXTENSI\u00d3N<\/td>\n<td class=\"et2\" style=\"width: 88.50pt;\" width=\"118\">SECCIONES<\/td>\n<td class=\"et2\" style=\"width: 138.00pt;\" width=\"184\">MATERIAL<\/td>\n<td class=\"et2\" style=\"width: 176.25pt;\" width=\"235\">COLOR<\/td>\n<td class=\"et2\" style=\"width: 54.00pt;\" width=\"72\">DI\u00c1METRO<\/td>\n<td class=\"et3\" style=\"width: 54.00pt;\" width=\"72\">IMAGEN<\/td>\n<\/tr>\n<tr style=\"height: 14.25pt;\">\n<td class=\"et4\" style=\"height: 14.25pt;\" height=\"19\">GP180-4C<\/td>\n<td class=\"et4\">180 cent\u00edmetros<\/td>\n<td class=\"et5\">4<\/td>\n<td class=\"et4\">Fibra de carbono de primera calidad<\/td>\n<td class=\"et4\">Negro<\/td>\n<td class=\"et4\">32 mm<\/td>\n<td><img fetchpriority=\"high\" decoding=\"async\" class=\"alignnone wp-image-5079\" src=\"https:\/\/mountlaser.com\/wp-content\/uploads\/2025\/12\/GP180-4C-3.webp\" alt=\"GP180 GPS Pole Thread Lock\" width=\"500\" height=\"500\" srcset=\"https:\/\/mountlaser.com\/wp-content\/uploads\/2025\/12\/GP180-4C-3.webp 1000w, https:\/\/mountlaser.com\/wp-content\/uploads\/2025\/12\/GP180-4C-3-300x300.webp 300w, https:\/\/mountlaser.com\/wp-content\/uploads\/2025\/12\/GP180-4C-3-150x150.webp 150w, https:\/\/mountlaser.com\/wp-content\/uploads\/2025\/12\/GP180-4C-3-768x768.webp 768w, https:\/\/mountlaser.com\/wp-content\/uploads\/2025\/12\/GP180-4C-3-12x12.webp 12w, https:\/\/mountlaser.com\/wp-content\/uploads\/2025\/12\/GP180-4C-3-600x600.webp 600w, https:\/\/mountlaser.com\/wp-content\/uploads\/2025\/12\/GP180-4C-3-800x800.webp 800w, https:\/\/mountlaser.com\/wp-content\/uploads\/2025\/12\/GP180-4C-3-400x400.webp 400w\" sizes=\"(max-width: 500px) 100vw, 500px\" \/><\/td>\n<\/tr>\n<tr style=\"height: 14.25pt;\">\n<td class=\"et4\" style=\"height: 14.25pt;\" height=\"19\">GP200-4C<\/td>\n<td class=\"et4\">200 cent\u00edmetros<\/td>\n<td class=\"et5\">4<\/td>\n<td class=\"et4\">Fibra de carbono de primera calidad<\/td>\n<td class=\"et4\">Negro<\/td>\n<td class=\"et4\">32 mm<\/td>\n<td><img decoding=\"async\" class=\"alignnone wp-image-5081\" src=\"https:\/\/mountlaser.com\/wp-content\/uploads\/2025\/12\/GP180-4C-5.webp\" alt=\"GP180 GPS Pole Thread Lock\" width=\"500\" height=\"500\" srcset=\"https:\/\/mountlaser.com\/wp-content\/uploads\/2025\/12\/GP180-4C-5.webp 1000w, https:\/\/mountlaser.com\/wp-content\/uploads\/2025\/12\/GP180-4C-5-300x300.webp 300w, https:\/\/mountlaser.com\/wp-content\/uploads\/2025\/12\/GP180-4C-5-150x150.webp 150w, https:\/\/mountlaser.com\/wp-content\/uploads\/2025\/12\/GP180-4C-5-768x768.webp 768w, https:\/\/mountlaser.com\/wp-content\/uploads\/2025\/12\/GP180-4C-5-12x12.webp 12w, https:\/\/mountlaser.com\/wp-content\/uploads\/2025\/12\/GP180-4C-5-600x600.webp 600w, https:\/\/mountlaser.com\/wp-content\/uploads\/2025\/12\/GP180-4C-5-800x800.webp 800w, https:\/\/mountlaser.com\/wp-content\/uploads\/2025\/12\/GP180-4C-5-400x400.webp 400w\" sizes=\"(max-width: 500px) 100vw, 500px\" \/><\/td>\n<\/tr>\n<tr style=\"height: 14.25pt;\">\n<td class=\"et4\" style=\"height: 14.25pt;\" height=\"19\">GP200-2C<\/td>\n<td class=\"et4\">200 cent\u00edmetros<\/td>\n<td class=\"et5\">2<\/td>\n<td class=\"et4\">Fibra de carbono de primera calidad<\/td>\n<td class=\"et4\">Negro<\/td>\n<td class=\"et4\">32 mm<\/td>\n<td><img decoding=\"async\" class=\"alignnone wp-image-5091\" src=\"https:\/\/mountlaser.com\/wp-content\/uploads\/2025\/12\/GP200-2C-4.webp\" alt=\"GP180 GPS Pole Thread Lock\" width=\"500\" height=\"500\" srcset=\"https:\/\/mountlaser.com\/wp-content\/uploads\/2025\/12\/GP200-2C-4.webp 1000w, https:\/\/mountlaser.com\/wp-content\/uploads\/2025\/12\/GP200-2C-4-300x300.webp 300w, https:\/\/mountlaser.com\/wp-content\/uploads\/2025\/12\/GP200-2C-4-150x150.webp 150w, https:\/\/mountlaser.com\/wp-content\/uploads\/2025\/12\/GP200-2C-4-768x768.webp 768w, https:\/\/mountlaser.com\/wp-content\/uploads\/2025\/12\/GP200-2C-4-12x12.webp 12w, https:\/\/mountlaser.com\/wp-content\/uploads\/2025\/12\/GP200-2C-4-600x600.webp 600w, https:\/\/mountlaser.com\/wp-content\/uploads\/2025\/12\/GP200-2C-4-800x800.webp 800w, https:\/\/mountlaser.com\/wp-content\/uploads\/2025\/12\/GP200-2C-4-400x400.webp 400w\" sizes=\"(max-width: 500px) 100vw, 500px\" \/><\/td>\n<\/tr>\n<\/tbody>\n<\/table>\n<\/div>","protected":false},"excerpt":{"rendered":"<ul>\n<li>Sistema de bloqueo de rosca seguro: garantiza una conexi\u00f3n firme y confiable entre las secciones del poste para una mayor precisi\u00f3n GNSS.<\/li>\n<li>Alta durabilidad: la construcci\u00f3n de fibra de carbono de primera calidad proporciona una rigidez excepcional y una larga vida \u00fatil.<\/li>\n<li>Nivelaci\u00f3n precisa: la base de burbuja de aluminio con burbuja circular de 30\u2032 ofrece una configuraci\u00f3n r\u00e1pida y un posicionamiento preciso.<\/li>\n<li>Compacto y port\u00e1til: el dise\u00f1o desmontable y el estuche de transporte suave permiten un f\u00e1cil transporte y almacenamiento.<\/li>\n<li>Compatibilidad universal: equipado con rosca de 5\/8\u2033-11, adecuado para una amplia gama de receptores GNSS, prismas y accesorios.<\/li>\n<li>Agarre y estabilidad mejorados: la cubierta antideslizante garantiza un manejo seguro en terrenos h\u00famedos, polvorientos o irregulares.<\/li>\n<\/ul>","protected":false},"featured_media":5079,"comment_status":"open","ping_status":"closed","template":"","meta":[],"product_brand":[],"product_cat":[89,143],"product_tag":[],"class_list":{"0":"post-5087","1":"product","2":"type-product","3":"status-publish","4":"has-post-thumbnail","6":"product_cat-surveying-pole-rod","7":"product_cat-gps-pole-thread-lock","9":"first","10":"instock","11":"shipping-taxable","12":"product-type-simple"},"_links":{"self":[{"href":"https:\/\/mountlaser.com\/es\/wp-json\/wp\/v2\/product\/5087","targetHints":{"allow":["GET"]}}],"collection":[{"href":"https:\/\/mountlaser.com\/es\/wp-json\/wp\/v2\/product"}],"about":[{"href":"https:\/\/mountlaser.com\/es\/wp-json\/wp\/v2\/types\/product"}],"replies":[{"embeddable":true,"href":"https:\/\/mountlaser.com\/es\/wp-json\/wp\/v2\/comments?post=5087"}],"wp:featuredmedia":[{"embeddable":true,"href":"https:\/\/mountlaser.com\/es\/wp-json\/wp\/v2\/media\/5079"}],"wp:attachment":[{"href":"https:\/\/mountlaser.com\/es\/wp-json\/wp\/v2\/media?parent=5087"}],"wp:term":[{"taxonomy":"product_brand","embeddable":true,"href":"https:\/\/mountlaser.com\/es\/wp-json\/wp\/v2\/product_brand?post=5087"},{"taxonomy":"product_cat","embeddable":true,"href":"https:\/\/mountlaser.com\/es\/wp-json\/wp\/v2\/product_cat?post=5087"},{"taxonomy":"product_tag","embeddable":true,"href":"https:\/\/mountlaser.com\/es\/wp-json\/wp\/v2\/product_tag?post=5087"}],"curies":[{"name":"wp","href":"https:\/\/api.w.org\/{rel}","templated":true}]}}