{"id":5063,"date":"2025-12-02T05:10:42","date_gmt":"2025-12-02T05:10:42","guid":{"rendered":"https:\/\/mountlaser.com\/?post_type=product&#038;p=5063"},"modified":"2025-12-02T05:10:42","modified_gmt":"2025-12-02T05:10:42","slug":"ad-d64-pole-adapter","status":"publish","type":"product","link":"https:\/\/mountlaser.com\/es\/producto\/ad-d64-pole-adapter\/","title":{"rendered":"Adaptador de poste AD-D64"},"content":{"rendered":"<p>El <a href=\"https:\/\/mountlaser.com\/es\/\"><strong>Adaptador de poste AD-D64<\/strong><\/a> Es un accesorio de ingenier\u00eda de precisi\u00f3n dise\u00f1ado para mejorar la compatibilidad y la flexibilidad en aplicaciones de rob\u00f3tica GNSS y topograf\u00eda con estaci\u00f3n total. Dise\u00f1ado para uso profesional en campo, el adaptador de jal\u00f3n AD-D64 garantiza una integraci\u00f3n fluida con jalones topogr\u00e1ficos intercambiables y proporciona un posicionamiento del objetivo estable y preciso. Como elemento esencial... <a href=\"https:\/\/mountlaser.com\/es\/products\/\"><strong>adaptador de poste de extensi\u00f3n<\/strong><\/a>, Permite a los top\u00f3grafos convertir r\u00e1pidamente entre diferentes sistemas de objetivos manteniendo una precisi\u00f3n de medici\u00f3n constante.<\/p>\n<p>Dise\u00f1ado espec\u00edficamente para el objetivo suizo GPH1, el <a href=\"https:\/\/mountlaser.com\/es\/contact-us\/\">Adaptador de poste AD-D64<\/a> Proporciona una altura de objetivo de 86 mm con un adaptador de 50 mm de longitud, lo que garantiza una alineaci\u00f3n correcta y un rendimiento de campo fiable. Su adaptador de extensi\u00f3n para jal\u00f3n cuenta con una rosca de montaje est\u00e1ndar de 5\/8\u2033-11, lo que lo hace altamente compatible con una amplia gama de equipos topogr\u00e1ficos. Tanto si actualiza un jal\u00f3n existente como si lo adapta a un nuevo hardware, el adaptador para jal\u00f3n AD-D64 garantiza una instalaci\u00f3n r\u00e1pida, segura y precisa.<\/p>\n<div>\n<table style=\"border-collapse: collapse; width: 947.27pt;\" border=\"0\" width=\"1263\" cellspacing=\"0\" cellpadding=\"0\">\n<tbody>\n<tr style=\"height: 17.25pt;\">\n<td class=\"et2\" style=\"height: 17.25pt; width: 235.50pt;\" width=\"314\" height=\"23\">N\u00daMERO DE SOCIO<\/td>\n<td class=\"et3\" style=\"width: 309.00pt;\" width=\"412\">OBJETIVO DISE\u00d1ADO PARA<\/td>\n<td class=\"et3\" style=\"width: 88.50pt;\" width=\"118\">ALTURA DEL OBJETIVO<\/td>\n<td class=\"et3\" style=\"width: 138.00pt;\" width=\"184\">LONGITUD DEL ADAPTADOR<\/td>\n<td class=\"et4\" style=\"width: 176.25pt;\" width=\"235\">IMAGEN<\/td>\n<\/tr>\n<tr style=\"height: 14.25pt;\">\n<td class=\"et5\" style=\"height: 14.25pt;\" height=\"19\">A\u00f1o 64 d. C.<\/td>\n<td class=\"et5\">GPH1 suizo<\/td>\n<td class=\"et5\">86 mm<\/td>\n<td class=\"et5\">50 mm<\/td>\n<td><img fetchpriority=\"high\" decoding=\"async\" class=\"alignnone wp-image-5067\" src=\"https:\/\/mountlaser.com\/wp-content\/uploads\/2025\/12\/AD-D64-4.webp\" alt=\"AD-D64 Pole Adapter\" width=\"500\" height=\"500\" srcset=\"https:\/\/mountlaser.com\/wp-content\/uploads\/2025\/12\/AD-D64-4.webp 1000w, https:\/\/mountlaser.com\/wp-content\/uploads\/2025\/12\/AD-D64-4-300x300.webp 300w, https:\/\/mountlaser.com\/wp-content\/uploads\/2025\/12\/AD-D64-4-150x150.webp 150w, https:\/\/mountlaser.com\/wp-content\/uploads\/2025\/12\/AD-D64-4-768x768.webp 768w, https:\/\/mountlaser.com\/wp-content\/uploads\/2025\/12\/AD-D64-4-12x12.webp 12w, https:\/\/mountlaser.com\/wp-content\/uploads\/2025\/12\/AD-D64-4-600x600.webp 600w, https:\/\/mountlaser.com\/wp-content\/uploads\/2025\/12\/AD-D64-4-800x800.webp 800w, https:\/\/mountlaser.com\/wp-content\/uploads\/2025\/12\/AD-D64-4-400x400.webp 400w\" sizes=\"(max-width: 500px) 100vw, 500px\" \/><\/td>\n<\/tr>\n<\/tbody>\n<\/table>\n<\/div>","protected":false},"excerpt":{"rendered":"<ul>\n<li>Compatibilidad de dise\u00f1o intercambiable: funciona con postes de topograf\u00eda dise\u00f1ados para rob\u00f3tica GNSS y operaciones de estaciones totales.<\/li>\n<li>Funcionalidad de extensi\u00f3n: act\u00faa como un adaptador de poste de extensi\u00f3n confiable para ajustar y convertir alturas de objetivo.<\/li>\n<li>Alineaci\u00f3n de objetivos de precisi\u00f3n: dise\u00f1ado espec\u00edficamente para el objetivo suizo GPH1 con una altura de objetivo de 86 mm.<\/li>\n<li>Rosca de montaje est\u00e1ndar: cuenta con una rosca universal de 5\/8\u2033-11 para una amplia compatibilidad de equipos.<\/li>\n<li>Longitud del adaptador optimizada: longitud del adaptador de 50 mm dise\u00f1ada para ofrecer una geometr\u00eda de medici\u00f3n consistente.<\/li>\n<li>Capacidad de conversi\u00f3n r\u00e1pida: permite cambiar r\u00e1pidamente entre aplicaciones simplemente cambiando los adaptadores.<\/li>\n<li>Construcci\u00f3n duradera: dise\u00f1ado para un rendimiento de campo duradero en entornos de topograf\u00eda exigentes.<\/li>\n<\/ul>","protected":false},"featured_media":5064,"comment_status":"open","ping_status":"closed","template":"","meta":[],"product_brand":[],"product_cat":[142,89],"product_tag":[],"class_list":{"0":"post-5063","1":"product","2":"type-product","3":"status-publish","4":"has-post-thumbnail","6":"product_cat-pole-adapter","7":"product_cat-surveying-pole-rod","9":"first","10":"instock","11":"shipping-taxable","12":"product-type-simple"},"_links":{"self":[{"href":"https:\/\/mountlaser.com\/es\/wp-json\/wp\/v2\/product\/5063","targetHints":{"allow":["GET"]}}],"collection":[{"href":"https:\/\/mountlaser.com\/es\/wp-json\/wp\/v2\/product"}],"about":[{"href":"https:\/\/mountlaser.com\/es\/wp-json\/wp\/v2\/types\/product"}],"replies":[{"embeddable":true,"href":"https:\/\/mountlaser.com\/es\/wp-json\/wp\/v2\/comments?post=5063"}],"wp:featuredmedia":[{"embeddable":true,"href":"https:\/\/mountlaser.com\/es\/wp-json\/wp\/v2\/media\/5064"}],"wp:attachment":[{"href":"https:\/\/mountlaser.com\/es\/wp-json\/wp\/v2\/media?parent=5063"}],"wp:term":[{"taxonomy":"product_brand","embeddable":true,"href":"https:\/\/mountlaser.com\/es\/wp-json\/wp\/v2\/product_brand?post=5063"},{"taxonomy":"product_cat","embeddable":true,"href":"https:\/\/mountlaser.com\/es\/wp-json\/wp\/v2\/product_cat?post=5063"},{"taxonomy":"product_tag","embeddable":true,"href":"https:\/\/mountlaser.com\/es\/wp-json\/wp\/v2\/product_tag?post=5063"}],"curies":[{"name":"wp","href":"https:\/\/api.w.org\/{rel}","templated":true}]}}