{"id":4942,"date":"2025-11-26T03:29:18","date_gmt":"2025-11-26T03:29:18","guid":{"rendered":"https:\/\/mountlaser.com\/?post_type=product&#038;p=4942"},"modified":"2025-11-26T03:29:18","modified_gmt":"2025-11-26T03:29:18","slug":"auto-levels-b-series","status":"publish","type":"product","link":"https:\/\/mountlaser.com\/es\/producto\/auto-levels-b-series\/","title":{"rendered":"Niveles autom\u00e1ticos serie B"},"content":{"rendered":"<p>Consiga una precisi\u00f3n y confiabilidad incomparables en su trabajo de campo con el <a href=\"https:\/\/mountlaser.com\/es\/about-us\/\">Niveles autom\u00e1ticos Serie B<\/a> desde el Monte L\u00e1ser.<br \/>\nEsta vers\u00e1til l\u00ednea de niveles autom\u00e1ticos Serie B incluye:<br \/>\nNiveles autom\u00e1ticos B20<br \/>\nNiveles autom\u00e1ticos B30<br \/>\nNiveles autom\u00e1ticos B30A<br \/>\nNiveles autom\u00e1ticos B40<br \/>\nLos modelos Auto Levels B40A est\u00e1n dise\u00f1ados para satisfacer las rigurosas demandas de cualquier <a href=\"https:\/\/mountlaser.com\/es\/about-us\/\">encuesta de nivel autom\u00e1tico<\/a>. Desde replanteo de construcci\u00f3n de alta precisi\u00f3n hasta trabajos de nivelaci\u00f3n general, existe un instrumento de la Serie B perfectamente adecuado para los requisitos de precisi\u00f3n de su proyecto.<br \/>\nAl planificar su pr\u00f3ximo levantamiento de nivel autom\u00e1tico, la elecci\u00f3n del equipo es crucial, y la Serie B ofrece el rendimiento confiable que los profesionales esperan. Invertir en una robusta herramienta de levantamiento de nivel autom\u00e1tico nunca ha sido tan accesible, gracias a la combinaci\u00f3n de funciones avanzadas y un valor excepcional de la Serie B.<\/p>\n<p>La serie ofrece una gama de precisiones, desde 0,7 mm de alta precisi\u00f3n (B20) hasta una robusta desviaci\u00f3n est\u00e1ndar de 2,0 mm por cada 1 km de nivelaci\u00f3n de doble recorrido, lo que garantiza la integridad de los datos para cada tarea.<\/p>\n<p><strong>Especificaciones de los niveles autom\u00e1ticos serie B<\/strong><\/p>\n<table width=\"1552\">\n<tbody>\n<tr>\n<td width=\"266\">Modelo N\u00b0.<\/td>\n<td width=\"256\">B20<\/td>\n<td width=\"257\">B30<\/td>\n<td width=\"258\">B30A<\/td>\n<td width=\"254\">B40<\/td>\n<td width=\"261\">B40A<\/td>\n<\/tr>\n<tr>\n<td>Marca<\/td>\n<td>TP\/SK<\/td>\n<td>TP\/SK<\/td>\n<td>TP\/SK<\/td>\n<td>TP\/SK<\/td>\n<td>TP\/SK<\/td>\n<\/tr>\n<tr>\n<td>Desviaci\u00f3n est\u00e1ndar para nivelaci\u00f3n de doble recorrido de 1 km<\/td>\n<td>0,7 mm<\/td>\n<td>1,5 mm<\/td>\n<td>2,0 mm<\/td>\n<td>2,0 mm<\/td>\n<td>1,5 mm<\/td>\n<\/tr>\n<tr>\n<td>Aumento del telescopio<\/td>\n<td>32X<\/td>\n<td>28X<\/td>\n<td>24X<\/td>\n<td>24X<\/td>\n<td>28X<\/td>\n<\/tr>\n<tr>\n<td>Imagen del telescopio<\/td>\n<td>Erguido<\/td>\n<td>Erguido<\/td>\n<td>Erguido<\/td>\n<td>Erguido<\/td>\n<td>Erguido<\/td>\n<\/tr>\n<tr>\n<td>Distancia de observaci\u00f3n m\u00e1s corta<\/td>\n<td>0,3 m<\/td>\n<td>0,3 m<\/td>\n<td>0,3 m<\/td>\n<td>0,3 m<\/td>\n<td>0,3 m<\/td>\n<\/tr>\n<tr>\n<td>Error de distancia de visualizaci\u00f3n<\/td>\n<td>\u2264\u00b10,4%<\/td>\n<td>\u2264\u00b10,4%<\/td>\n<td>\u2264\u00b10,4%<\/td>\n<td>\u2264\u00b10,4%<\/td>\n<td>\u2264\u00b10,4%<\/td>\n<\/tr>\n<tr>\n<td>Tama\u00f1o de apertura efectiva de la lente del objeto<\/td>\n<td>42 mm<\/td>\n<td>36 mm<\/td>\n<td>36 mm<\/td>\n<td>32 mm<\/td>\n<td>32 mm<\/td>\n<\/tr>\n<tr>\n<td>Resoluci\u00f3n<\/td>\n<td>\u22643.0\u2033<\/td>\n<td>\u22643,5\u2033<\/td>\n<td>\u22643,5\u2033<\/td>\n<td>\u22644.0\u2033<\/td>\n<td>\u22644.0\u2033<\/td>\n<\/tr>\n<tr>\n<td>\u00c1ngulo de visi\u00f3n<\/td>\n<td>1\u00b025\u2032<\/td>\n<td>1\u00b025\u2032<\/td>\n<td>1\u00b025\u2032<\/td>\n<td>1\u00b025\u2032<\/td>\n<td>1\u00b025\u2032<\/td>\n<\/tr>\n<tr>\n<td>Error de enfoque<\/td>\n<td>\u22640,5 mm<\/td>\n<td>\u22641,0 mm<\/td>\n<td>\u22641,0 mm<\/td>\n<td>\u22641,0 mm<\/td>\n<td>\u22641,0 mm<\/td>\n<\/tr>\n<tr>\n<td>Tipo de compensador<\/td>\n<td>Amortiguaci\u00f3n magn\u00e9tica<\/td>\n<td>Amortiguaci\u00f3n magn\u00e9tica<\/td>\n<td>Amortiguaci\u00f3n magn\u00e9tica<\/td>\n<td>Amortiguaci\u00f3n magn\u00e9tica<\/td>\n<td>Amortiguaci\u00f3n magn\u00e9tica<\/td>\n<\/tr>\n<tr>\n<td>Rango de trabajo del compensador<\/td>\n<td>\u00b115\u2032<\/td>\n<td>\u00b115\u2032<\/td>\n<td>\u00b115\u2032<\/td>\n<td>\u00b115\u2032<\/td>\n<td>\u00b115\u2032<\/td>\n<\/tr>\n<tr>\n<td>Error de compensaci\u00f3n<\/td>\n<td>\u22640,3\u2033<\/td>\n<td>\u22640,5\u2033<\/td>\n<td>\u22640,5\u2033<\/td>\n<td>\u22640,5\u2033<\/td>\n<td>\u22640,5\u2033<\/td>\n<\/tr>\n<tr>\n<td>Ret\u00edculo<\/td>\n<td>Forma de cu\u00f1a<\/td>\n<td>Ret\u00edcula cruzada<\/td>\n<td>Ret\u00edcula cruzada<\/td>\n<td>Ret\u00edcula cruzada<\/td>\n<td>Ret\u00edcula cruzada<\/td>\n<\/tr>\n<tr>\n<td>Precisi\u00f3n de configuraci\u00f3n<\/td>\n<td>\u00b10,3\u2033<\/td>\n<td>\u00b10,5\u2033<\/td>\n<td>\u00b10,5\u2033<\/td>\n<td>\u00b10,5\u2033<\/td>\n<td>\u00b10,5\u2033<\/td>\n<\/tr>\n<tr>\n<td>Ajuste del tiempo<\/td>\n<td>\u2264 1,5 S<\/td>\n<td>\u2264 1,5 S<\/td>\n<td>\u2264 1,5 S<\/td>\n<td>\u2264 1,5 S<\/td>\n<td>\u2264 1,5 S<\/td>\n<\/tr>\n<tr>\n<td>Constante multiplicadora de estadios<\/td>\n<td>100<\/td>\n<td>100<\/td>\n<td>100<\/td>\n<td>100<\/td>\n<td>100<\/td>\n<\/tr>\n<tr>\n<td>Constante aditiva de Stadia<\/td>\n<td>0<\/td>\n<td>0<\/td>\n<td>0<\/td>\n<td>0<\/td>\n<td>0<\/td>\n<\/tr>\n<tr>\n<td>Sensibilidad del nivel circular<\/td>\n<td>8\u2032 \/ 2 mm<\/td>\n<td>10\u2032 \/ 2 mm<\/td>\n<td>10\u2032 \/ 2 mm<\/td>\n<td>10\u2032 \/ 2 mm<\/td>\n<td>10\u2032 \/ 2 mm<\/td>\n<\/tr>\n<tr>\n<td>Intervalo de graduaci\u00f3n del c\u00edrculo<\/td>\n<td>360\u00b0 o 400 gon opcional<\/td>\n<td>360\u00b0 o 400 gon opcional<\/td>\n<td>360\u00b0 o 400 gon opcional<\/td>\n<td>360\u00b0 o 400 gon opcional<\/td>\n<td>360\u00b0 o 400 gon opcional<\/td>\n<\/tr>\n<tr>\n<td>A prueba de agua y polvo<\/td>\n<td>IPX6<\/td>\n<td>IPX6<\/td>\n<td>IPX6<\/td>\n<td>IPX6<\/td>\n<td>IPX6<\/td>\n<\/tr>\n<tr>\n<td>Accesorio est\u00e1ndar<\/td>\n<td>Manual, llave Allen, pasador de ajuste, estuche de pl\u00e1stico<\/td>\n<td>Manual, llave Allen, pasador de ajuste, estuche de pl\u00e1stico<\/td>\n<td>Manual, llave Allen, pasador de ajuste, estuche de pl\u00e1stico<\/td>\n<td>Manual, llave Allen, pasador de ajuste, estuche de pl\u00e1stico<\/td>\n<td>Manual, llave Allen, pasador de ajuste, estuche de pl\u00e1stico<\/td>\n<\/tr>\n<tr>\n<td>Imagen<\/td>\n<td><img fetchpriority=\"high\" decoding=\"async\" class=\"alignnone wp-image-4943 size-medium\" src=\"https:\/\/mountlaser.com\/wp-content\/uploads\/2025\/11\/B20-300x300.webp\" alt=\"auto level survey\" width=\"300\" height=\"300\" srcset=\"https:\/\/mountlaser.com\/wp-content\/uploads\/2025\/11\/B20-300x300.webp 300w, https:\/\/mountlaser.com\/wp-content\/uploads\/2025\/11\/B20-400x400.webp 400w, https:\/\/mountlaser.com\/wp-content\/uploads\/2025\/11\/B20-800x800.webp 800w, https:\/\/mountlaser.com\/wp-content\/uploads\/2025\/11\/B20-600x600.webp 600w, https:\/\/mountlaser.com\/wp-content\/uploads\/2025\/11\/B20-150x150.webp 150w, https:\/\/mountlaser.com\/wp-content\/uploads\/2025\/11\/B20-768x768.webp 768w, https:\/\/mountlaser.com\/wp-content\/uploads\/2025\/11\/B20-12x12.webp 12w, https:\/\/mountlaser.com\/wp-content\/uploads\/2025\/11\/B20.webp 1000w\" sizes=\"(max-width: 300px) 100vw, 300px\" \/><\/td>\n<td><\/td>\n<td><img decoding=\"async\" class=\"alignnone wp-image-4944 size-medium\" src=\"https:\/\/mountlaser.com\/wp-content\/uploads\/2025\/11\/B30A-300x300.webp\" alt=\"auto level survey\" width=\"300\" height=\"300\" srcset=\"https:\/\/mountlaser.com\/wp-content\/uploads\/2025\/11\/B30A-300x300.webp 300w, https:\/\/mountlaser.com\/wp-content\/uploads\/2025\/11\/B30A-400x400.webp 400w, https:\/\/mountlaser.com\/wp-content\/uploads\/2025\/11\/B30A-800x800.webp 800w, https:\/\/mountlaser.com\/wp-content\/uploads\/2025\/11\/B30A-600x600.webp 600w, https:\/\/mountlaser.com\/wp-content\/uploads\/2025\/11\/B30A-150x150.webp 150w, https:\/\/mountlaser.com\/wp-content\/uploads\/2025\/11\/B30A-768x768.webp 768w, https:\/\/mountlaser.com\/wp-content\/uploads\/2025\/11\/B30A-12x12.webp 12w, https:\/\/mountlaser.com\/wp-content\/uploads\/2025\/11\/B30A.webp 1000w\" sizes=\"(max-width: 300px) 100vw, 300px\" \/><\/td>\n<td><img decoding=\"async\" class=\"alignnone wp-image-4945 size-medium\" src=\"https:\/\/mountlaser.com\/wp-content\/uploads\/2025\/11\/B40-300x300.webp\" alt=\"auto level survey\" width=\"300\" height=\"300\" srcset=\"https:\/\/mountlaser.com\/wp-content\/uploads\/2025\/11\/B40-300x300.webp 300w, https:\/\/mountlaser.com\/wp-content\/uploads\/2025\/11\/B40-400x400.webp 400w, https:\/\/mountlaser.com\/wp-content\/uploads\/2025\/11\/B40-800x800.webp 800w, https:\/\/mountlaser.com\/wp-content\/uploads\/2025\/11\/B40-600x600.webp 600w, https:\/\/mountlaser.com\/wp-content\/uploads\/2025\/11\/B40-150x150.webp 150w, https:\/\/mountlaser.com\/wp-content\/uploads\/2025\/11\/B40-768x768.webp 768w, https:\/\/mountlaser.com\/wp-content\/uploads\/2025\/11\/B40-12x12.webp 12w, https:\/\/mountlaser.com\/wp-content\/uploads\/2025\/11\/B40.webp 1000w\" sizes=\"(max-width: 300px) 100vw, 300px\" \/><\/td>\n<td><img loading=\"lazy\" decoding=\"async\" class=\"alignnone wp-image-4946 size-medium\" src=\"https:\/\/mountlaser.com\/wp-content\/uploads\/2025\/11\/B40A-300x300.webp\" alt=\"auto level survey\" width=\"300\" height=\"300\" srcset=\"https:\/\/mountlaser.com\/wp-content\/uploads\/2025\/11\/B40A-300x300.webp 300w, https:\/\/mountlaser.com\/wp-content\/uploads\/2025\/11\/B40A-150x150.webp 150w, https:\/\/mountlaser.com\/wp-content\/uploads\/2025\/11\/B40A-768x768.webp 768w, https:\/\/mountlaser.com\/wp-content\/uploads\/2025\/11\/B40A-12x12.webp 12w, https:\/\/mountlaser.com\/wp-content\/uploads\/2025\/11\/B40A-600x600.webp 600w, https:\/\/mountlaser.com\/wp-content\/uploads\/2025\/11\/B40A-800x800.webp 800w, https:\/\/mountlaser.com\/wp-content\/uploads\/2025\/11\/B40A-400x400.webp 400w, https:\/\/mountlaser.com\/wp-content\/uploads\/2025\/11\/B40A.webp 1000w\" sizes=\"(max-width: 300px) 100vw, 300px\" \/><\/td>\n<\/tr>\n<\/tbody>\n<\/table>","protected":false},"excerpt":{"rendered":"<ul>\n<li>Cuenta con telescopios de imagen erecta con aumentos de 24X a 32X, que brindan una vista clara y vertical para una f\u00e1cil orientaci\u00f3n y un menor error del operador.<\/li>\n<li>Construida con una clasificaci\u00f3n IPX6 de resistencia al agua y al polvo, la Serie B est\u00e1 lista para entornos desafiantes.<\/li>\n<li>Todos los modelos tienen una distancia de visi\u00f3n m\u00ednima muy corta de 0,3 m.<\/li>\n<\/ul>","protected":false},"featured_media":4943,"comment_status":"open","ping_status":"closed","template":"","meta":[],"product_brand":[],"product_cat":[95,141],"product_tag":[],"class_list":{"0":"post-4942","1":"product","2":"type-product","3":"status-publish","4":"has-post-thumbnail","6":"product_cat-agent-sales","7":"product_cat-auto-level-agent-sales","9":"first","10":"instock","11":"shipping-taxable","12":"product-type-simple"},"_links":{"self":[{"href":"https:\/\/mountlaser.com\/es\/wp-json\/wp\/v2\/product\/4942","targetHints":{"allow":["GET"]}}],"collection":[{"href":"https:\/\/mountlaser.com\/es\/wp-json\/wp\/v2\/product"}],"about":[{"href":"https:\/\/mountlaser.com\/es\/wp-json\/wp\/v2\/types\/product"}],"replies":[{"embeddable":true,"href":"https:\/\/mountlaser.com\/es\/wp-json\/wp\/v2\/comments?post=4942"}],"wp:featuredmedia":[{"embeddable":true,"href":"https:\/\/mountlaser.com\/es\/wp-json\/wp\/v2\/media\/4943"}],"wp:attachment":[{"href":"https:\/\/mountlaser.com\/es\/wp-json\/wp\/v2\/media?parent=4942"}],"wp:term":[{"taxonomy":"product_brand","embeddable":true,"href":"https:\/\/mountlaser.com\/es\/wp-json\/wp\/v2\/product_brand?post=4942"},{"taxonomy":"product_cat","embeddable":true,"href":"https:\/\/mountlaser.com\/es\/wp-json\/wp\/v2\/product_cat?post=4942"},{"taxonomy":"product_tag","embeddable":true,"href":"https:\/\/mountlaser.com\/es\/wp-json\/wp\/v2\/product_tag?post=4942"}],"curies":[{"name":"wp","href":"https:\/\/api.w.org\/{rel}","templated":true}]}}