{"id":4938,"date":"2025-11-26T03:07:09","date_gmt":"2025-11-26T03:07:09","guid":{"rendered":"https:\/\/mountlaser.com\/?post_type=product&#038;p=4938"},"modified":"2025-11-26T03:07:10","modified_gmt":"2025-11-26T03:07:10","slug":"auto-levels-at-b-series","status":"publish","type":"product","link":"https:\/\/mountlaser.com\/es\/producto\/auto-levels-at-b-series\/","title":{"rendered":"Niveles autom\u00e1ticos Serie AT-B"},"content":{"rendered":"<p>Mejore sus proyectos de topograf\u00eda con los niveles autom\u00e1ticos de la serie AT-B, un instrumento de nivel autom\u00e1tico confiable y preciso de Mount Laser.<br \/>\n<a href=\"https:\/\/mountlaser.com\/es\/contact-us\/\"><strong>Niveles autom\u00e1ticos Serie AT-B<\/strong><\/a> ofrece cinco modelos distintos:<br \/>\nNiveles autom\u00e1ticos ATB2<br \/>\nNiveles autom\u00e1ticos ATB3<br \/>\nNiveles autom\u00e1ticos ATB3A<br \/>\nNiveles autom\u00e1ticos ATB4<br \/>\nNiveles autom\u00e1ticos ATB4A<br \/>\nPara satisfacer una amplia gama de requisitos de precisi\u00f3n y presupuestos de proyecto. Ya sea que se dedique al dise\u00f1o de obras, la nivelaci\u00f3n o cualquier otra tarea de nivelaci\u00f3n, la Serie AT-B ofrece un rendimiento consistente.<\/p>\n<p>Al considerar una <a href=\"https:\/\/mountlaser.com\/es\/contact-us\/\"><strong>instrumento de nivel autom\u00e1tico<\/strong><\/a>, El precio competitivo de la Serie AT-B ofrece un nivel autom\u00e1tico excepcional. Le garantizamos un instrumento de nivel autom\u00e1tico de alta calidad sin concesiones, ofreciendo un precio excepcional para profesionales que buscan precisi\u00f3n y asequibilidad.<\/p>\n<p>&nbsp;<\/p>\n<p><strong>Especificaciones de los niveles autom\u00e1ticos de la serie AT-B<\/strong><\/p>\n<table width=\"1552\">\n<tbody>\n<tr>\n<td width=\"266\">Modelo N\u00b0.<\/td>\n<td width=\"256\">ATB2<\/td>\n<td width=\"257\">ATB3<\/td>\n<td width=\"258\">ATB3A<\/td>\n<td width=\"254\">ATB4<\/td>\n<td width=\"261\">ATB4A<\/td>\n<\/tr>\n<tr>\n<td>Marca<\/td>\n<td>TP\/SK<\/td>\n<td>TP\/SK<\/td>\n<td>TP\/SK<\/td>\n<td>TP\/SK<\/td>\n<td>TP\/SK<\/td>\n<\/tr>\n<tr>\n<td>Desviaci\u00f3n est\u00e1ndar para nivelaci\u00f3n de doble recorrido de 1 km<\/td>\n<td>0,7 mm<\/td>\n<td>1,5 mm<\/td>\n<td>2,0 mm<\/td>\n<td>2,0 mm<\/td>\n<td>1,5 mm<\/td>\n<\/tr>\n<tr>\n<td>Aumento del telescopio<\/td>\n<td>32X<\/td>\n<td>28X<\/td>\n<td>24X<\/td>\n<td>24X<\/td>\n<td>28X<\/td>\n<\/tr>\n<tr>\n<td>Imagen del telescopio<\/td>\n<td>Erguido<\/td>\n<td>Erguido<\/td>\n<td>Erguido<\/td>\n<td>Erguido<\/td>\n<td>Erguido<\/td>\n<\/tr>\n<tr>\n<td>Distancia de observaci\u00f3n m\u00e1s corta<\/td>\n<td>0,3 m<\/td>\n<td>0,3 m<\/td>\n<td>0,3 m<\/td>\n<td>0,3 m<\/td>\n<td>0,3 m<\/td>\n<\/tr>\n<tr>\n<td>Error de distancia de visualizaci\u00f3n<\/td>\n<td>\u2264\u00b10,4%<\/td>\n<td>\u2264\u00b10,4%<\/td>\n<td>\u2264\u00b10,4%<\/td>\n<td>\u2264\u00b10,4%<\/td>\n<td>\u2264\u00b10,4%<\/td>\n<\/tr>\n<tr>\n<td>Tama\u00f1o de apertura efectiva de la lente del objeto<\/td>\n<td>42 mm<\/td>\n<td>36 mm<\/td>\n<td>36 mm<\/td>\n<td>32 mm<\/td>\n<td>32 mm<\/td>\n<\/tr>\n<tr>\n<td>Resoluci\u00f3n<\/td>\n<td>\u22643.0\u2033<\/td>\n<td>\u22643,5\u2033<\/td>\n<td>\u22643,5\u2033<\/td>\n<td>\u22644.0\u2033<\/td>\n<td>\u22644.0\u2033<\/td>\n<\/tr>\n<tr>\n<td>\u00c1ngulo de visi\u00f3n<\/td>\n<td>1\u00b025\u2032<\/td>\n<td>1\u00b025\u2032<\/td>\n<td>1\u00b025\u2032<\/td>\n<td>1\u00b025\u2032<\/td>\n<td>1\u00b025\u2032<\/td>\n<\/tr>\n<tr>\n<td>Error de enfoque<\/td>\n<td>\u22640,5 mm<\/td>\n<td>\u22641,0 mm<\/td>\n<td>\u22641,0 mm<\/td>\n<td>\u22641,0 mm<\/td>\n<td>\u22641,0 mm<\/td>\n<\/tr>\n<tr>\n<td>Tipo de compensador<\/td>\n<td>Amortiguaci\u00f3n magn\u00e9tica<\/td>\n<td>Amortiguaci\u00f3n magn\u00e9tica<\/td>\n<td>Amortiguaci\u00f3n magn\u00e9tica<\/td>\n<td>Amortiguaci\u00f3n magn\u00e9tica<\/td>\n<td>Amortiguaci\u00f3n magn\u00e9tica<\/td>\n<\/tr>\n<tr>\n<td>Rango de trabajo del compensador<\/td>\n<td>\u00b115\u2032<\/td>\n<td>\u00b115\u2032<\/td>\n<td>\u00b115\u2032<\/td>\n<td>\u00b115\u2032<\/td>\n<td>\u00b115\u2032<\/td>\n<\/tr>\n<tr>\n<td>Error de compensaci\u00f3n<\/td>\n<td>\u22640,3\u2033<\/td>\n<td>\u22640,5\u2033<\/td>\n<td>\u22640,5\u2033<\/td>\n<td>\u22640,5\u2033<\/td>\n<td>\u22640,5\u2033<\/td>\n<\/tr>\n<tr>\n<td>Ret\u00edculo<\/td>\n<td>Forma de cu\u00f1a<\/td>\n<td>Ret\u00edcula cruzada<\/td>\n<td>Ret\u00edcula cruzada<\/td>\n<td>Ret\u00edcula cruzada<\/td>\n<td>Ret\u00edcula cruzada<\/td>\n<\/tr>\n<tr>\n<td>Precisi\u00f3n de configuraci\u00f3n<\/td>\n<td>\u00b10,3\u2033<\/td>\n<td>\u00b10,5\u2033<\/td>\n<td>\u00b10,5\u2033<\/td>\n<td>\u00b10,5\u2033<\/td>\n<td>\u00b10,5\u2033<\/td>\n<\/tr>\n<tr>\n<td>Ajuste del tiempo<\/td>\n<td>\u2264 1,5 S<\/td>\n<td>\u2264 1,5 S<\/td>\n<td>\u2264 1,5 S<\/td>\n<td>\u2264 1,5 S<\/td>\n<td>\u2264 1,5 S<\/td>\n<\/tr>\n<tr>\n<td>Constante multiplicadora de estadios<\/td>\n<td>100<\/td>\n<td>100<\/td>\n<td>100<\/td>\n<td>100<\/td>\n<td>100<\/td>\n<\/tr>\n<tr>\n<td>Constante aditiva de Stadia<\/td>\n<td>0<\/td>\n<td>0<\/td>\n<td>0<\/td>\n<td>0<\/td>\n<td>0<\/td>\n<\/tr>\n<tr>\n<td>Sensibilidad del nivel circular<\/td>\n<td>8\u2032 \/ 2 mm<\/td>\n<td>10\u2032 \/ 2 mm<\/td>\n<td>10\u2032 \/ 2 mm<\/td>\n<td>10\u2032 \/ 2 mm<\/td>\n<td>10\u2032 \/ 2 mm<\/td>\n<\/tr>\n<tr>\n<td>Intervalo de graduaci\u00f3n del c\u00edrculo<\/td>\n<td>360\u00b0 o 400 gon opcional<\/td>\n<td>360\u00b0 o 400 gon opcional<\/td>\n<td>360\u00b0 o 400 gon opcional<\/td>\n<td>360\u00b0 o 400 gon opcional<\/td>\n<td>360\u00b0 o 400 gon opcional<\/td>\n<\/tr>\n<tr>\n<td>A prueba de agua y polvo<\/td>\n<td>IPX6<\/td>\n<td>IPX6<\/td>\n<td>IPX6<\/td>\n<td>IPX6<\/td>\n<td>IPX6<\/td>\n<\/tr>\n<tr>\n<td>Accesorio est\u00e1ndar<\/td>\n<td>Manual, llave Allen, pasador de ajuste, estuche de pl\u00e1stico<\/td>\n<td>Manual, llave Allen, pasador de ajuste, estuche de pl\u00e1stico<\/td>\n<td>Manual, llave Allen, pasador de ajuste, estuche de pl\u00e1stico<\/td>\n<td>Manual, llave Allen, pasador de ajuste, estuche de pl\u00e1stico<\/td>\n<td>Manual, llave Allen, pasador de ajuste, estuche de pl\u00e1stico<\/td>\n<\/tr>\n<tr>\n<td>Imagen<\/td>\n<td><img fetchpriority=\"high\" decoding=\"async\" class=\"alignnone wp-image-4932 size-medium\" src=\"https:\/\/mountlaser.com\/wp-content\/uploads\/2025\/11\/ATB2-300x300.webp\" alt=\"Auto level instrument\" width=\"300\" height=\"300\" srcset=\"https:\/\/mountlaser.com\/wp-content\/uploads\/2025\/11\/ATB2-300x300.webp 300w, https:\/\/mountlaser.com\/wp-content\/uploads\/2025\/11\/ATB2-400x400.webp 400w, https:\/\/mountlaser.com\/wp-content\/uploads\/2025\/11\/ATB2-800x800.webp 800w, https:\/\/mountlaser.com\/wp-content\/uploads\/2025\/11\/ATB2-600x600.webp 600w, https:\/\/mountlaser.com\/wp-content\/uploads\/2025\/11\/ATB2-150x150.webp 150w, https:\/\/mountlaser.com\/wp-content\/uploads\/2025\/11\/ATB2-768x768.webp 768w, https:\/\/mountlaser.com\/wp-content\/uploads\/2025\/11\/ATB2-12x12.webp 12w, https:\/\/mountlaser.com\/wp-content\/uploads\/2025\/11\/ATB2.webp 1000w\" sizes=\"(max-width: 300px) 100vw, 300px\" \/><\/td>\n<td><img decoding=\"async\" class=\"alignnone wp-image-4933 size-medium\" src=\"https:\/\/mountlaser.com\/wp-content\/uploads\/2025\/11\/ATB3-300x300.webp\" alt=\"Auto level instrument\" width=\"300\" height=\"300\" srcset=\"https:\/\/mountlaser.com\/wp-content\/uploads\/2025\/11\/ATB3-300x300.webp 300w, https:\/\/mountlaser.com\/wp-content\/uploads\/2025\/11\/ATB3-400x400.webp 400w, https:\/\/mountlaser.com\/wp-content\/uploads\/2025\/11\/ATB3-800x800.webp 800w, https:\/\/mountlaser.com\/wp-content\/uploads\/2025\/11\/ATB3-600x600.webp 600w, https:\/\/mountlaser.com\/wp-content\/uploads\/2025\/11\/ATB3-150x150.webp 150w, https:\/\/mountlaser.com\/wp-content\/uploads\/2025\/11\/ATB3-768x768.webp 768w, https:\/\/mountlaser.com\/wp-content\/uploads\/2025\/11\/ATB3-12x12.webp 12w, https:\/\/mountlaser.com\/wp-content\/uploads\/2025\/11\/ATB3.webp 1000w\" sizes=\"(max-width: 300px) 100vw, 300px\" \/><\/td>\n<td><img decoding=\"async\" class=\"alignnone wp-image-4934 size-medium\" src=\"https:\/\/mountlaser.com\/wp-content\/uploads\/2025\/11\/ATB3A-300x300.webp\" alt=\"Auto level instrument\" width=\"300\" height=\"300\" srcset=\"https:\/\/mountlaser.com\/wp-content\/uploads\/2025\/11\/ATB3A-300x300.webp 300w, https:\/\/mountlaser.com\/wp-content\/uploads\/2025\/11\/ATB3A-400x400.webp 400w, https:\/\/mountlaser.com\/wp-content\/uploads\/2025\/11\/ATB3A-800x800.webp 800w, https:\/\/mountlaser.com\/wp-content\/uploads\/2025\/11\/ATB3A-600x600.webp 600w, https:\/\/mountlaser.com\/wp-content\/uploads\/2025\/11\/ATB3A-150x150.webp 150w, https:\/\/mountlaser.com\/wp-content\/uploads\/2025\/11\/ATB3A-768x768.webp 768w, https:\/\/mountlaser.com\/wp-content\/uploads\/2025\/11\/ATB3A-12x12.webp 12w, https:\/\/mountlaser.com\/wp-content\/uploads\/2025\/11\/ATB3A.webp 1000w\" sizes=\"(max-width: 300px) 100vw, 300px\" \/><\/td>\n<td><img loading=\"lazy\" decoding=\"async\" class=\"alignnone wp-image-4935 size-medium\" src=\"https:\/\/mountlaser.com\/wp-content\/uploads\/2025\/11\/ATB4-300x300.webp\" alt=\"Auto level instrument\" width=\"300\" height=\"300\" srcset=\"https:\/\/mountlaser.com\/wp-content\/uploads\/2025\/11\/ATB4-300x300.webp 300w, https:\/\/mountlaser.com\/wp-content\/uploads\/2025\/11\/ATB4-400x400.webp 400w, https:\/\/mountlaser.com\/wp-content\/uploads\/2025\/11\/ATB4-800x800.webp 800w, https:\/\/mountlaser.com\/wp-content\/uploads\/2025\/11\/ATB4-600x600.webp 600w, https:\/\/mountlaser.com\/wp-content\/uploads\/2025\/11\/ATB4-150x150.webp 150w, https:\/\/mountlaser.com\/wp-content\/uploads\/2025\/11\/ATB4-768x768.webp 768w, https:\/\/mountlaser.com\/wp-content\/uploads\/2025\/11\/ATB4-12x12.webp 12w, https:\/\/mountlaser.com\/wp-content\/uploads\/2025\/11\/ATB4.webp 1000w\" sizes=\"(max-width: 300px) 100vw, 300px\" \/><\/td>\n<td><img loading=\"lazy\" decoding=\"async\" class=\"alignnone wp-image-4936 size-medium\" src=\"https:\/\/mountlaser.com\/wp-content\/uploads\/2025\/11\/ATB4A-300x300.webp\" alt=\"Auto level instrument\" width=\"300\" height=\"300\" srcset=\"https:\/\/mountlaser.com\/wp-content\/uploads\/2025\/11\/ATB4A-300x300.webp 300w, https:\/\/mountlaser.com\/wp-content\/uploads\/2025\/11\/ATB4A-400x400.webp 400w, https:\/\/mountlaser.com\/wp-content\/uploads\/2025\/11\/ATB4A-800x800.webp 800w, https:\/\/mountlaser.com\/wp-content\/uploads\/2025\/11\/ATB4A-600x600.webp 600w, https:\/\/mountlaser.com\/wp-content\/uploads\/2025\/11\/ATB4A-150x150.webp 150w, https:\/\/mountlaser.com\/wp-content\/uploads\/2025\/11\/ATB4A-768x768.webp 768w, https:\/\/mountlaser.com\/wp-content\/uploads\/2025\/11\/ATB4A-12x12.webp 12w, https:\/\/mountlaser.com\/wp-content\/uploads\/2025\/11\/ATB4A.webp 1000w\" sizes=\"(max-width: 300px) 100vw, 300px\" \/><\/td>\n<\/tr>\n<\/tbody>\n<\/table>","protected":false},"excerpt":{"rendered":"<ul>\n<li>Todos los modelos cuentan con un compensador de amortiguaci\u00f3n magn\u00e9tica con un rango de trabajo de \u00b115\u2032<\/li>\n<li>asegurando una l\u00ednea de visi\u00f3n horizontal estable en menos de 1,5 segundos para lecturas r\u00e1pidas y confiables.<\/li>\n<li>Los telescopios proporcionan una imagen clara y correcta con aumentos de 24X a 32X, lo que facilita la observaci\u00f3n de objetivos y reduce los errores del operador.<\/li>\n<\/ul>","protected":false},"featured_media":4933,"comment_status":"open","ping_status":"closed","template":"","meta":[],"product_brand":[],"product_cat":[95,141],"product_tag":[],"class_list":{"0":"post-4938","1":"product","2":"type-product","3":"status-publish","4":"has-post-thumbnail","6":"product_cat-agent-sales","7":"product_cat-auto-level-agent-sales","9":"first","10":"instock","11":"shipping-taxable","12":"product-type-simple"},"_links":{"self":[{"href":"https:\/\/mountlaser.com\/es\/wp-json\/wp\/v2\/product\/4938","targetHints":{"allow":["GET"]}}],"collection":[{"href":"https:\/\/mountlaser.com\/es\/wp-json\/wp\/v2\/product"}],"about":[{"href":"https:\/\/mountlaser.com\/es\/wp-json\/wp\/v2\/types\/product"}],"replies":[{"embeddable":true,"href":"https:\/\/mountlaser.com\/es\/wp-json\/wp\/v2\/comments?post=4938"}],"wp:featuredmedia":[{"embeddable":true,"href":"https:\/\/mountlaser.com\/es\/wp-json\/wp\/v2\/media\/4933"}],"wp:attachment":[{"href":"https:\/\/mountlaser.com\/es\/wp-json\/wp\/v2\/media?parent=4938"}],"wp:term":[{"taxonomy":"product_brand","embeddable":true,"href":"https:\/\/mountlaser.com\/es\/wp-json\/wp\/v2\/product_brand?post=4938"},{"taxonomy":"product_cat","embeddable":true,"href":"https:\/\/mountlaser.com\/es\/wp-json\/wp\/v2\/product_cat?post=4938"},{"taxonomy":"product_tag","embeddable":true,"href":"https:\/\/mountlaser.com\/es\/wp-json\/wp\/v2\/product_tag?post=4938"}],"curies":[{"name":"wp","href":"https:\/\/api.w.org\/{rel}","templated":true}]}}