{"id":4868,"date":"2025-11-25T06:24:10","date_gmt":"2025-11-25T06:24:10","guid":{"rendered":"https:\/\/mountlaser.com\/?post_type=product&#038;p=4868"},"modified":"2025-11-25T06:31:53","modified_gmt":"2025-11-25T06:31:53","slug":"st360-360prism-with-pole","status":"publish","type":"product","link":"https:\/\/mountlaser.com\/es\/producto\/st360-360prism-with-pole\/","title":{"rendered":"Prisma ST360 de 360\u00b0 con poste"},"content":{"rendered":"<p>El <a href=\"https:\/\/mountlaser.com\/es\/categoria-producto\/reflective-target-prism\/\"><strong>PRISMA ST360 DE 360\u00b0 CON POSTE<\/strong><\/a> Es un sistema de prisma gran angular de alta precisi\u00f3n, dise\u00f1ado para aplicaciones topogr\u00e1ficas profesionales que requieren mediciones multidireccionales fiables. Dise\u00f1ado con una robusta estructura \u00f3ptica de 360\u00b0, este sistema garantiza una precisi\u00f3n constante, ya sea para monitorizaci\u00f3n de deformaciones, levantamientos topogr\u00e1ficos o dise\u00f1o de obras. El prisma ST360 de 360\u00b0 con p\u00e9rtiga proporciona reflectividad de c\u00edrculo completo, lo que lo hace ideal para estaciones totales rob\u00f3ticas y flujos de trabajo de seguimiento automatizado.<\/p>\n<p>Construido a partir de seis mini prismas alineados con precisi\u00f3n, el <a href=\"https:\/\/mountlaser.com\/es\/\"><strong>Mini prisma de 360 grados para estaci\u00f3n total<\/strong><\/a> Ofrece un retorno de se\u00f1al excepcional y una estabilidad de medici\u00f3n desde cualquier direcci\u00f3n. Con una constante de prisma de 0 mm, garantiza la compatibilidad con una amplia gama de instrumentos topogr\u00e1ficos. La burbuja circular integrada de 40\u2032 permite a los top\u00f3grafos lograr una nivelaci\u00f3n r\u00e1pida y precisa en obra, garantizando resultados fiables incluso en entornos dif\u00edciles.<\/p>\n<p><img fetchpriority=\"high\" decoding=\"async\" class=\"aligncenter wp-image-4874\" src=\"https:\/\/mountlaser.com\/wp-content\/uploads\/2025\/11\/ST360\uff086\uff09.webp\" alt=\"ST360 360\u00b0PRISM WITH POLE\" width=\"500\" height=\"500\" srcset=\"https:\/\/mountlaser.com\/wp-content\/uploads\/2025\/11\/ST360\uff086\uff09.webp 1000w, https:\/\/mountlaser.com\/wp-content\/uploads\/2025\/11\/ST360\uff086\uff09-300x300.webp 300w, https:\/\/mountlaser.com\/wp-content\/uploads\/2025\/11\/ST360\uff086\uff09-400x400.webp 400w, https:\/\/mountlaser.com\/wp-content\/uploads\/2025\/11\/ST360\uff086\uff09-800x800.webp 800w, https:\/\/mountlaser.com\/wp-content\/uploads\/2025\/11\/ST360\uff086\uff09-600x600.webp 600w, https:\/\/mountlaser.com\/wp-content\/uploads\/2025\/11\/ST360\uff086\uff09-150x150.webp 150w, https:\/\/mountlaser.com\/wp-content\/uploads\/2025\/11\/ST360\uff086\uff09-768x768.webp 768w, https:\/\/mountlaser.com\/wp-content\/uploads\/2025\/11\/ST360\uff086\uff09-12x12.webp 12w\" sizes=\"(max-width: 500px) 100vw, 500px\" \/><\/p>\n<p><a href=\"https:\/\/mountlaser.com\/es\/contact-us\/\">El mini prisma de 360 grados para estaci\u00f3n total<\/a> Est\u00e1 montado sobre un mini bast\u00f3n de aluminio resistente, lo que permite un ajuste suave de la altura con un soporte de prisma deslizante que optimiza la eficiencia de la instalaci\u00f3n. Su estructura reforzada garantiza una larga durabilidad y estabilidad \u00f3ptica, lo que convierte al ST360 PRISMA DE 360\u00b0 CON BAST\u00d3N en una soluci\u00f3n fiable para mediciones de todos los \u00e1ngulos en diversas condiciones.<\/p>","protected":false},"excerpt":{"rendered":"<ul>\n<li>Proporciona una reflexi\u00f3n de se\u00f1al de 360\u00b0 para estaciones totales y sistemas de topograf\u00eda rob\u00f3ticos<\/li>\n<li>Garantiza mediciones estables a trav\u00e9s de seis mini prismas alineados con precisi\u00f3n<\/li>\n<li>Admite una configuraci\u00f3n de campo r\u00e1pida con un vial circular de 40\u2032 integrado<\/li>\n<li>Ofrece un ajuste de altura flexible mediante un soporte de prisma deslizante.<\/li>\n<li>Compatible con una amplia gama de instrumentos topogr\u00e1ficos gracias a la constante de prisma de 0 mm<\/li>\n<\/ul>","protected":false},"featured_media":4869,"comment_status":"open","ping_status":"closed","template":"","meta":[],"product_brand":[],"product_cat":[115,72],"product_tag":[],"class_list":{"0":"post-4868","1":"product","2":"type-product","3":"status-publish","4":"has-post-thumbnail","6":"product_cat-wide-angle-prism","7":"product_cat-reflective-target-prism","9":"first","10":"instock","11":"shipping-taxable","12":"product-type-simple"},"_links":{"self":[{"href":"https:\/\/mountlaser.com\/es\/wp-json\/wp\/v2\/product\/4868","targetHints":{"allow":["GET"]}}],"collection":[{"href":"https:\/\/mountlaser.com\/es\/wp-json\/wp\/v2\/product"}],"about":[{"href":"https:\/\/mountlaser.com\/es\/wp-json\/wp\/v2\/types\/product"}],"replies":[{"embeddable":true,"href":"https:\/\/mountlaser.com\/es\/wp-json\/wp\/v2\/comments?post=4868"}],"wp:featuredmedia":[{"embeddable":true,"href":"https:\/\/mountlaser.com\/es\/wp-json\/wp\/v2\/media\/4869"}],"wp:attachment":[{"href":"https:\/\/mountlaser.com\/es\/wp-json\/wp\/v2\/media?parent=4868"}],"wp:term":[{"taxonomy":"product_brand","embeddable":true,"href":"https:\/\/mountlaser.com\/es\/wp-json\/wp\/v2\/product_brand?post=4868"},{"taxonomy":"product_cat","embeddable":true,"href":"https:\/\/mountlaser.com\/es\/wp-json\/wp\/v2\/product_cat?post=4868"},{"taxonomy":"product_tag","embeddable":true,"href":"https:\/\/mountlaser.com\/es\/wp-json\/wp\/v2\/product_tag?post=4868"}],"curies":[{"name":"wp","href":"https:\/\/api.w.org\/{rel}","templated":true}]}}