{"id":4838,"date":"2025-11-25T05:30:26","date_gmt":"2025-11-25T05:30:26","guid":{"rendered":"https:\/\/mountlaser.com\/?post_type=product&#038;p=4838"},"modified":"2025-11-25T06:55:12","modified_gmt":"2025-11-25T06:55:12","slug":"mp090-mini-prism","status":"publish","type":"product","link":"https:\/\/mountlaser.com\/es\/producto\/mp090-mini-prism\/","title":{"rendered":"Mini prisma MP090"},"content":{"rendered":"<p>El <a href=\"https:\/\/mountlaser.com\/es\/categoria-producto\/reflective-target-prism\/\"><strong>Mini prisma MP090<\/strong><\/a> Es una soluci\u00f3n de monitoreo de alta precisi\u00f3n dise\u00f1ada para estudios de deformaci\u00f3n estructural, mediciones geot\u00e9cnicas e instalaciones de campo a largo plazo. Dise\u00f1ado para m\u00e1xima versatilidad, este miniprisma MP090 es ampliamente reconocido como un instrumento confiable.<a href=\"https:\/\/mountlaser.com\/es\/\"><strong> Mini prisma para estaci\u00f3n total Trimble<\/strong><\/a>, ofreciendo una excelente compatibilidad y un rendimiento estable de largo alcance.<\/p>\n<p>Fabricado con una robusta carcasa de aluminio, el miniprisma MP090 ofrece una durabilidad y resistencia a la corrosi\u00f3n excepcionales, lo que garantiza una precisi\u00f3n de medici\u00f3n constante en entornos exteriores exigentes. Como miniprisma para estaciones totales Trimble, permite un seguimiento autom\u00e1tico preciso y una alineaci\u00f3n precisa, incluso en espacios reducidos o con instalaciones irregulares.<\/p>\n<p><img fetchpriority=\"high\" decoding=\"async\" class=\"aligncenter wp-image-4840\" src=\"https:\/\/mountlaser.com\/wp-content\/uploads\/2025\/11\/MP090B1.webp\" alt=\"MP090 mini prism\" width=\"500\" height=\"500\" srcset=\"https:\/\/mountlaser.com\/wp-content\/uploads\/2025\/11\/MP090B1.webp 1000w, https:\/\/mountlaser.com\/wp-content\/uploads\/2025\/11\/MP090B1-300x300.webp 300w, https:\/\/mountlaser.com\/wp-content\/uploads\/2025\/11\/MP090B1-400x400.webp 400w, https:\/\/mountlaser.com\/wp-content\/uploads\/2025\/11\/MP090B1-800x800.webp 800w, https:\/\/mountlaser.com\/wp-content\/uploads\/2025\/11\/MP090B1-600x600.webp 600w, https:\/\/mountlaser.com\/wp-content\/uploads\/2025\/11\/MP090B1-150x150.webp 150w, https:\/\/mountlaser.com\/wp-content\/uploads\/2025\/11\/MP090B1-768x768.webp 768w, https:\/\/mountlaser.com\/wp-content\/uploads\/2025\/11\/MP090B1-12x12.webp 12w\" sizes=\"(max-width: 500px) 100vw, 500px\" \/><\/p>\n<p>El <a href=\"https:\/\/mountlaser.com\/es\/about-us\/\">Dise\u00f1o de barra en U<\/a> Permite que el prisma sea giratorio e inclinable, lo que facilita un ajuste flexible de la punter\u00eda para escenarios de monitoreo complejos. Disponemos de opciones de precisi\u00f3n de 2\u2033 o 3-4\u2033 para satisfacer diferentes requisitos topogr\u00e1ficos. Dos configuraciones de prisma: MP090A (12,7 mm) y MP090B (25,4 mm), ofrecen mayor adaptabilidad para diversas necesidades de proyecto. Con su sistema de bloqueo lateral seguro y su placa base compacta de 35 \u00d7 38 mm, este miniprisma para estaci\u00f3n total Trimble garantiza un posicionamiento estable y a largo plazo, ideal para aplicaciones de monitoreo de alta precisi\u00f3n.<\/p>","protected":false},"excerpt":{"rendered":"<ul>\n<li>Proporciona una reflexi\u00f3n precisa para el monitoreo de deformaciones y estudios de movimiento estructural.<\/li>\n<li>Prisma giratorio e inclinable para \u00e1ngulos de visi\u00f3n optimizados<\/li>\n<li>Compatible con las funciones ATR de las estaciones totales Trimble<\/li>\n<li>Disponible en m\u00faltiples tama\u00f1os de prismas y niveles de precisi\u00f3n.<\/li>\n<li>Dise\u00f1ado para soportar exposici\u00f3n prolongada al aire libre.<\/li>\n<\/ul>","protected":false},"featured_media":4841,"comment_status":"open","ping_status":"closed","template":"","meta":[],"product_brand":[],"product_cat":[112,72],"product_tag":[],"class_list":{"0":"post-4838","1":"product","2":"type-product","3":"status-publish","4":"has-post-thumbnail","6":"product_cat-monitoring-prism","7":"product_cat-reflective-target-prism","9":"first","10":"instock","11":"shipping-taxable","12":"product-type-simple"},"_links":{"self":[{"href":"https:\/\/mountlaser.com\/es\/wp-json\/wp\/v2\/product\/4838","targetHints":{"allow":["GET"]}}],"collection":[{"href":"https:\/\/mountlaser.com\/es\/wp-json\/wp\/v2\/product"}],"about":[{"href":"https:\/\/mountlaser.com\/es\/wp-json\/wp\/v2\/types\/product"}],"replies":[{"embeddable":true,"href":"https:\/\/mountlaser.com\/es\/wp-json\/wp\/v2\/comments?post=4838"}],"wp:featuredmedia":[{"embeddable":true,"href":"https:\/\/mountlaser.com\/es\/wp-json\/wp\/v2\/media\/4841"}],"wp:attachment":[{"href":"https:\/\/mountlaser.com\/es\/wp-json\/wp\/v2\/media?parent=4838"}],"wp:term":[{"taxonomy":"product_brand","embeddable":true,"href":"https:\/\/mountlaser.com\/es\/wp-json\/wp\/v2\/product_brand?post=4838"},{"taxonomy":"product_cat","embeddable":true,"href":"https:\/\/mountlaser.com\/es\/wp-json\/wp\/v2\/product_cat?post=4838"},{"taxonomy":"product_tag","embeddable":true,"href":"https:\/\/mountlaser.com\/es\/wp-json\/wp\/v2\/product_tag?post=4838"}],"curies":[{"name":"wp","href":"https:\/\/api.w.org\/{rel}","templated":true}]}}