{"id":4829,"date":"2025-11-25T03:15:48","date_gmt":"2025-11-25T03:15:48","guid":{"rendered":"https:\/\/mountlaser.com\/?post_type=product&#038;p=4829"},"modified":"2025-11-25T07:09:28","modified_gmt":"2025-11-25T07:09:28","slug":"mp096-mini-prism","status":"publish","type":"product","link":"https:\/\/mountlaser.com\/es\/producto\/mp096-mini-prism\/","title":{"rendered":"MP096 mini prism"},"content":{"rendered":"<p>El <a href=\"https:\/\/mountlaser.com\/es\/categoria-producto\/reflective-target-prism\/\"><strong>MP096 mini prism<\/strong><\/a> Es una soluci\u00f3n de monitoreo compacta y de alta precisi\u00f3n dise\u00f1ada para aplicaciones con espacio de instalaci\u00f3n extremadamente limitado. Dise\u00f1ado para entornos exigentes como t\u00faneles, puentes y estructuras ferroviarias, el miniprisma MP096 ofrece mediciones estables y precisas en un formato robusto y de perfil bajo. Con un centrado preciso <a href=\"https:\/\/mountlaser.com\/es\/\"><strong>MP096 Mini prisma de 25,4 mm<\/strong><\/a>, Este instrumento garantiza un excelente retorno de se\u00f1al y una alineaci\u00f3n consistente para tareas de monitoreo de corto alcance.<\/p>\n<p><img fetchpriority=\"high\" decoding=\"async\" class=\"aligncenter wp-image-4831\" src=\"https:\/\/mountlaser.com\/wp-content\/uploads\/2025\/11\/MP0962.webp\" alt=\"MP096 mini prism\" width=\"500\" height=\"500\" srcset=\"https:\/\/mountlaser.com\/wp-content\/uploads\/2025\/11\/MP0962.webp 1000w, https:\/\/mountlaser.com\/wp-content\/uploads\/2025\/11\/MP0962-300x300.webp 300w, https:\/\/mountlaser.com\/wp-content\/uploads\/2025\/11\/MP0962-400x400.webp 400w, https:\/\/mountlaser.com\/wp-content\/uploads\/2025\/11\/MP0962-800x800.webp 800w, https:\/\/mountlaser.com\/wp-content\/uploads\/2025\/11\/MP0962-600x600.webp 600w, https:\/\/mountlaser.com\/wp-content\/uploads\/2025\/11\/MP0962-150x150.webp 150w, https:\/\/mountlaser.com\/wp-content\/uploads\/2025\/11\/MP0962-768x768.webp 768w, https:\/\/mountlaser.com\/wp-content\/uploads\/2025\/11\/MP0962-12x12.webp 12w\" sizes=\"(max-width: 500px) 100vw, 500px\" \/><\/p>\n<p>Construido con una carcasa de aluminio s\u00f3lido, el <a href=\"https:\/\/mountlaser.com\/es\/about-us\/\">MP096 Mini prisma de 25,4 mm<\/a> Ofrece durabilidad a largo plazo en condiciones ambientales adversas. Su estructura de perfil bajo, con una placa base de 100 mm y una altura total de tan solo 35 mm, permite a los top\u00f3grafos instalar el miniprisma MP096 en espacios reducidos sin obstrucciones. Las opciones de montaje flexibles, como la instalaci\u00f3n con adhesivo o pasador, permiten instalaciones tanto temporales como permanentes. Para adaptarse a diferentes \u00e1ngulos de medici\u00f3n, el producto est\u00e1 disponible en modelos de 30\u00b0 y 45\u00b0, lo que garantiza una visibilidad \u00f3ptima desde diversas posiciones de la l\u00ednea de visi\u00f3n. Totalmente compatible con los sistemas ATR, el miniprisma MP096 proporciona un seguimiento fiable para aplicaciones de monitorizaci\u00f3n profesional.<\/p>","protected":false},"excerpt":{"rendered":"<ul>\n<li>Proporciona un monitoreo preciso de corto alcance en espacios estrechos o restringidos.<\/li>\n<li>Garantiza estabilidad a largo plazo con una carcasa de aluminio s\u00f3lida.<\/li>\n<li>Ofrece un fuerte retorno de se\u00f1al a trav\u00e9s de un mini prisma de 25,4 mm de alta calidad<\/li>\n<li>Admite m\u00faltiples m\u00e9todos de instalaci\u00f3n para diversos requisitos de proyectos.<\/li>\n<li>Permite una selecci\u00f3n \u00f3ptima del \u00e1ngulo con variantes de prisma de 30\u00b0 y 45\u00b0<\/li>\n<li>Se integra perfectamente con el equipo de medici\u00f3n ATR para una recopilaci\u00f3n de datos eficiente<\/li>\n<\/ul>","protected":false},"featured_media":4830,"comment_status":"open","ping_status":"closed","template":"","meta":[],"product_brand":[],"product_cat":[112,72],"product_tag":[],"class_list":{"0":"post-4829","1":"product","2":"type-product","3":"status-publish","4":"has-post-thumbnail","6":"product_cat-monitoring-prism","7":"product_cat-reflective-target-prism","9":"first","10":"instock","11":"shipping-taxable","12":"product-type-simple"},"_links":{"self":[{"href":"https:\/\/mountlaser.com\/es\/wp-json\/wp\/v2\/product\/4829","targetHints":{"allow":["GET"]}}],"collection":[{"href":"https:\/\/mountlaser.com\/es\/wp-json\/wp\/v2\/product"}],"about":[{"href":"https:\/\/mountlaser.com\/es\/wp-json\/wp\/v2\/types\/product"}],"replies":[{"embeddable":true,"href":"https:\/\/mountlaser.com\/es\/wp-json\/wp\/v2\/comments?post=4829"}],"wp:featuredmedia":[{"embeddable":true,"href":"https:\/\/mountlaser.com\/es\/wp-json\/wp\/v2\/media\/4830"}],"wp:attachment":[{"href":"https:\/\/mountlaser.com\/es\/wp-json\/wp\/v2\/media?parent=4829"}],"wp:term":[{"taxonomy":"product_brand","embeddable":true,"href":"https:\/\/mountlaser.com\/es\/wp-json\/wp\/v2\/product_brand?post=4829"},{"taxonomy":"product_cat","embeddable":true,"href":"https:\/\/mountlaser.com\/es\/wp-json\/wp\/v2\/product_cat?post=4829"},{"taxonomy":"product_tag","embeddable":true,"href":"https:\/\/mountlaser.com\/es\/wp-json\/wp\/v2\/product_tag?post=4829"}],"curies":[{"name":"wp","href":"https:\/\/api.w.org\/{rel}","templated":true}]}}