{"id":4810,"date":"2025-11-25T01:54:35","date_gmt":"2025-11-25T01:54:35","guid":{"rendered":"https:\/\/mountlaser.com\/?post_type=product&#038;p=4810"},"modified":"2025-11-25T07:12:46","modified_gmt":"2025-11-25T07:12:46","slug":"rt111-reflective-target","status":"publish","type":"product","link":"https:\/\/mountlaser.com\/es\/producto\/rt111-reflective-target\/","title":{"rendered":"Objetivo reflectante RT111"},"content":{"rendered":"<p>El <a href=\"https:\/\/mountlaser.com\/es\/categoria-producto\/reflective-target-prism\/\"><strong>Objetivo reflectante RT111<\/strong><\/a> La serie RT111 est\u00e1 dise\u00f1ada para aplicaciones de monitoreo de alta precisi\u00f3n, espec\u00edficamente para sistemas de monitoreo de estaciones totales tipo suizo. Fabricada con un cuerpo de aluminio mecanizado con precisi\u00f3n, cada objetivo reflectante RT111 ofrece durabilidad a largo plazo, estabilidad excepcional y precisi\u00f3n posicional confiable en entornos de campo exigentes.<\/p>\n<p>Con cinta reflectante de alta visibilidad y una base magn\u00e9tica integrada, el <a href=\"https:\/\/mountlaser.com\/es\/about-us\/\"><strong>Objetivo reflectante magn\u00e9tico RT111<\/strong><\/a> Los modelos permiten una fijaci\u00f3n r\u00e1pida y segura a superficies met\u00e1licas, lo que garantiza una alineaci\u00f3n uniforme durante las tareas de monitoreo continuo. Con un di\u00e1metro exterior compacto de 20 mm, el objetivo magn\u00e9tico reflectante RT111 se adapta f\u00e1cilmente a instalaciones confinadas o discretas sin comprometer el rendimiento de la medici\u00f3n.<\/p>\n<p><img fetchpriority=\"high\" decoding=\"async\" class=\"aligncenter wp-image-4813\" src=\"https:\/\/mountlaser.com\/wp-content\/uploads\/2025\/11\/RT1113.webp\" alt=\"RT111 Reflective Target\" width=\"500\" height=\"500\" srcset=\"https:\/\/mountlaser.com\/wp-content\/uploads\/2025\/11\/RT1113.webp 1000w, https:\/\/mountlaser.com\/wp-content\/uploads\/2025\/11\/RT1113-300x300.webp 300w, https:\/\/mountlaser.com\/wp-content\/uploads\/2025\/11\/RT1113-400x400.webp 400w, https:\/\/mountlaser.com\/wp-content\/uploads\/2025\/11\/RT1113-800x800.webp 800w, https:\/\/mountlaser.com\/wp-content\/uploads\/2025\/11\/RT1113-600x600.webp 600w, https:\/\/mountlaser.com\/wp-content\/uploads\/2025\/11\/RT1113-150x150.webp 150w, https:\/\/mountlaser.com\/wp-content\/uploads\/2025\/11\/RT1113-768x768.webp 768w, https:\/\/mountlaser.com\/wp-content\/uploads\/2025\/11\/RT1113-12x12.webp 12w\" sizes=\"(max-width: 500px) 100vw, 500px\" \/><\/p>\n<p>Disponible en <a href=\"https:\/\/mountlaser.com\/es\/contact-us\/\">m\u00faltiples orientaciones<\/a>\u2014incluyendo horizontales, de 45 grados y verticales\u2014 la serie de objetivos reflectantes RT111 admite escenarios de instalaci\u00f3n flexibles y ofrece un rendimiento confiable para monitoreo estructural, seguimiento de deformaciones y flujos de trabajo de medici\u00f3n de precisi\u00f3n.<\/p>","protected":false},"excerpt":{"rendered":"<ul>\n<li>Proporciona una alineaci\u00f3n reflectante precisa para sistemas de monitoreo de estaciones totales tipo suizo<\/li>\n<li>La cinta reflectante de alta visibilidad garantiza una orientaci\u00f3n precisa y consistente.<\/li>\n<li>La base magn\u00e9tica permite un montaje r\u00e1pido y estable en superficies met\u00e1licas.<\/li>\n<li>Di\u00e1metro compacto de 20 mm que permite su instalaci\u00f3n en espacios restringidos<\/li>\n<li>Disponible en m\u00faltiples \u00e1ngulos (0\u00b0, 45\u00b0, 90\u00b0) para un posicionamiento vers\u00e1til<\/li>\n<li>Garantiza un rendimiento estable a largo plazo en aplicaciones de monitoreo estructural y geod\u00e9sico.<\/li>\n<\/ul>","protected":false},"featured_media":4811,"comment_status":"open","ping_status":"closed","template":"","meta":[],"product_brand":[],"product_cat":[72,104],"product_tag":[],"class_list":{"0":"post-4810","1":"product","2":"type-product","3":"status-publish","4":"has-post-thumbnail","6":"product_cat-reflective-target-prism","7":"product_cat-reflective-target","9":"first","10":"instock","11":"shipping-taxable","12":"product-type-simple"},"_links":{"self":[{"href":"https:\/\/mountlaser.com\/es\/wp-json\/wp\/v2\/product\/4810","targetHints":{"allow":["GET"]}}],"collection":[{"href":"https:\/\/mountlaser.com\/es\/wp-json\/wp\/v2\/product"}],"about":[{"href":"https:\/\/mountlaser.com\/es\/wp-json\/wp\/v2\/types\/product"}],"replies":[{"embeddable":true,"href":"https:\/\/mountlaser.com\/es\/wp-json\/wp\/v2\/comments?post=4810"}],"wp:featuredmedia":[{"embeddable":true,"href":"https:\/\/mountlaser.com\/es\/wp-json\/wp\/v2\/media\/4811"}],"wp:attachment":[{"href":"https:\/\/mountlaser.com\/es\/wp-json\/wp\/v2\/media?parent=4810"}],"wp:term":[{"taxonomy":"product_brand","embeddable":true,"href":"https:\/\/mountlaser.com\/es\/wp-json\/wp\/v2\/product_brand?post=4810"},{"taxonomy":"product_cat","embeddable":true,"href":"https:\/\/mountlaser.com\/es\/wp-json\/wp\/v2\/product_cat?post=4810"},{"taxonomy":"product_tag","embeddable":true,"href":"https:\/\/mountlaser.com\/es\/wp-json\/wp\/v2\/product_tag?post=4810"}],"curies":[{"name":"wp","href":"https:\/\/api.w.org\/{rel}","templated":true}]}}