{"id":4801,"date":"2025-11-25T01:20:38","date_gmt":"2025-11-25T01:20:38","guid":{"rendered":"https:\/\/mountlaser.com\/?post_type=product&#038;p=4801"},"modified":"2025-11-25T07:23:25","modified_gmt":"2025-11-25T07:23:25","slug":"pb254-corner-cube-prism","status":"publish","type":"product","link":"https:\/\/mountlaser.com\/es\/producto\/pb254-corner-cube-prism\/","title":{"rendered":"Prisma c\u00fabico de esquina PB254"},"content":{"rendered":"<p>Presentando el <a href=\"https:\/\/mountlaser.com\/es\/categoria-producto\/reflective-target-prism\/\"><strong>Prisma c\u00fabico de esquina PB254<\/strong><\/a>, un componente \u00f3ptico de alta precisi\u00f3n dise\u00f1ado para aplicaciones de medici\u00f3n, alineaci\u00f3n y l\u00e1ser que requieren una precisi\u00f3n excepcional en el retorno del haz. Dise\u00f1ado con un<a href=\"https:\/\/mountlaser.com\/es\/contact-us\/\"> <strong>Prisma c\u00fabico de esquina de 25,4 mm<\/strong> <\/a>Gracias a su estructura, el prisma c\u00fabico de esquina PB254 proporciona un rendimiento de retrorreflexi\u00f3n estable y constante, incluso en entornos exigentes.<br \/>\nYa sea que se utilice en instrumentos topogr\u00e1ficos, sistemas de alineaci\u00f3n o aplicaciones cient\u00edficas, el prisma c\u00fabico de esquina PB254 garantiza un retorno del haz fiable y sin distorsiones a largas distancias. Gracias a su apertura de 25,4 mm, este prisma c\u00fabico de esquina de 25,4 mm ofrece una excelente estabilidad \u00f3ptica y alta reflectividad.<\/p>\n<p><img fetchpriority=\"high\" decoding=\"async\" class=\"aligncenter wp-image-4803\" src=\"https:\/\/mountlaser.com\/wp-content\/uploads\/2025\/11\/PB254-2.webp\" alt=\"PB254 Corner Cube Prism\" width=\"500\" height=\"500\" srcset=\"https:\/\/mountlaser.com\/wp-content\/uploads\/2025\/11\/PB254-2.webp 1000w, https:\/\/mountlaser.com\/wp-content\/uploads\/2025\/11\/PB254-2-300x300.webp 300w, https:\/\/mountlaser.com\/wp-content\/uploads\/2025\/11\/PB254-2-400x400.webp 400w, https:\/\/mountlaser.com\/wp-content\/uploads\/2025\/11\/PB254-2-800x800.webp 800w, https:\/\/mountlaser.com\/wp-content\/uploads\/2025\/11\/PB254-2-600x600.webp 600w, https:\/\/mountlaser.com\/wp-content\/uploads\/2025\/11\/PB254-2-150x150.webp 150w, https:\/\/mountlaser.com\/wp-content\/uploads\/2025\/11\/PB254-2-768x768.webp 768w, https:\/\/mountlaser.com\/wp-content\/uploads\/2025\/11\/PB254-2-12x12.webp 12w\" sizes=\"(max-width: 500px) 100vw, 500px\" \/><\/p>\n<p>Dise\u00f1ado para profesionales que exigen precisi\u00f3n, durabilidad y rendimiento confiable, el <a href=\"https:\/\/mountlaser.com\/es\/about-us\/\">Prisma c\u00fabico de esquina PB254<\/a> Se integra perfectamente en una amplia gama de configuraciones \u00f3pticas.<\/p>","protected":false},"excerpt":{"rendered":"<ul>\n<li>Retrorreflexi\u00f3n del haz precisa: redirige los rayos l\u00e1ser entrantes hacia la fuente con una desviaci\u00f3n extremadamente baja.<\/li>\n<li>Dise\u00f1o de apertura de 25,4 mm: garantiza una alta reflectividad y un rendimiento estable de largo alcance.<\/li>\n<li>Integraci\u00f3n vers\u00e1til: adecuado para equipos de topograf\u00eda, sistemas de alineaci\u00f3n, pruebas \u00f3pticas y herramientas de medici\u00f3n de precisi\u00f3n.<\/li>\n<li>Alta calidad de superficie: el dise\u00f1o PB254 proporciona una excelente planitud \u00f3ptica y un error angular m\u00ednimo.<\/li>\n<li>Construcci\u00f3n duradera: dise\u00f1ada para entornos industriales y de campo profesionales que requieren estabilidad a largo plazo.<\/li>\n<\/ul>","protected":false},"featured_media":4809,"comment_status":"open","ping_status":"closed","template":"","meta":[],"product_brand":[],"product_cat":[105,72],"product_tag":[],"class_list":{"0":"post-4801","1":"product","2":"type-product","3":"status-publish","4":"has-post-thumbnail","6":"product_cat-corner-cube-prisms","7":"product_cat-reflective-target-prism","9":"first","10":"instock","11":"shipping-taxable","12":"product-type-simple"},"_links":{"self":[{"href":"https:\/\/mountlaser.com\/es\/wp-json\/wp\/v2\/product\/4801","targetHints":{"allow":["GET"]}}],"collection":[{"href":"https:\/\/mountlaser.com\/es\/wp-json\/wp\/v2\/product"}],"about":[{"href":"https:\/\/mountlaser.com\/es\/wp-json\/wp\/v2\/types\/product"}],"replies":[{"embeddable":true,"href":"https:\/\/mountlaser.com\/es\/wp-json\/wp\/v2\/comments?post=4801"}],"wp:featuredmedia":[{"embeddable":true,"href":"https:\/\/mountlaser.com\/es\/wp-json\/wp\/v2\/media\/4809"}],"wp:attachment":[{"href":"https:\/\/mountlaser.com\/es\/wp-json\/wp\/v2\/media?parent=4801"}],"wp:term":[{"taxonomy":"product_brand","embeddable":true,"href":"https:\/\/mountlaser.com\/es\/wp-json\/wp\/v2\/product_brand?post=4801"},{"taxonomy":"product_cat","embeddable":true,"href":"https:\/\/mountlaser.com\/es\/wp-json\/wp\/v2\/product_cat?post=4801"},{"taxonomy":"product_tag","embeddable":true,"href":"https:\/\/mountlaser.com\/es\/wp-json\/wp\/v2\/product_tag?post=4801"}],"curies":[{"name":"wp","href":"https:\/\/api.w.org\/{rel}","templated":true}]}}