{"id":4791,"date":"2025-11-21T09:07:18","date_gmt":"2025-11-21T09:07:18","guid":{"rendered":"https:\/\/mountlaser.com\/?post_type=product&#038;p=4791"},"modified":"2025-11-25T07:45:48","modified_gmt":"2025-11-25T07:45:48","slug":"rotary-laser-krl-640","status":"publish","type":"product","link":"https:\/\/mountlaser.com\/es\/producto\/rotary-laser-krl-640\/","title":{"rendered":"L\u00e1ser rotatorio KRL-640"},"content":{"rendered":"<p>El <a href=\"https:\/\/mountlaser.com\/es\/\">Montaje l\u00e1ser<\/a> El KRL-640 representa la cumbre de la innovaci\u00f3n y la precisi\u00f3n en tecnolog\u00eda de dise\u00f1o de obra. Dise\u00f1ado para los proyectos de nivelaci\u00f3n y construcci\u00f3n m\u00e1s exigentes, este kit l\u00e1ser rotatorio de doble pendiente es un completo kit que proporciona un control y una precisi\u00f3n inigualables. <a href=\"https:\/\/mountlaser.com\/es\/categoria-producto\/rotary-laser\/\"><strong>L\u00e1ser rotatorio KRL-640<\/strong><\/a> Funciona como un sofisticado l\u00e1ser electr\u00f3nico rotatorio horizontal y vertical, que utiliza un sistema de nivelaci\u00f3n de \u00faltima generaci\u00f3n con giroscopios duales y tres sensores electr\u00f3nicos individuales para lograr la mejor precisi\u00f3n de nivelaci\u00f3n de su clase de \u00b10,25 mm\/10 m.<\/p>\n<p>Este todo en uno <a href=\"https:\/\/mountlaser.com\/es\/about-us\/\"><strong>Kit l\u00e1ser rotatorio de doble pendiente<\/strong><\/a> Dise\u00f1ado para m\u00e1xima comodidad y rendimiento en campo. Proyecta un plano perfecto de 360 grados, tanto en orientaci\u00f3n horizontal como vertical, lo que le proporciona un sistema de referencia espacial completo. El control remoto RC200 incluido le permite controlar todas las funciones, incluyendo ajustes precisos de pendiente bidireccional, desde una impresionante distancia de hasta 300 metros. Como robusto l\u00e1ser electr\u00f3nico rotatorio horizontal y vertical con clasificaci\u00f3n de protecci\u00f3n IP66, el KRL-640 est\u00e1 dise\u00f1ado para soportar las condiciones exteriores m\u00e1s duras, garantizando un funcionamiento fiable con polvo, lluvia y temperaturas extremas de -20 \u00b0C a +60 \u00b0C.<\/p>\n<p>&nbsp;<\/p>\n<p><img fetchpriority=\"high\" decoding=\"async\" class=\"aligncenter wp-image-4793\" src=\"https:\/\/mountlaser.com\/wp-content\/uploads\/2025\/11\/KRL-6402.webp\" alt=\"Dual Slope Rotary Laser Kit\" width=\"500\" height=\"500\" srcset=\"https:\/\/mountlaser.com\/wp-content\/uploads\/2025\/11\/KRL-6402.webp 800w, https:\/\/mountlaser.com\/wp-content\/uploads\/2025\/11\/KRL-6402-300x300.webp 300w, https:\/\/mountlaser.com\/wp-content\/uploads\/2025\/11\/KRL-6402-400x400.webp 400w, https:\/\/mountlaser.com\/wp-content\/uploads\/2025\/11\/KRL-6402-600x600.webp 600w, https:\/\/mountlaser.com\/wp-content\/uploads\/2025\/11\/KRL-6402-150x150.webp 150w, https:\/\/mountlaser.com\/wp-content\/uploads\/2025\/11\/KRL-6402-768x768.webp 768w, https:\/\/mountlaser.com\/wp-content\/uploads\/2025\/11\/KRL-6402-12x12.webp 12w\" sizes=\"(max-width: 500px) 100vw, 500px\" \/><\/p>\n<p><strong>Especificaciones del l\u00e1ser rotatorio KRL-640<\/strong><\/p>\n<table style=\"height: 686px;\" width=\"1051\">\n<tbody>\n<tr>\n<td>Tipo de l\u00e1ser<\/td>\n<td>KRL-640R<\/td>\n<td>KRL-640G<\/td>\n<\/tr>\n<tr>\n<td>Tipo\/longitud de onda del l\u00e1ser<\/td>\n<td>L\u00e1ser rojo (635 nm-30 mw) Punto superior\/inferior<\/td>\n<td>L\u00e1ser verde (515 nm-30 mw) Punto superior\/inferior<\/td>\n<\/tr>\n<tr>\n<td>Camino de nivelaci\u00f3n<\/td>\n<td colspan=\"2\">Nivelaci\u00f3n electr\u00f3nica (2 giroscopios + 3 sensores electr\u00f3nicos individuales)<\/td>\n<\/tr>\n<tr>\n<td>Rango de nivelaci\u00f3n<\/td>\n<td colspan=\"2\">\u00b15\u00b0<\/td>\n<\/tr>\n<tr>\n<td>Precisi\u00f3n de nivelaci\u00f3n<\/td>\n<td colspan=\"2\">\u00b10,25 mm\/10 m<\/td>\n<\/tr>\n<tr>\n<td>Di\u00e1metro de trabajo (utilizando LP500)<\/td>\n<td colspan=\"2\">\u22651000 m<\/td>\n<\/tr>\n<tr>\n<td>Di\u00e1metro de trabajo (utilizando LP700)<\/td>\n<td colspan=\"2\">\u2265800 m<\/td>\n<\/tr>\n<tr>\n<td>Temperatura de trabajo<\/td>\n<td colspan=\"2\">-20\u2103\uff5e+60\u2103<\/td>\n<\/tr>\n<tr>\n<td>Velocidad de rotaci\u00f3n del l\u00e1ser<\/td>\n<td colspan=\"2\">0\/300\/600\/1000\/1500 rpm (motor hueco sin escobillas de im\u00e1n permanente)<\/td>\n<\/tr>\n<tr>\n<td>Escaneo de \u00e1rea<\/td>\n<td colspan=\"2\">15\u00b0\/45\u00b0\/90\u00b0\/180\u00b0<\/td>\n<\/tr>\n<tr>\n<td>Ajuste de inclinaci\u00f3n<\/td>\n<td colspan=\"2\">Bidireccional<\/td>\n<\/tr>\n<tr>\n<td>Operaci\u00f3n en pendiente<\/td>\n<td colspan=\"2\">Utilice el control remoto RC200<\/td>\n<\/tr>\n<tr>\n<td>Operaci\u00f3n de la unidad principal<\/td>\n<td colspan=\"2\">12 teclas \/ 5 luces (sincronizaci\u00f3n con se\u00f1al de control remoto)<\/td>\n<\/tr>\n<tr>\n<td>Operaci\u00f3n por control remoto<\/td>\n<td colspan=\"2\">12 teclas \/ 5 luces (sincronizaci\u00f3n con se\u00f1ales del host, distancia de control remoto \u2265300 m)<\/td>\n<\/tr>\n<tr>\n<td>M\u00e9todo de suministro de energ\u00eda<\/td>\n<td colspan=\"2\">Litio (secci\u00f3n \u00fanica reemplazable) Alimentaci\u00f3n directa de CA<\/td>\n<\/tr>\n<tr>\n<td>Tiempo de trabajo del litio<\/td>\n<td colspan=\"2\">15-20H (bater\u00eda con mayor autonom\u00eda opcional)<\/td>\n<\/tr>\n<tr>\n<td>M\u00e9todo de calibraci\u00f3n<\/td>\n<td colspan=\"2\">Control remoto\/APP<\/td>\n<\/tr>\n<tr>\n<td>Embalaje<\/td>\n<td colspan=\"2\">Caja de pl\u00e1stico<\/td>\n<\/tr>\n<tr>\n<td>Tama\u00f1o<\/td>\n<td colspan=\"2\">Largo 217 Ancho 217 Alto 244(mm)<\/td>\n<\/tr>\n<tr>\n<td>Grado de protecci\u00f3n<\/td>\n<td colspan=\"2\">IP66<\/td>\n<\/tr>\n<tr>\n<td>Altura de ca\u00edda<\/td>\n<td colspan=\"2\">Solo m\u00e1quina principal de 1M<\/td>\n<\/tr>\n<tr>\n<td>Ajuste del rango de holgura<\/td>\n<td colspan=\"2\">\u00b110%<\/td>\n<\/tr>\n<\/tbody>\n<\/table>","protected":false},"excerpt":{"rendered":"<ul>\n<li>Precisi\u00f3n l\u00edder en la industria: logra una precisi\u00f3n de \u00b10,25 mm\/10 m con un avanzado sistema de nivelaci\u00f3n electr\u00f3nica de 2 giroscopios y 3 sensores.<\/li>\n<li>Kit completo de doble pendiente: se ofrece como un kit l\u00e1ser rotatorio de doble pendiente listo para usar con control remoto para una gesti\u00f3n integral de pendientes.<\/li>\n<li>Control remoto de alcance ultra largo: funcionamiento completo y ajuste de pendiente de hasta 300 metros con el control remoto RC200.<\/li>\n<\/ul>","protected":false},"featured_media":4792,"comment_status":"open","ping_status":"closed","template":"","meta":[],"product_brand":[],"product_cat":[93,139],"product_tag":[],"class_list":{"0":"post-4791","1":"product","2":"type-product","3":"status-publish","4":"has-post-thumbnail","6":"product_cat-rotary-laser","7":"product_cat-rotary-laser-6-series","9":"first","10":"instock","11":"shipping-taxable","12":"product-type-simple"},"_links":{"self":[{"href":"https:\/\/mountlaser.com\/es\/wp-json\/wp\/v2\/product\/4791","targetHints":{"allow":["GET"]}}],"collection":[{"href":"https:\/\/mountlaser.com\/es\/wp-json\/wp\/v2\/product"}],"about":[{"href":"https:\/\/mountlaser.com\/es\/wp-json\/wp\/v2\/types\/product"}],"replies":[{"embeddable":true,"href":"https:\/\/mountlaser.com\/es\/wp-json\/wp\/v2\/comments?post=4791"}],"wp:featuredmedia":[{"embeddable":true,"href":"https:\/\/mountlaser.com\/es\/wp-json\/wp\/v2\/media\/4792"}],"wp:attachment":[{"href":"https:\/\/mountlaser.com\/es\/wp-json\/wp\/v2\/media?parent=4791"}],"wp:term":[{"taxonomy":"product_brand","embeddable":true,"href":"https:\/\/mountlaser.com\/es\/wp-json\/wp\/v2\/product_brand?post=4791"},{"taxonomy":"product_cat","embeddable":true,"href":"https:\/\/mountlaser.com\/es\/wp-json\/wp\/v2\/product_cat?post=4791"},{"taxonomy":"product_tag","embeddable":true,"href":"https:\/\/mountlaser.com\/es\/wp-json\/wp\/v2\/product_tag?post=4791"}],"curies":[{"name":"wp","href":"https:\/\/api.w.org\/{rel}","templated":true}]}}