{"id":4786,"date":"2025-11-21T09:02:35","date_gmt":"2025-11-21T09:02:35","guid":{"rendered":"https:\/\/mountlaser.com\/?post_type=product&#038;p=4786"},"modified":"2025-11-25T07:47:28","modified_gmt":"2025-11-25T07:47:28","slug":"rotary-laser-krl-540","status":"publish","type":"product","link":"https:\/\/mountlaser.com\/es\/producto\/rotary-laser-krl-540\/","title":{"rendered":"L\u00e1ser rotatorio KRL-540"},"content":{"rendered":"<p><a href=\"https:\/\/mountlaser.com\/es\/categoria-producto\/rotary-laser\/\"><strong>L\u00e1ser rotatorio KRL-540<\/strong> <\/a>Es la soluci\u00f3n definitiva para profesionales que requieren precisi\u00f3n y robustez absolutas en exteriores. Este producto se ofrece como un kit completo de nivel l\u00e1ser giratorio para exteriores, dise\u00f1ado para superar los desaf\u00edos de la luz solar intensa, las largas distancias y las duras condiciones del lugar de trabajo. Representa un avance significativo en rendimiento, con un innovador sistema de nivelaci\u00f3n con giroscopios duales y tres sensores electr\u00f3nicos individuales para lograr una precisi\u00f3n de nivelaci\u00f3n superior de \u00b10,35 mm\/10 m.<\/p>\n<p>Como un documento integral <a href=\"https:\/\/mountlaser.com\/es\/about-us\/\"><strong>Kit de nivel l\u00e1ser giratorio para exteriores<\/strong><\/a>, El KRL-540 incluye todo lo necesario para proyectos a gran escala. Proyecta un plano horizontal y vertical de 360 grados y est\u00e1 disponible en modelos de l\u00e1ser rojo potente y verde ultrabrillante para una visibilidad m\u00e1xima de hasta 1000 m. El kit incluye el avanzado control remoto RC200, que duplica el alcance operativo a unos impresionantes 300 metros, lo que permite un ajuste y control de pendientes sin problemas desde pr\u00e1cticamente cualquier lugar de la obra.<\/p>\n<p><a href=\"https:\/\/mountlaser.com\/es\/contact-us\/\">L\u00e1ser rotatorio KRL-540<\/a> Con una clasificaci\u00f3n IP66 mejorada para una protecci\u00f3n total contra el polvo y los potentes chorros de agua, junto con un rango de temperatura de funcionamiento extendido, este kit de nivel l\u00e1ser giratorio exterior est\u00e1 dise\u00f1ado para brindar un rendimiento confiable y de alta precisi\u00f3n d\u00eda tras d\u00eda, en cualquier clima.<\/p>\n<p>&nbsp;<\/p>\n<p><img fetchpriority=\"high\" decoding=\"async\" class=\"aligncenter wp-image-4788\" src=\"https:\/\/mountlaser.com\/wp-content\/uploads\/2025\/11\/KRL-5402.webp\" alt=\"Exterior Rotary Laser Level Kit\" width=\"500\" height=\"500\" srcset=\"https:\/\/mountlaser.com\/wp-content\/uploads\/2025\/11\/KRL-5402.webp 800w, https:\/\/mountlaser.com\/wp-content\/uploads\/2025\/11\/KRL-5402-300x300.webp 300w, https:\/\/mountlaser.com\/wp-content\/uploads\/2025\/11\/KRL-5402-400x400.webp 400w, https:\/\/mountlaser.com\/wp-content\/uploads\/2025\/11\/KRL-5402-600x600.webp 600w, https:\/\/mountlaser.com\/wp-content\/uploads\/2025\/11\/KRL-5402-150x150.webp 150w, https:\/\/mountlaser.com\/wp-content\/uploads\/2025\/11\/KRL-5402-768x768.webp 768w, https:\/\/mountlaser.com\/wp-content\/uploads\/2025\/11\/KRL-5402-12x12.webp 12w\" sizes=\"(max-width: 500px) 100vw, 500px\" \/><\/p>\n<p><strong>Especificaciones del l\u00e1ser rotatorio KRL-540<\/strong><\/p>\n<table style=\"height: 698px;\" width=\"1057\">\n<tbody>\n<tr>\n<td>Tipo de l\u00e1ser<\/td>\n<td>KRL-540R<\/td>\n<td>KRL-540G<\/td>\n<\/tr>\n<tr>\n<td>Tipo\/longitud de onda del l\u00e1ser<\/td>\n<td>L\u00e1ser rojo (635 nm-30 mw) Punto superior\/inferior<\/td>\n<td>L\u00e1ser verde (515 nm-30 mw) Punto superior\/inferior<\/td>\n<\/tr>\n<tr>\n<td>Camino de nivelaci\u00f3n<\/td>\n<td colspan=\"2\">Nivelaci\u00f3n electr\u00f3nica (2 giroscopios + 3 sensores electr\u00f3nicos individuales)<\/td>\n<\/tr>\n<tr>\n<td>Rango de nivelaci\u00f3n<\/td>\n<td colspan=\"2\">\u00b15\u00b0<\/td>\n<\/tr>\n<tr>\n<td>Precisi\u00f3n de nivelaci\u00f3n<\/td>\n<td colspan=\"2\">\u00b10,35 mm\/10 m<\/td>\n<\/tr>\n<tr>\n<td>Di\u00e1metro de trabajo (utilizando LP500)<\/td>\n<td colspan=\"2\">\u22651000 m<\/td>\n<\/tr>\n<tr>\n<td>Di\u00e1metro de trabajo (utilizando LP700)<\/td>\n<td colspan=\"2\">\u2265800 m<\/td>\n<\/tr>\n<tr>\n<td>Temperatura de trabajo<\/td>\n<td colspan=\"2\">-20\u2103\uff5e+60\u2103<\/td>\n<\/tr>\n<tr>\n<td>Velocidad de rotaci\u00f3n del l\u00e1ser<\/td>\n<td colspan=\"2\">0\/300\/600\/1000\/1500 rpm (motor hueco sin escobillas de im\u00e1n permanente)<\/td>\n<\/tr>\n<tr>\n<td>Escaneo de \u00e1rea<\/td>\n<td colspan=\"2\">15\u00b0\/45\u00b0\/90\u00b0\/180\u00b0<\/td>\n<\/tr>\n<tr>\n<td>Ajuste de inclinaci\u00f3n<\/td>\n<td colspan=\"2\">Bidireccional<\/td>\n<\/tr>\n<tr>\n<td>Operaci\u00f3n en pendiente<\/td>\n<td colspan=\"2\">Utilice el control remoto RC200<\/td>\n<\/tr>\n<tr>\n<td>Operaci\u00f3n de la unidad principal<\/td>\n<td colspan=\"2\">12 teclas \/ 5 luces (sincronizaci\u00f3n con se\u00f1al de control remoto)<\/td>\n<\/tr>\n<tr>\n<td>Operaci\u00f3n por control remoto<\/td>\n<td colspan=\"2\">12 teclas \/ 5 luces (sincronizaci\u00f3n con se\u00f1ales del host, distancia de control remoto \u2265300 m)<\/td>\n<\/tr>\n<tr>\n<td>M\u00e9todo de suministro de energ\u00eda<\/td>\n<td colspan=\"2\">Litio (secci\u00f3n \u00fanica reemplazable) Alimentaci\u00f3n directa de CA<\/td>\n<\/tr>\n<tr>\n<td>Tiempo de trabajo del litio<\/td>\n<td colspan=\"2\">15-20H (bater\u00eda con mayor autonom\u00eda opcional)<\/td>\n<\/tr>\n<tr>\n<td>M\u00e9todo de calibraci\u00f3n<\/td>\n<td colspan=\"2\">Control remoto\/APP<\/td>\n<\/tr>\n<tr>\n<td>Embalaje<\/td>\n<td colspan=\"2\">Caja de pl\u00e1stico<\/td>\n<\/tr>\n<tr>\n<td>Tama\u00f1o<\/td>\n<td colspan=\"2\">Largo 215 Ancho 215 Alto 232(mm)<\/td>\n<\/tr>\n<tr>\n<td>Grado de protecci\u00f3n<\/td>\n<td colspan=\"2\">IP66<\/td>\n<\/tr>\n<tr>\n<td>Altura de ca\u00edda<\/td>\n<td colspan=\"2\">Solo m\u00e1quina principal de 1M<\/td>\n<\/tr>\n<tr>\n<td>Ajuste del rango de holgura<\/td>\n<td colspan=\"2\">\u00b110%<\/td>\n<\/tr>\n<\/tbody>\n<\/table>","protected":false},"excerpt":{"rendered":"<ul>\n<li>Sistema de nivelaci\u00f3n superior: incorpora 2 giroscopios y 3 sensores electr\u00f3nicos para una precisi\u00f3n y estabilidad excepcionales de \u00b10,35 mm\/10 m.<\/li>\n<li>Alcance remoto extendido: el control remoto RC200 proporciona funcionalidad completa desde una distancia de hasta 300 metros.<\/li>\n<li>L\u00e1seres duales de alta visibilidad: elija entre un haz rojo est\u00e1ndar o un haz verde superior para un uso \u00f3ptimo en exteriores de largo alcance.<\/li>\n<\/ul>","protected":false},"featured_media":4787,"comment_status":"open","ping_status":"closed","template":"","meta":[],"product_brand":[],"product_cat":[93,138],"product_tag":[],"class_list":{"0":"post-4786","1":"product","2":"type-product","3":"status-publish","4":"has-post-thumbnail","6":"product_cat-rotary-laser","7":"product_cat-rotary-laser-5-series","9":"first","10":"instock","11":"shipping-taxable","12":"product-type-simple"},"_links":{"self":[{"href":"https:\/\/mountlaser.com\/es\/wp-json\/wp\/v2\/product\/4786","targetHints":{"allow":["GET"]}}],"collection":[{"href":"https:\/\/mountlaser.com\/es\/wp-json\/wp\/v2\/product"}],"about":[{"href":"https:\/\/mountlaser.com\/es\/wp-json\/wp\/v2\/types\/product"}],"replies":[{"embeddable":true,"href":"https:\/\/mountlaser.com\/es\/wp-json\/wp\/v2\/comments?post=4786"}],"wp:featuredmedia":[{"embeddable":true,"href":"https:\/\/mountlaser.com\/es\/wp-json\/wp\/v2\/media\/4787"}],"wp:attachment":[{"href":"https:\/\/mountlaser.com\/es\/wp-json\/wp\/v2\/media?parent=4786"}],"wp:term":[{"taxonomy":"product_brand","embeddable":true,"href":"https:\/\/mountlaser.com\/es\/wp-json\/wp\/v2\/product_brand?post=4786"},{"taxonomy":"product_cat","embeddable":true,"href":"https:\/\/mountlaser.com\/es\/wp-json\/wp\/v2\/product_cat?post=4786"},{"taxonomy":"product_tag","embeddable":true,"href":"https:\/\/mountlaser.com\/es\/wp-json\/wp\/v2\/product_tag?post=4786"}],"curies":[{"name":"wp","href":"https:\/\/api.w.org\/{rel}","templated":true}]}}