{"id":4777,"date":"2025-11-21T08:45:59","date_gmt":"2025-11-21T08:45:59","guid":{"rendered":"https:\/\/mountlaser.com\/?post_type=product&#038;p=4777"},"modified":"2025-11-25T08:14:47","modified_gmt":"2025-11-25T08:14:47","slug":"rotary-laser-krl-420","status":"publish","type":"product","link":"https:\/\/mountlaser.com\/es\/producto\/rotary-laser-krl-420\/","title":{"rendered":"L\u00e1ser rotatorio KRL-420"},"content":{"rendered":"<p>El <a href=\"https:\/\/mountlaser.com\/es\/categoria-producto\/rotary-laser\/]\/\"><strong>Montaje l\u00e1ser KRL-420<\/strong><\/a> Es un l\u00e1ser rotatorio autonivelante de \u00faltima generaci\u00f3n, dise\u00f1ado para ofrecer precisi\u00f3n y versatilidad inigualables en proyectos complejos de construcci\u00f3n y dise\u00f1o. Esta herramienta profesional funciona como un aut\u00e9ntico l\u00e1ser rotatorio horizontal\/vertical, proyectando un plano de 360 grados en ambas orientaciones para crear un sistema de referencia espacial completo en su obra. Su principal ventaja reside en su avanzado sistema de nivelaci\u00f3n electr\u00f3nica, que integra un giroscopio y un sensor de doble eje para lograr una precisi\u00f3n de nivelaci\u00f3n excepcional de \u00b10,5 mm\/10 m autom\u00e1ticamente.<\/p>\n<p>L\u00e1ser rotatorio KRL-420 Disponible en modelos de l\u00e1ser rojo de alta potencia (KRL-420R) y verde ultra brillante (KRL-420G), este<a href=\"https:\/\/mountlaser.com\/es\/about-us\/\"><strong> L\u00e1ser rotatorio horizontal\/vertical<\/strong> <\/a>Garantiza una visibilidad superior a largas distancias, con un di\u00e1metro de trabajo de hasta 1000 metros con detector. Todas las funciones, incluyendo el ajuste bidireccional de pendiente hasta \u00b110%, est\u00e1n disponibles mediante el control remoto RC100 desde una distancia de 150 metros. <a href=\"https:\/\/mountlaser.com\/es\/\">L\u00e1ser rotatorio horizontal\/vertical<\/a> Protegido por una carcasa robusta con clasificaci\u00f3n IP65, este l\u00e1ser rotatorio autonivelante est\u00e1 dise\u00f1ado para soportar las condiciones del sitio m\u00e1s dif\u00edciles.<\/p>\n<p><img fetchpriority=\"high\" decoding=\"async\" class=\"aligncenter wp-image-4780\" src=\"https:\/\/mountlaser.com\/wp-content\/uploads\/2025\/11\/KRL-4203.webp\" alt=\"Horizontal\/Vertical Rotary Laser\" width=\"500\" height=\"500\" srcset=\"https:\/\/mountlaser.com\/wp-content\/uploads\/2025\/11\/KRL-4203.webp 800w, https:\/\/mountlaser.com\/wp-content\/uploads\/2025\/11\/KRL-4203-300x300.webp 300w, https:\/\/mountlaser.com\/wp-content\/uploads\/2025\/11\/KRL-4203-400x400.webp 400w, https:\/\/mountlaser.com\/wp-content\/uploads\/2025\/11\/KRL-4203-600x600.webp 600w, https:\/\/mountlaser.com\/wp-content\/uploads\/2025\/11\/KRL-4203-150x150.webp 150w, https:\/\/mountlaser.com\/wp-content\/uploads\/2025\/11\/KRL-4203-768x768.webp 768w, https:\/\/mountlaser.com\/wp-content\/uploads\/2025\/11\/KRL-4203-12x12.webp 12w\" sizes=\"(max-width: 500px) 100vw, 500px\" \/><\/p>\n<p><strong>Especificaciones del l\u00e1ser rotatorio KRL-420<\/strong><\/p>\n<table style=\"height: 683px;\" width=\"1045\">\n<tbody>\n<tr>\n<td>Tipo de l\u00e1ser<\/td>\n<td>KRL-420R<\/td>\n<td>KRL-420G<\/td>\n<\/tr>\n<tr>\n<td>Tipo\/longitud de onda del l\u00e1ser<\/td>\n<td>L\u00e1ser rojo (635 nm-30 mw) Punto superior<\/td>\n<td>L\u00e1ser verde (515 nm-30 mw) Punto superior<\/td>\n<\/tr>\n<tr>\n<td>Camino de nivelaci\u00f3n<\/td>\n<td colspan=\"2\">Nivelaci\u00f3n electr\u00f3nica (1 giroscopio + 1 sensor electr\u00f3nico de doble eje)<\/td>\n<\/tr>\n<tr>\n<td>Rango de nivelaci\u00f3n<\/td>\n<td colspan=\"2\">\u00b15\u00b0<\/td>\n<\/tr>\n<tr>\n<td>Precisi\u00f3n de nivelaci\u00f3n<\/td>\n<td colspan=\"2\">\u00b10,5 mm\/10 m<\/td>\n<\/tr>\n<tr>\n<td>Di\u00e1metro de trabajo (utilizando LP500)<\/td>\n<td colspan=\"2\">\u22651000 m<\/td>\n<\/tr>\n<tr>\n<td>Di\u00e1metro de trabajo (utilizando LP700)<\/td>\n<td colspan=\"2\">\u2265800 m<\/td>\n<\/tr>\n<tr>\n<td>Temperatura de trabajo<\/td>\n<td colspan=\"2\">-20\u2103\uff5e+50\u2103<\/td>\n<\/tr>\n<tr>\n<td>Velocidad de rotaci\u00f3n del l\u00e1ser<\/td>\n<td colspan=\"2\">0\/300\/600\/1000\/1500 rpm (motor hueco sin escobillas de im\u00e1n permanente)<\/td>\n<\/tr>\n<tr>\n<td>Escaneo de \u00e1rea<\/td>\n<td colspan=\"2\">15\u00b0\/45\u00b0\/90\u00b0\/180\u00b0<\/td>\n<\/tr>\n<tr>\n<td>Ajuste de inclinaci\u00f3n<\/td>\n<td colspan=\"2\">Bidireccional<\/td>\n<\/tr>\n<tr>\n<td>Operaci\u00f3n en pendiente<\/td>\n<td colspan=\"2\">Utilice el control remoto RC100<\/td>\n<\/tr>\n<tr>\n<td>Operaci\u00f3n de la unidad principal<\/td>\n<td colspan=\"2\">12 teclas \/ 5 luces (sincronizaci\u00f3n con se\u00f1al de control remoto)<\/td>\n<\/tr>\n<tr>\n<td>Operaci\u00f3n por control remoto<\/td>\n<td colspan=\"2\">12 teclas \/ 5 luces (sincronizaci\u00f3n con se\u00f1ales del host, distancia de control remoto \u2265150 m)<\/td>\n<\/tr>\n<tr>\n<td>M\u00e9todo de suministro de energ\u00eda<\/td>\n<td colspan=\"2\">Litio (secci\u00f3n \u00fanica reemplazable) Alimentaci\u00f3n directa de CA<\/td>\n<\/tr>\n<tr>\n<td>Tiempo de trabajo del litio<\/td>\n<td colspan=\"2\">15-20H (bater\u00eda con mayor autonom\u00eda opcional)<\/td>\n<\/tr>\n<tr>\n<td>M\u00e9todo de calibraci\u00f3n<\/td>\n<td colspan=\"2\">Control remoto\/APP<\/td>\n<\/tr>\n<tr>\n<td>Embalaje<\/td>\n<td colspan=\"2\">Caja de pl\u00e1stico<\/td>\n<\/tr>\n<tr>\n<td>Tama\u00f1o<\/td>\n<td colspan=\"2\">Largo 201 Ancho 215 Alto 232(mm)<\/td>\n<\/tr>\n<tr>\n<td>Grado de protecci\u00f3n<\/td>\n<td colspan=\"2\">IP65<\/td>\n<\/tr>\n<tr>\n<td>Altura de ca\u00edda<\/td>\n<td colspan=\"2\">Solo m\u00e1quina principal de 1M<\/td>\n<\/tr>\n<tr>\n<td>Ajuste del rango de holgura<\/td>\n<td colspan=\"2\">\u00b110%<\/td>\n<\/tr>\n<\/tbody>\n<\/table>","protected":false},"excerpt":{"rendered":"<ul>\n<li>Operaci\u00f3n de doble plano: funciona como un l\u00e1ser rotatorio horizontal\/vertical completo para el dise\u00f1o de todo el sitio en ambos planos.<\/li>\n<li>Autonivelaci\u00f3n avanzada: la nivelaci\u00f3n electr\u00f3nica con giroscopio y sensor de doble eje garantiza una precisi\u00f3n de \u00b10,5 mm\/10 m dentro de un rango de \u00b15\u00b0.<\/li>\n<li>Control remoto de largo alcance: el control remoto RC100 permite un control total, incluida la configuraci\u00f3n de pendientes, desde hasta 150 metros de distancia.<\/li>\n<\/ul>","protected":false},"featured_media":4779,"comment_status":"open","ping_status":"closed","template":"","meta":[],"product_brand":[],"product_cat":[93,137],"product_tag":[],"class_list":{"0":"post-4777","1":"product","2":"type-product","3":"status-publish","4":"has-post-thumbnail","6":"product_cat-rotary-laser","7":"product_cat-rotary-laser-4-series","9":"first","10":"instock","11":"shipping-taxable","12":"product-type-simple"},"_links":{"self":[{"href":"https:\/\/mountlaser.com\/es\/wp-json\/wp\/v2\/product\/4777","targetHints":{"allow":["GET"]}}],"collection":[{"href":"https:\/\/mountlaser.com\/es\/wp-json\/wp\/v2\/product"}],"about":[{"href":"https:\/\/mountlaser.com\/es\/wp-json\/wp\/v2\/types\/product"}],"replies":[{"embeddable":true,"href":"https:\/\/mountlaser.com\/es\/wp-json\/wp\/v2\/comments?post=4777"}],"wp:featuredmedia":[{"embeddable":true,"href":"https:\/\/mountlaser.com\/es\/wp-json\/wp\/v2\/media\/4779"}],"wp:attachment":[{"href":"https:\/\/mountlaser.com\/es\/wp-json\/wp\/v2\/media?parent=4777"}],"wp:term":[{"taxonomy":"product_brand","embeddable":true,"href":"https:\/\/mountlaser.com\/es\/wp-json\/wp\/v2\/product_brand?post=4777"},{"taxonomy":"product_cat","embeddable":true,"href":"https:\/\/mountlaser.com\/es\/wp-json\/wp\/v2\/product_cat?post=4777"},{"taxonomy":"product_tag","embeddable":true,"href":"https:\/\/mountlaser.com\/es\/wp-json\/wp\/v2\/product_tag?post=4777"}],"curies":[{"name":"wp","href":"https:\/\/api.w.org\/{rel}","templated":true}]}}